{"id":10471,"date":"2022-12-21T00:03:21","date_gmt":"2022-12-20T21:03:21","guid":{"rendered":"https:\/\/lax-transfer.com\/?page_id=10471"},"modified":"2024-02-16T21:34:40","modified_gmt":"2024-02-17T05:34:40","slug":"terms-and-conditions","status":"publish","type":"page","link":"https:\/\/lax-transfer.com\/de\/bedingungen-und-konditionen\/","title":{"rendered":"Bedingungen und Konditionen"},"content":{"rendered":"<ul class=\"vo-block-list\" type=\"1\">\n<li><strong>1.0 Einleitung<\/strong><br \/>\n1.1 In diesen Nutzungsbedingungen f\u00fcr Reisende (im Folgenden<strong>Benutzerbedingungen'.<\/strong>) Gro\u00dfgeschriebene W\u00f6rter, Ausdr\u00fccke und Akronyme haben die unten angegebene Bedeutung. Gro\u00dfgeschriebene W\u00f6rter, Ausdr\u00fccke und Akronyme, die in diesen Nutzungsbedingungen verwendet werden und nicht definiert sind, haben ihre gew\u00f6hnliche Bedeutung.<\/li>\n<li>Fahrer - die Person, die die Fahrt durchf\u00fchrt.<\/li>\n<li>Konto - Ihr pers\u00f6nliches Konto zum Erstellen und Verwalten von Fahrten.<\/li>\n<li>Rechte an geistigem Eigentum - alle eingetragenen und nicht eingetragenen Rechte an geistigem und gewerblichem Eigentum (unabh\u00e4ngig davon, ob sie eintragungsf\u00e4hig sind oder nicht), die in allen Rechtsordnungen als solche anerkannt sind, einschlie\u00dflich:\n<ul class=\"vo-block-list\">\n<li>Patente, Gebrauchsmuster, Warenzeichen, Dienstleistungsmarken, Gesch\u00e4fts- und Handelsnamen sowie Rechte an Dom\u00e4nennamen, Logos, Erscheinungsbildern (einschlie\u00dflich des damit verbundenen Gesch\u00e4ftswerts), Geschmacksmustern, Urheberrechten und Datenbankrechten; und<\/li>\n<li>alle \u00e4hnlichen oder gleichwertigen Rechte zum Schutz von Erfindungen, Entdeckungen, Technologien, Know-how, Gesch\u00e4ftsgeheimnissen, Fachwissen, Methoden oder kreativen, k\u00fcnstlerischen oder industriellen Werken oder Informationen sowie alle Anmeldungen und Rechte zur Beantragung der Eintragung solcher Rechte irgendwo in der Welt, unabh\u00e4ngig davon, ob sie bereits bestehen oder erst in Zukunft geschaffen werden, und das Recht, fr\u00fchere Verletzungen dieser Rechte durchzusetzen.<\/li>\n<\/ul>\n<\/li>\n<\/ul>\n<ul class=\"vo-block-list\">\n<li>Journey - eine Reservierung f\u00fcr Transportdienstleistungen.<\/li>\n<li>Plattform - die Lax Transfer Technologie, die Sie und den Fahrer verbindet.<\/li>\n<li>Fahrt - der Transfer vom Abholort, wie in den Bef\u00f6rderungsbedingungen definiert, zum R\u00fcckgabeort, wie in den Bef\u00f6rderungsbedingungen definiert.<\/li>\n<li>Dienstleistungen - der Zugang und die Nutzung des Kontos und der Plattform sowie deren Inhalte, Produkte und Dienstleistungen, die es Ihnen erm\u00f6glichen, Transportdienstleistungen im Voraus zu buchen<\/li>\n<li>Laxer Transfer \"<strong>Wir<\/strong>\", \"<strong>Wir<\/strong>\" und \"<strong>Unser(e)<\/strong>\" - Lax-Transfer.com, registriert in den USA.<\/li>\n<li>Bef\u00f6rderungsleistung - die Bef\u00f6rderungsleistung, die in ihrem eigenen Namen f\u00fcr Sie und die Reisenden erbracht wird.<\/li>\n<li>Reisende(r) - Person(en), die die Fahrt tats\u00e4chlich in Anspruch nimmt\/nehmen.<\/li>\n<li><strong>Sie<\/strong>\u00a0oder\u00a0<strong>Ihr<\/strong>\u00a0- Sie, die Person, die die Dienste nutzt.<\/li>\n<li><strong>2.0 Vertragliche Beziehung<\/strong>\n<ul class=\"vo-block-list\">\n<li>2.1 Diese Nutzungsbedingungen regeln Ihren Zugang und Ihre Nutzung der Dienste.<\/li>\n<\/ul>\n<ul class=\"vo-block-list\">\n<li>2.2 Mit Ihrem Zugriff auf die Plattform und deren Nutzung erkl\u00e4ren Sie sich mit diesen Nutzungsbedingungen einverstanden, wodurch eine direkte vertragliche Beziehung zwischen Ihnen und uns in Bezug auf die Nutzung der Dienste begr\u00fcndet wird. Wenn Sie diesen Nutzungsbedingungen nicht zustimmen, d\u00fcrfen Sie nicht auf die Plattform zugreifen oder die Dienste nutzen.<\/li>\n<\/ul>\n<ul class=\"vo-block-list\">\n<li>2.3 Wir k\u00f6nnen diese Nutzungsbedingungen von Zeit zu Zeit \u00e4ndern. \u00c4nderungen werden wirksam, sobald wir die aktualisierten Nutzungsbedingungen ver\u00f6ffentlichen. Wenn Sie nach einer solchen Ver\u00f6ffentlichung weiterhin auf die Dienste zugreifen oder diese nutzen, erkl\u00e4ren Sie sich damit einverstanden, an die ge\u00e4nderten Nutzungsbedingungen gebunden zu sein.<\/li>\n<\/ul>\n<\/li>\n<li><strong>3.0 Service und Lizenz<\/strong>\n<ul class=\"vo-block-list\">\n<li>3.1 Unter der Voraussetzung, dass Sie diese Nutzungsbedingungen einhalten, gew\u00e4hren wir Ihnen eine eingeschr\u00e4nkte, nicht ausschlie\u00dfliche, nicht unterlizenzierbare, widerrufliche und nicht \u00fcbertragbare Lizenz, (i) auf die Dienste auf Ihrem pers\u00f6nlichen Ger\u00e4t zuzugreifen und diese ausschlie\u00dflich in Verbindung mit der Durchf\u00fchrung von Reisen zu nutzen und (ii) auf Inhalte, Informationen und damit verbundene Materialien zuzugreifen und diese zu nutzen, die \u00fcber die Dienste zur Verf\u00fcgung gestellt werden k\u00f6nnen. Alle hier nicht ausdr\u00fccklich gew\u00e4hrten Rechte sind uns und\/oder unseren Lizenzgebern vorbehalten.<\/li>\n<\/ul>\n<ul class=\"vo-block-list\">\n<li>3.2 Die Dienste und alle darin enthaltenen IP-Rechte sind und bleiben unser Eigentum oder das unserer Lizenzgeber. Weder diese Nutzungsbedingungen noch Ihre Nutzung der Dienste \u00fcbertragen oder gew\u00e4hren Ihnen irgendwelche Rechte an den Diensten oder in Bezug auf die Dienste, mit Ausnahme der oben gew\u00e4hrten beschr\u00e4nkten Lizenz.<\/li>\n<\/ul>\n<\/li>\n<\/ul>\n<ul class=\"vo-block-list\">\n<li><strong>4.0 Beschr\u00e4nkungen<\/strong>\n<ul class=\"vo-block-list\">\n<li>4.1 Sie d\u00fcrfen nicht:<\/li>\n<\/ul>\n<\/li>\n<li>Hinweise auf IP-Rechte von irgendeinem Teil der Dienste zu entfernen;<\/li>\n<li>die Dienste zu vervielf\u00e4ltigen, zu modifizieren, davon abgeleitete Werke zu erstellen, zu vertreiben, zu (unter-)lizenzieren, zu vermieten, zu verkaufen, zu \u00fcbertragen, \u00f6ffentlich auszustellen, zu \u00fcbertragen, zu streamen, zu senden oder anderweitig zu verwerten, es sei denn, dies wird von uns ausdr\u00fccklich gestattet;<\/li>\n<li>die Plattform zu dekompilieren, zur\u00fcckzuentwickeln oder zu disassemblieren, es sei denn, dies ist nach geltendem Recht zul\u00e4ssig;<\/li>\n<li>einen Teil der Dienste zu verlinken, zu spiegeln oder zu rahmen;<\/li>\n<li>Programme oder Skripte zu veranlassen oder zu starten, um Teile der Plattform zu scrapen, zu indizieren, zu \u00fcberwachen oder anderweitig Data Mining zu betreiben oder den Betrieb und\/oder die Funktionalit\u00e4t der Plattform unangemessen zu belasten oder zu behindern;<\/li>\n<li>zu versuchen, sich unbefugten Zugang zu den Diensten oder den damit verbundenen Systemen oder Netzwerken zu verschaffen oder diese zu beeintr\u00e4chtigen;<\/li>\n<li>die Plattform zu nutzen, um Bel\u00e4stigungen, \u00c4rgernisse oder Unannehmlichkeiten zu verursachen oder Fahrten vorzut\u00e4uschen; oder<\/li>\n<li>den Service oder die Plattformen f\u00fcr andere Zwecke als die Erbringung von Transportdienstleistungen zu nutzen.<\/li>\n<\/ul>\n<ul class=\"vo-block-list\">\n<li><strong>5.0 Ihre Nutzung der Dienste<\/strong>\n<ul class=\"vo-block-list\">\n<li>5.1 Wir verarbeiten Ihre personenbezogenen Daten in Verbindung mit den Diensten in \u00dcbereinstimmung mit unseren Datenschutzrichtlinien f\u00fcr Kunden, die auf der Plattform zu finden sind.<\/li>\n<\/ul>\n<\/li>\n<\/ul>\n<ul class=\"vo-block-list\">\n<li><strong>6.0 Dienste und Inhalte von Dritten.<\/strong>\n<ul class=\"vo-block-list\">\n<li>6.1 Die Dienste k\u00f6nnen in Verbindung mit Diensten und Inhalten Dritter (einschlie\u00dflich Werbung), \u00fcber die wir keine Kontrolle haben, zur Verf\u00fcgung gestellt oder aufgerufen werden. Sie erkennen an, dass f\u00fcr Ihre Nutzung solcher Dienste und Inhalte Dritter andere Nutzungsbedingungen und Datenschutzrichtlinien gelten k\u00f6nnen. Wir sind nicht verantwortlich oder haftbar f\u00fcr Produkte oder Dienstleistungen solcher Drittanbieter.<\/li>\n<\/ul>\n<\/li>\n<\/ul>\n<ul class=\"vo-block-list\">\n<li><strong>7.0 Vom Benutzer bereitgestellte Inhalte.<\/strong>\n<ul class=\"vo-block-list\">\n<li>7.1 Wir k\u00f6nnen Ihnen nach unserem alleinigen Ermessen gestatten, von Zeit zu Zeit Text-, Audio- und\/oder visuelle Inhalte und Informationen, einschlie\u00dflich Kommentaren und Feedback in Bezug auf die Dienstleistungen und Transportdienstleistungen, Supportanfragen und Einsendungen f\u00fcr Wettbewerbe und Werbeaktionen (im Folgenden \"<strong>Benutzer Inhalt<\/strong>\"). Alle von Ihnen bereitgestellten Benutzerinhalte bleiben Ihr Eigentum. Indem Sie uns jedoch Benutzerinhalte zur Verf\u00fcgung stellen, gew\u00e4hren Sie uns eine weltweite, unbefristete, unwiderrufliche, \u00fcbertragbare, geb\u00fchrenfreie Lizenz mit dem Recht, Unterlizenzen zu vergeben, um diese Benutzerinhalte in allen bekannten oder k\u00fcnftig entwickelten Formaten und Vertriebskan\u00e4len zu verwenden, zu kopieren, zu \u00e4ndern, davon abgeleitete Werke zu erstellen, zu vertreiben, \u00f6ffentlich auszustellen, \u00f6ffentlich vorzuf\u00fchren und anderweitig zu verwerten, ohne dass eine weitere Benachrichtigung oder Zustimmung Ihrerseits erforderlich ist und ohne dass eine Zahlung an Sie oder eine andere Person oder Einrichtung erforderlich ist.<\/li>\n<\/ul>\n<ul class=\"vo-block-list\">\n<li>7.2 Sie sichern zu und gew\u00e4hrleisten, dass (i) Sie entweder der alleinige und ausschlie\u00dfliche Eigent\u00fcmer aller Nutzerinhalte sind oder \u00fcber alle Rechte, Lizenzen, Zustimmungen und Freigaben verf\u00fcgen, die erforderlich sind, um Uber die oben dargelegte Lizenz f\u00fcr die Nutzerinhalte zu erteilen, und (ii) weder die Nutzerinhalte noch das Einreichen, Hochladen, Ver\u00f6ffentlichen oder anderweitige Verf\u00fcgbarmachen solcher Nutzerinhalte durch Sie oder unsere hierin erlaubte Nutzung derselben das geistige Eigentum oder die Eigentumsrechte Dritter oder das Recht auf \u00d6ffentlichkeit oder Privatsph\u00e4re verletzen, missbrauchen oder zu einem Versto\u00df gegen geltende Gesetze oder Vorschriften f\u00fchren.<\/li>\n<\/ul>\n<ul class=\"vo-block-list\">\n<li>7.3 Sie werden keine Benutzerinhalte bereitstellen, die verleumderisch, hasserf\u00fcllt, gewaltt\u00e4tig, obsz\u00f6n, pornografisch, ungesetzlich oder anderweitig anst\u00f6\u00dfig oder unangemessen sind, wie von uns nach unserem alleinigen Ermessen bestimmt. Wir sind berechtigt, aber nicht verpflichtet, Benutzerinhalte nach unserem alleinigen Ermessen, jederzeit und aus beliebigen Gr\u00fcnden zu \u00fcberpr\u00fcfen, zu \u00fcberwachen oder zu entfernen, ohne Sie davon in Kenntnis zu setzen.<\/li>\n<\/ul>\n<\/li>\n<\/ul>\n<ul class=\"vo-block-list\">\n<li><strong>8.0 Kommunikation<\/strong>\n<ul class=\"vo-block-list\">\n<li>8.1 Durch die \u00dcbermittlung Ihrer Kontaktdaten erkl\u00e4ren Sie sich damit einverstanden, dass wir, der Fahrer, im Rahmen Ihrer Nutzung der Dienste mit Ihnen kommunizieren d\u00fcrfen (z.B. \u00fcber Whatsapp oder SMS).<\/li>\n<\/ul>\n<\/li>\n<\/ul>\n<ul class=\"vo-block-list\">\n<li><strong>9.0 Netzzugang und Ger\u00e4te<\/strong>\n<ul class=\"vo-block-list\">\n<li>9.1 Sie sind f\u00fcr die Beschaffung des f\u00fcr die Nutzung der Dienste erforderlichen Datennetzzugangs verantwortlich. Ihr Mobilfunkanbieter kann Geb\u00fchren erheben, wenn Sie auf die Dienste von einem drahtlosen Ger\u00e4t aus zugreifen oder sie nutzen, und Sie sind f\u00fcr solche Tarife und Geb\u00fchren verantwortlich. Wir garantieren nicht, dass die Dienste oder ein Teil davon auf einer bestimmten Hardware oder einem bestimmten Ger\u00e4t funktionieren. Dar\u00fcber hinaus k\u00f6nnen die Dienste Fehlfunktionen und Verz\u00f6gerungen unterliegen, die mit der Nutzung des Internets und der elektronischen Kommunikation einhergehen.<\/li>\n<\/ul>\n<\/li>\n<\/ul>\n<ul class=\"vo-block-list\" type=\"1\">\n<li><strong>10.0 Begrenzung der Haftung<\/strong>\n<ul class=\"vo-block-list\">\n<li>10.1 Die Dienste werden \"wie besehen\" bereitgestellt. Wir haben eine Bem\u00fchungsverpflichtung (<em>inspanningsverplichting<\/em>) und Wir haben keine Ergebnispflicht (<em>resultaatsverplichting<\/em>). Wir lehnen alle Zusicherungen und Garantien ab, die nicht ausdr\u00fccklich in diesen Nutzungsbedingungen aufgef\u00fchrt sind, einschlie\u00dflich der stillschweigenden Garantien der Eignung f\u00fcr einen bestimmten Zweck und der Nichtverletzung von Rechten Dritter. Dar\u00fcber hinaus geben wir keine Zusicherungen, Gew\u00e4hrleistungen oder Garantien in Bezug auf die Zuverl\u00e4ssigkeit, Aktualit\u00e4t, Qualit\u00e4t, Eignung oder Verf\u00fcgbarkeit der Dienste oder dass die Dienste ununterbrochen oder fehlerfrei sind.<\/li>\n<li>10.2 Wir haften nicht f\u00fcr indirekte, zuf\u00e4llige, besondere, exemplarische, strafbewehrte oder Folgesch\u00e4den, einschlie\u00dflich entgangener Gewinne, Datenverluste, Personen- oder Sachsch\u00e4den, die mit der Nutzung der Dienste in Verbindung stehen oder sich anderweitig daraus ergeben.<\/li>\n<li>10.3 Wir haften nicht f\u00fcr Sch\u00e4den, Haftungen oder Verluste, die sich aus (i) Ihrer Nutzung der Dienste oder Ihrem Vertrauen auf die Dienste, (ii) Ihrer Unf\u00e4higkeit, Ihr Konto zu nutzen oder darauf zuzugreifen, den Diensten und (iii) einer Vereinbarung zwischen Ihnen ergeben, selbst wenn Sie auf die M\u00f6glichkeit solcher Sch\u00e4den hingewiesen wurden.<\/li>\n<\/ul>\n<\/li>\n<\/ul>\n<ul class=\"vo-block-list\" type=\"1\">\n<li><strong>11.0 Entsch\u00e4digung<\/strong>\n<ul class=\"vo-block-list\">\n<li>11.1 Sie erkl\u00e4ren sich damit einverstanden, uns und unsere leitenden Angestellten, Direktoren, Mitarbeiter und Vertreter von allen Anspr\u00fcchen, Forderungen, Verlusten, Haftungen und Ausgaben (einschlie\u00dflich Anwaltskosten) freizustellen, die sich aus oder in Verbindung mit Folgendem ergeben (i) Ihrer Nutzung der Dienste, einschlie\u00dflich Ihres Kontos und\/oder der Plattform; (ii) Ihrer Verletzung oder Ihres Versto\u00dfes gegen diese Nutzungsbedingungen und\/oder (iii) Ihrer Verletzung der Rechte Dritter.<\/li>\n<\/ul>\n<\/li>\n<\/ul>\n<ul class=\"vo-block-list\" type=\"1\">\n<li><strong>12.0 Beilegung von Streitigkeiten<\/strong>\n<ul class=\"vo-block-list\">\n<li>12.1 Wir sind bestrebt, Streitigkeiten g\u00fctlich beizulegen. Sollte dies jedoch nicht m\u00f6glich sein, unterliegt die Beilegung von Streitigkeiten, soweit dies nach geltendem Recht zul\u00e4ssig ist, den Bestimmungen der USA<\/li>\n<\/ul>\n<\/li>\n<\/ul>","protected":false},"excerpt":{"rendered":"<p>1.0 Introduction 1.1 In these Traveller Terms of Use (hereafter \u2018User Terms\u2019) capitalised words, phrases and acronyms shall have the meaning given to them below. Capitalized words, phrases and acronyms&#8230;<\/p>","protected":false},"author":1,"featured_media":0,"parent":0,"menu_order":0,"comment_status":"closed","ping_status":"closed","template":"","meta":{"footnotes":""},"class_list":["post-10471","page","type-page","status-publish"],"_links":{"self":[{"href":"https:\/\/lax-transfer.com\/de\/wp-json\/wp\/v2\/pages\/10471","targetHints":{"allow":["GET"]}}],"collection":[{"href":"https:\/\/lax-transfer.com\/de\/wp-json\/wp\/v2\/pages"}],"about":[{"href":"https:\/\/lax-transfer.com\/de\/wp-json\/wp\/v2\/types\/page"}],"author":[{"embeddable":true,"href":"https:\/\/lax-transfer.com\/de\/wp-json\/wp\/v2\/users\/1"}],"replies":[{"embeddable":true,"href":"https:\/\/lax-transfer.com\/de\/wp-json\/wp\/v2\/comments?post=10471"}],"version-history":[{"count":1,"href":"https:\/\/lax-transfer.com\/de\/wp-json\/wp\/v2\/pages\/10471\/revisions"}],"predecessor-version":[{"id":12489,"href":"https:\/\/lax-transfer.com\/de\/wp-json\/wp\/v2\/pages\/10471\/revisions\/12489"}],"wp:attachment":[{"href":"https:\/\/lax-transfer.com\/de\/wp-json\/wp\/v2\/media?parent=10471"}],"curies":[{"name":"wp","href":"https:\/\/api.w.org\/{rel}","templated":true}]}}