{"id":10473,"date":"2022-12-21T00:07:11","date_gmt":"2022-12-20T21:07:11","guid":{"rendered":"https:\/\/lax-transfer.com\/?page_id=10473"},"modified":"2024-02-16T21:16:31","modified_gmt":"2024-02-17T05:16:31","slug":"privacy-policy-page","status":"publish","type":"page","link":"https:\/\/lax-transfer.com\/de\/seite-zur-datenschutzpolitik\/","title":{"rendered":"Datenschutzbestimmungen"},"content":{"rendered":"<p>Datum der letzten \u00dcberarbeitung: 23. Mai 2022<\/p>\n<p>Wir respektieren die Privatsph\u00e4re unserer Kunden und Partner, mit denen wir zusammenarbeiten. Bitte lesen Sie unsere Datenschutzrichtlinie, um zu erfahren, welche Informationen wir sammeln, an Dritte weitergeben, zu welchen Zwecken wir dies tun und wie Sie diese Daten \u00e4ndern, l\u00f6schen und \u00fcbermitteln k\u00f6nnen.<\/p>\n<h2>Welche Informationen wir sammeln und zu welchem Zweck<\/h2>\n<p>Lax Transfer ist ein Online-Service f\u00fcr die Suche und Buchung von Transfers. Wir brauchen Ihre Informationen f\u00fcr:<\/p>\n<div>\n<ul>\n<li>Registrierung, Verarbeitung, Verteilung und Kontrolle der Ausf\u00fchrung der Buchung<\/li>\n<li>Beratung und Unterst\u00fctzung bei Ihrer Buchung;<\/li>\n<li>Verbesserung des Dienstes auf der Grundlage von Statistiken \u00fcber Website-Besuche, Verk\u00e4ufe und R\u00fcckmeldungen \u00fcber den Dienst und die erbrachten Leistungen;<\/li>\n<li>Verbesserung des Angebots, Marketing und gezielte Werbung.<\/li>\n<\/ul>\n<div>\n<p>Um die oben genannten Ziele zu erreichen, bitten wir Sie, bei der Buchung eines Transfers folgende pers\u00f6nliche Daten anzugeben: Vor- und Nachname, Kontakttelefonnummer, E-Mail-Adresse, Abfahrts-\/Zieladresse.<\/p>\n<p>Wir sammeln auch automatisch Informationen \u00fcber Ihre Interaktion mit dem Lax-Transfer-Service, insbesondere Informationen \u00fcber die von Ihnen besuchten Seiten oder die von Ihnen gesehenen Inhalte, die von Ihnen durchgef\u00fchrten Abfragen, die von Ihnen erstellten Buchungen und andere Aktionen auf der Website, sowie IP-Adresse, Zugriffszeit, Informationen \u00fcber Software und Hardware, Ger\u00e4teinformationen, Informationen \u00fcber Ger\u00e4teereignisse, eindeutige Kennungen, Fehlerinformationen, Cookie-Daten und Informationen \u00fcber die Seiten, die Sie vor der Nutzung des Lax-Transfer-Service angesehen haben.<\/p>\n<\/div>\n<\/div>\n<h2>Pers\u00f6nliche Daten von anderen Personen, die Sie uns zur Verf\u00fcgung stellen<\/h2>\n<p>Es ist m\u00f6glich, dass Sie einen Transfer nicht f\u00fcr sich selbst buchen. Dann geben Sie uns h\u00f6chstwahrscheinlich die pers\u00f6nlichen Daten einer anderen Person und buchen in deren Namen.<\/p>\n<p>Damit tragen Sie die volle Verantwortung daf\u00fcr, dass die Person(en), deren pers\u00f6nliche Daten Sie zur Verf\u00fcgung gestellt haben, sich dessen bewusst sind, es verstehen und damit einverstanden sind, wie Lax Transfer ihre Daten (in \u00dcbereinstimmung mit dieser Datenschutzrichtlinie) verwendet.<\/p>\n<h2>Ihre Rechte<\/h2>\n<p>Wenn Sie eine Buchung vornehmen und den Bedingungen dieser Datenschutzerkl\u00e4rung zustimmen, \u00fcbermitteln Sie uns aus freien St\u00fccken und in Ihrem eigenen Interesse Ihre pers\u00f6nlichen Daten und geben Ihre aktive Zustimmung zu deren Speicherung und Verarbeitung.<\/p>\n<p>Sie k\u00f6nnen Ihre Zustimmung zu dieser Datenschutzrichtlinie widerrufen, indem Sie eine E-Mail an support@lax-transfer.com senden.<\/p>\n<p>Die Tatsache, dass die Einwilligung widerrufen wird, ber\u00fchrt nicht die Rechtm\u00e4\u00dfigkeit der vor dem Widerruf erfolgten zul\u00e4ssigen Verarbeitung der Daten.<\/p>\n<p>Dar\u00fcber hinaus haben Sie Anspruch auf:<\/p>\n<ul>\n<li>Zugang zu Ihren Daten sowie Informationen \u00fcber die Zwecke der Verarbeitung, die Kategorien der verarbeiteten Daten, die Empf\u00e4nger und die Dauer der Datenspeicherung zu erhalten;<\/li>\n<li>von uns die Berichtigung unzutreffender personenbezogener Daten zu verlangen. Sie sind f\u00fcr die Aktualit\u00e4t der an uns \u00fcbermittelten personenbezogenen Daten verantwortlich;<\/li>\n<li>von uns zu verlangen, dass wir Ihnen eine Kopie Ihrer personenbezogenen Daten in standardisierter, strukturierter und maschinenlesbarer Form zur Verf\u00fcgung stellen und\/oder diese Informationen, sofern technisch m\u00f6glich, an einen anderen Dienstleister \u00fcbermitteln;<\/li>\n<li>die L\u00f6schung Ihrer personenbezogenen Daten zu verlangen, wenn besondere Gr\u00fcnde vorliegen (die Daten werden f\u00fcr die Zwecke, f\u00fcr die sie erhoben wurden, nicht mehr ben\u00f6tigt, Sie haben Ihre Einwilligung zur Verarbeitung personenbezogener Daten widerrufen, es lagen keine vorrangigen berechtigten Gr\u00fcnde f\u00fcr die Verarbeitung vor usw.), und diese Anforderung an andere f\u00fcr die Verarbeitung Verantwortliche weiterzuleiten;<\/li>\n<li>von dem f\u00fcr die Verarbeitung Verantwortlichen die Einschr\u00e4nkung der Verarbeitung personenbezogener Daten zu erwirken, wenn besondere Umst\u00e4nde vorliegen (die Daten sind unrichtig, die Verarbeitung ist rechtswidrig, aber der Betroffene widerspricht der L\u00f6schung der Daten usw.);<\/li>\n<li>die Beendigung der Arbeit mit Ihren personenbezogenen Daten zu verlangen, die f\u00fcr Direktmarketing verwendet werden;<\/li>\n<li>Widerspruch gegen eine f\u00fcr Sie rechtlich bedeutsame Entscheidung einlegen, die auf einer automatischen Datenverarbeitung beruht.<\/li>\n<\/ul>\n<p>Um eines Ihrer Rechte auszu\u00fcben, k\u00f6nnen Sie sich per E-Mail an support@lax-transfer.com wenden und die entsprechende Anfrage oder Anforderung stellen.<\/p>\n<h2>L\u00f6schen von Daten<\/h2>\n<p>Wenn Sie die Zustimmung zur Verwendung Ihrer Daten beim Zugriff auf die Lax Transfer Plattform l\u00f6schen m\u00f6chten, k\u00f6nnen Sie einen Antrag auf L\u00f6schung der pers\u00f6nlichen Daten per E-Mail an support@lax-transfer.com senden.<\/p>\n<p>Nachdem wir Ihrer Aufforderung zur L\u00f6schung der personenbezogenen Daten nachgekommen sind, anonymisieren wir Ihre personenbezogenen Daten vollst\u00e4ndig und unwiderruflich.<\/p>\n<p>Bitte beachten Sie, dass im Falle eines Antrags auf L\u00f6schung personenbezogener Daten die folgenden Regeln gelten:<\/p>\n<ul>\n<li>Wir haben das Recht, Ihre personenbezogenen Daten im Rahmen unserer berechtigten Gesch\u00e4ftsinteressen teilweise zu speichern, unter anderem zur Betrugsbek\u00e4mpfung und zur Verbesserung der Sicherheit;<\/li>\n<li>wir sind berechtigt, Ihre personenbezogenen Daten zu speichern und zu nutzen, soweit dies zur Erf\u00fcllung gesetzlicher Anforderungen erforderlich ist;<\/li>\n<li>die Informationen, die Sie anderen Personen gegeben haben (z. B. Bewertungen, Eintr\u00e4ge in den Foren), k\u00f6nnen auch nach der L\u00f6schung Ihrer Daten \u00f6ffentlich bleiben, aber der Hinweis auf Ihre Identit\u00e4t wird gel\u00f6scht. Einige Kopien Ihrer Informationen k\u00f6nnen in unserer Datenbank gespeichert werden, ohne dass eine pers\u00f6nliche Identifizierung m\u00f6glich ist;<\/li>\n<li>Im Zusammenhang mit der Einrichtung des Systems zum Schutz vor zuf\u00e4lliger oder vors\u00e4tzlicher Besch\u00e4digung oder Verlust von Daten werden die Sicherungskopien Ihrer personenbezogenen Daten mit einer gewissen Verz\u00f6gerung gel\u00f6scht.<\/li>\n<\/ul>\n<h2>Weitergabe von Daten an Dritte<\/h2>\n<p>Mit dem Lax Transfer Service sind auch Dritte auf verschiedene Weise und aus verschiedenen Gr\u00fcnden verbunden. Das Hauptziel ist es, dem Transportunternehmen Informationen \u00fcber Ihre Reise zu geben, um die Buchung abzuschlie\u00dfen. Ihre Daten k\u00f6nnen auch von anderen Parteien erhalten werden, die wir in die Erbringung von Dienstleistungen f\u00fcr Sie einbeziehen, darunter Finanzinstitute, Werbeunternehmen und in einigen F\u00e4llen staatliche oder andere zust\u00e4ndige Beh\u00f6rden.<\/p>\n<p><strong>Organisationen von Drittanbietern<\/strong> sind Dienstleistungsanbieter. Wir nutzen die Dienste Dritter, um Ihre personenbezogenen Daten in unserem Namen zu verarbeiten. Diese Verarbeitung erfolgt zu verschiedenen Zwecken, einschlie\u00dflich des Versands von Marketingmaterial oder der Authentifizierung der von Ihnen im Buchungsprozess angegebenen E-Mail-Adresse. Die Drittanbieter sind an Vertraulichkeitsverpflichtungen gebunden und haben nicht das Recht, Ihre pers\u00f6nlichen Daten f\u00fcr andere Zwecke als die von Lax Transfer vorgegebenen zu verwenden.<\/p>\n<p><strong>Zust\u00e4ndige Beh\u00f6rden.<\/strong>\u00a0Wir \u00fcbermitteln personenbezogene Daten an Strafverfolgungsbeh\u00f6rden, soweit dies gesetzlich vorgeschrieben oder unbedingt erforderlich ist, um kriminelle Handlungen und Betrug zu verhindern, aufzudecken oder zu unterbinden, oder wenn wir anderweitig gesetzlich zur \u00dcbermittlung verpflichtet sind. Dar\u00fcber hinaus m\u00fcssen wir unter Umst\u00e4nden personenbezogene Daten an die zust\u00e4ndigen Beh\u00f6rden \u00fcbermitteln, um unsere Rechte oder unser Eigentum sowie die Rechte und das Eigentum unserer Gesch\u00e4ftspartner zu sch\u00fctzen.<\/p>\n<p>Wir haben auch das Recht, eine grenz\u00fcberschreitende \u00dcbermittlung personenbezogener Daten in das Hoheitsgebiet eines ausl\u00e4ndischen Staates vorzunehmen, um die mit der Organisation der \u00dcbermittlung verbundenen Verpflichtungen zu erf\u00fcllen.<\/p>\n<h2>Sicherheit<\/h2>\n<p>Wir wenden angemessene Sicherheitsverfahren an, um den unbefugten Zugriff auf personenbezogene Daten und deren Missbrauch zu verhindern.<\/p>\n<p>Wir wenden die entsprechenden Unternehmenssysteme und -verfahren an, um die uns zur Verf\u00fcgung gestellten personenbezogenen Daten zu sch\u00fctzen. Wir verwenden auch Sicherheitsverfahren und wenden technische und physische Beschr\u00e4nkungen f\u00fcr die Verwendung personenbezogener Daten und den Zugriff auf sie auf unseren Servern an. Nur Mitarbeiter mit besonderen Rechten haben das Recht, in Aus\u00fcbung ihrer T\u00e4tigkeit auf personenbezogene Daten zuzugreifen.<\/p>\n<p>Wir bewahren Ihre personenbezogenen Daten so lange auf, wie wir es f\u00fcr notwendig erachten, um Ihnen die Nutzung unserer Dienste zu erm\u00f6glichen, um Ihnen unsere Dienste anbieten zu k\u00f6nnen, im Rahmen der Einhaltung geltender Gesetze, zur Beilegung von Streitigkeiten mit Dritten und f\u00fcr andere Zwecke, die es uns erm\u00f6glichen, gesch\u00e4ftliche Aktivit\u00e4ten durchzuf\u00fchren, einschlie\u00dflich der Aufdeckung und Verhinderung von betr\u00fcgerischen oder anderen ungesetzlichen Handlungen. Diese Datenschutzrichtlinie gilt f\u00fcr alle von uns gespeicherten personenbezogenen Daten. Wenn Sie Fragen zur spezifischen Aufbewahrungsdauer einer bestimmten Art Ihrer von uns verarbeiteten personenbezogenen Daten haben, k\u00f6nnen Sie uns per E-Mail unter support@lax-transfer.com kontaktieren.<\/p>\n<h2>\u00c4nderungen der Datenschutzrichtlinie<\/h2>\n<p>Wir behalten uns das Recht vor, diese Datenschutzrichtlinie jederzeit zu \u00e4ndern. Die aktualisierte Datenschutzrichtlinie wird auf der Lax Transfer-Website mit dem Datum der letzten Aktualisierung ver\u00f6ffentlicht. Wir werden Sie im Voraus per E-Mail \u00fcber die vorgenommenen \u00c4nderungen informieren.<\/p>\n<h1 id=\"cookies-policy\">Cookies<\/h1>\n<p>Lax Transfer Service ist bestrebt, die Interaktion mit unserer Website so informativ wie m\u00f6glich zu gestalten und Ihren Interessen gerecht zu werden. Zu diesem Zweck verwenden wir Cookies. Wir glauben, dass es f\u00fcr Sie wichtig ist, zu wissen, welche Cookies unsere Website verwendet und f\u00fcr welche Zwecke. Dies tr\u00e4gt dazu bei, Ihre pers\u00f6nlichen Daten zu sch\u00fctzen und die maximale Nutzbarkeit unserer Website f\u00fcr den Benutzer zu gew\u00e4hrleisten.<\/p>\n<p>Cookies enthalten kleine Mengen von Informationen und werden vom Server dieser Website auf Ihren Computer oder ein anderes Ger\u00e4t heruntergeladen. Jedes Mal, wenn Sie diese Website besuchen, sendet Ihr Browser Cookies an den Server zur\u00fcck, um Sie zu identifizieren und Ihre Benutzereinstellungen zu speichern. Cookies k\u00f6nnen f\u00fcr eine Vielzahl von Zwecken verwendet werden.<\/p>\n<p>Erstens k\u00f6nnen sie f\u00fcr den normalen Betrieb der Website erforderlich sein. Ohne Cookies kann sich die Website zum Beispiel nicht daran erinnern, dass Sie sich angemeldet oder eine Buchung vorgenommen haben. Solche Cookies werden als unbedingt notwendig bezeichnet.<\/p>\n<p>Zweitens werden Cookies ben\u00f6tigt, um die Nutzung zu analysieren und die Website zu verbessern sowie um die Anzahl der Besucher zu z\u00e4hlen. Wir verkn\u00fcpfen die Besuchsstatistiken und andere Berichte nicht mit bestimmten Personen. Solche Cookies werden als analytische Cookies bezeichnet.<\/p>\n<p>Drittens werden Cookies f\u00fcr soziale Netzwerke verwendet, um soziale Netzwerke in die Website zu integrieren, damit Sie die Funktionen \"Gef\u00e4llt mir\" und \"Teilen\" in Ihrem bevorzugten sozialen Netzwerk nutzen k\u00f6nnen.<\/p>\n<p>Viertens: Ein wichtiger Anwendungsbereich f\u00fcr Cookies ist die Online-Werbung. Mit ihrer Hilfe werden auf den Websites nur die Anzeigen eingeblendet, die f\u00fcr Sie am n\u00fctzlichsten und interessantesten sind. Diese Cookies werden als Adware bezeichnet.<\/p>\n<p>Durch die Nutzung dieser Website erkl\u00e4ren Sie sich damit einverstanden, dass wir Cookies auf Ihren Computer oder ein anderes Ger\u00e4t herunterladen k\u00f6nnen. Sie k\u00f6nnen Cookies jedoch verwalten. Bitte beachten Sie, dass das L\u00f6schen oder Blockieren von Cookies die Benutzeroberfl\u00e4che beeintr\u00e4chtigen kann und einige Komponenten dieser Website m\u00f6glicherweise nicht mehr verf\u00fcgbar sind.<\/p>\n<p>Informationen dar\u00fcber, wie Sie Cookies deaktivieren oder die Cookie-Einstellungen Ihres Browsers \u00e4ndern k\u00f6nnen, finden Sie unter den folgenden Links:<\/p>\n<ul>\n<li>Google Chrome:\u00a0<a href=\"http:\/\/support.google.com\/chrome\/answer\/95647\" rel=\"nofollow noopener\" target=\"_blank\">support.google.com\/chrome\/answer\/95647<\/a><\/li>\n<li>Firefox:\u00a0<a href=\"http:\/\/support.mozilla.org\/en-US\/kb\/enable-and-disable-cookies-website-preferences\" rel=\"nofollow noopener\" target=\"_blank\">support.mozilla.org\/de-US\/kb\/enable-and-disable-cookies-website-preferences<\/a><\/li>\n<li>Internet Explorer:\u00a0<a href=\"http:\/\/windows.microsoft.com\/en-GB\/windows-vista\/Block-or-allow-cookies\" rel=\"nofollow noopener\" target=\"_blank\">windows.microsoft.com\/de-GB\/windows-vista\/Block-or-allow-cookies<\/a><\/li>\n<li>Safari:\u00a0<a href=\"http:\/\/help.apple.com\/safari\/mac\/8.0\/#\/sfri11471\" rel=\"nofollow noopener\" target=\"_blank\">help.apple.com\/safari\/mac\/8.0\/#\/sfri11471<\/a><\/li>\n<\/ul>\n<p>Die meisten Browser erm\u00f6glichen es Ihnen, die auf Ihrem Ger\u00e4t gespeicherten Cookies zu sehen und Cookies von bestimmten oder allen Websites individuell zu l\u00f6schen oder zu blockieren. Bitte beachten Sie, dass beim L\u00f6schen aller Cookies alle Ihre Pr\u00e4ferenzen verloren gehen, einschlie\u00dflich der Pr\u00e4ferenz, keine Cookies zu verwenden, da dies das Setzen eines Cookies voraussetzt, das diesen Fehler verursacht. Weitere Informationen \u00fcber die \u00c4nderung der Einstellungen Ihres Browsers zum Blockieren oder Filtern von Cookies finden Sie unter\u00a0<a href=\"http:\/\/www.aboutcookies.org\/\" rel=\"nofollow noopener\" target=\"_blank\">http:\/\/www.aboutcookies.org\/<\/a>\u00a0oder\u00a0<a href=\"http:\/\/www.cookiecentral.com\/faq\/\" rel=\"nofollow noopener\" target=\"_blank\">http:\/\/www.cookiecentral.com\/faq\/<\/a>.<\/p>\n<p>Wir k\u00f6nnen auch Technologien einsetzen, um zu verfolgen, ob Sie bestimmte von uns gesendete Nachrichten lesen, \u00f6ffnen oder an Ihre E-Mail weiterleiten. Der Zweck des Einsatzes dieser Technologien ist es, unsere Kommunikationsmittel n\u00fctzlicher und attraktiver f\u00fcr den Nutzer zu machen. Wenn Sie nicht m\u00f6chten, dass wir Informationen dar\u00fcber erhalten, ob Sie bestimmte E-Mails gelesen, ge\u00f6ffnet oder weitergeleitet haben, sollten Sie Ihr Abonnement k\u00fcndigen. In diesem Fall k\u00f6nnen wir Ihnen ohne den aktivierten Tracking-Dienst keine E-Mails mehr schicken. Sie k\u00f6nnen Ihr Abonnement auch k\u00fcndigen, indem Sie die Anweisungen befolgen, die wir Ihnen in einer E-Mail zusenden werden.<\/p>","protected":false},"excerpt":{"rendered":"<p>Date of Last Revision: May 23rd, 2022 We respect the privacy of our customers and partners with which we work. Please read our Privacy Policy to know what information we&#8230;<\/p>","protected":false},"author":1,"featured_media":0,"parent":0,"menu_order":0,"comment_status":"closed","ping_status":"closed","template":"","meta":{"footnotes":""},"class_list":["post-10473","page","type-page","status-publish"],"_links":{"self":[{"href":"https:\/\/lax-transfer.com\/de\/wp-json\/wp\/v2\/pages\/10473","targetHints":{"allow":["GET"]}}],"collection":[{"href":"https:\/\/lax-transfer.com\/de\/wp-json\/wp\/v2\/pages"}],"about":[{"href":"https:\/\/lax-transfer.com\/de\/wp-json\/wp\/v2\/types\/page"}],"author":[{"embeddable":true,"href":"https:\/\/lax-transfer.com\/de\/wp-json\/wp\/v2\/users\/1"}],"replies":[{"embeddable":true,"href":"https:\/\/lax-transfer.com\/de\/wp-json\/wp\/v2\/comments?post=10473"}],"version-history":[{"count":1,"href":"https:\/\/lax-transfer.com\/de\/wp-json\/wp\/v2\/pages\/10473\/revisions"}],"predecessor-version":[{"id":12487,"href":"https:\/\/lax-transfer.com\/de\/wp-json\/wp\/v2\/pages\/10473\/revisions\/12487"}],"wp:attachment":[{"href":"https:\/\/lax-transfer.com\/de\/wp-json\/wp\/v2\/media?parent=10473"}],"curies":[{"name":"wp","href":"https:\/\/api.w.org\/{rel}","templated":true}]}}