{"id":11295,"date":"2023-07-15T12:56:38","date_gmt":"2023-07-15T19:56:38","guid":{"rendered":"https:\/\/lax-transfer.com\/?page_id=11295"},"modified":"2025-01-02T10:10:27","modified_gmt":"2025-01-02T18:10:27","slug":"advantages","status":"publish","type":"page","link":"https:\/\/lax-transfer.com\/de\/vorteile\/","title":{"rendered":"Vorteile"},"content":{"rendered":"<div id=\"fws_69e350c591ca7\"  data-column-margin=\"default\" data-midnight=\"dark\" data-top-percent=\"1%\" data-bottom-percent=\"1%\"  class=\"wpb_row vc_row-fluid vc_row\"  style=\"padding-top: calc(100vw * 0.01); padding-bottom: calc(100vw * 0.01); \"><div class=\"row-bg-wrap\" data-bg-animation=\"none\" data-bg-animation-delay=\"\" data-bg-overlay=\"false\"><div class=\"inner-wrap row-bg-layer\" ><div class=\"row-bg viewport-desktop\"  style=\"\"><\/div><\/div><\/div><div class=\"row_col_wrap_12 col span_12 dark left\">\n\t<div  class=\"vc_col-sm-12 wpb_column column_container vc_column_container col no-extra-padding inherit_tablet inherit_phone\"  data-padding-pos=\"all\" data-has-bg-color=\"false\" data-bg-color=\"\" data-bg-opacity=\"1\" data-animation=\"\" data-delay=\"0\" >\n\t\t<div class=\"vc_column-inner\" >\n\t\t\t<div class=\"wpb_wrapper\">\n\t\t\t\t<div class=\"nectar-split-heading\" data-align=\"default\" data-m-align=\"inherit\" data-text-effect=\"default\" data-animation-type=\"line-reveal-by-space\" data-animation-delay=\"0\" data-animation-offset=\"\" data-m-rm-animation=\"\" data-stagger=\"\" data-custom-font-size=\"false\" ><h2 >Vorteile<\/h2><\/div>\n<div class=\"wpb_text_column wpb_content_element\" >\n\t<div class=\"wpb_wrapper\">\n\t\t<p>Erleben Sie den Komfort unserer zuverl\u00e4ssigen Transferdienste vom Flughafen zum Hotel, die sowohl f\u00fcr Einzelpersonen als auch f\u00fcr Gruppen geeignet sind. Vom LAX-Taxi bis zum Privattransfer bietet unser Unternehmen erschwingliche Preise und au\u00dfergew\u00f6hnlichen Service, wir sind Ihre Go-to-Agentur f\u00fcr g\u00fcnstige Flughafentransfers in L.A.<\/p>\n\t<\/div>\n<\/div>\n\n\n\n<div id=\"fws_69e350c5921ca\" data-midnight=\"\" data-column-margin=\"default\" class=\"wpb_row vc_row-fluid vc_row inner_row\"  style=\"\"><div class=\"row-bg-wrap\"> <div class=\"row-bg\" ><\/div> <\/div><div class=\"row_col_wrap_12_inner col span_12  left\">\n\t<div  class=\"vc_col-sm-6 wpb_column column_container vc_column_container col child_column no-extra-padding inherit_tablet inherit_phone\"   data-padding-pos=\"all\" data-has-bg-color=\"false\" data-bg-color=\"\" data-bg-opacity=\"1\" data-animation=\"\" data-delay=\"0\" >\n\t\t<div class=\"vc_column-inner\" >\n\t\t<div class=\"wpb_wrapper\">\n\t\t\t\n<div class=\"wpb_text_column wpb_content_element\" >\n\t<div class=\"wpb_wrapper\">\n\t\t<p><strong>Der Transfer wird im Voraus gebucht <\/strong><\/p>\n<p>Das Transportunternehmen wei\u00df im Voraus, wann Sie am Flughafen ankommen: Das Taxi wartet bereits am Taxistand auf Sie, und der Taxifahrer holt Sie so nahe am Ankunftsbereich ab, wie es die Flughafenvorschriften erlauben. Dasselbe gilt f\u00fcr den Transfer von Bahnh\u00f6fen und Hotels: Der Fahrer erwartet Sie an der angegebenen Stelle mit einem Schild, auf dem der Name des Kunden steht - das ist ein Standard unseres Services. Es ist m\u00f6glich, ein lokales Taxi zum Flughafen billig zu bestellen (die Taxitarife sind normalerweise niedriger als die Transferpreise), aber Sie m\u00fcssen auf das Taxi warten und es dann suchen, was 30 Minuten l\u00e4nger dauern kann als bei einer Vorbestellung. Das Gesetz schreibt nicht vor, dass Taxiunternehmen Kindersitze bereitstellen m\u00fcssen.<\/p>\n<p><strong>Das Auto einer ausgew\u00e4hlten Fahrzeugklasse <\/strong><\/p>\n<p>Oder in einer h\u00f6heren Klasse. Die Kapazit\u00e4t ist im Voraus bekannt: wie viele Personen reisen k\u00f6nnen und wie viele Koffer in Standardgr\u00f6\u00dfe hineinpassen. Bei der Buchung eines Taxis vom Flughafen \u00fcber eine lokale App l\u00e4sst sich das nicht immer vorhersagen.<\/p>\n<p><strong>Flughafentransfers zum und vom LAX<\/strong><\/p>\n<p>W\u00e4hlen Sie unseren Flughafen-Taxiservice f\u00fcr eine reibungslose Reise zum und vom LAX. F\u00fcr Familien bieten wir laxe Flughafenautos, bei denen die Sicherheit im Vordergrund steht. Vertrauen Sie uns als den besten Taxi- und Autoservice f\u00fcr Ihre Reise zum LAX. Entdecken Sie unseren Super-Disneyland-Service oder nehmen Sie unseren LAX-Chauffeur nach Hollywood f\u00fcr eine lustige und bequeme Fahrt. Genie\u00dfen Sie unseren LAX-Abholservice f\u00fcr eine stressfreie Ankunft. F\u00fcr Los Angeles Lax Flughafentransfers, bieten wir zuverl\u00e4ssige Transfers.<\/p>\n<p>Unsere Flughafentaxidienste in Lax gew\u00e4hrleisten einen p\u00fcnktlichen Transport. Steigen Sie auf Luxus um mit unseren Premium-Flughafentransferdiensten in Los Angeles. Wir haben eine spezielle Option f\u00fcr private Autotransfers in Los Angeles f\u00fcr ein pers\u00f6nliches und komfortables Erlebnis.<\/p>\n\t<\/div>\n<\/div>\n\n\n\n\n\t\t<\/div> \n\t<\/div>\n\t<\/div> \n\n\t<div  class=\"vc_col-sm-6 wpb_column column_container vc_column_container col child_column no-extra-padding inherit_tablet inherit_phone\"   data-padding-pos=\"all\" data-has-bg-color=\"false\" data-bg-color=\"\" data-bg-opacity=\"1\" data-animation=\"\" data-delay=\"0\" >\n\t\t<div class=\"vc_column-inner\" >\n\t\t<div class=\"wpb_wrapper\">\n\t\t\t\n<div class=\"wpb_text_column wpb_content_element\" >\n\t<div class=\"wpb_wrapper\">\n\t\t<p><strong>Keine Kommunikation mit einem Fahrer erforderlich<\/strong><\/p>\n<p>Alles \u00fcber die Fahrt ist im Voraus bekannt, wenn Sie also die Sprache nicht sprechen oder keine Lust haben, m\u00fcssen Sie nicht reden. Ein Fahrer mit einem Schild, auf dem der Name des Fahrgastes steht, holt Sie am richtigen Ort ab, und der Rest wird in einem Voucher festgehalten. Wahrscheinlich werden Sie sich mit einem einheimischen Taxifahrer \u00fcber den Preis f\u00fcr ein Taxi vom Flughafen streiten m\u00fcssen - in einer fremden Sprache werden Sie vielleicht nicht erfolgreich verhandeln k\u00f6nnen.<\/p>\n<p><strong>Sie k\u00f6nnen einen kleinen Ausflug machen<\/strong><\/p>\n<p>Genie\u00dfen Sie den Komfort unseres Abhol- und Begr\u00fc\u00dfungsservices am Flughafen LAX, der Ihnen einen herzlichen Empfang und einen nahtlosen \u00dcbergang zu Ihrem Transport garantiert. Unsere professionellen Fahrer und modernen Fahrzeuge sorgen daf\u00fcr, dass Ihre Reise bequem und problemlos verl\u00e4uft.<\/p>\n<p>Wir versuchen, englischsprachige Fahrer zu den Buchungen zuzuweisen. So k\u00f6nnen Sie ihn\/sie leicht \u00fcber das Land und die Stadt befragen. Der Transfer ist in erster Linie ein touristischer Service. Professionelle Fahrer verstehen das und tun ihr Bestes, damit ein Tourist seine Zeit w\u00e4hrend der Reise genie\u00dfen kann.<\/p>\n<p><strong>Taxi zum Flughafen zum Festpreis<\/strong><\/p>\n<p>Buchen Sie jetzt einen reibungslosen und effizienten Transfer vom Flughafen LA zu Ihrem Hotel oder einem beliebigen Ziel in Los Angeles. Unsere Transfers von A nach B, einschlie\u00dflich Premium Black Car Service und JSX Flughafentransfers, garantieren ein luxuri\u00f6ses Reiseerlebnis. Wir sind auch auf Transfers nach und von Disneyland, Hollywood und anderen beliebten Orten spezialisiert.<\/p>\n<p>Die Zahlung ist in einer g\u00fcnstigen W\u00e4hrung auf der Website m\u00f6glich. Die Preise f\u00fcr unseren Service sind im Voraus bekannt. Nach der Buchung \u00e4ndert sich der Preis nicht mehr, unabh\u00e4ngig davon, wie viel Zeit bis zur Fahrt verbleibt. Bei einer Fahrt mit \u00f6ffentlichen Verkehrsmitteln oder einem lokalen Taxi vom Flughafen aus m\u00fcssen Sie die W\u00e4hrung bei der Ankunft umtauschen, und der Preis ist nicht im Voraus bekannt.<\/p>\n<p>Wenn Sie die beste Flughafentransferagentur in Los Angeles suchen, w\u00e4hlen Sie uns f\u00fcr einen T\u00fcr-zu-T\u00fcr-Service, der Ihre speziellen Anforderungen erf\u00fcllt. Mit unseren luxuri\u00f6sen Flughafentransfers und privaten Taxi- und Autodienstleistungen wird Ihr Transport in Los Angeles zu einem ganz besonderen Erlebnis.<\/p>\n\t<\/div>\n<\/div>\n\n\n\n\n\t\t<\/div> \n\t<\/div>\n\t<\/div> \n<\/div><\/div>\n\t\t\t<\/div> \n\t\t<\/div>\n\t<\/div> \n<\/div><\/div>\n\t\t<div id=\"fws_69e350c5928e4\"  data-column-margin=\"default\" data-midnight=\"dark\" data-top-percent=\"7%\" data-bottom-percent=\"2%\"  class=\"wpb_row vc_row-fluid vc_row\"  style=\"padding-top: calc(100vw * 0.07); padding-bottom: calc(100vw * 0.02); \"><div class=\"row-bg-wrap\" data-bg-animation=\"none\" data-bg-animation-delay=\"\" data-bg-overlay=\"false\"><div class=\"inner-wrap row-bg-layer\" ><div class=\"row-bg viewport-desktop using-bg-color\"  style=\"background-color: #ffffff; \"><\/div><\/div><\/div><div class=\"row_col_wrap_12 col span_12 dark left\">\n\t<div  class=\"vc_col-sm-12 wpb_column column_container vc_column_container col no-extra-padding inherit_tablet inherit_phone\"  data-padding-pos=\"all\" data-has-bg-color=\"false\" data-bg-color=\"\" data-bg-opacity=\"1\" data-animation=\"\" data-delay=\"0\" >\n\t\t<div class=\"vc_column-inner\" >\n\t\t\t<div class=\"wpb_wrapper\">\n\t\t\t\t<div id=\"fws_69e350c592a40\" data-midnight=\"\" data-column-margin=\"default\" class=\"wpb_row vc_row-fluid vc_row inner_row\"  style=\"\"><div class=\"row-bg-wrap\"> <div class=\"row-bg\" ><\/div> <\/div><div class=\"row_col_wrap_12_inner col span_12  left\">\n\t<div  class=\"vc_col-sm-12 wpb_column column_container vc_column_container col child_column no-extra-padding inherit_tablet inherit_phone\"   data-padding-pos=\"all\" data-has-bg-color=\"false\" data-bg-color=\"\" data-bg-opacity=\"1\" data-animation=\"\" data-delay=\"0\" >\n\t\t<div class=\"vc_column-inner\" >\n\t\t<div class=\"wpb_wrapper\">\n\t\t\t<div class=\"nectar-split-heading\" data-align=\"default\" data-m-align=\"center\" data-text-effect=\"default\" data-animation-type=\"line-reveal-by-space\" data-animation-delay=\"0\" data-animation-offset=\"\" data-m-rm-animation=\"\" data-stagger=\"\" data-custom-font-size=\"false\" ><h2 >Wie der Dienst funktioniert<\/h2><\/div>\n\t\t<\/div> \n\t<\/div>\n\t<\/div> \n<\/div><\/div><div id=\"fws_69e350c592bc3\" data-midnight=\"\" data-column-margin=\"default\" class=\"wpb_row vc_row-fluid vc_row inner_row\"  style=\"\"><div class=\"row-bg-wrap\"> <div class=\"row-bg\" ><\/div> <\/div><div class=\"row_col_wrap_12_inner col span_12  left\">\n\t<div  class=\"vc_col-sm-4 wpb_column column_container vc_column_container col child_column centered-text has-animation no-extra-padding force-desktop-text-align-center inherit_tablet inherit_phone\"   data-padding-pos=\"top\" data-has-bg-color=\"false\" data-bg-color=\"\" data-bg-opacity=\"1\" data-animation=\"fade-in-from-bottom\" data-delay=\"0\" >\n\t\t<div class=\"vc_column-inner\" >\n\t\t<div class=\"wpb_wrapper\">\n\t\t\t<div class=\"nectar_icon_wrap\" data-style=\"shadow-bg\" data-padding=\"10px\" data-color=\"accent-color\" style=\"margin-bottom: 30px; \" >\n\t\t<div class=\"nectar_icon\" ><i style=\"font-size: 50px; line-height: 75px; height: 75px; width: 75px;\" class=\"fa fa-car\"><\/i><\/div>\n\t<\/div>\n<div class=\"wpb_text_column wpb_content_element\" >\n\t<div class=\"wpb_wrapper\">\n\t\t<h4 style=\"text-align: center;\">Sie w\u00e4hlen die Route und ein Auto<\/h4>\n<p style=\"text-align: center;\">Sie k\u00f6nnen ein Fahrzeug mit beliebiger Kapazit\u00e4t bestellen, von der Economy-Limousine bis zum 13-sitzigen Minibus.<\/p>\n\t<\/div>\n<\/div>\n\n\n\n\n\t\t<\/div> \n\t<\/div>\n\t<\/div> \n\n\t<div  class=\"vc_col-sm-4 wpb_column column_container vc_column_container col child_column centered-text has-animation no-extra-padding force-desktop-text-align-center inherit_tablet inherit_phone\"   data-padding-pos=\"top\" data-has-bg-color=\"false\" data-bg-color=\"\" data-bg-opacity=\"1\" data-animation=\"fade-in-from-bottom\" data-delay=\"100\" >\n\t\t<div class=\"vc_column-inner\" >\n\t\t<div class=\"wpb_wrapper\">\n\t\t\t<div class=\"nectar_icon_wrap\" data-style=\"shadow-bg\" data-padding=\"10px\" data-color=\"accent-color\" style=\"margin-bottom: 30px; \" >\n\t\t<div class=\"nectar_icon\" ><i style=\"font-size: 50px; line-height: 75px; height: 75px; width: 75px;\" class=\"fa fa-credit-card\"><\/i><\/div>\n\t<\/div>\n<div class=\"wpb_text_column wpb_content_element\" >\n\t<div class=\"wpb_wrapper\">\n\t\t<h4 style=\"text-align: center;\">F\u00fcllen Sie das Buchungsformular aus<br \/>\nund w\u00e4hlen Sie eine Zahlungsmethode<\/h4>\n<p style=\"text-align: center;\">Geben Sie das Datum und die Uhrzeit der Abholung an und w\u00e4hlen Sie eine Zahlungsmethode. Nach der Buchung erhalten Sie eine E-Mail mit dem Gutschein.<\/p>\n\t<\/div>\n<\/div>\n\n\n\n\n\t\t<\/div> \n\t<\/div>\n\t<\/div> \n\n\t<div  class=\"vc_col-sm-4 wpb_column column_container vc_column_container col child_column centered-text has-animation no-extra-padding force-desktop-text-align-center inherit_tablet inherit_phone\"   data-padding-pos=\"top\" data-has-bg-color=\"false\" data-bg-color=\"\" data-bg-opacity=\"1\" data-animation=\"fade-in-from-bottom\" data-delay=\"200\" >\n\t\t<div class=\"vc_column-inner\" >\n\t\t<div class=\"wpb_wrapper\">\n\t\t\t<div class=\"nectar_icon_wrap\" data-style=\"shadow-bg\" data-padding=\"10px\" data-color=\"accent-color\" style=\"margin-bottom: 30px; \" >\n\t\t<div class=\"nectar_icon\" ><i style=\"font-size: 50px; line-height: 75px; height: 75px; width: 75px;\" class=\"fa fa-id-card-o\"><\/i><\/div>\n\t<\/div>\n<div class=\"wpb_text_column wpb_content_element\" >\n\t<div class=\"wpb_wrapper\">\n\t\t<h4 style=\"text-align: center;\">Der Fahrer empf\u00e4ngt Sie<br \/>\nmit einem Namensschild am Flughafen<\/h4>\n<p style=\"text-align: center;\">Zur richtigen Zeit wird der Fahrer vor Ort auf Sie warten. Er wird Sie zum Auto begleiten und Sie zum Hotel bringen.<\/p>\n\t<\/div>\n<\/div>\n\n\n\n\n\t\t<\/div> \n\t<\/div>\n\t<\/div> \n<\/div><\/div>\n\t\t\t<\/div> \n\t\t<\/div>\n\t<\/div> \n<\/div><\/div>\n\t\t<div id=\"fws_69e350c59321c\"  data-column-margin=\"default\" data-midnight=\"dark\"  class=\"wpb_row vc_row-fluid vc_row\"  style=\"padding-top: 0px; padding-bottom: 0px; \"><div class=\"row-bg-wrap\" data-bg-animation=\"none\" data-bg-animation-delay=\"\" data-bg-overlay=\"false\"><div class=\"inner-wrap row-bg-layer\" ><div class=\"row-bg viewport-desktop\"  style=\"\"><\/div><\/div><\/div><div class=\"row_col_wrap_12 col span_12 dark left\">\n\t<div  class=\"vc_col-sm-12 wpb_column column_container vc_column_container col no-extra-padding inherit_tablet inherit_phone\"  data-padding-pos=\"all\" data-has-bg-color=\"false\" data-bg-color=\"\" data-bg-opacity=\"1\" data-animation=\"\" data-delay=\"0\" >\n\t\t<div class=\"vc_column-inner\" >\n\t\t\t<div class=\"wpb_wrapper\">\n\t\t\t\t\n<div class=\"wpb_text_column wpb_content_element\" >\n\t<div class=\"wpb_wrapper\">\n\t\t<p>Wenn Sie gesch\u00e4ftlich unterwegs sind, bieten wir Ihnen einen reibungslosen und komfortablen Transport. Unsere privaten Flughafentransfers zum LAX sorgen f\u00fcr eine stressfreie Reise, w\u00e4hrend unsere mit Kindersitzen ausgestattete Taxiflotte die Sicherheit Ihrer Kleinen in den Vordergrund stellt.<\/p>\n\t<\/div>\n<\/div>\n\n\n\n\n\t\t\t<\/div> \n\t\t<\/div>\n\t<\/div> \n<\/div><\/div>","protected":false},"excerpt":{"rendered":"Vorteile Erleben Sie den Komfort unserer zuverl\u00e4ssigen Transferdienste vom Flughafen zum Hotel, die sowohl f\u00fcr Einzelpersonen als auch f\u00fcr Gruppen geeignet sind. Vom LAX-Taxi bis zum privaten Transfer bietet unser Unternehmen erschwingliche Preise und...","protected":false},"author":1,"featured_media":10949,"parent":0,"menu_order":0,"comment_status":"closed","ping_status":"closed","template":"","meta":{"footnotes":""},"class_list":["post-11295","page","type-page","status-publish","has-post-thumbnail"],"_links":{"self":[{"href":"https:\/\/lax-transfer.com\/de\/wp-json\/wp\/v2\/pages\/11295","targetHints":{"allow":["GET"]}}],"collection":[{"href":"https:\/\/lax-transfer.com\/de\/wp-json\/wp\/v2\/pages"}],"about":[{"href":"https:\/\/lax-transfer.com\/de\/wp-json\/wp\/v2\/types\/page"}],"author":[{"embeddable":true,"href":"https:\/\/lax-transfer.com\/de\/wp-json\/wp\/v2\/users\/1"}],"replies":[{"embeddable":true,"href":"https:\/\/lax-transfer.com\/de\/wp-json\/wp\/v2\/comments?post=11295"}],"version-history":[{"count":2,"href":"https:\/\/lax-transfer.com\/de\/wp-json\/wp\/v2\/pages\/11295\/revisions"}],"predecessor-version":[{"id":12996,"href":"https:\/\/lax-transfer.com\/de\/wp-json\/wp\/v2\/pages\/11295\/revisions\/12996"}],"wp:featuredmedia":[{"embeddable":true,"href":"https:\/\/lax-transfer.com\/de\/wp-json\/wp\/v2\/media\/10949"}],"wp:attachment":[{"href":"https:\/\/lax-transfer.com\/de\/wp-json\/wp\/v2\/media?parent=11295"}],"curies":[{"name":"wp","href":"https:\/\/api.w.org\/{rel}","templated":true}]}}