{"id":12038,"date":"2023-11-14T09:09:17","date_gmt":"2023-11-14T17:09:17","guid":{"rendered":"https:\/\/lax-transfer.com\/?page_id=12038"},"modified":"2024-02-19T08:23:53","modified_gmt":"2024-02-19T16:23:53","slug":"los-angeles-international-airport-lax","status":"publish","type":"page","link":"https:\/\/lax-transfer.com\/de\/internationaler-flughafen-los-angeles-lax\/","title":{"rendered":"Internationaler Flughafen Los Angeles (LAX):"},"content":{"rendered":"<h2><strong>Internationaler Flughafen Los Angeles (LAX)<\/strong><\/h2>\n<p><strong>\u00dcber LAX:<\/strong> Der Los Angeles International Airport (LAX) ist das wichtigste Tor zu einer der ber\u00fchmtesten St\u00e4dte der Welt. Der im Stadtteil Westchester von Los Angeles gelegene LAX ist ein wichtiges Drehkreuz f\u00fcr den nationalen und internationalen Flugverkehr und verbindet Millionen von Passagieren mit Zielen in aller Welt.<\/p>\n<p><strong>Wesentliche Merkmale:<\/strong><\/p>\n<ul>\n<li><strong>Globale Konnektivit\u00e4t:<\/strong> Der LAX ist ein wichtiger internationaler Flughafen, der Los Angeles mit den wichtigsten St\u00e4dten weltweit verbindet. Sein umfangreiches Flugnetz macht ihn zu einem wichtigen Drehkreuz f\u00fcr Freizeit- und Gesch\u00e4ftsreisende.<\/li>\n<li><strong>Terminal Diversity:<\/strong> Der LAX verf\u00fcgt \u00fcber mehrere Terminals, von denen jedes eine Reihe von Annehmlichkeiten und Dienstleistungen bietet. Ob Sie abfliegen, ankommen oder sich im Transit befinden, die Terminals sind auf die unterschiedlichen Bed\u00fcrfnisse der Passagiere ausgerichtet.<\/li>\n<li><strong>Annehmlichkeiten und Dienstleistungen:<\/strong> Von erstklassigen Speisem\u00f6glichkeiten bis hin zu Duty-free-Shopping bietet der LAX eine Vielzahl von Annehmlichkeiten f\u00fcr Reisende. Moderne Lounges, bequeme Sitzbereiche und effiziente Dienstleistungen tragen zu einem reibungslosen Reiseerlebnis bei.<\/li>\n<\/ul>\n<p><strong>Anreise zum und vom LAX:<\/strong> Der LAX liegt g\u00fcnstig in Westchester und ist von verschiedenen Teilen von Los Angeles aus leicht zu erreichen. Zu den Transportm\u00f6glichkeiten am Boden geh\u00f6ren Shuttle-Dienste, Taxis, Mitfahrzentralen und Mietwagen.<\/p>\n<p><strong>Internationale Reisen:<\/strong> Der LAX spielt eine zentrale Rolle im internationalen Reiseverkehr und verf\u00fcgt \u00fcber Zoll- und Einwanderungseinrichtungen, die die An- und Abreise erleichtern. Die internationalen Terminals des Flughafens bieten einen reibungslosen \u00dcbergang f\u00fcr Reisende aus und in andere L\u00e4nder.<\/p>\n<p><strong>Ausbau und Modernisierung des Flughafens:<\/strong> Am LAX werden weiterhin Erweiterungs- und Modernisierungsprojekte durchgef\u00fchrt, um die Einrichtungen des Flughafens zu verbessern und die wachsende Zahl der Passagiere zu bew\u00e4ltigen. Diese Initiativen zielen darauf ab, ein hochmodernes Reiseerlebnis zu bieten und gleichzeitig das Engagement des Flughafens f\u00fcr Nachhaltigkeit aufrechtzuerhalten.<\/p>\n<p><strong>Bleiben Sie in Verbindung:<\/strong> Bleiben Sie \u00fcber die offizielle Website und die mobile App des LAX auf dem Laufenden \u00fcber Flugstatus, Terminalinformationen und mehr. Social-Media-Plattformen bieten ebenfalls Echtzeit-Updates und Einblicke f\u00fcr eine problemlose Reise.<\/p>\n<p>Der internationale Flughafen von Los Angeles verk\u00f6rpert den Geist der Stadt, der er dient, und bietet ein dynamisches und effizientes Tor f\u00fcr alle, die sich auf ihre Reiseabenteuer einlassen.<\/p>\n<p>Entdecken Sie die Welt vom LAX aus, wo jeder Start und jede Landung f\u00fcr die grenzenlosen M\u00f6glichkeiten des Reisens steht.<\/p>\n<h2><strong>Willkommen bei GMG Transportation LLC (LAX Transfer) - Ihr Premier Los Angeles Flughafen Transfer Service!<\/strong><\/h2>\n<p>Hochwertige Transfers sind mehr als nur der Weg von A nach B; sie sind der Beginn Ihrer Reise mit Komfort, Zuverl\u00e4ssigkeit und Stil. Bei LAX Transfer bieten wir unvergleichliche Transferdienste zum und vom internationalen Flughafen Los Angeles an, die unseren Kunden ein erstklassiges Erlebnis bieten.<\/p>\n<p><strong>Unsere Vorteile:<\/strong><\/p>\n<ol>\n<li><strong>Fachwissen und Professionalit\u00e4t:<\/strong> Unsere Fahrer sind erfahrene Profis mit tadellosen Fahrk\u00fcnsten. Wir garantieren, dass Ihr Transfer sicher, komfortabel und p\u00fcnktlich ist.<\/li>\n<li><strong>Luxuri\u00f6se Flotte:<\/strong> W\u00e4hlen Sie aus unserem luxuri\u00f6sen Fuhrpark, der komfortable Limousinen, ger\u00e4umige SUVs und stilvolle Limousinen umfasst. Wir bieten Fahrzeuge, die auf Ihre W\u00fcnsche zugeschnitten sind.<\/li>\n<li><strong>Effizienz und P\u00fcnktlichkeit:<\/strong> Wir wissen, dass Zeit eine kritische Ressource ist. Unsere Transfers werden mit Blick auf Ihren Zeitplan geplant, um eine p\u00fcnktliche Ankunft und Abreise zu gew\u00e4hrleisten.<\/li>\n<li><strong>Willkommen und Treffen:<\/strong> Unsere Fahrer begr\u00fc\u00dfen Sie mit einem Schild und sind Ihnen beim Gep\u00e4ck behilflich, um Ihnen den \u00dcbergang so angenehm wie m\u00f6glich zu gestalten.<\/li>\n<li><strong>Flexible Preise:<\/strong> Wir bieten ein flexibles Tarifsystem, einschlie\u00dflich fester Tarife und Sonderangebote f\u00fcr Stammkunden.<\/li>\n<li><strong>Online buchen:<\/strong> Buchen Sie Ihren Transfer mit wenigen Klicks \u00fcber unser praktisches Online-Portal. Sofortige Best\u00e4tigung und Buchungsverwaltung per Mausklick.<\/li>\n<li><strong>24\/7 Kundenbetreuung:<\/strong> Unser Kundendienst steht Ihnen rund um die Uhr zur Verf\u00fcgung, um Ihre Fragen zu beantworten und Ihnen jederzeit zu helfen.<\/li>\n<\/ol>\n<p>W\u00e4hlen Sie LAX Transfer f\u00fcr Ihren n\u00e4chsten Transfer und wir garantieren Ihnen einen erstklassigen Service vom Anfang bis zum Ende Ihrer Reise. Reisen Sie mit Vertrauen und Stil mit LAX Transfer!<\/p>","protected":false},"excerpt":{"rendered":"<p>Los Angeles International Airport (LAX) \u00dcber LAX: Der Los Angeles International Airport (LAX) ist das wichtigste Tor zu einer der ber\u00fchmtesten St\u00e4dte der Welt. Er befindet sich im Stadtteil Westchester...<\/p>","protected":false},"author":1,"featured_media":0,"parent":0,"menu_order":0,"comment_status":"closed","ping_status":"closed","template":"","meta":{"footnotes":""},"class_list":["post-12038","page","type-page","status-publish"],"_links":{"self":[{"href":"https:\/\/lax-transfer.com\/de\/wp-json\/wp\/v2\/pages\/12038","targetHints":{"allow":["GET"]}}],"collection":[{"href":"https:\/\/lax-transfer.com\/de\/wp-json\/wp\/v2\/pages"}],"about":[{"href":"https:\/\/lax-transfer.com\/de\/wp-json\/wp\/v2\/types\/page"}],"author":[{"embeddable":true,"href":"https:\/\/lax-transfer.com\/de\/wp-json\/wp\/v2\/users\/1"}],"replies":[{"embeddable":true,"href":"https:\/\/lax-transfer.com\/de\/wp-json\/wp\/v2\/comments?post=12038"}],"version-history":[{"count":4,"href":"https:\/\/lax-transfer.com\/de\/wp-json\/wp\/v2\/pages\/12038\/revisions"}],"predecessor-version":[{"id":12480,"href":"https:\/\/lax-transfer.com\/de\/wp-json\/wp\/v2\/pages\/12038\/revisions\/12480"}],"wp:attachment":[{"href":"https:\/\/lax-transfer.com\/de\/wp-json\/wp\/v2\/media?parent=12038"}],"curies":[{"name":"wp","href":"https:\/\/api.w.org\/{rel}","templated":true}]}}