{"id":12041,"date":"2023-11-14T09:16:13","date_gmt":"2023-11-14T17:16:13","guid":{"rendered":"https:\/\/lax-transfer.com\/?page_id=12041"},"modified":"2024-02-16T21:53:49","modified_gmt":"2024-02-17T05:53:49","slug":"airport-transfers","status":"publish","type":"page","link":"https:\/\/lax-transfer.com\/de\/flughafentransfers\/","title":{"rendered":"Flughafen-Transfers"},"content":{"rendered":"<div id=\"fws_69e4a8e6ba050\"  data-column-margin=\"default\" data-midnight=\"dark\"  class=\"wpb_row vc_row-fluid vc_row\"  style=\"padding-top: 0px; padding-bottom: 0px; \"><div class=\"row-bg-wrap\" data-bg-animation=\"none\" data-bg-animation-delay=\"\" data-bg-overlay=\"false\"><div class=\"inner-wrap row-bg-layer\" ><div class=\"row-bg viewport-desktop\"  style=\"\"><\/div><\/div><\/div><div class=\"row_col_wrap_12 col span_12 dark left\">\n\t<div  class=\"vc_col-sm-12 wpb_column column_container vc_column_container col no-extra-padding inherit_tablet inherit_phone\"  data-padding-pos=\"all\" data-has-bg-color=\"false\" data-bg-color=\"\" data-bg-opacity=\"1\" data-animation=\"\" data-delay=\"0\" >\n\t\t<div class=\"vc_column-inner\" >\n\t\t\t<div class=\"wpb_wrapper\">\n\t\t\t\t\n<div class=\"wpb_text_column wpb_content_element\" >\n\t<div class=\"wpb_wrapper\">\n\t\t<h2>Flughafentransfers mit GMG Transportation LLC (LAX Transfer): Nahtlose Fahrten, un\u00fcbertroffener Service<\/h2>\n<p>Willkommen bei LAX Transfer, wo Ihre Reise mit einer Verpflichtung zu Komfort, Zuverl\u00e4ssigkeit und au\u00dfergew\u00f6hnlichem Service beginnt. Wir haben uns auf erstklassige Flughafentransferdienste zum und vom Los Angeles International Airport spezialisiert und sorgen daf\u00fcr, dass Ihre Reise nicht nur reibungslos verl\u00e4uft, sondern auch in Erinnerung bleibt.<\/p>\n<p><strong>Warum LAX-Transfer w\u00e4hlen? <\/strong><strong>f\u00fcr Ihre Flughafentransfers?<\/strong><\/p>\n<ol>\n<li><strong>M\u00fchelose Buchung:<\/strong> Mit LAX Transfer ist die Buchung Ihres Flughafentransfers ein Kinderspiel. Unsere benutzerfreundliche Online-Plattform erm\u00f6glicht es Ihnen, Ihre Fahrt mit nur wenigen Klicks zu reservieren und bietet Ihnen eine sofortige Best\u00e4tigung und Seelenfrieden.<\/li>\n<li><strong>Luxuri\u00f6se Flottenauswahl:<\/strong> Unser vielf\u00e4ltiger Fuhrpark ist auf Ihre Vorlieben und Bed\u00fcrfnisse abgestimmt. W\u00e4hlen Sie aus einer Reihe von Fahrzeugen, darunter komfortable Limousinen, ger\u00e4umige SUVs und elegante Limousinen, die alle sorgf\u00e4ltig gewartet werden, um Sie zufriedenzustellen.<\/li>\n<li><strong>Professionelle Chauffeure:<\/strong> Bei LAX Transfer stehen Ihre Sicherheit und Ihr Komfort an erster Stelle. Unsere professionellen Chauffeure sind erfahren, zuvorkommend und engagiert, um Ihnen eine zuverl\u00e4ssige und angenehme Fahrt zu erm\u00f6glichen.<\/li>\n<li><strong>P\u00fcnktlichkeit ist wichtig:<\/strong> Wir wissen, wie wichtig Zeit ist, vor allem, wenn es darum geht, einen Flug zu erwischen. Unser Engagement f\u00fcr P\u00fcnktlichkeit sorgt daf\u00fcr, dass Sie mit ausreichend Zeit am Flughafen ankommen, was den Stress reduziert und es Ihnen erm\u00f6glicht, sich auf Ihre Reise zu konzentrieren.<\/li>\n<li><strong>Abhol- und Abholdienste:<\/strong> Unsere Fahrer gehen die extra Meile. Bei Ihrer Ankunft werden Sie mit einem pers\u00f6nlichen Schild begr\u00fc\u00dft, und unser Team steht bereit, um Ihnen beim Transport Ihres Gep\u00e4cks zu helfen, damit der \u00dcbergang vom Flughafen reibungslos verl\u00e4uft.<\/li>\n<li><strong>Wettbewerbsf\u00e4hige und transparente Preisgestaltung:<\/strong> Genie\u00dfen Sie wettbewerbsf\u00e4hige und transparente Preise mit LAX Transfer. Keine versteckten Geb\u00fchren - nur unkomplizierte Preise und ein hervorragendes Preis-Leistungs-Verh\u00e4ltnis.<\/li>\n<li><strong>Kundenorientierter Support:<\/strong> Sie haben Fragen oder ben\u00f6tigen Hilfe? Unser 24\/7-Kundensupport-Team ist f\u00fcr Sie da. Wir sind stolz darauf, Ihnen jederzeit reaktionsschnelle und hilfreiche Unterst\u00fctzung zu bieten.<\/li>\n<\/ol>\n<p>Erleben Sie den Komfort und Luxus eines Flughafentransfers mit LAX Transfer. Ihre Reise, ob gesch\u00e4ftlich oder privat, beginnt und endet mit unserem unerm\u00fcdlichen Engagement f\u00fcr Qualit\u00e4tsservice. Buchen Sie noch heute Ihren Flughafentransfer und machen Sie Ihre Reise mit LAX Transfer zu einem Erlebnis.<\/p>\n\t<\/div>\n<\/div>\n\n\n\n\n\t\t\t<\/div> \n\t\t<\/div>\n\t<\/div> \n<\/div><\/div>","protected":false},"excerpt":{"rendered":"Flughafentransfers mit GMG Transportation LLC (LAX Transfer): Nahtlose Fahrten, un\u00fcbertroffener Service Willkommen bei LAX Transfer, wo Ihre Reise mit einer Verpflichtung zu Komfort, Zuverl\u00e4ssigkeit und au\u00dfergew\u00f6hnlichem Service beginnt. Wir...","protected":false},"author":1,"featured_media":11270,"parent":0,"menu_order":0,"comment_status":"closed","ping_status":"closed","template":"","meta":{"footnotes":""},"class_list":["post-12041","page","type-page","status-publish","has-post-thumbnail"],"_links":{"self":[{"href":"https:\/\/lax-transfer.com\/de\/wp-json\/wp\/v2\/pages\/12041","targetHints":{"allow":["GET"]}}],"collection":[{"href":"https:\/\/lax-transfer.com\/de\/wp-json\/wp\/v2\/pages"}],"about":[{"href":"https:\/\/lax-transfer.com\/de\/wp-json\/wp\/v2\/types\/page"}],"author":[{"embeddable":true,"href":"https:\/\/lax-transfer.com\/de\/wp-json\/wp\/v2\/users\/1"}],"replies":[{"embeddable":true,"href":"https:\/\/lax-transfer.com\/de\/wp-json\/wp\/v2\/comments?post=12041"}],"version-history":[{"count":4,"href":"https:\/\/lax-transfer.com\/de\/wp-json\/wp\/v2\/pages\/12041\/revisions"}],"predecessor-version":[{"id":12478,"href":"https:\/\/lax-transfer.com\/de\/wp-json\/wp\/v2\/pages\/12041\/revisions\/12478"}],"wp:featuredmedia":[{"embeddable":true,"href":"https:\/\/lax-transfer.com\/de\/wp-json\/wp\/v2\/media\/11270"}],"wp:attachment":[{"href":"https:\/\/lax-transfer.com\/de\/wp-json\/wp\/v2\/media?parent=12041"}],"curies":[{"name":"wp","href":"https:\/\/api.w.org\/{rel}","templated":true}]}}