{"id":12049,"date":"2023-11-14T09:26:59","date_gmt":"2023-11-14T17:26:59","guid":{"rendered":"https:\/\/lax-transfer.com\/?page_id=12049"},"modified":"2024-02-16T21:23:04","modified_gmt":"2024-02-17T05:23:04","slug":"private-airport-transfers","status":"publish","type":"page","link":"https:\/\/lax-transfer.com\/de\/private-flughafentransfers\/","title":{"rendered":"Private Flughafentransfers"},"content":{"rendered":"<h3><strong>Private Flughafentransfers mit LAX Transfer vorbuchen<\/strong><\/h3>\n<p>Begeben Sie sich auf eine unvergleichlich bequeme Reise mit den vorgebuchten privaten Flughafentransfers von LAX Transfer. Erh\u00f6hen Sie Ihr Reiseerlebnis, indem Sie unseren privaten Service f\u00fcr nahtlose Abholungen und Ablieferungen am Flughafen w\u00e4hlen.<\/p>\n<p><strong>Warum LAX Transfer f\u00fcr Ihren privaten Flughafentransfer w\u00e4hlen?<\/strong><\/p>\n<ol>\n<li><strong>Effizienz und P\u00fcnktlichkeit:<\/strong> Bei LAX Transfer wissen wir Ihre Zeit zu sch\u00e4tzen. Unser privater Flughafentransfer-Service sorgt f\u00fcr prompte Abholungen und p\u00fcnktliche Ablieferungen, so dass Sie mit Leichtigkeit und Vertrauen reisen k\u00f6nnen.<\/li>\n<li><strong>Luxuri\u00f6se Flottenauswahl:<\/strong> G\u00f6nnen Sie sich den Luxus der Wahl. Unsere vielf\u00e4ltige Fahrzeugflotte, darunter komfortable Limousinen, ger\u00e4umige SUVs und stilvolle Limousinen, erm\u00f6glicht es Ihnen, auf eine Art und Weise zu reisen, die Ihren Vorlieben entspricht und zu Ihrem Stil passt.<\/li>\n<li><strong>Pers\u00f6nlicher Service:<\/strong> Erleben Sie ein auf Ihre Bed\u00fcrfnisse zugeschnittenes Serviceniveau. Unsere privaten Flughafentransfers haben eine pers\u00f6nliche Note und stellen sicher, dass Ihre Reise nicht nur eine Fahrt, sondern ein Teil Ihrer Reisegeschichte ist.<\/li>\n<li><strong>Unterst\u00fctzung beim Treffen und Begr\u00fc\u00dfen:<\/strong> \u00dcberlassen Sie die Flughafenlogistik uns. Unsere professionellen Fahrer werden Sie mit einem pers\u00f6nlichen Schild empfangen, Ihnen mit Ihrem Gep\u00e4ck helfen und Sie durch einen reibungslosen \u00dcbergang vom Flughafen zu Ihrem Ziel f\u00fchren.<\/li>\n<li><strong>Flexible Terminplanung:<\/strong> Planen Sie Ihre Reisen nach Ihren Vorstellungen. Mit LAX Transfer haben Sie die Flexibilit\u00e4t, Ihren privaten Flughafentransfer nach Ihrem Zeitplan vorzubestellen, so dass Sie sich entspannen und auf die bevorstehende Reise konzentrieren k\u00f6nnen.<\/li>\n<li><strong>Wettbewerbsf\u00e4hige und transparente Preisgestaltung:<\/strong> Genie\u00dfen Sie wettbewerbsf\u00e4hige und transparente Preise. Unsere Preise f\u00fcr private Flughafentransfers sind offen und frei von versteckten Geb\u00fchren und bieten einen hervorragenden Gegenwert f\u00fcr Ihre Investition in Komfort und Bequemlichkeit.<\/li>\n<li><strong>24\/7 Kundenbetreuung:<\/strong> Reisen Sie mit der Gewissheit, dass unser 24\/7-Kundenserviceteam bereit ist, Sie zu unterst\u00fctzen. Alle Fragen oder Bedenken, die Sie haben, werden umgehend beantwortet, um Ihnen ein sorgenfreies Reiseerlebnis zu erm\u00f6glichen.<\/li>\n<\/ol>\n<p><strong>Wie man bucht:<\/strong> Die Buchung Ihres privaten Flughafentransfers mit LAX Transfer ist ganz einfach. Besuchen Sie unsere Online-Plattform, w\u00e4hlen Sie Ihr bevorzugtes Fahrzeug, w\u00e4hlen Sie Ihren Abhol- und R\u00fcckgabeort und best\u00e4tigen Sie Ihre Reservierung. Erleben Sie die Leichtigkeit eines im Voraus gebuchten Privattransfers mit nur wenigen Klicks.<\/p>\n<p>Machen Sie Ihre Reise so unvergesslich wie Ihr Ziel. W\u00e4hlen Sie LAX Transfer f\u00fcr einen privaten Flughafentransfer, der Reisekomfort und Stil neu definiert. Buchen Sie noch heute und lassen Sie Ihre Reise mit einem Hauch von Raffinesse beginnen.<\/p>","protected":false},"excerpt":{"rendered":"<p>Private Flughafentransfers mit LAX Transfer im Voraus buchen Begeben Sie sich auf eine unvergleichlich bequeme Reise mit den im Voraus gebuchten privaten Flughafentransfers von LAX Transfer. Erh\u00f6hen Sie Ihr Reiseerlebnis, indem Sie unseren privaten Service w\u00e4hlen...<\/p>","protected":false},"author":1,"featured_media":11273,"parent":0,"menu_order":0,"comment_status":"closed","ping_status":"closed","template":"","meta":{"footnotes":""},"class_list":["post-12049","page","type-page","status-publish","has-post-thumbnail"],"_links":{"self":[{"href":"https:\/\/lax-transfer.com\/de\/wp-json\/wp\/v2\/pages\/12049","targetHints":{"allow":["GET"]}}],"collection":[{"href":"https:\/\/lax-transfer.com\/de\/wp-json\/wp\/v2\/pages"}],"about":[{"href":"https:\/\/lax-transfer.com\/de\/wp-json\/wp\/v2\/types\/page"}],"author":[{"embeddable":true,"href":"https:\/\/lax-transfer.com\/de\/wp-json\/wp\/v2\/users\/1"}],"replies":[{"embeddable":true,"href":"https:\/\/lax-transfer.com\/de\/wp-json\/wp\/v2\/comments?post=12049"}],"version-history":[{"count":1,"href":"https:\/\/lax-transfer.com\/de\/wp-json\/wp\/v2\/pages\/12049\/revisions"}],"predecessor-version":[{"id":12475,"href":"https:\/\/lax-transfer.com\/de\/wp-json\/wp\/v2\/pages\/12049\/revisions\/12475"}],"wp:featuredmedia":[{"embeddable":true,"href":"https:\/\/lax-transfer.com\/de\/wp-json\/wp\/v2\/media\/11273"}],"wp:attachment":[{"href":"https:\/\/lax-transfer.com\/de\/wp-json\/wp\/v2\/media?parent=12049"}],"curies":[{"name":"wp","href":"https:\/\/api.w.org\/{rel}","templated":true}]}}