{"id":12052,"date":"2023-11-14T09:29:57","date_gmt":"2023-11-14T17:29:57","guid":{"rendered":"https:\/\/lax-transfer.com\/?page_id=12052"},"modified":"2024-02-16T21:09:47","modified_gmt":"2024-02-17T05:09:47","slug":"airport-shuttles","status":"publish","type":"page","link":"https:\/\/lax-transfer.com\/de\/flughafen-shuttles\/","title":{"rendered":"Private Flughafentransfers mit LAX Transfer vorbuchen"},"content":{"rendered":"<h2><strong>Private Flughafentransfers mit LAX-Transfer im Voraus buchen<\/strong><\/h2>\n<p>Erleben Sie ein H\u00f6chstma\u00df an Komfort und Flexibilit\u00e4t bei Ihrem Flughafentransport mit LAX Transfer. Ob Sie die Kameradschaft der Shuttlebusse, die Kosteneffizienz der Mitfahrgelegenheiten oder die Exklusivit\u00e4t des privaten Flughafentransports bevorzugen, wir haben ma\u00dfgeschneiderte Optionen f\u00fcr Ihre Reisebed\u00fcrfnisse.<\/p>\n<p><strong>Shared Transport Shuttles:<\/strong><\/p>\n<ol>\n<li><strong>Wirtschaftlich und sozial:<\/strong> Teilen Sie Ihre Reise mit anderen Reisenden und genie\u00dfen Sie eine kosteng\u00fcnstige L\u00f6sung f\u00fcr die Fahrt zum und vom Flughafen. Unsere Shuttlebusse bieten eine kosteng\u00fcnstige M\u00f6glichkeit, Ihr Ziel zu erreichen und dabei neue Leute kennenzulernen.<\/li>\n<li><strong>Effiziente Routen:<\/strong> Unsere gemeinsam genutzten Shuttles sind so konzipiert, dass sie effiziente Routen fahren, die Fahrzeit minimieren und p\u00fcnktliche Abholungen und Ablieferungen gew\u00e4hrleisten. Genie\u00dfen Sie den Komfort des gemeinsamen Transports, ohne Kompromisse bei der Zuverl\u00e4ssigkeit einzugehen.<\/li>\n<\/ol>\n<p><strong>Mitfahrgelegenheiten:<\/strong><\/p>\n<ol>\n<li><strong>Bequemlichkeit auf Abruf:<\/strong> Entscheiden Sie sich f\u00fcr den Komfort von Mitfahrgelegenheiten auf Abruf. LAX Transfer integriert Mitfahrgelegenheiten nahtlos in unser Angebot, so dass Sie eine Fahrt nach Ihrem Belieben buchen und zu Ihren Bedingungen reisen k\u00f6nnen.<\/li>\n<li><strong>Vielseitige Optionen:<\/strong> Ob Sie alleine oder mit einer Gruppe reisen, unsere Mitfahrgelegenheiten sind f\u00fcr verschiedene Gruppengr\u00f6\u00dfen geeignet. W\u00e4hlen Sie den Fahrzeugtyp, der Ihren Bed\u00fcrfnissen entspricht, und lassen Sie LAX Transfer den Rest erledigen.<\/li>\n<\/ol>\n<p><strong>Privater Flughafentransport:<\/strong><\/p>\n<ol>\n<li><strong>Ma\u00dfgeschneidert f\u00fcr Ihren Zeitplan:<\/strong> Buchen Sie Ihren privaten Flughafentransfer im Voraus, um ein individuelles Erlebnis zu haben, das auf Ihren Zeitplan zugeschnitten ist. Genie\u00dfen Sie den Luxus eines eigenen Fahrzeugs, das Ihre Reise so komfortabel und bequem wie m\u00f6glich gestaltet.<\/li>\n<li><strong>Meet and Greet Service:<\/strong> Erleben Sie die VIP-Behandlung mit unserem Abhol- und Begr\u00fc\u00dfungsservice. Unsere professionellen Fahrer stehen bei Ihrer Ankunft f\u00fcr Sie bereit und sorgen f\u00fcr einen nahtlosen \u00dcbergang vom Flughafen zu Ihrem Ziel.<\/li>\n<li><strong>Exklusiver Komfort:<\/strong> Ob Sie als Gesch\u00e4ftsreisender Privatsph\u00e4re suchen oder als Familie Platz brauchen, unser privater Flughafentransport bietet exklusiven Komfort. W\u00e4hlen Sie aus unserer Premium-Flotte, die Ihren W\u00fcnschen entspricht.<\/li>\n<\/ol>\n<p><strong>Wie man bucht:<\/strong><\/p>\n<p>Die Buchung Ihres bevorzugten Flughafentransports mit LAX Transfer ist einfach. Besuchen Sie unsere Online-Plattform, w\u00e4hlen Sie den Service, der Ihren Bed\u00fcrfnissen entspricht, und best\u00e4tigen Sie Ihre Reservierung. Genie\u00dfen Sie die Flexibilit\u00e4t, das Transportmittel zu w\u00e4hlen, das zu Ihrem Reisestil passt.<\/p>\n<p>Wir von LAX Transfer definieren den Flughafentransport neu und bieten eine Reihe von Optionen, die jedem Reisenden gerecht werden. Buchen Sie noch heute Ihren bevorzugten Shuttle- oder Transportservice, und lassen Sie Ihre Reise mit LAX Transfer bequem, zuverl\u00e4ssig und komfortabel beginnen.<\/p>","protected":false},"excerpt":{"rendered":"<p>Private Flughafenshuttles mit LAX Transfer im Voraus buchen Erleben Sie mit LAX Transfer ein H\u00f6chstma\u00df an Komfort und Flexibilit\u00e4t bei Ihrem Flughafentransport. Egal, ob Sie die Kameradschaft der gemeinsamen Transport Shuttles bevorzugen, die...<\/p>","protected":false},"author":1,"featured_media":11086,"parent":0,"menu_order":0,"comment_status":"closed","ping_status":"closed","template":"","meta":{"footnotes":""},"class_list":["post-12052","page","type-page","status-publish","has-post-thumbnail"],"_links":{"self":[{"href":"https:\/\/lax-transfer.com\/de\/wp-json\/wp\/v2\/pages\/12052","targetHints":{"allow":["GET"]}}],"collection":[{"href":"https:\/\/lax-transfer.com\/de\/wp-json\/wp\/v2\/pages"}],"about":[{"href":"https:\/\/lax-transfer.com\/de\/wp-json\/wp\/v2\/types\/page"}],"author":[{"embeddable":true,"href":"https:\/\/lax-transfer.com\/de\/wp-json\/wp\/v2\/users\/1"}],"replies":[{"embeddable":true,"href":"https:\/\/lax-transfer.com\/de\/wp-json\/wp\/v2\/comments?post=12052"}],"version-history":[{"count":1,"href":"https:\/\/lax-transfer.com\/de\/wp-json\/wp\/v2\/pages\/12052\/revisions"}],"predecessor-version":[{"id":12474,"href":"https:\/\/lax-transfer.com\/de\/wp-json\/wp\/v2\/pages\/12052\/revisions\/12474"}],"wp:featuredmedia":[{"embeddable":true,"href":"https:\/\/lax-transfer.com\/de\/wp-json\/wp\/v2\/media\/11086"}],"wp:attachment":[{"href":"https:\/\/lax-transfer.com\/de\/wp-json\/wp\/v2\/media?parent=12052"}],"curies":[{"name":"wp","href":"https:\/\/api.w.org\/{rel}","templated":true}]}}