{"id":12509,"date":"2024-03-04T07:32:08","date_gmt":"2024-03-04T15:32:08","guid":{"rendered":"https:\/\/lax-transfer.com\/?page_id=12509"},"modified":"2024-03-05T13:01:38","modified_gmt":"2024-03-05T21:01:38","slug":"refunds-cancellation-policy","status":"publish","type":"page","link":"https:\/\/lax-transfer.com\/de\/erstattungen-stornierungsbedingungen\/","title":{"rendered":"R\u00fcckerstattungen &amp; Stornierungsbedingungen"},"content":{"rendered":"<p><strong>\u00dcbersicht<\/strong><\/p>\n<p>Hier finden Sie eine Zusammenfassung unserer R\u00fcckerstattungs- und Stornierungsbedingungen.<\/p>\n<p>GMG Transportation vereinfacht den Buchungsprozess, indem es sicherstellt, dass alle Preise feststehen, Ihr Buchungsgeld in Ihrem Namen bis nach der Reise einbeh\u00e4lt und in bestimmten F\u00e4llen 100% R\u00fcckerstattungen anbietet.<\/p>\n<p>100% Erstattungsgarantie<\/p>\n<p>Da sich Ihre Pl\u00e4ne \u00e4ndern k\u00f6nnen, garantiert GMG Transportation eine R\u00fcckerstattung von 100% ohne Stornierungsgeb\u00fchren f\u00fcr alle Stornierungen, die mindestens 24 Stunden vor der geplanten Abholzeit eingehen.<\/p>\n<p>Bitte kontaktieren Sie GMG Transportation so schnell wie m\u00f6glich, wenn Sie Probleme haben, eine best\u00e4tigte Buchung zu stornieren, damit wir Ihre R\u00fcckerstattung bearbeiten k\u00f6nnen.<\/p>\n<p>Stornierungen von Buchungen<\/p>\n<p>Sie k\u00f6nnen Ihre Buchung jederzeit vor der Abfahrtszeit der Abholung stornieren. Wenn Sie nicht in der Lage sind, die Buchung selbst zu stornieren, m\u00fcssen Sie GMG Transportation dar\u00fcber informieren. Sie sollten GMG Transportation so schnell wie m\u00f6glich benachrichtigen, um sicherzustellen, dass Sie Anspruch auf eine Erstattung haben. Eine R\u00fcckerstattung ist nur m\u00f6glich, wenn die Stornierung mehr als 24 Stunden vor der geplanten Abholzeit erfolgt.<\/p>\n<p>Ihre Buchung gilt erst dann als storniert, wenn GMG Transportation Ihre Stornierung best\u00e4tigt. Als Zeitpunkt der Stornierung gilt der Zeitpunkt, an dem GMG Transportation Ihre Stornierungsanfrage best\u00e4tigt.<\/p>\n<p>Geb\u00fchren und Erstattungen bei Buchungsstornierungen<\/p>\n<p>Sie haben Anspruch auf eine R\u00fcckerstattung von 100% f\u00fcr Ihre Buchung, ohne Stornierungsgeb\u00fchren, bei Stornierungen\u00a0<strong>gr\u00f6\u00dfer als <\/strong><strong>24<\/strong><strong> Stunden vorher<\/strong>\u00a0zur Abfahrtszeit Ihrer Abholung.<\/p>\n<p>Bei Stornierungen, die 24 Stunden oder weniger vor der Abholzeit erfolgen, haben Sie keinen Anspruch auf Erstattung Ihrer Buchung.<\/p>\n<p>Buchungs\u00e4nderungen<\/p>\n<p>Sie k\u00f6nnen Ihre Buchungsdaten jederzeit mehr als 24 Stunden vor der Abholzeit \u00e4ndern. Um eine \u00c4nderung vorzunehmen.<\/p>\n<p>Es wird empfohlen, dass Sie uns anrufen, um eventuelle \u00c4nderungen sofort vorzunehmen, wenn Sie sie ben\u00f6tigen.<\/p>\n<p>In der Regel ist es nicht m\u00f6glich, Buchungen 24 Stunden oder weniger vor der Abholzeit zu \u00e4ndern.<\/p>\n<p>Geb\u00fchren und Erstattungen bei Buchungs\u00e4nderungen<\/p>\n<p>F\u00fcr \u00c4nderungen Ihrer Buchungsdaten, die mehr als 24 Stunden vor der Abholzeit vorgenommen werden, fallen keine Geb\u00fchren an, solange der Gesamtpreis Ihres Transfers gleich bleibt.<\/p>\n<p>Wenn Buchungs\u00e4nderungen zu zus\u00e4tzlichen Kosten f\u00fchren, die \u00fcber den bereits gezahlten Betrag hinausgehen.<\/p>\n<p>Wenn Buchungs\u00e4nderungen zu geringeren Geb\u00fchren zus\u00e4tzlich zu dem zuvor gezahlten Betrag f\u00fchren, ist keine teilweise R\u00fcckerstattung m\u00f6glich und Ihre Geb\u00fchr f\u00fcr die \u00c4nderung entspricht der Differenz zwischen den beiden Geb\u00fchren.<\/p>\n<p>Weitere Informationen<\/p>\n<p>Wenn Sie Fragen zu dieser Politik haben, wenden Sie sich bitte an uns.<\/p>\n<p>Wenn Sie spezielle Fragen zu Ihrem Transport haben, kontaktieren Sie uns bitte<\/p>\n<p>Weitere Informationen<\/p>\n<p>Wenn Sie Fragen zu dieser Politik haben, wenden Sie sich bitte an uns.<\/p>","protected":false},"excerpt":{"rendered":"<p>\u00dcbersicht Dies ist eine Zusammenfassung unserer R\u00fcckerstattungs- und Stornierungsbedingungen. GMG Transportation macht den Buchungsprozess einfach, indem wir sicherstellen, dass alle Preise feststehen, indem wir Ihr Buchungsgeld einbehalten...<\/p>","protected":false},"author":1,"featured_media":0,"parent":0,"menu_order":0,"comment_status":"closed","ping_status":"closed","template":"","meta":{"footnotes":""},"class_list":["post-12509","page","type-page","status-publish"],"_links":{"self":[{"href":"https:\/\/lax-transfer.com\/de\/wp-json\/wp\/v2\/pages\/12509","targetHints":{"allow":["GET"]}}],"collection":[{"href":"https:\/\/lax-transfer.com\/de\/wp-json\/wp\/v2\/pages"}],"about":[{"href":"https:\/\/lax-transfer.com\/de\/wp-json\/wp\/v2\/types\/page"}],"author":[{"embeddable":true,"href":"https:\/\/lax-transfer.com\/de\/wp-json\/wp\/v2\/users\/1"}],"replies":[{"embeddable":true,"href":"https:\/\/lax-transfer.com\/de\/wp-json\/wp\/v2\/comments?post=12509"}],"version-history":[{"count":3,"href":"https:\/\/lax-transfer.com\/de\/wp-json\/wp\/v2\/pages\/12509\/revisions"}],"predecessor-version":[{"id":12521,"href":"https:\/\/lax-transfer.com\/de\/wp-json\/wp\/v2\/pages\/12509\/revisions\/12521"}],"wp:attachment":[{"href":"https:\/\/lax-transfer.com\/de\/wp-json\/wp\/v2\/media?parent=12509"}],"curies":[{"name":"wp","href":"https:\/\/api.w.org\/{rel}","templated":true}]}}