{"id":12511,"date":"2024-03-04T07:34:27","date_gmt":"2024-03-04T15:34:27","guid":{"rendered":"https:\/\/lax-transfer.com\/?page_id=12511"},"modified":"2024-03-06T08:33:26","modified_gmt":"2024-03-06T16:33:26","slug":"general-terms-of-services","status":"publish","type":"page","link":"https:\/\/lax-transfer.com\/de\/stornierungsbedingungen\/","title":{"rendered":"Allgemeine Dienstleistungsbedingungen"},"content":{"rendered":"<p><strong>\u00dcbersicht<\/strong><\/p>\n<p><strong>Bis zu 24 Stunden vor der Abholung<\/strong><\/p>\n<p>Die Stornierung ist kostenlos, wenn mehr als 24 Stunden vor der vereinbarten Abholzeit verbleiben; bei einer Stornierung bis 24 Stunden vor der Abholung erhalten Sie den vollen Betrag zur\u00fcck.<\/p>\n<p><strong>Wenn es 24 Stunden oder weniger vor der vereinbarten Abholzeit und im Falle von No-Show<\/strong>24 Stunden oder weniger vor der vereinbarten Abholzeit und bei Nichterscheinen ist der Gesamtpreis zu zahlen und\u00a0<strong>ist eine R\u00fcckerstattung nicht m\u00f6glich (wir m\u00fcssen 100% des Gesamtbetrags berechnen).<\/strong><\/p>\n<p>&nbsp;<\/p>\n<p><strong>\u00a0WARTEZEIT ZUM ZEITPUNKT DER ABHOLUNG<\/strong><\/p>\n<ul>\n<li>15 Minuten kostenlose Wartezeit f\u00fcr alle Abholorte au\u00dfer dem Flughafen (ab der vereinbarten Abholzeit)<\/li>\n<li>F\u00fcr die Abholung vom Flughafen (nur mit Angabe der Flugnummer): 60 Minuten, beginnend mit der Abholzeit. Nach einer Stunde freier Wartezeit betragen die Kosten f\u00fcr jede weitere angefangene Stunde max. 70,00 \u20ac\/ USD\/ GBP, sofern der Fahrer noch verf\u00fcgbar ist. Der Fahrer hat das Recht, vor Ort zu entscheiden, ob der Aufpreis geringer ausf\u00e4llt. Der Aufpreis ist direkt vor Ort in bar an den Fahrer zu zahlen.<\/li>\n<\/ul>\n<p><strong>WENN DER FLUG\/ZUG GESTRICHEN WIRD<\/strong><\/p>\n<p>Falls Ihr Flug storniert wird und die Reservierung nicht mehr stornierbar ist, wird die Fahrt als NO-SHOW betrachtet und in voller H\u00f6he berechnet.<\/p>\n<p>Eine Verschiebung Ihrer Buchung ist nur m\u00f6glich, wenn der Fahrer, der sie angenommen hat, damit einverstanden ist. Jede Erg\u00e4nzung muss direkt mit ihm vereinbart werden. In jedem Fall, weder LAX TRANSFER noch der Fahrer ist verpflichtet, eine alternative L\u00f6sung zu bieten, kann er die Quittung von seinem Konto herunterladen, um eine Erstattung von wer auch immer den Flug Verlust verursacht zu verlangen.<\/p>\n<p><strong>IM FALLE EINER NEUEN ANKUNFTSZEIT (FLUG VERLOREN, VON DER FLUGGESELLSCHAFT NEU ZUGEWIESEN ODER AUF EINEN ANDEREN FLUGHAFEN UMGELEITET) UND IN ALLEN ANDEREN F\u00c4LLEN<\/strong><\/p>\n<p>Falls Sie Ihren Flug verpassen, dieser von der Fluggesellschaft umdisponiert oder zu einem anderen Flughafen umgeleitet wird, kann die Reservierung nicht mehr storniert werden, die Fahrt wird als NO-SHOW betrachtet und in voller H\u00f6he berechnet.<\/p>\n<p>Eine Verschiebung Ihrer Buchung ist nur m\u00f6glich, wenn der Fahrer, der sie angenommen hat, damit einverstanden ist. Jede Erg\u00e4nzung muss direkt mit ihm vereinbart werden. In jedem Fall, weder LAX TRANSFER noch der Fahrer ist verpflichtet, eine alternative L\u00f6sung zu bieten, kann er die Quittung von seinem Konto herunterladen, um eine Erstattung von wer auch immer den Flug Verlust verursacht zu verlangen.<\/p>\n<p><strong>\u00a0TREFFPUNKT MIT DEM FAHRER F\u00dcR DIE ABHOLUNG VOM FLUGHAFEN<\/strong><\/p>\n<p>(nur mit Angabe der Flugnummer)<\/p>\n<p>Nach der Gep\u00e4ckausgabe am Ausgang, der der angegebenen Flugnummer zugeordnet ist (vorausgesetzt, der Kunde hat die Flugnummer bei der Buchung angegeben), sofern von LAX TRANSFER nichts anderes mitgeteilt wird. Der Fahrer h\u00e4lt ein Schild mit dem Namen des Passagiers in der Hand. Wenden Sie sich an den Fahrer oder an den Service von LAX TRANSFER, wenn Sie den Fahrer nicht finden.<\/p>\n<p>&nbsp;<\/p>\n<p><strong> MILES\/<\/strong><strong>KILOMETER INKLUSIVE<\/strong><\/p>\n<p><strong>Buchung eines Transfers:<\/strong><\/p>\n<ul>\n<li>Alle Meilen\/Kilometer, die f\u00fcr den gebuchten Transfer ben\u00f6tigt werden<\/li>\n<\/ul>\n<p>&nbsp;<\/p>\n<p><strong>\u00a0WEITERE KOSTEN<\/strong><\/p>\n<p>Die normalen Mautgeb\u00fchren f\u00fcr Autobahnen sind darin enthalten.<\/p>\n<p>Wenn Sie einen Transfer ohne die Angabe einer genauen Adresse buchen, z.B. wenn Sie nur einen Ort oder eine Postleitzahl angeben, hat der Fahrer das Recht, einen Aufpreis f\u00fcr weitere Kilometer zu verlangen.<\/p>\n<p>&nbsp;<\/p>\n<p><strong>\u00a0<\/strong><strong>NICHTDURCHF\u00dcHRUNG DER REISE<\/strong><\/p>\n<p><strong>PASSAGIER NICHT ANWESEND (No-Show)<\/strong><\/p>\n<p>Erscheint der Fahrgast nach der vereinbarten Abholzeit nicht innerhalb der kostenlosen Wartezeit am vereinbarten Abholort, ohne die Buchung storniert zu haben, und ist er unter der in der Buchung angegebenen Telefonnummer nicht zu erreichen, gilt dies als No-Show . In diesem Fall wird die Fahrt mit 100% in Rechnung gestellt.<\/p>\n<p><strong>DER FAHRER PR\u00c4SENTIERT NICHT<\/strong><\/p>\n<p><strong>Wenn der Fahrer nicht erreichbar ist, wenden Sie sich sofort an die <\/strong><strong>LAX TRANSFER<\/strong><strong> Support-Hotline <\/strong><strong>+1(747)755-7655 <\/strong><strong>eine alternative Transferl\u00f6sung zu finden<\/strong><\/p>\n<p><strong>PERSONENBEF\u00d6RDERUNG<\/strong><\/p>\n<p>Entscheidet sich der Fahrgast, die Fahrt abzubrechen, weil der Fahrer Sonderleistungen (z.B. Bef\u00f6rderung von Kindern, Tieren, sperrigem Gep\u00e4ck), die der Verkehrsdienstleister nicht vorher akzeptiert hat, nicht durchf\u00fchren kann, so ist der vereinbarte Reisepreis unter Abzug der ersparten Aufwendungen zu zahlen.<\/p>\n<p><strong>DER FAHRER LEHNT DIE FAHRT AB<\/strong><\/p>\n<p>Der Fahrer kann die Fahrt verweigern, wenn der Fahrgast sich nicht an die Verhaltensregeln im Fahrzeug h\u00e4lt oder wenn er vermutet, dass die Person, die die Buchung vorgenommen hat, oder der Fahrgast einer illegalen Organisation angeh\u00f6rt oder die Dienste illegal oder zu illegalen Zwecken nutzt.<\/p>\n<p>&nbsp;<\/p>\n<p><strong>\u00a0<\/strong><strong>STUNDENSERVICE (STUNDENWEISE)<\/strong><\/p>\n<p>F\u00fcr jede reservierte Stunde wird eine Fahrtstrecke von 20 Kilometern (12 Meilen) mit dem gebuchten Fahrzeug angerechnet. Vom Beginn der gew\u00e4hlten Abholzeit bis zum Ende des Zeitplans oder des Fluges steht Ihnen der f\u00fcr die Durchf\u00fchrung des Dienstes verantwortliche Fahrer f\u00fcr eine Transferanfrage, die in den festgelegten Kilometerstand f\u00e4llt, vollst\u00e4ndig zur Verf\u00fcgung.<br \/>\nDas Hinzuf\u00fcgen zus\u00e4tzlicher Stunden zu Ihrem Transferservice und das \u00dcberschreiten der in der Stundenbuchung enthaltenen Strecke kann zu zus\u00e4tzlichen Kosten f\u00fchren, f\u00fcr die die \u00fcblichen Bedingungen gelten.<\/p>\n<p>&nbsp;<\/p>\n<p><strong>\u00a0<\/strong><strong>ALLGEMEINE INFORMATIONEN<\/strong><\/p>\n<p><strong>BUCHUNG DER FAHRZEUGKLASSE<\/strong><\/p>\n<p>Die auf der Plattform gezeigten Fahrzeugabbildungen sind lediglich ein Anhaltspunkt f\u00fcr die gew\u00fcnschte Fahrzeugklasse. Ein Upgrade des Fahrzeugs auf ein Fahrzeug einer h\u00f6heren Klasse oder mit gr\u00f6\u00dferer Kapazit\u00e4t kann ohne zus\u00e4tzliche Kosten f\u00fcr den Nutzer m\u00f6glich sein.Dienste, die ein TAX beinhalten, k\u00f6nnen alternativ mit einem SUV mit gleicher Kapazit\u00e4t durchgef\u00fchrt werden und umgekehrt.Falls die gew\u00e4hlte Fahrzeugklasse einen 12- oder 16-sitzigen MiniBus beinhaltet, kann der Dienst mit zwei oder mehr Vans\/SUVs durchgef\u00fchrt werden, die die notwendige Kapazit\u00e4t haben, um die Fahrt zu garantieren.Es k\u00f6nnen keine Anfragen f\u00fcr bestimmte Fahrzeugmodelle oder Farben garantiert werden, da die Fahrzeuge der Verf\u00fcgbarkeit unterliegen.<\/p>\n<p><strong>VERHALTENSREGELN INNERHALB DES FAHRZEUGS<\/strong><\/p>\n<p>Die folgenden Verhaltensregeln gelten f\u00fcr jede Reise:<\/p>\n<ul>\n<li>Striktes Rauchverbot im Inneren des Fahrzeugs<\/li>\n<li>Benutzung der Sicherheitsgurte<\/li>\n<li>Fahrzeugpflege<\/li>\n<\/ul>\n<p>Bei Nichteinhaltung dieser Regeln und bei unangemessenem Verhalten, wie Vandalismus und Handlungen, die den Fahrer verunsichern oder ihm Unbehagen bereiten, sind die gesamten vereinbarten Kosten abz\u00fcglich der ersparten Aufwendungen zu zahlen. Dar\u00fcber hinaus kann der Dienstleister vom Nutzer oder Fahrgast eine Entsch\u00e4digung f\u00fcr die notwendige Reparatur von Fahrzeugsch\u00e4den oder f\u00fcr die Beseitigung von \u00fcberm\u00e4\u00dfiger Verschmutzung des Fahrzeugs, die vom Fahrgast verursacht oder mitgebracht wurde, verlangen.<\/p>\n<p><strong>TRANSPORT VON KINDERN<\/strong><\/p>\n<p>Babyschale\/Kindersitz<\/p>\n<p>Wenn Sie einen Sitz f\u00fcr Babys oder Kinder w\u00fcnschen, w\u00e4hlen Sie die Anzahl der ben\u00f6tigten Kindersitze im Abschnitt EXTRA auf der Seite BUCHEN aus.<\/p>\n<p><strong>GEP\u00c4CK<\/strong><\/p>\n<p>Die Freigep\u00e4ckmenge pro Buchungsklasse ist auf der Seite REISETYP angegeben. Wenn Sie mit \u00dcbergep\u00e4ck reisen, f\u00fcgen Sie einen Kommentar im Abschnitt ANMERKUNGEN AN DEN FAHRER im Abschnitt EXTRA auf der Buchungsseite hinzu. LAX TRANSFER garantiert nicht, dass unsere Dienstleister mehr Gep\u00e4ck als die angegebene Freigep\u00e4ckmenge annehmen. LAX TRANSFER teilt dem Kunden die Daten des der Buchung zugeordneten Dienstleisters mit, so dass der Kunde diese Reisevorbereitungen direkt mit uns treffen kann. Alternativ k\u00f6nnen Sie sich auch an den Support wenden.<\/p>\n<p>Bei Anfragen, die \u00fcber die von LAX TRANSFER angebotenen Standardleistungen hinausgehen, ist eine Verf\u00fcgbarkeitspr\u00fcfung erforderlich, die nur dann durchgef\u00fchrt wird, wenn Sie sich zum Zeitpunkt der Buchungsanfrage direkt an den Dienstleister wenden. Unsere Standard-Stornierungsbedingungen gelten f\u00fcr den Fall, dass keine Verf\u00fcgbarkeitspr\u00fcfung durchgef\u00fchrt wurde und unser Dienstleister daher nicht in der Lage war, die Fahrt durchzuf\u00fchren.<\/p>\n<p>&nbsp;<\/p>","protected":false},"excerpt":{"rendered":"<p>\u00dcbersicht Bis zu 24 Stunden vor der Abholung Die Stornierung ist kostenlos, wenn mehr als 24 Stunden vor der vereinbarten Abholzeit verbleiben.<\/p>","protected":false},"author":1,"featured_media":0,"parent":0,"menu_order":0,"comment_status":"closed","ping_status":"closed","template":"","meta":{"footnotes":""},"class_list":["post-12511","page","type-page","status-publish"],"_links":{"self":[{"href":"https:\/\/lax-transfer.com\/de\/wp-json\/wp\/v2\/pages\/12511","targetHints":{"allow":["GET"]}}],"collection":[{"href":"https:\/\/lax-transfer.com\/de\/wp-json\/wp\/v2\/pages"}],"about":[{"href":"https:\/\/lax-transfer.com\/de\/wp-json\/wp\/v2\/types\/page"}],"author":[{"embeddable":true,"href":"https:\/\/lax-transfer.com\/de\/wp-json\/wp\/v2\/users\/1"}],"replies":[{"embeddable":true,"href":"https:\/\/lax-transfer.com\/de\/wp-json\/wp\/v2\/comments?post=12511"}],"version-history":[{"count":8,"href":"https:\/\/lax-transfer.com\/de\/wp-json\/wp\/v2\/pages\/12511\/revisions"}],"predecessor-version":[{"id":12527,"href":"https:\/\/lax-transfer.com\/de\/wp-json\/wp\/v2\/pages\/12511\/revisions\/12527"}],"wp:attachment":[{"href":"https:\/\/lax-transfer.com\/de\/wp-json\/wp\/v2\/media?parent=12511"}],"curies":[{"name":"wp","href":"https:\/\/api.w.org\/{rel}","templated":true}]}}