{"id":12848,"date":"2024-11-13T07:47:47","date_gmt":"2024-11-13T15:47:47","guid":{"rendered":"https:\/\/lax-transfer.com\/?page_id=12848"},"modified":"2024-11-15T22:15:06","modified_gmt":"2024-11-16T06:15:06","slug":"privacy-policy-for-lax-transfer","status":"publish","type":"page","link":"https:\/\/lax-transfer.com\/de\/datenschutzbestimmungen-fur-lax-transfer\/","title":{"rendered":"Datenschutzrichtlinie f\u00fcr LAX Transfer"},"content":{"rendered":"<div data-test-render-count=\"5\">\n<div class=\"group relative pt-3.5 pb-[1.125rem] px-4 relative rounded-2xl -tracking-[0.015em] bg-[linear-gradient(to_bottom,_hsla(var(--bg-000)\/0.75)_0%,_hsla(var(--bg-000)_\/_0)_90%)] before:absolute before:inset-0 before:bg-[radial-gradient(ellipse_at_left_top,_hsla(var(--bg-000)\/0.5)_0%,_hsla(var(--bg-000)\/0.3)_60%)] before:rounded-2xl before:border-[0.5px] before:border-[hsla(var(--border-100)\/0.15)] before:shadow-[0_4px_24px_rgba(0,0,0,0.015)] before:[transition:opacity_150ms_ease-out,_transform_250ms_cubic-bezier(0.695,0.555,0.655,1.650)] before:z-0 before:data-[is-streaming=&quot;true&quot;]:opacity-0 before:data-[is-streaming=&quot;true&quot;]:scale-[0.995] before:data-[is-streaming=&quot;false&quot;]:pointer-events-none\" data-is-streaming=\"false\">\n<div class=\"font-claude-message pr-4 md:pr-9 relative leading-[1.65rem] [&amp;_pre&gt;div]:bg-bg-300 [&amp;_.ignore-pre-bg&gt;div]:bg-transparent [&amp;_pre]:-mr-4 md:[&amp;_pre]:-mr-9\">\n<div>\n<div class=\"grid-cols-1 grid gap-2.5 [&amp;_&gt;_*]:min-w-0\">\n<p class=\"whitespace-pre-wrap break-words\">Datenschutzbestimmungen<\/p>\n<p class=\"whitespace-pre-wrap break-words\">Zuletzt aktualisiert: 11\/13\/2024<\/p>\n<p class=\"whitespace-pre-wrap break-words\">Willkommen bei GMG Transportation LLC. Wir verpflichten uns, Ihre Privatsph\u00e4re zu sch\u00fctzen und die Sicherheit Ihrer pers\u00f6nlichen Daten zu gew\u00e4hrleisten. In dieser Datenschutzerkl\u00e4rung wird erl\u00e4utert, wie wir Ihre Daten erfassen, verwenden, weitergeben und sch\u00fctzen, wenn Sie unsere Dienstleistungen in Anspruch nehmen.<\/p>\n<ol class=\"-mt-1 [li&gt;&amp;]:mt-2 list-decimal space-y-2 pl-8\">\n<li class=\"whitespace-normal break-words\">Gesammelte Informationen<\/li>\n<\/ol>\n<p class=\"whitespace-pre-wrap break-words\">1.1 Pers\u00f6nliche Informationen:<\/p>\n<ul class=\"-mt-1 [li&gt;&amp;]:mt-2 list-disc space-y-2 pl-8\">\n<li class=\"whitespace-normal break-words\">Name und Kontaktinformationen<\/li>\n<li class=\"whitespace-normal break-words\">E-Mail Adresse<\/li>\n<li class=\"whitespace-normal break-words\">Rufnummer<\/li>\n<li class=\"whitespace-normal break-words\">Informationen zur Rechnungsstellung und Zahlung<\/li>\n<li class=\"whitespace-normal break-words\">Details zum Flug<\/li>\n<li class=\"whitespace-normal break-words\">Abhol- und Abgabestellen<\/li>\n<li class=\"whitespace-normal break-words\">Besondere W\u00fcnsche oder Vorlieben<\/li>\n<\/ul>\n<p class=\"whitespace-pre-wrap break-words\">1.2 Technische Informationen:<\/p>\n<ul class=\"-mt-1 [li&gt;&amp;]:mt-2 list-disc space-y-2 pl-8\">\n<li class=\"whitespace-normal break-words\">IP-Adresse<\/li>\n<li class=\"whitespace-normal break-words\">Browser-Typ<\/li>\n<li class=\"whitespace-normal break-words\">Informationen zum Ger\u00e4t<\/li>\n<li class=\"whitespace-normal break-words\">Verwendungsdaten<\/li>\n<li class=\"whitespace-normal break-words\">Cookies und Tracking-Technologien<\/li>\n<\/ul>\n<ol class=\"-mt-1 [li&gt;&amp;]:mt-2 list-decimal space-y-2 pl-8\" start=\"2\">\n<li class=\"whitespace-normal break-words\">Wie wir Ihre Informationen verwenden<\/li>\n<\/ol>\n<p class=\"whitespace-pre-wrap break-words\">Wir verwenden Ihre pers\u00f6nlichen Daten, um:<\/p>\n<ul class=\"-mt-1 [li&gt;&amp;]:mt-2 list-disc space-y-2 pl-8\">\n<li class=\"whitespace-normal break-words\">Bearbeitung und Best\u00e4tigung Ihrer Buchungen<\/li>\n<li class=\"whitespace-normal break-words\">Bereitstellung von Transportdienstleistungen<\/li>\n<li class=\"whitespace-normal break-words\">Kommunizieren Sie \u00fcber Ihre \u00dcberweisungen<\/li>\n<li class=\"whitespace-normal break-words\">Buchungsbest\u00e4tigungen und Aktualisierungen senden<\/li>\n<li class=\"whitespace-normal break-words\">Zahlungen verarbeiten<\/li>\n<li class=\"whitespace-normal break-words\">Verbesserung unserer Dienstleistungen<\/li>\n<li class=\"whitespace-normal break-words\">Beantwortung von Kundendienstanfragen<\/li>\n<li class=\"whitespace-normal break-words\">Zusendung von Werbeangeboten (mit Ihrer Zustimmung)<\/li>\n<li class=\"whitespace-normal break-words\">Einhaltung der rechtlichen Verpflichtungen<\/li>\n<\/ul>\n<ol class=\"-mt-1 [li&gt;&amp;]:mt-2 list-decimal space-y-2 pl-8\" start=\"3\">\n<li class=\"whitespace-normal break-words\">Gemeinsame Nutzung von Informationen<\/li>\n<\/ol>\n<p class=\"whitespace-pre-wrap break-words\">Wir k\u00f6nnen Ihre Informationen weitergeben an:<\/p>\n<ul class=\"-mt-1 [li&gt;&amp;]:mt-2 list-disc space-y-2 pl-8\">\n<li class=\"whitespace-normal break-words\">Unsere Fahrer und Dienstleister<\/li>\n<li class=\"whitespace-normal break-words\">Zahlungsabwickler<\/li>\n<li class=\"whitespace-normal break-words\">Drittanbieter von Dienstleistungen, die uns bei unseren T\u00e4tigkeiten unterst\u00fctzen<\/li>\n<li class=\"whitespace-normal break-words\">Rechtliche Beh\u00f6rden, wenn dies gesetzlich vorgeschrieben ist<\/li>\n<li class=\"whitespace-normal break-words\">Gesch\u00e4ftspartner mit Ihrer Zustimmung<\/li>\n<\/ul>\n<p class=\"whitespace-pre-wrap break-words\">Wir verkaufen Ihre pers\u00f6nlichen Daten nicht an Dritte.<\/p>\n<ol class=\"-mt-1 [li&gt;&amp;]:mt-2 list-decimal space-y-2 pl-8\" start=\"4\">\n<li class=\"whitespace-normal break-words\">Datensicherheit<\/li>\n<\/ol>\n<p class=\"whitespace-pre-wrap break-words\">Wir ergreifen angemessene Sicherheitsma\u00dfnahmen zum Schutz Ihrer Daten, einschlie\u00dflich:<\/p>\n<ul class=\"-mt-1 [li&gt;&amp;]:mt-2 list-disc space-y-2 pl-8\">\n<li class=\"whitespace-normal break-words\">Verschl\u00fcsselung von sensiblen Daten<\/li>\n<li class=\"whitespace-normal break-words\">Sichere Server<\/li>\n<li class=\"whitespace-normal break-words\">Regelm\u00e4\u00dfige Sicherheitsbewertungen<\/li>\n<li class=\"whitespace-normal break-words\">Mitarbeiterschulung zum Thema Datenschutz<\/li>\n<li class=\"whitespace-normal break-words\">Zugangskontrollen und Authentifizierungsma\u00dfnahmen<\/li>\n<\/ul>\n<ol class=\"-mt-1 [li&gt;&amp;]:mt-2 list-decimal space-y-2 pl-8\" start=\"5\">\n<li class=\"whitespace-normal break-words\">Ihre Rechte<\/li>\n<\/ol>\n<p class=\"whitespace-pre-wrap break-words\">Sie haben das Recht dazu:<\/p>\n<ul class=\"-mt-1 [li&gt;&amp;]:mt-2 list-disc space-y-2 pl-8\">\n<li class=\"whitespace-normal break-words\">Zugang zu Ihren pers\u00f6nlichen Informationen<\/li>\n<li class=\"whitespace-normal break-words\">Richtigstellung ungenauer Informationen<\/li>\n<li class=\"whitespace-normal break-words\">Beantragen Sie die L\u00f6schung Ihrer Daten<\/li>\n<li class=\"whitespace-normal break-words\">Abmeldung von Marketingmitteilungen<\/li>\n<li class=\"whitespace-normal break-words\">Zustimmung zur\u00fcckziehen<\/li>\n<li class=\"whitespace-normal break-words\">Antrag auf Daten\u00fcbertragbarkeit<\/li>\n<li class=\"whitespace-normal break-words\">Einreichen einer Beschwerde bei den Aufsichtsbeh\u00f6rden<\/li>\n<\/ul>\n<ol class=\"-mt-1 [li&gt;&amp;]:mt-2 list-decimal space-y-2 pl-8\" start=\"6\">\n<li class=\"whitespace-normal break-words\">Cookies<\/li>\n<\/ol>\n<p class=\"whitespace-pre-wrap break-words\">Wir verwenden Cookies um:<\/p>\n<ul class=\"-mt-1 [li&gt;&amp;]:mt-2 list-disc space-y-2 pl-8\">\n<li class=\"whitespace-normal break-words\">Verbesserung der Funktionalit\u00e4t der Website<\/li>\n<li class=\"whitespace-normal break-words\">Analysieren Sie den Website-Verkehr<\/li>\n<li class=\"whitespace-normal break-words\">Merken Sie sich Ihre Vorlieben<\/li>\n<li class=\"whitespace-normal break-words\">Personalisierte Inhalte bereitstellen<\/li>\n<li class=\"whitespace-normal break-words\">Erm\u00f6glichen Sie sichere Transaktionen<\/li>\n<\/ul>\n<p class=\"whitespace-pre-wrap break-words\">Sie k\u00f6nnen die Cookie-Einstellungen \u00fcber Ihre Browser-Einstellungen steuern.<\/p>\n<ol class=\"-mt-1 [li&gt;&amp;]:mt-2 list-decimal space-y-2 pl-8\" start=\"7\">\n<li class=\"whitespace-normal break-words\">Datenschutz f\u00fcr Kinder<\/li>\n<\/ol>\n<p class=\"whitespace-pre-wrap break-words\">Wir sammeln nicht wissentlich Daten von Kindern unter 13 Jahren. Wenn wir feststellen, dass wir solche Informationen gesammelt haben, werden wir sie sofort l\u00f6schen.<\/p>\n<ol class=\"-mt-1 [li&gt;&amp;]:mt-2 list-decimal space-y-2 pl-8\" start=\"8\">\n<li class=\"whitespace-normal break-words\">Internationale Daten\u00fcbertragungen<\/li>\n<\/ol>\n<p class=\"whitespace-pre-wrap break-words\">Wenn wir Ihre Daten international \u00fcbermitteln, stellen wir sicher, dass angemessene Sicherheitsvorkehrungen getroffen werden, um Ihre Informationen zu sch\u00fctzen.<\/p>\n<ol class=\"-mt-1 [li&gt;&amp;]:mt-2 list-decimal space-y-2 pl-8\" start=\"9\">\n<li class=\"whitespace-normal break-words\">Marketing-Kommunikation<\/li>\n<\/ol>\n<p class=\"whitespace-pre-wrap break-words\">Wir k\u00f6nnen Ihnen mit Ihrer Zustimmung Marketingmitteilungen schicken. Sie k\u00f6nnen sich jederzeit abmelden, indem Sie:<\/p>\n<ul class=\"-mt-1 [li&gt;&amp;]:mt-2 list-disc space-y-2 pl-8\">\n<li class=\"whitespace-normal break-words\">Anklicken des Abmeldelinks in unseren E-Mails<\/li>\n<li class=\"whitespace-normal break-words\">Kontaktaufnahme mit unserem Kundendienst<\/li>\n<li class=\"whitespace-normal break-words\">Aktualisieren Ihrer Einstellungen in Ihrem Konto<\/li>\n<\/ul>\n<ol class=\"-mt-1 [li&gt;&amp;]:mt-2 list-decimal space-y-2 pl-8\" start=\"10\">\n<li class=\"whitespace-normal break-words\">\u00c4nderungen der Datenschutzrichtlinie<\/li>\n<\/ol>\n<p class=\"whitespace-pre-wrap break-words\">Wir k\u00f6nnen diese Datenschutzrichtlinie regelm\u00e4\u00dfig aktualisieren. Wir werden Sie \u00fcber wesentliche \u00c4nderungen informieren:<\/p>\n<ul class=\"-mt-1 [li&gt;&amp;]:mt-2 list-disc space-y-2 pl-8\">\n<li class=\"whitespace-normal break-words\">Ver\u00f6ffentlichung von Aktualisierungen auf unserer Website<\/li>\n<li class=\"whitespace-normal break-words\">Versenden von E-Mail-Benachrichtigungen<\/li>\n<li class=\"whitespace-normal break-words\">In-App-Benachrichtigungen<\/li>\n<\/ul>\n<ol class=\"-mt-1 [li&gt;&amp;]:mt-2 list-decimal space-y-2 pl-8\" start=\"11\">\n<li class=\"whitespace-normal break-words\">Aufbewahrung von Daten<\/li>\n<\/ol>\n<p class=\"whitespace-pre-wrap break-words\">Wir bewahren Ihre Daten so lange auf, wie es notwendig ist, um:<\/p>\n<ul class=\"-mt-1 [li&gt;&amp;]:mt-2 list-disc space-y-2 pl-8\">\n<li class=\"whitespace-normal break-words\">Erbringung unserer Dienstleistungen<\/li>\n<li class=\"whitespace-normal break-words\">Einhaltung der rechtlichen Verpflichtungen<\/li>\n<li class=\"whitespace-normal break-words\">Beilegung von Streitigkeiten<\/li>\n<li class=\"whitespace-normal break-words\">Vereinbarungen durchsetzen<\/li>\n<\/ul>\n<ol class=\"-mt-1 [li&gt;&amp;]:mt-2 list-decimal space-y-2 pl-8\" start=\"12\">\n<li class=\"whitespace-normal break-words\">Links von Drittanbietern<\/li>\n<\/ol>\n<p class=\"whitespace-pre-wrap break-words\">Unsere Website kann Links zu Websites Dritter enthalten. Wir sind nicht verantwortlich f\u00fcr deren Datenschutzpraktiken.<\/p>\n<ol class=\"-mt-1 [li&gt;&amp;]:mt-2 list-decimal space-y-2 pl-8\" start=\"13\">\n<li class=\"whitespace-normal break-words\">Mobile App Datenschutz<\/li>\n<\/ol>\n<p class=\"whitespace-pre-wrap break-words\">Bei der Nutzung unserer mobilen App k\u00f6nnen wir zus\u00e4tzliche Informationen erfassen, wie z. B.:<\/p>\n<ul class=\"-mt-1 [li&gt;&amp;]:mt-2 list-disc space-y-2 pl-8\">\n<li class=\"whitespace-normal break-words\">Standortdaten<\/li>\n<li class=\"whitespace-normal break-words\">Ger\u00e4teberechtigungen<\/li>\n<li class=\"whitespace-normal break-words\">App-Nutzungsstatistiken<\/li>\n<\/ul>\n<ol class=\"-mt-1 [li&gt;&amp;]:mt-2 list-decimal space-y-2 pl-8\" start=\"14\">\n<li class=\"whitespace-normal break-words\">Kontakt<\/li>\n<\/ol>\n<p class=\"whitespace-pre-wrap break-words\">Wenn Sie Fragen oder Bedenken zum Datenschutz haben, wenden Sie sich bitte an uns:<\/p>\n<p class=\"whitespace-pre-wrap break-words\">GMG Transportation LLC E-Mail: [<a href=\"mailto:privacy@laxtransfer.com\">privacy@laxtransfer.com<\/a>] Telefon:<\/p>\n<ol class=\"-mt-1 [li&gt;&amp;]:mt-2 list-decimal space-y-2 pl-8\" start=\"15\">\n<li class=\"whitespace-normal break-words\">Kalifornische Datenschutzrechte<\/li>\n<\/ol>\n<p class=\"whitespace-pre-wrap break-words\">In Kalifornien ans\u00e4ssige Personen haben nach dem California Consumer Privacy Act (CCPA) zus\u00e4tzliche Datenschutzrechte.<\/p>\n<ol class=\"-mt-1 [li&gt;&amp;]:mt-2 list-decimal space-y-2 pl-8\" start=\"16\">\n<li class=\"whitespace-normal break-words\">Europ\u00e4ische Datenschutzrechte<\/li>\n<\/ol>\n<p class=\"whitespace-pre-wrap break-words\">In der EU ans\u00e4ssige Personen haben gem\u00e4\u00df der Allgemeinen Datenschutzverordnung (DSGVO) besondere Rechte.<\/p>\n<ol class=\"-mt-1 [li&gt;&amp;]:mt-2 list-decimal space-y-2 pl-8\" start=\"17\">\n<li class=\"whitespace-normal break-words\">Zustimmung<\/li>\n<\/ol>\n<p class=\"whitespace-pre-wrap break-words\">Durch die Nutzung unserer Dienste erkl\u00e4ren Sie sich mit dieser Datenschutzrichtlinie einverstanden. Sie k\u00f6nnen Ihre Zustimmung jederzeit widerrufen, indem Sie sich mit uns in Verbindung setzen.<\/p>\n<ol class=\"-mt-1 [li&gt;&amp;]:mt-2 list-decimal space-y-2 pl-8\" start=\"18\">\n<li class=\"whitespace-normal break-words\">Geltendes Recht<\/li>\n<\/ol>\n<p class=\"whitespace-pre-wrap break-words\">Diese Datenschutzrichtlinie unterliegt den Gesetzen von [Gerichtsbarkeit].<\/p>\n<ol class=\"-mt-1 [li&gt;&amp;]:mt-2 list-decimal space-y-2 pl-8\" start=\"19\">\n<li class=\"whitespace-normal break-words\">Streitbeilegung<\/li>\n<\/ol>\n<p class=\"whitespace-pre-wrap break-words\">Etwaige Streitigkeiten im Zusammenhang mit dem Schutz der Privatsph\u00e4re werden auf diesem Wege beigelegt:<\/p>\n<ul class=\"-mt-1 [li&gt;&amp;]:mt-2 list-disc space-y-2 pl-8\">\n<li class=\"whitespace-normal break-words\">Direkte Verhandlung<\/li>\n<li class=\"whitespace-normal break-words\">Mediation<\/li>\n<li class=\"whitespace-normal break-words\">Schlichtung, falls erforderlich<\/li>\n<\/ul>\n<ol class=\"-mt-1 [li&gt;&amp;]:mt-2 list-decimal space-y-2 pl-8\" start=\"20\">\n<li class=\"whitespace-normal break-words\">Danksagung<\/li>\n<\/ol>\n<p class=\"whitespace-pre-wrap break-words\">Durch die Nutzung der Dienstleistungen von GMG Transportation LLC best\u00e4tigen Sie, dass Sie diese Datenschutzrichtlinie gelesen und verstanden haben.<\/p>\n<p class=\"whitespace-pre-wrap break-words\">11\/13\/2024<\/p>\n<p class=\"whitespace-pre-wrap break-words\">.<\/p>\n<\/div>\n<\/div>\n<\/div>\n<div class=\"absolute -bottom-0 -right-1.5\">\n<div class=\"border-0.5 border-border-300 flex items-center translate-y-1\/2 rounded-lg shadow-sm transition scale-95 opacity-0 group-hover:scale-100 group-hover:opacity-100 bg-bg-000 p-1\">\n<div class=\"text-text-400 flex items-stretch justify-between gap-0.5\">\n<div class=\"flex gap-0.5\"><\/div>\n<\/div>\n<\/div>\n<\/div>\n<\/div>\n<\/div>\n<div data-test-render-count=\"2\">\n<div class=\"mb-1 mt-1\">\n<div class=\"group relative inline-flex gap-2 bg-gradient-to-b from-bg-300 from-50% to-bg-400 rounded-xl ml-px pl-2.5 py-2.5 break-words text-text-200 transition-all max-w-[75ch] flex-col shadow-[0_2px_16px_rgba(0,0,0,0.025)] pr-6\">\n<div class=\"flex flex-row gap-2\">\n<div class=\"shrink-0\">\n<div class=\"flex shrink-0 items-center justify-center rounded-full font-bold h-7 w-7 text-[12px] bg-accent-pro-100 text-oncolor-100\"><\/div>\n<\/div>\n<\/div>\n<\/div>\n<\/div>\n<\/div>","protected":false},"excerpt":{"rendered":"<p>Datenschutzbestimmungen Zuletzt aktualisiert: 13.11.2024 Willkommen bei GMG Transportation LLC. Wir verpflichten uns, Ihre Privatsph\u00e4re zu sch\u00fctzen und die Sicherheit Ihrer pers\u00f6nlichen Daten zu gew\u00e4hrleisten. Diese Datenschutzrichtlinie erkl\u00e4rt, wie...<\/p>","protected":false},"author":1,"featured_media":0,"parent":0,"menu_order":0,"comment_status":"closed","ping_status":"closed","template":"","meta":{"footnotes":""},"class_list":["post-12848","page","type-page","status-publish"],"_links":{"self":[{"href":"https:\/\/lax-transfer.com\/de\/wp-json\/wp\/v2\/pages\/12848","targetHints":{"allow":["GET"]}}],"collection":[{"href":"https:\/\/lax-transfer.com\/de\/wp-json\/wp\/v2\/pages"}],"about":[{"href":"https:\/\/lax-transfer.com\/de\/wp-json\/wp\/v2\/types\/page"}],"author":[{"embeddable":true,"href":"https:\/\/lax-transfer.com\/de\/wp-json\/wp\/v2\/users\/1"}],"replies":[{"embeddable":true,"href":"https:\/\/lax-transfer.com\/de\/wp-json\/wp\/v2\/comments?post=12848"}],"version-history":[{"count":2,"href":"https:\/\/lax-transfer.com\/de\/wp-json\/wp\/v2\/pages\/12848\/revisions"}],"predecessor-version":[{"id":12872,"href":"https:\/\/lax-transfer.com\/de\/wp-json\/wp\/v2\/pages\/12848\/revisions\/12872"}],"wp:attachment":[{"href":"https:\/\/lax-transfer.com\/de\/wp-json\/wp\/v2\/media?parent=12848"}],"curies":[{"name":"wp","href":"https:\/\/api.w.org\/{rel}","templated":true}]}}