{"id":13108,"date":"2025-03-02T22:33:03","date_gmt":"2025-03-03T06:33:03","guid":{"rendered":"https:\/\/lax-transfer.com\/?page_id=13108"},"modified":"2025-03-02T22:47:30","modified_gmt":"2025-03-03T06:47:30","slug":"los-angeles-airport-transfer","status":"publish","type":"page","link":"https:\/\/lax-transfer.com\/de\/los-angeles-flughafen-transfer\/","title":{"rendered":"Los Angeles Flughafen Transfer"},"content":{"rendered":"<div id=\"fws_69ff761725c48\"  data-column-margin=\"none\" data-midnight=\"dark\" data-top-percent=\"8%\" data-bottom-percent=\"8%\"  class=\"wpb_row vc_row-fluid vc_row full-width-section vc_row-o-equal-height vc_row-flex vc_row-o-content-middle  top_padding_tablet_8pct top_padding_phone_7pct bottom_padding_tablet_8pct bottom_padding_phone_7pct\"  style=\"padding-top: calc(100vw * 0.08); padding-bottom: calc(100vw * 0.08); \"><div class=\"row-bg-wrap\" data-bg-animation=\"none\" data-bg-animation-delay=\"\" data-bg-overlay=\"false\"><div class=\"inner-wrap row-bg-layer\" ><div class=\"row-bg viewport-desktop\"  style=\"\"><\/div><\/div><\/div><div class=\"row_col_wrap_12 col span_12 dark left\">\n\t<div  class=\"vc_col-sm-6 wpb_column column_container vc_column_container col bottom_margin_tablet_10pct right_padding_desktop_15pct right_padding_phone_0px\"  data-padding-pos=\"all\" data-has-bg-color=\"false\" data-bg-color=\"\" data-bg-opacity=\"1\" data-animation=\"\" data-delay=\"0\" >\n\t\t<div class=\"vc_column-inner\" >\n\t\t\t<div class=\"wpb_wrapper\">\n\t\t\t\t<div id=\"fws_69ff761725f22\" data-midnight=\"\" data-column-margin=\"none\" class=\"wpb_row vc_row-fluid vc_row inner_row  right_padding_10pct right_padding_tablet_5pct right_padding_phone_3pct\"  style=\"\"><div class=\"row-bg-wrap\"> <div class=\"row-bg\" ><\/div> <\/div><div class=\"row_col_wrap_12_inner col span_12  left\">\n\t<div  class=\"vc_col-sm-12 wpb_column column_container vc_column_container col child_column no-extra-padding el_spacing_0px inherit_tablet inherit_phone\"   data-padding-pos=\"all\" data-has-bg-color=\"false\" data-bg-color=\"\" data-bg-opacity=\"1\" data-animation=\"\" data-delay=\"0\" >\n\t\t<div class=\"vc_column-inner\" >\n\t\t<div class=\"wpb_wrapper\">\n\t\t\t<div class=\"nectar-responsive-text font_size_max_50px font_size_desktop_3vw font_size_tablet_4vw font_size_phone_6vw font_line_height_1-2 nectar-link-underline-effect\"><h1 data-pm-slice=\"1 1 &#091;&#093;\"><strong>Los Angeles Flughafentransfer - zuverl\u00e4ssiger und komfortabler Transport<\/strong><\/h1>\n<\/div><div class=\"divider-wrap\" data-alignment=\"default\"><div style=\"height: 20px;\" class=\"divider\"><\/div><\/div><div class=\"nectar-responsive-text font_size_min_16px font_size_max_20px font_size_desktop_1-1vw font_line_height_1-6 nectar-link-underline-effect\"><h2 data-pm-slice=\"1 1 &#091;&#093;\">Problemlose Flughafentransfers in Los Angeles<\/h2>\n<p>Sie kommen am Los Angeles International Airport (LAX) an und ben\u00f6tigen einen zuverl\u00e4ssigen Transfer zu Ihrem Zielort? Unser <strong>Los Angeles Flughafen Transfer Service<\/strong> sorgt f\u00fcr eine reibungslose, komfortable und stressfreie Reise. Ob Sie nun zu einem Hotel, einem Gesch\u00e4ftstreffen oder einer Sehensw\u00fcrdigkeit fahren, wir bieten <strong>Privattransfers, Luxuswagen und Gruppentransporte<\/strong> zugeschnitten auf Ihre Bed\u00fcrfnisse.<\/p>\n<\/div>\n\t\t<\/div> \n\t<\/div>\n\t<\/div> \n<\/div><\/div><div id=\"fws_69ff76172639e\" data-midnight=\"\" data-column-margin=\"default\" class=\"wpb_row vc_row-fluid vc_row inner_row  top_padding_tablet_5vw top_padding_phone_6vw\"  style=\"padding-top: 2vw; \"><div class=\"row-bg-wrap\"> <div class=\"row-bg\" ><\/div> <\/div><div class=\"row_col_wrap_12_inner col span_12  left\">\n\t<div  class=\"vc_col-sm-12 wpb_column column_container vc_column_container col child_column no-extra-padding column_element_direction_desktop_horizontal column_element_direction_tablet_horizontal column_element_direction_phone_horizontal el_spacing_20px inherit_tablet inherit_phone\"   data-padding-pos=\"all\" data-has-bg-color=\"false\" data-bg-color=\"\" data-bg-opacity=\"1\" data-animation=\"\" data-delay=\"0\" >\n\t\t<div class=\"vc_column-inner\" >\n\t\t<div class=\"wpb_wrapper\">\n\t\t\t<div class=\"nectar-cta  alignment_tablet_default alignment_phone_default display_tablet_inherit display_phone_inherit font_size_desktop_1-1vw font_size_tablet_14px\" data-color=\"accent-color\" data-using-bg=\"true\" data-style=\"text-reveal-wave\" data-display=\"inline\" data-alignment=\"left\" data-text-color=\"custom\" style=\"margin-right: 0.8em; \"><span style=\"color: #ffffff;\" class=\"nectar-button-type\"><span class=\"link_wrap\" style=\"padding-top: 0.8em; padding-right: 2.2em; padding-bottom: 0.8em; padding-left: 2.2em;\"><a  class=\"link_text\" role=\"button\" href=\"https:\/\/lax-transfer.com\/de\/\"><span class=\"text\"><span class=\"char\">B<\/span><span class=\"char\">O<\/span><span class=\"char\">O<\/span><span class=\"char\">K<\/span> <span class=\"char\">N<\/span><span class=\"char\">O<\/span><span class=\"char\">W<\/span><\/span><\/a><\/span><\/span><\/div>\n\t\t<\/div> \n\t<\/div>\n\t<\/div> \n<\/div><\/div>\n\t\t\t<\/div> \n\t\t<\/div>\n\t<\/div> \n\n\t<div style=\"\" class=\"vc_col-sm-6 wpb_column column_container vc_column_container col padding-5-percent column_position_relative el_spacing_0px inherit_tablet inherit_phone\" data-using-bg=\"true\" data-border-radius=\"20px\" data-padding-pos=\"left-right\" data-has-bg-color=\"true\" data-bg-color=\"#e3f3e2\" data-bg-opacity=\"1\" data-animation=\"\" data-delay=\"0\" >\n\t\t<div class=\"vc_column-inner\" ><div class=\"column-bg-overlay-wrap column-bg-layer\" data-bg-animation=\"none\"><div class=\"column-bg-overlay\" style=\"opacity: 1; background-color: #e3f3e2;\"><\/div><\/div>\n\t\t\t<div class=\"wpb_wrapper\">\n\t\t\t\t<div class=\"nectar-lottie-wrap multiply-blend nectar-waypoint-el nectar-fade-in width_desktop_100pct alignment_center\"><div class=\"nectar-lottie\" data-lottie-settings=\"{&quot;trigger_type&quot;:&quot;play&quot;,&quot;mobile_func&quot;:&quot;default&quot;,&quot;loop&quot;:&quot;true&quot;,&quot;trigger_offset&quot;:&quot;0.00,100.00&quot;,&quot;frame_constraint&quot;:&quot;0.00,100.00&quot;,&quot;speed&quot;:&quot;0.8&quot;,&quot;width_desktop&quot;:&quot;100%&quot;,&quot;alignment&quot;:&quot;center&quot;,&quot;preserve_aspect_ratio&quot;:&quot;xMidYMid meet&quot;,&quot;css_animation&quot;:&quot;fade-in&quot;,&quot;json_url&quot;:&quot;https:\\\/\\\/lax-transfer.com\\\/wp-content\\\/uploads\\\/2022\\\/12\\\/Animation-1740983698182.json&quot;,&quot;class_name&quot;:&quot;multiply-blend&quot;,&quot;box_shadow_method&quot;:&quot;filter&quot;}\"><\/div><\/div>\n\t\t\t<\/div> \n\t\t<\/div>\n\t<\/div> \n<\/div><\/div>\n\t\t<div id=\"fws_69ff76172680f\"  data-column-margin=\"default\" data-midnight=\"dark\"  class=\"wpb_row vc_row-fluid vc_row vc_row-o-equal-height vc_row-flex\"  style=\"padding-top: 0px; padding-bottom: 0px; \"><div class=\"row-bg-wrap\" data-bg-animation=\"none\" data-bg-animation-delay=\"\" data-bg-overlay=\"false\"><div class=\"inner-wrap row-bg-layer\" ><div class=\"row-bg viewport-desktop\"  style=\"\"><\/div><\/div><\/div><div class=\"row_col_wrap_12 col span_12 dark left\">\n\t<div style=\"margin-top: 0%; margin-bottom: 0%; \" class=\"vc_col-sm-6 wpb_column column_container vc_column_container col padding-2-percent inherit_tablet inherit_phone\"  data-padding-pos=\"all\" data-has-bg-color=\"false\" data-bg-color=\"\" data-bg-opacity=\"1\" data-animation=\"\" data-delay=\"0\" >\n\t\t<div class=\"vc_column-inner\" >\n\t\t\t<div class=\"wpb_wrapper\">\n\t\t\t\t<div class=\"nectar-lottie-wrap multiply-blend nectar-waypoint-el nectar-fade-in width_desktop_100pct alignment_center\"><div class=\"nectar-lottie\" data-lottie-settings=\"{&quot;trigger_type&quot;:&quot;play&quot;,&quot;mobile_func&quot;:&quot;default&quot;,&quot;loop&quot;:&quot;true&quot;,&quot;trigger_offset&quot;:&quot;0.00,100.00&quot;,&quot;frame_constraint&quot;:&quot;0.00,100.00&quot;,&quot;speed&quot;:&quot;0.8&quot;,&quot;width_desktop&quot;:&quot;100%&quot;,&quot;alignment&quot;:&quot;center&quot;,&quot;preserve_aspect_ratio&quot;:&quot;xMidYMid meet&quot;,&quot;css_animation&quot;:&quot;fade-in&quot;,&quot;json_url&quot;:&quot;https:\\\/\\\/lax-transfer.com\\\/wp-content\\\/uploads\\\/2022\\\/12\\\/Animation-1740983967992.json&quot;,&quot;class_name&quot;:&quot;multiply-blend&quot;,&quot;box_shadow_method&quot;:&quot;filter&quot;}\"><\/div><\/div>\n\t\t\t<\/div> \n\t\t<\/div>\n\t<\/div> \n\n\t<div  class=\"vc_col-sm-6 wpb_column column_container vc_column_container col padding-5-percent inherit_tablet inherit_phone\"  data-padding-pos=\"all\" data-has-bg-color=\"false\" data-bg-color=\"\" data-bg-opacity=\"1\" data-animation=\"\" data-delay=\"0\" >\n\t\t<div class=\"vc_column-inner\" >\n\t\t\t<div class=\"wpb_wrapper\">\n\t\t\t\t<div id=\"fws_69ff761726a13\" data-midnight=\"\" data-column-margin=\"none\" class=\"wpb_row vc_row-fluid vc_row inner_row  right_padding_10pct right_padding_tablet_5pct right_padding_phone_3pct\"  style=\"padding-top: 7%; padding-bottom: 7%; \"><div class=\"row-bg-wrap\"> <div class=\"row-bg\" ><\/div> <\/div><div class=\"row_col_wrap_12_inner col span_12  left\">\n\t<div  class=\"vc_col-sm-12 wpb_column column_container vc_column_container col child_column no-extra-padding el_spacing_0px inherit_tablet inherit_phone\"   data-padding-pos=\"all\" data-has-bg-color=\"false\" data-bg-color=\"\" data-bg-opacity=\"1\" data-animation=\"\" data-delay=\"0\" >\n\t\t<div class=\"vc_column-inner\" >\n\t\t<div class=\"wpb_wrapper\">\n\t\t\t<div class=\"nectar-responsive-text font_size_max_50px font_size_desktop_3vw font_size_tablet_4vw font_size_phone_6vw font_line_height_1-2 nectar-link-underline-effect\"><h2 data-pm-slice=\"1 1 &#091;&#093;\">Warum sollten Sie unseren LAX-Transferservice w\u00e4hlen?<\/h2>\n<\/div><div class=\"divider-wrap\" data-alignment=\"default\"><div style=\"height: 20px;\" class=\"divider\"><\/div><\/div><div class=\"nectar-responsive-text font_size_min_16px font_size_max_20px font_size_desktop_1-1vw font_line_height_1-6 nectar-link-underline-effect\"><p data-pm-slice=\"1 1 &#091;&#093;\">\u2705 <strong>Berufskraftfahrer<\/strong> - Erfahrene und zuvorkommende Chauffeure sorgen f\u00fcr eine sichere und reibungslose Fahrt.<br \/>\n\u2705 <strong>Breite Palette von Fahrzeugen<\/strong> - W\u00e4hlen Sie zwischen Limousinen, SUVs, Vans und Luxuswagen.<br \/>\n\u2705 <strong>Feste Preise - keine versteckten Geb\u00fchren<\/strong> - Transparente Preisgestaltung ohne \u00dcberraschungen.<br \/>\n\u2705 <strong>24\/7 Verf\u00fcgbarkeit<\/strong> - Zuverl\u00e4ssiger Service zu jeder Tages- und Nachtzeit.<br \/>\n\u2705 <strong>Abhol- und Bringdienst<\/strong> - Ein professioneller Fahrer wird Sie am Flughafen mit einem Schild empfangen.<br \/>\n\u2705 <strong>Einfach online buchen<\/strong> - Schnelles und sicheres Reservierungsverfahren.<\/p>\n<\/div>\n\t\t<\/div> \n\t<\/div>\n\t<\/div> \n<\/div><\/div><div id=\"fws_69ff761726d32\" data-midnight=\"\" data-column-margin=\"default\" class=\"wpb_row vc_row-fluid vc_row inner_row  top_padding_tablet_5vw top_padding_phone_6vw\"  style=\"padding-top: 2vw; \"><div class=\"row-bg-wrap\"> <div class=\"row-bg\" ><\/div> <\/div><div class=\"row_col_wrap_12_inner col span_12  left\">\n\t<div  class=\"vc_col-sm-12 wpb_column column_container vc_column_container col child_column no-extra-padding column_element_direction_desktop_horizontal column_element_direction_tablet_horizontal column_element_direction_phone_horizontal el_spacing_20px inherit_tablet inherit_phone\"   data-padding-pos=\"all\" data-has-bg-color=\"false\" data-bg-color=\"\" data-bg-opacity=\"1\" data-animation=\"\" data-delay=\"0\" >\n\t\t<div class=\"vc_column-inner\" >\n\t\t<div class=\"wpb_wrapper\">\n\t\t\t<div class=\"nectar-cta  alignment_tablet_default alignment_phone_default display_tablet_inherit display_phone_inherit font_size_desktop_1-1vw font_size_tablet_14px\" data-color=\"accent-color\" data-using-bg=\"true\" data-style=\"text-reveal-wave\" data-display=\"inline\" data-alignment=\"left\" data-text-color=\"custom\" style=\"margin-right: 0.8em; \"><span style=\"color: #ffffff;\" class=\"nectar-button-type\"><span class=\"link_wrap\" style=\"padding-top: 0.8em; padding-right: 2.2em; padding-bottom: 0.8em; padding-left: 2.2em;\"><a  class=\"link_text\" role=\"button\" href=\"https:\/\/lax-transfer.com\/de\/\"><span class=\"text\"><span class=\"char\">B<\/span><span class=\"char\">O<\/span><span class=\"char\">O<\/span><span class=\"char\">K<\/span> <span class=\"char\">N<\/span><span class=\"char\">O<\/span><span class=\"char\">W<\/span><\/span><\/a><\/span><\/span><\/div>\n\t\t<\/div> \n\t<\/div>\n\t<\/div> \n<\/div><\/div>\n\t\t\t<\/div> \n\t\t<\/div>\n\t<\/div> \n<\/div><\/div>\n\t\t<div id=\"fws_69ff761727009\"  data-column-margin=\"default\" data-midnight=\"dark\"  class=\"wpb_row vc_row-fluid vc_row\"  style=\"padding-top: 0px; padding-bottom: 0px; \"><div class=\"row-bg-wrap\" data-bg-animation=\"none\" data-bg-animation-delay=\"\" data-bg-overlay=\"false\"><div class=\"inner-wrap row-bg-layer\" ><div class=\"row-bg viewport-desktop\"  style=\"\"><\/div><\/div><\/div><div class=\"row_col_wrap_12 col span_12 dark left\">\n\t<div  class=\"vc_col-sm-12 wpb_column column_container vc_column_container col no-extra-padding inherit_tablet inherit_phone\"  data-padding-pos=\"all\" data-has-bg-color=\"false\" data-bg-color=\"\" data-bg-opacity=\"1\" data-animation=\"\" data-delay=\"0\" >\n\t\t<div class=\"vc_column-inner\" >\n\t\t\t<div class=\"wpb_wrapper\">\n\t\t\t\t\n<div class=\"wpb_text_column wpb_content_element\" >\n\t<div class=\"wpb_wrapper\">\n\t\t<h3 data-pm-slice=\"1 1 &#091;&#093;\">Unsere LAX-Transferoptionen<\/h3>\n<ul data-spread=\"false\">\n<li><strong>Privater Autotransfer<\/strong> - Eine direkte Fahrt ohne Zwischenstopp in einem komfortablen Fahrzeug.<\/li>\n<li><strong>Luxuri\u00f6ser Flughafentransfer<\/strong> - Reisen Sie stilvoll mit Premiumfahrzeugen wie Mercedes oder Cadillac.<\/li>\n<li><strong>Gruppen- und Familientransfers<\/strong> - Ger\u00e4umige Vans und Minibusse f\u00fcr gr\u00f6\u00dfere Gruppen.<\/li>\n<li><strong>Unternehmens\u00fcbertragungen<\/strong> - Executive Cars mit Wi-Fi f\u00fcr Gesch\u00e4ftsreisende.<\/li>\n<li><strong>Hotel &amp; Stadttransfers<\/strong> - Schnelle Fahrten nach Hollywood, Beverly Hills, Downtown LA, Disneyland und mehr.<\/li>\n<\/ul>\n<h3>So buchen Sie Ihren LAX-Transfer<\/h3>\n<ol start=\"1\" data-spread=\"false\">\n<li><strong>Geben Sie Ihre Details ein<\/strong> - Geben Sie Ihr Ankunftsdatum, die Uhrzeit und den Zielort an.<\/li>\n<li><strong>W\u00e4hlen Sie Ihr Fahrzeug<\/strong> - W\u00e4hlen Sie aus einer Vielzahl von Optionen, die Ihren Anforderungen entsprechen.<\/li>\n<li><strong>Best\u00e4tigen &amp; Bezahlen<\/strong> - Sichere Zahlung mit sofortiger Best\u00e4tigung.<\/li>\n<li><strong>Treffen Sie Ihren Fahrer<\/strong> - Genie\u00dfen Sie eine stressfreie Fahrt zu Ihrem Ziel.<\/li>\n<\/ol>\n<h3>Beliebte Ziele ab LAX<\/h3>\n<ul data-spread=\"false\">\n<li><strong>LAX zum Stadtzentrum von Los Angeles<\/strong> - Gesch\u00e4ftszentren und ber\u00fchmte Sehensw\u00fcrdigkeiten.<\/li>\n<li><strong>LAX nach Hollywood<\/strong> - Heimat der Unterhaltungsindustrie und des Walk of Fame.<\/li>\n<li><strong>LAX nach Santa Monica<\/strong> - Sch\u00f6ne Str\u00e4nde und Meerblick.<\/li>\n<li><strong>LAX nach Disneyland<\/strong> - Ein magisches Erlebnis f\u00fcr Familien und Kinder.<\/li>\n<li><strong>LAX nach Beverly Hills<\/strong> - Luxuri\u00f6se Einkaufsm\u00f6glichkeiten und ber\u00fchmte Sehensw\u00fcrdigkeiten.<\/li>\n<\/ul>\n<h3><a href=\"https:\/\/lax-transfer.com\/de\/\">Buchen Sie Ihr<\/a> Los Angeles Flughafentransfer heute!<\/h3>\n<p>Lassen Sie den Flughafentransport nicht zu einem Problem werden. W\u00e4hlen Sie unser <strong>LAX-Transferdienst<\/strong> f\u00fcr ein komfortables, p\u00fcnktliches und nahtloses Reiseerlebnis. <strong>Jetzt online buchen<\/strong> und genie\u00dfen Sie erstklassigen Transport in Los Angeles!<\/p>\n\t<\/div>\n<\/div>\n\n\n\n\n\t\t\t<\/div> \n\t\t<\/div>\n\t<\/div> \n<\/div><\/div>","protected":false},"excerpt":{"rendered":"Los Angeles Airport Transfer \u2013 Reliable &amp; Comfortable Transportation Hassle-Free Airport Transfers in Los Angeles Arriving at Los Angeles International Airport (LAX) and need a reliable transfer to your destination?...","protected":false},"author":1,"featured_media":13101,"parent":0,"menu_order":0,"comment_status":"closed","ping_status":"closed","template":"","meta":{"footnotes":""},"class_list":["post-13108","page","type-page","status-publish","has-post-thumbnail"],"_links":{"self":[{"href":"https:\/\/lax-transfer.com\/de\/wp-json\/wp\/v2\/pages\/13108","targetHints":{"allow":["GET"]}}],"collection":[{"href":"https:\/\/lax-transfer.com\/de\/wp-json\/wp\/v2\/pages"}],"about":[{"href":"https:\/\/lax-transfer.com\/de\/wp-json\/wp\/v2\/types\/page"}],"author":[{"embeddable":true,"href":"https:\/\/lax-transfer.com\/de\/wp-json\/wp\/v2\/users\/1"}],"replies":[{"embeddable":true,"href":"https:\/\/lax-transfer.com\/de\/wp-json\/wp\/v2\/comments?post=13108"}],"version-history":[{"count":12,"href":"https:\/\/lax-transfer.com\/de\/wp-json\/wp\/v2\/pages\/13108\/revisions"}],"predecessor-version":[{"id":13122,"href":"https:\/\/lax-transfer.com\/de\/wp-json\/wp\/v2\/pages\/13108\/revisions\/13122"}],"wp:featuredmedia":[{"embeddable":true,"href":"https:\/\/lax-transfer.com\/de\/wp-json\/wp\/v2\/media\/13101"}],"wp:attachment":[{"href":"https:\/\/lax-transfer.com\/de\/wp-json\/wp\/v2\/media?parent=13108"}],"curies":[{"name":"wp","href":"https:\/\/api.w.org\/{rel}","templated":true}]}}