{"id":13137,"date":"2025-03-07T23:08:38","date_gmt":"2025-03-08T07:08:38","guid":{"rendered":"https:\/\/lax-transfer.com\/?page_id=13137"},"modified":"2025-03-07T23:08:38","modified_gmt":"2025-03-08T07:08:38","slug":"lax-shuttle-service-affordable-reliable-airport-transportation","status":"publish","type":"page","link":"https:\/\/lax-transfer.com\/de\/lax-shuttle-service-erschwinglicher-zuverlassiger-flughafentransport\/","title":{"rendered":"LAX Shuttle Service - Erschwinglicher und zuverl\u00e4ssiger Flughafentransport"},"content":{"rendered":"<div id=\"fws_69e2352d4ed7d\"  data-column-margin=\"none\" data-midnight=\"dark\" data-top-percent=\"8%\" data-bottom-percent=\"8%\"  class=\"wpb_row vc_row-fluid vc_row full-width-section vc_row-o-equal-height vc_row-flex vc_row-o-content-middle  top_padding_tablet_8pct top_padding_phone_7pct bottom_padding_tablet_8pct bottom_padding_phone_7pct\"  style=\"padding-top: calc(100vw * 0.08); padding-bottom: calc(100vw * 0.08); \"><div class=\"row-bg-wrap\" data-bg-animation=\"none\" data-bg-animation-delay=\"\" data-bg-overlay=\"false\"><div class=\"inner-wrap row-bg-layer\" ><div class=\"row-bg viewport-desktop\"  style=\"\"><\/div><\/div><\/div><div class=\"row_col_wrap_12 col span_12 dark left\">\n\t<div  class=\"vc_col-sm-6 wpb_column column_container vc_column_container col bottom_margin_tablet_10pct right_padding_desktop_15pct right_padding_phone_0px\"  data-padding-pos=\"all\" data-has-bg-color=\"false\" data-bg-color=\"\" data-bg-opacity=\"1\" data-animation=\"\" data-delay=\"0\" >\n\t\t<div class=\"vc_column-inner\" >\n\t\t\t<div class=\"wpb_wrapper\">\n\t\t\t\t<div id=\"fws_69e2352d4f095\" data-midnight=\"\" data-column-margin=\"none\" class=\"wpb_row vc_row-fluid vc_row inner_row  right_padding_10pct right_padding_tablet_5pct right_padding_phone_3pct\"  style=\"\"><div class=\"row-bg-wrap\"> <div class=\"row-bg\" ><\/div> <\/div><div class=\"row_col_wrap_12_inner col span_12  left\">\n\t<div  class=\"vc_col-sm-12 wpb_column column_container vc_column_container col child_column no-extra-padding el_spacing_0px inherit_tablet inherit_phone\"   data-padding-pos=\"all\" data-has-bg-color=\"false\" data-bg-color=\"\" data-bg-opacity=\"1\" data-animation=\"\" data-delay=\"0\" >\n\t\t<div class=\"vc_column-inner\" >\n\t\t<div class=\"wpb_wrapper\">\n\t\t\t<div class=\"nectar-responsive-text font_size_max_50px font_size_desktop_3vw font_size_tablet_4vw font_size_phone_6vw font_line_height_1-2 nectar-link-underline-effect\"><h1 data-pm-slice=\"1 1 &#091;&#093;\"><strong>LAX Shuttle Service - Erschwinglicher und zuverl\u00e4ssiger Flughafentransport<\/strong><\/h1>\n<\/div><div class=\"divider-wrap\" data-alignment=\"default\"><div style=\"height: 20px;\" class=\"divider\"><\/div><\/div><div class=\"nectar-responsive-text font_size_min_16px font_size_max_20px font_size_desktop_1-1vw font_line_height_1-6 nectar-link-underline-effect\"><h2 data-pm-slice=\"1 1 &#091;&#093;\">Bequemer und erschwinglicher LAX Shuttle Service<\/h2>\n<p>Suche nach einem <strong>zuverl\u00e4ssiger und preisg\u00fcnstiger Shuttle-Service vom LAX<\/strong>? Unser <strong>LAX Flughafen Shuttle<\/strong> bietet eine problemlose und kosteng\u00fcnstige M\u00f6glichkeit, Ihr Hotel, Ihr Zuhause oder jedes andere Ziel in Los Angeles zu erreichen. Egal, ob Sie alleine oder mit einer Gruppe reisen, wir bieten gemeinsame und private Shuttle-Optionen, die auf Ihre Bed\u00fcrfnisse zugeschnitten sind.<\/p>\n<\/div>\n\t\t<\/div> \n\t<\/div>\n\t<\/div> \n<\/div><\/div><div id=\"fws_69e2352d4f505\" data-midnight=\"\" data-column-margin=\"default\" class=\"wpb_row vc_row-fluid vc_row inner_row  top_padding_tablet_5vw top_padding_phone_6vw\"  style=\"padding-top: 2vw; \"><div class=\"row-bg-wrap\"> <div class=\"row-bg\" ><\/div> <\/div><div class=\"row_col_wrap_12_inner col span_12  left\">\n\t<div  class=\"vc_col-sm-12 wpb_column column_container vc_column_container col child_column no-extra-padding column_element_direction_desktop_horizontal column_element_direction_tablet_horizontal column_element_direction_phone_horizontal el_spacing_20px inherit_tablet inherit_phone\"   data-padding-pos=\"all\" data-has-bg-color=\"false\" data-bg-color=\"\" data-bg-opacity=\"1\" data-animation=\"\" data-delay=\"0\" >\n\t\t<div class=\"vc_column-inner\" >\n\t\t<div class=\"wpb_wrapper\">\n\t\t\t<div class=\"nectar-cta  alignment_tablet_default alignment_phone_default display_tablet_inherit display_phone_inherit font_size_desktop_1-1vw font_size_tablet_14px\" data-color=\"accent-color\" data-using-bg=\"true\" data-style=\"text-reveal-wave\" data-display=\"inline\" data-alignment=\"left\" data-text-color=\"custom\" style=\"margin-right: 0.8em; \"><span style=\"color: #ffffff;\" class=\"nectar-button-type\"><span class=\"link_wrap\" style=\"padding-top: 0.8em; padding-right: 2.2em; padding-bottom: 0.8em; padding-left: 2.2em;\"><a  class=\"link_text\" role=\"button\" href=\"https:\/\/lax-transfer.com\/de\/\"><span class=\"text\"><span class=\"char\">B<\/span><span class=\"char\">O<\/span><span class=\"char\">O<\/span><span class=\"char\">K<\/span> <span class=\"char\">N<\/span><span class=\"char\">O<\/span><span class=\"char\">W<\/span><\/span><\/a><\/span><\/span><\/div>\n\t\t<\/div> \n\t<\/div>\n\t<\/div> \n<\/div><\/div>\n\t\t\t<\/div> \n\t\t<\/div>\n\t<\/div> \n\n\t<div style=\"\" class=\"vc_col-sm-6 wpb_column column_container vc_column_container col padding-5-percent column_position_relative el_spacing_0px inherit_tablet inherit_phone\" data-using-bg=\"true\" data-border-radius=\"20px\" data-padding-pos=\"left-right\" data-has-bg-color=\"true\" data-bg-color=\"#e3f3e2\" data-bg-opacity=\"1\" data-animation=\"\" data-delay=\"0\" >\n\t\t<div class=\"vc_column-inner\" ><div class=\"column-bg-overlay-wrap column-bg-layer\" data-bg-animation=\"none\"><div class=\"column-bg-overlay\" style=\"opacity: 1; background-color: #e3f3e2;\"><\/div><\/div>\n\t\t\t<div class=\"wpb_wrapper\">\n\t\t\t\t<div class=\"nectar-lottie-wrap multiply-blend nectar-waypoint-el nectar-fade-in width_desktop_100pct alignment_center\"><div class=\"nectar-lottie\" data-lottie-settings=\"{&quot;trigger_type&quot;:&quot;play&quot;,&quot;mobile_func&quot;:&quot;default&quot;,&quot;loop&quot;:&quot;true&quot;,&quot;trigger_offset&quot;:&quot;0.00,100.00&quot;,&quot;frame_constraint&quot;:&quot;0.00,100.00&quot;,&quot;speed&quot;:&quot;0.8&quot;,&quot;width_desktop&quot;:&quot;100%&quot;,&quot;alignment&quot;:&quot;center&quot;,&quot;preserve_aspect_ratio&quot;:&quot;xMidYMid meet&quot;,&quot;css_animation&quot;:&quot;fade-in&quot;,&quot;json_url&quot;:&quot;https:\\\/\\\/lax-transfer.com\\\/wp-content\\\/uploads\\\/2022\\\/12\\\/Animation-1740983698182.json&quot;,&quot;class_name&quot;:&quot;multiply-blend&quot;,&quot;box_shadow_method&quot;:&quot;filter&quot;}\"><\/div><\/div>\n\t\t\t<\/div> \n\t\t<\/div>\n\t<\/div> \n<\/div><\/div>\n\t\t<div id=\"fws_69e2352d4faa7\"  data-column-margin=\"default\" data-midnight=\"dark\"  class=\"wpb_row vc_row-fluid vc_row vc_row-o-equal-height vc_row-flex\"  style=\"padding-top: 0px; padding-bottom: 0px; \"><div class=\"row-bg-wrap\" data-bg-animation=\"none\" data-bg-animation-delay=\"\" data-bg-overlay=\"false\"><div class=\"inner-wrap row-bg-layer\" ><div class=\"row-bg viewport-desktop\"  style=\"\"><\/div><\/div><\/div><div class=\"row_col_wrap_12 col span_12 dark left\">\n\t<div style=\"margin-top: 0%; margin-bottom: 0%; \" class=\"vc_col-sm-6 wpb_column column_container vc_column_container col padding-2-percent inherit_tablet inherit_phone\"  data-padding-pos=\"all\" data-has-bg-color=\"false\" data-bg-color=\"\" data-bg-opacity=\"1\" data-animation=\"\" data-delay=\"0\" >\n\t\t<div class=\"vc_column-inner\" >\n\t\t\t<div class=\"wpb_wrapper\">\n\t\t\t\t<div class=\"nectar-lottie-wrap multiply-blend nectar-waypoint-el nectar-fade-in width_desktop_100pct alignment_center\"><div class=\"nectar-lottie\" data-lottie-settings=\"{&quot;trigger_type&quot;:&quot;play&quot;,&quot;mobile_func&quot;:&quot;default&quot;,&quot;loop&quot;:&quot;true&quot;,&quot;trigger_offset&quot;:&quot;0.00,100.00&quot;,&quot;frame_constraint&quot;:&quot;0.00,100.00&quot;,&quot;speed&quot;:&quot;0.8&quot;,&quot;width_desktop&quot;:&quot;100%&quot;,&quot;alignment&quot;:&quot;center&quot;,&quot;preserve_aspect_ratio&quot;:&quot;xMidYMid meet&quot;,&quot;css_animation&quot;:&quot;fade-in&quot;,&quot;json_url&quot;:&quot;https:\\\/\\\/lax-transfer.com\\\/wp-content\\\/uploads\\\/2022\\\/12\\\/Animation-1740983967992.json&quot;,&quot;class_name&quot;:&quot;multiply-blend&quot;,&quot;box_shadow_method&quot;:&quot;filter&quot;}\"><\/div><\/div>\n\t\t\t<\/div> \n\t\t<\/div>\n\t<\/div> \n\n\t<div  class=\"vc_col-sm-6 wpb_column column_container vc_column_container col padding-5-percent inherit_tablet inherit_phone\"  data-padding-pos=\"all\" data-has-bg-color=\"false\" data-bg-color=\"\" data-bg-opacity=\"1\" data-animation=\"\" data-delay=\"0\" >\n\t\t<div class=\"vc_column-inner\" >\n\t\t\t<div class=\"wpb_wrapper\">\n\t\t\t\t<div id=\"fws_69e2352d4fd06\" data-midnight=\"\" data-column-margin=\"none\" class=\"wpb_row vc_row-fluid vc_row inner_row  right_padding_10pct right_padding_tablet_5pct right_padding_phone_3pct\"  style=\"padding-top: 7%; padding-bottom: 7%; \"><div class=\"row-bg-wrap\"> <div class=\"row-bg\" ><\/div> <\/div><div class=\"row_col_wrap_12_inner col span_12  left\">\n\t<div  class=\"vc_col-sm-12 wpb_column column_container vc_column_container col child_column no-extra-padding el_spacing_0px inherit_tablet inherit_phone\"   data-padding-pos=\"all\" data-has-bg-color=\"false\" data-bg-color=\"\" data-bg-opacity=\"1\" data-animation=\"\" data-delay=\"0\" >\n\t\t<div class=\"vc_column-inner\" >\n\t\t<div class=\"wpb_wrapper\">\n\t\t\t<div class=\"nectar-responsive-text font_size_max_50px font_size_desktop_3vw font_size_tablet_4vw font_size_phone_6vw font_line_height_1-2 nectar-link-underline-effect\"><h2 data-pm-slice=\"1 1 &#091;&#093;\">Warum sollten Sie unseren LAX Shuttle Service w\u00e4hlen?<\/h2>\n<\/div><div class=\"divider-wrap\" data-alignment=\"default\"><div style=\"height: 20px;\" class=\"divider\"><\/div><\/div><div class=\"nectar-responsive-text font_size_min_16px font_size_max_20px font_size_desktop_1-1vw font_line_height_1-6 nectar-link-underline-effect\"><p data-pm-slice=\"1 1 &#091;&#093;\">\u2705 <strong>Erschwingliche &amp; feste Preisgestaltung<\/strong> - Keine versteckten Geb\u00fchren, transparente Tarife.<br \/>\n\u2705 <strong>Komfortable &amp; saubere Fahrzeuge<\/strong> - Moderne Shuttles mit ger\u00e4umigen Sitzpl\u00e4tzen.<br \/>\n\u2705 <strong>24\/7 Verf\u00fcgbarkeit<\/strong> - Zuverl\u00e4ssiger Service f\u00fcr Fl\u00fcge am fr\u00fchen Morgen und am sp\u00e4ten Abend.<br \/>\n\u2705 <strong>T\u00fcr-zu-T\u00fcr-Transfers<\/strong> - Abholung und R\u00fcckgabe an dem von Ihnen gew\u00fcnschten Ort.<br \/>\n\u2705 <strong>Gruppen- und familienfreundlich<\/strong> - Gro\u00dfe Shuttles f\u00fcr mehrere Passagiere verf\u00fcgbar.<br \/>\n\u2705 <strong>Hilfe beim Gep\u00e4ck<\/strong> - Unsere Fahrer helfen mit dem Gep\u00e4ck und sorgen f\u00fcr ein stressfreies Erlebnis.<\/p>\n<\/div>\n\t\t<\/div> \n\t<\/div>\n\t<\/div> \n<\/div><\/div><div id=\"fws_69e2352d500ce\" data-midnight=\"\" data-column-margin=\"default\" class=\"wpb_row vc_row-fluid vc_row inner_row  top_padding_tablet_5vw top_padding_phone_6vw\"  style=\"padding-top: 2vw; \"><div class=\"row-bg-wrap\"> <div class=\"row-bg\" ><\/div> <\/div><div class=\"row_col_wrap_12_inner col span_12  left\">\n\t<div  class=\"vc_col-sm-12 wpb_column column_container vc_column_container col child_column no-extra-padding column_element_direction_desktop_horizontal column_element_direction_tablet_horizontal column_element_direction_phone_horizontal el_spacing_20px inherit_tablet inherit_phone\"   data-padding-pos=\"all\" data-has-bg-color=\"false\" data-bg-color=\"\" data-bg-opacity=\"1\" data-animation=\"\" data-delay=\"0\" >\n\t\t<div class=\"vc_column-inner\" >\n\t\t<div class=\"wpb_wrapper\">\n\t\t\t<div class=\"nectar-cta  alignment_tablet_default alignment_phone_default display_tablet_inherit display_phone_inherit font_size_desktop_1-1vw font_size_tablet_14px\" data-color=\"accent-color\" data-using-bg=\"true\" data-style=\"text-reveal-wave\" data-display=\"inline\" data-alignment=\"left\" data-text-color=\"custom\" style=\"margin-right: 0.8em; \"><span style=\"color: #ffffff;\" class=\"nectar-button-type\"><span class=\"link_wrap\" style=\"padding-top: 0.8em; padding-right: 2.2em; padding-bottom: 0.8em; padding-left: 2.2em;\"><a  class=\"link_text\" role=\"button\" href=\"https:\/\/lax-transfer.com\/de\/\"><span class=\"text\"><span class=\"char\">B<\/span><span class=\"char\">O<\/span><span class=\"char\">O<\/span><span class=\"char\">K<\/span> <span class=\"char\">N<\/span><span class=\"char\">O<\/span><span class=\"char\">W<\/span><\/span><\/a><\/span><\/span><\/div>\n\t\t<\/div> \n\t<\/div>\n\t<\/div> \n<\/div><\/div>\n\t\t\t<\/div> \n\t\t<\/div>\n\t<\/div> \n<\/div><\/div>\n\t\t<div id=\"fws_69e2352d5042b\"  data-column-margin=\"default\" data-midnight=\"dark\"  class=\"wpb_row vc_row-fluid vc_row\"  style=\"padding-top: 0px; padding-bottom: 0px; \"><div class=\"row-bg-wrap\" data-bg-animation=\"none\" data-bg-animation-delay=\"\" data-bg-overlay=\"false\"><div class=\"inner-wrap row-bg-layer\" ><div class=\"row-bg viewport-desktop\"  style=\"\"><\/div><\/div><\/div><div class=\"row_col_wrap_12 col span_12 dark left\">\n\t<div  class=\"vc_col-sm-12 wpb_column column_container vc_column_container col no-extra-padding inherit_tablet inherit_phone\"  data-padding-pos=\"all\" data-has-bg-color=\"false\" data-bg-color=\"\" data-bg-opacity=\"1\" data-animation=\"\" data-delay=\"0\" >\n\t\t<div class=\"vc_column-inner\" >\n\t\t\t<div class=\"wpb_wrapper\">\n\t\t\t\t\n<div class=\"wpb_text_column wpb_content_element\" >\n\t<div class=\"wpb_wrapper\">\n\t\t<h3 data-pm-slice=\"1 1 &#091;&#093;\">Unsere LAX Shuttle Optionen<\/h3>\n<ul data-spread=\"false\">\n<li><strong>Gemeinsamer Shuttle-Service<\/strong> - Die g\u00fcnstigste Art, mit anderen Passagieren zu reisen.<\/li>\n<li><strong>Privater Shuttle<\/strong> - Eine direkte Fahrt ohne Zwischenstopp zu Ihrem Ziel.<\/li>\n<li><strong>Luxus-Shuttle<\/strong> - Premium-Erlebnis mit extra Komfort und Privatsph\u00e4re.<\/li>\n<li><strong>Hotel-Shuttle-Transfers<\/strong> - Bequemer Transport zu den besten Hotels in LA.<\/li>\n<li><strong>Kreuzfahrthafen-Shuttle<\/strong> - Transfers von und zu den Kreuzfahrtterminals in Los Angeles.<\/li>\n<li><strong>Shuttle-Service f\u00fcr Unternehmen und Gruppen<\/strong> - Ideal f\u00fcr Gesch\u00e4ftsreisen und Veranstaltungstransporte.<\/li>\n<\/ul>\n<h3>So buchen Sie Ihren LAX Shuttle<\/h3>\n<ol start=\"1\" data-spread=\"false\">\n<li><strong>Geben Sie Ihre Flug- und Zieldaten ein<\/strong> - Geben Sie Ihre Ankunftszeit und Ihren Standort an.<\/li>\n<li><strong>W\u00e4hlen Sie Ihren Shuttle-Typ<\/strong> - W\u00e4hlen Sie zwischen gemeinsamen, privaten oder luxuri\u00f6sen Optionen.<\/li>\n<li><strong>Best\u00e4tigen Sie Ihre Buchung<\/strong> - Sichere Online-Zahlung mit sofortiger Best\u00e4tigung.<\/li>\n<li><strong>Treffen Sie Ihren Fahrer<\/strong> - Genie\u00dfen Sie einen reibungslosen und p\u00fcnktlichen Flughafentransfer.<\/li>\n<\/ol>\n<h3>Beliebte Ziele f\u00fcr LAX Shuttle Service<\/h3>\n<ul data-spread=\"false\">\n<li><strong>LAX zum Stadtzentrum von Los Angeles<\/strong> - Schneller und bequemer Stadttransfer.<\/li>\n<li><strong>LAX nach Hollywood<\/strong> - Erkunden Sie die Hauptstadt der Unterhaltung mit Leichtigkeit.<\/li>\n<li><strong>LAX nach Santa Monica<\/strong> - Landschaftlich reizvolle K\u00fcstenrouten mit Shuttle-Komfort.<\/li>\n<li><strong>LAX nach Disneyland<\/strong> - Kosteng\u00fcnstiger Familientransport zum Freizeitpark.<\/li>\n<li><strong>LAX nach Long Beach Kreuzfahrtterminal<\/strong> - Stressfreier Shuttle f\u00fcr Kreuzfahrtpassagiere.<\/li>\n<\/ul>\n<h3><a href=\"https:\/\/lax-transfer.com\/de\/\"><em><strong>Buchen Sie Ihr<\/strong> <\/em><\/a>LAX Shuttle Service heute!<\/h3>\n<p>Verzichten Sie auf teure Taxis und unzuverl\u00e4ssige Mitfahrgelegenheiten. W\u00e4hlen Sie unser <strong>LAX-Zubringerdienst<\/strong> f\u00fcr einen zuverl\u00e4ssigen, erschwinglichen und komfortablen Flughafentransfer. <strong>Jetzt buchen<\/strong> und genie\u00dfen Sie einen reibungslosen Flug vom LAX!<\/p>\n\t<\/div>\n<\/div>\n\n\n\n\n\t\t\t<\/div> \n\t\t<\/div>\n\t<\/div> \n<\/div><\/div>","protected":false},"excerpt":{"rendered":"LAX Shuttle Service \u2013 Affordable &amp; Reliable Airport Transportation Convenient &amp; Affordable LAX Shuttle Service Looking for a reliable and budget-friendly shuttle service from LAX? Our LAX airport shuttle provides...","protected":false},"author":1,"featured_media":13098,"parent":0,"menu_order":0,"comment_status":"closed","ping_status":"closed","template":"","meta":{"footnotes":""},"class_list":["post-13137","page","type-page","status-publish","has-post-thumbnail"],"_links":{"self":[{"href":"https:\/\/lax-transfer.com\/de\/wp-json\/wp\/v2\/pages\/13137","targetHints":{"allow":["GET"]}}],"collection":[{"href":"https:\/\/lax-transfer.com\/de\/wp-json\/wp\/v2\/pages"}],"about":[{"href":"https:\/\/lax-transfer.com\/de\/wp-json\/wp\/v2\/types\/page"}],"author":[{"embeddable":true,"href":"https:\/\/lax-transfer.com\/de\/wp-json\/wp\/v2\/users\/1"}],"replies":[{"embeddable":true,"href":"https:\/\/lax-transfer.com\/de\/wp-json\/wp\/v2\/comments?post=13137"}],"version-history":[{"count":2,"href":"https:\/\/lax-transfer.com\/de\/wp-json\/wp\/v2\/pages\/13137\/revisions"}],"predecessor-version":[{"id":13139,"href":"https:\/\/lax-transfer.com\/de\/wp-json\/wp\/v2\/pages\/13137\/revisions\/13139"}],"wp:featuredmedia":[{"embeddable":true,"href":"https:\/\/lax-transfer.com\/de\/wp-json\/wp\/v2\/media\/13098"}],"wp:attachment":[{"href":"https:\/\/lax-transfer.com\/de\/wp-json\/wp\/v2\/media?parent=13137"}],"curies":[{"name":"wp","href":"https:\/\/api.w.org\/{rel}","templated":true}]}}