{"id":10471,"date":"2022-12-21T00:03:21","date_gmt":"2022-12-20T21:03:21","guid":{"rendered":"https:\/\/lax-transfer.com\/?page_id=10471"},"modified":"2024-02-16T21:34:40","modified_gmt":"2024-02-17T05:34:40","slug":"terms-and-conditions","status":"publish","type":"page","link":"https:\/\/lax-transfer.com\/es\/condiciones-generales\/","title":{"rendered":"Condiciones generales"},"content":{"rendered":"<ul class=\"vo-block-list\" type=\"1\">\n<li><strong>1.0 Introducci\u00f3n<\/strong><br \/>\n1.1 En las presentes Condiciones de Uso del Viajero (en adelante '<strong>Condiciones de uso<\/strong>Las palabras, frases y siglas en may\u00fasculas tendr\u00e1n el significado que se les atribuye a continuaci\u00f3n. Las palabras, frases y acr\u00f3nimos en may\u00fasculas utilizados en estas Condiciones del Usuario que no est\u00e9n definidos tendr\u00e1n su significado ordinario.<\/li>\n<li>Conductor - la persona que ejecuta el Ride.<\/li>\n<li>Cuenta - Su cuenta personal para realizar y gestionar Viajes.<\/li>\n<li>Derechos de propiedad intelectual: todos los derechos de propiedad intelectual e industrial registrados y no registrados (sean registrables o no) reconocidos como tales en cualquier jurisdicci\u00f3n, incluidos:\n<ul class=\"vo-block-list\">\n<li>patentes, modelos de utilidad, marcas comerciales, marcas de servicio, nombres comerciales y derechos sobre nombres de dominio, logotipos, dise\u00f1os, derechos de autor, derechos sobre bases de datos; y<\/li>\n<li>todos los derechos similares o equivalentes que protejan invenciones, descubrimientos, tecnolog\u00eda, know-how, secretos comerciales, conocimientos t\u00e9cnicos, metodolog\u00edas o cualquier obra o informaci\u00f3n creativa, art\u00edstica o industrial, junto con todas las solicitudes y derechos a solicitar el registro de cualquiera de estos derechos en cualquier parte del mundo, tanto si existen actualmente como si se crean en el futuro, y el derecho a hacer valer las infracciones pasadas de los mismos.<\/li>\n<\/ul>\n<\/li>\n<\/ul>\n<ul class=\"vo-block-list\">\n<li>Viaje: una reserva para servicios de transporte.<\/li>\n<li>Plataforma: la tecnolog\u00eda Lax Transfer que le conecta a usted y al conductor.<\/li>\n<li>Viaje - el traslado desde el Lugar de Recogida, tal y como se define en las Condiciones de Transporte, hasta el Lugar de Devoluci\u00f3n, tal y como se define en las Condiciones de Transporte.<\/li>\n<li>Servicios: el acceso y uso de la Cuenta y la Plataforma y sus contenidos, productos y servicios que le permiten reservar con antelaci\u00f3n los Servicios de transporte.<\/li>\n<li>Traslado de Lax \"<strong>MI<\/strong>\", \"<strong>Nosotros<\/strong>\" y \"<strong>Nuestro(s)<\/strong>\" - Lax-Transfer.com, registrado en EE.<\/li>\n<li>Servicio de transporte - el servicio de transporte prestado en nombre propio a Usted y a los Viajeros.<\/li>\n<li>Viajero - persona(s) que realmente hace(n) uso del Viaje.<\/li>\n<li><strong>Usted<\/strong>\u00a0o\u00a0<strong>Su<\/strong>\u00a0- Usted, la persona que utiliza los Servicios.<\/li>\n<li><strong>2.0 Relaci\u00f3n contractual<\/strong>\n<ul class=\"vo-block-list\">\n<li>2.1 Las presentes Condiciones de Uso regulan su acceso y utilizaci\u00f3n de los Servicios.<\/li>\n<\/ul>\n<ul class=\"vo-block-list\">\n<li>2.2 Su acceso y uso de la Plataforma constituye su aceptaci\u00f3n de las presentes Condiciones del Usuario, que establecen una relaci\u00f3n contractual directa entre Usted y Nosotros en relaci\u00f3n con el uso de los Servicios. Si no acepta las presentes Condiciones de Uso, no podr\u00e1 acceder a la Plataforma ni utilizar los Servicios.<\/li>\n<\/ul>\n<ul class=\"vo-block-list\">\n<li>2.3 Podemos modificar estas Condiciones de uso de vez en cuando. Las modificaciones entrar\u00e1n en vigor en el momento de su publicaci\u00f3n. Su acceso o uso continuado de los Servicios despu\u00e9s de dicha publicaci\u00f3n constituye su consentimiento a quedar vinculado por las Condiciones del Usuario, en su versi\u00f3n modificada.<\/li>\n<\/ul>\n<\/li>\n<li><strong>3.0 Servicio y licencia<\/strong>\n<ul class=\"vo-block-list\">\n<li>3.1 Sujeto al cumplimiento por su parte de las presentes Condiciones de Uso, le concedemos una licencia limitada, no exclusiva, no sublicenciable, revocable e intransferible para (i) acceder y utilizar los Servicios en su dispositivo personal \u00fanicamente en relaci\u00f3n con la realizaci\u00f3n de Viajes y (ii) acceder y utilizar cualquier contenido, informaci\u00f3n y material relacionado que pueda estar disponible a trav\u00e9s de los Servicios. Todos los derechos no concedidos expresamente en el presente documento est\u00e1n reservados por nosotros y\/o nuestros licenciantes.<\/li>\n<\/ul>\n<ul class=\"vo-block-list\">\n<li>3.2 Los Servicios y todos los Derechos de Propiedad Intelectual que contienen son y seguir\u00e1n siendo de nuestra propiedad o de nuestros licenciantes. Ni las presentes Condiciones de Uso ni el uso que Usted haga de los Servicios le otorgan ning\u00fan derecho sobre los Servicios o relacionado con ellos, salvo la licencia limitada concedida anteriormente.<\/li>\n<\/ul>\n<\/li>\n<\/ul>\n<ul class=\"vo-block-list\">\n<li><strong>4.0 Restricciones<\/strong>\n<ul class=\"vo-block-list\">\n<li>4.1 Usted no puede:<\/li>\n<\/ul>\n<\/li>\n<li>eliminar cualquier aviso de Derechos de Propiedad Intelectual de cualquier parte de los Servicios;<\/li>\n<li>reproducir, modificar, preparar trabajos derivados basados en, distribuir, (sub)licenciar, arrendar, vender, transferir, exhibir p\u00fablicamente, transmitir, hacer streaming, emitir o explotar de cualquier otra forma los Servicios, excepto en los casos expresamente permitidos por Nosotros;<\/li>\n<li>descompilar, aplicar ingenier\u00eda inversa o desensamblar la Plataforma, salvo en la medida en que lo permita la legislaci\u00f3n aplicable;<\/li>\n<li>enlazar, reflejar o enmarcar cualquier parte de los Servicios;<\/li>\n<li>Provocar o lanzar cualquier programa o script con el prop\u00f3sito de raspar, indexar, sondear o de cualquier otra forma extraer datos de cualquier parte de la Plataforma o sobrecargar o dificultar indebidamente la operaci\u00f3n y\/o funcionalidad de cualquier aspecto de la Plataforma;<\/li>\n<li>intentar obtener acceso no autorizado o perjudicar cualquier aspecto de los Servicios o sus sistemas o redes relacionados;<\/li>\n<li>utilizar la Plataforma para causar molestias o inconvenientes o realizar Viajes falsos; o<\/li>\n<li>utilizar el Servicio o las Plataformas para fines distintos de la obtenci\u00f3n de Servicios de Transporte.<\/li>\n<\/ul>\n<ul class=\"vo-block-list\">\n<li><strong>5.0 Uso de los Servicios<\/strong>\n<ul class=\"vo-block-list\">\n<li>5.1 Procesamos su informaci\u00f3n personal en relaci\u00f3n con los Servicios de acuerdo con Nuestra Pol\u00edtica de Privacidad del Cliente, que puede encontrarse en la Plataforma.<\/li>\n<\/ul>\n<\/li>\n<\/ul>\n<ul class=\"vo-block-list\">\n<li><strong>6.0 Servicios y contenidos de terceros.<\/strong>\n<ul class=\"vo-block-list\">\n<li>6.1 Los Servicios pueden estar disponibles o se puede acceder a ellos en conexi\u00f3n con servicios y contenidos de terceros (incluida la publicidad) que Nosotros no controlamos. Usted reconoce que pueden aplicarse condiciones de uso y pol\u00edticas de privacidad diferentes a su uso de dichos servicios y contenidos de terceros. No seremos responsables de ning\u00fan producto o servicio de dichos proveedores externos.<\/li>\n<\/ul>\n<\/li>\n<\/ul>\n<ul class=\"vo-block-list\">\n<li><strong>7.0 Contenido proporcionado por el usuario.<\/strong>\n<ul class=\"vo-block-list\">\n<li>7.1 Podemos, a nuestra entera discreci\u00f3n, permitirle de vez en cuando que env\u00ede, cargue, publique o ponga a disposici\u00f3n a trav\u00e9s de los Servicios contenido e informaci\u00f3n textual, de audio y\/o visual, incluidos comentarios y opiniones relacionados con los Servicios y los Servicios de transporte, iniciaci\u00f3n de solicitudes de asistencia y env\u00edo de participaciones para concursos y promociones (en lo sucesivo, \"<strong>Contenido del usuario<\/strong>\"). Cualquier Contenido de Usuario proporcionado por Usted seguir\u00e1 siendo de su propiedad. Sin embargo, al proporcionarnos Contenido de Usuario, usted nos otorga una licencia mundial, perpetua, irrevocable, transferible y libre de regal\u00edas, con derecho a sublicenciar, para usar, copiar, modificar, crear obras derivadas, distribuir, mostrar p\u00fablicamente, ejecutar p\u00fablicamente y explotar de cualquier otra manera dicho Contenido de Usuario en todos los formatos y canales de distribuci\u00f3n conocidos actualmente o que se conciban en el futuro, sin previo aviso ni consentimiento de su parte, y sin el requisito de pago a usted o a cualquier otra persona o entidad.<\/li>\n<\/ul>\n<ul class=\"vo-block-list\">\n<li>7.2 Usted declara y garantiza que (i) o bien es el \u00fanico y exclusivo propietario de todo el Contenido del Usuario o bien tiene todos los derechos, licencias, consentimientos y liberaciones necesarios para conceder a Uber la licencia sobre el Contenido del Usuario seg\u00fan lo establecido anteriormente y (ii) ni el Contenido del Usuario ni su env\u00edo, carga, publicaci\u00f3n o puesta a disposici\u00f3n de otro modo de dicho Contenido del Usuario ni nuestro uso del mismo seg\u00fan lo permitido en este documento infringir\u00e1, malversar\u00e1 o violar\u00e1 la propiedad intelectual o los derechos de propiedad de un tercero, o los derechos de publicidad o privacidad, o dar\u00e1 lugar a la violaci\u00f3n de cualquier ley o reglamento aplicable.<\/li>\n<\/ul>\n<ul class=\"vo-block-list\">\n<li>7.3 Usted no proporcionar\u00e1 Contenido de Usuario que sea difamatorio, odioso, violento, obsceno, pornogr\u00e1fico, ilegal o de otro modo ofensivo o inapropiado, seg\u00fan determinemos a Nuestra entera discreci\u00f3n. Podemos, pero no estamos obligados a, revisar, supervisar o eliminar Contenido de Usuario, a nuestra entera discreci\u00f3n y en cualquier momento y por cualquier motivo, sin previo aviso.<\/li>\n<\/ul>\n<\/li>\n<\/ul>\n<ul class=\"vo-block-list\">\n<li><strong>8.0 Comunicaci\u00f3n<\/strong>\n<ul class=\"vo-block-list\">\n<li>8.1 Al enviar sus datos de contacto, usted acepta que nosotros, el conductor, nos comuniquemos con usted (por ejemplo, a trav\u00e9s de Whatsapp o SMS) como parte de su uso de los servicios.<\/li>\n<\/ul>\n<\/li>\n<\/ul>\n<ul class=\"vo-block-list\">\n<li><strong>9.0 Acceso a la red y dispositivos<\/strong>\n<ul class=\"vo-block-list\">\n<li>9.1 Usted es responsable de obtener el acceso a la red de datos necesario para utilizar los Servicios. Su proveedor de telefon\u00eda m\u00f3vil podr\u00e1 cobrarle tarifas si accede a los Servicios o los utiliza desde un dispositivo con conexi\u00f3n inal\u00e1mbrica, y Usted ser\u00e1 responsable de dichas tarifas y cuotas. No garantizamos que los Servicios, o cualquier parte de los mismos, funcionen en un hardware o dispositivo concreto. Adem\u00e1s, los Servicios pueden estar sujetos a fallos de funcionamiento y retrasos inherentes al uso de Internet y las comunicaciones electr\u00f3nicas.<\/li>\n<\/ul>\n<\/li>\n<\/ul>\n<ul class=\"vo-block-list\" type=\"1\">\n<li><strong>10.0 Limitaci\u00f3n de responsabilidad<\/strong>\n<ul class=\"vo-block-list\">\n<li>10.1 Los Servicios se prestan \"tal cual\". Tenemos una obligaci\u00f3n de esfuerzo (<em>inspanningsverplichting<\/em>) y No tenemos obligaci\u00f3n de resultado (<em>resultadoatsverplichting<\/em>). Renunciamos a todas las declaraciones y garant\u00edas no establecidas expresamente en las presentes Condiciones de Uso, incluidas las garant\u00edas impl\u00edcitas de idoneidad para un fin determinado y de no infracci\u00f3n. Adem\u00e1s, no hacemos ninguna representaci\u00f3n, garant\u00eda o garant\u00eda con respecto a la fiabilidad, puntualidad, calidad, idoneidad o disponibilidad de los Servicios o que los Servicios ser\u00e1n ininterrumpidos o libres de errores.<\/li>\n<li>10.2 No seremos responsables de da\u00f1os indirectos, incidentales, especiales, ejemplares, punitivos o consecuentes, incluyendo p\u00e9rdida de beneficios, p\u00e9rdida de datos, lesiones personales o da\u00f1os a la propiedad relacionados con, en conexi\u00f3n con o resultantes de cualquier uso de los Servicios.<\/li>\n<li>10.3 No seremos responsables de ning\u00fan da\u00f1o, responsabilidad o p\u00e9rdida que surja de (i) su uso o confianza en los Servicios, (ii) su incapacidad para usar o acceder a su cuenta, los Servicios y (iii) y el acuerdo entre usted , incluso si se le avisa de la posibilidad de tales da\u00f1os.<\/li>\n<\/ul>\n<\/li>\n<\/ul>\n<ul class=\"vo-block-list\" type=\"1\">\n<li><strong>11.0 Indemnizaci\u00f3n<\/strong>\n<ul class=\"vo-block-list\">\n<li>11.1 Usted acepta indemnizarnos y eximirnos a Nosotros y a Nuestros directivos, administradores, empleados y agentes de toda reclamaci\u00f3n, demanda, p\u00e9rdida, responsabilidad y gasto (incluidos los honorarios de abogados) que se deriven o est\u00e9n relacionados con: (i) Su uso de los Servicios, incluyendo Su Cuenta y\/o Plataforma; (ii) Su incumplimiento o violaci\u00f3n de cualquiera de estos T\u00e9rminos de Usuario y\/o (iii) Su violaci\u00f3n de los derechos de cualquier tercero.<\/li>\n<\/ul>\n<\/li>\n<\/ul>\n<ul class=\"vo-block-list\" type=\"1\">\n<li><strong>12.0 Resoluci\u00f3n de litigios<\/strong>\n<ul class=\"vo-block-list\">\n<li>12.1 Nuestro objetivo es resolver las disputas de forma amistosa, pero si esto no funciona y en la medida en que lo permita la legislaci\u00f3n aplicable, cualquier resoluci\u00f3n de disputas se regir\u00e1 por la legislaci\u00f3n de EE.UU.<\/li>\n<\/ul>\n<\/li>\n<\/ul>","protected":false},"excerpt":{"rendered":"<p>1.0 Introduction 1.1 In these Traveller Terms of Use (hereafter \u2018User Terms\u2019) capitalised words, phrases and acronyms shall have the meaning given to them below. Capitalized words, phrases and acronyms&#8230;<\/p>","protected":false},"author":1,"featured_media":0,"parent":0,"menu_order":0,"comment_status":"closed","ping_status":"closed","template":"","meta":{"footnotes":""},"class_list":["post-10471","page","type-page","status-publish"],"_links":{"self":[{"href":"https:\/\/lax-transfer.com\/es\/wp-json\/wp\/v2\/pages\/10471","targetHints":{"allow":["GET"]}}],"collection":[{"href":"https:\/\/lax-transfer.com\/es\/wp-json\/wp\/v2\/pages"}],"about":[{"href":"https:\/\/lax-transfer.com\/es\/wp-json\/wp\/v2\/types\/page"}],"author":[{"embeddable":true,"href":"https:\/\/lax-transfer.com\/es\/wp-json\/wp\/v2\/users\/1"}],"replies":[{"embeddable":true,"href":"https:\/\/lax-transfer.com\/es\/wp-json\/wp\/v2\/comments?post=10471"}],"version-history":[{"count":1,"href":"https:\/\/lax-transfer.com\/es\/wp-json\/wp\/v2\/pages\/10471\/revisions"}],"predecessor-version":[{"id":12489,"href":"https:\/\/lax-transfer.com\/es\/wp-json\/wp\/v2\/pages\/10471\/revisions\/12489"}],"wp:attachment":[{"href":"https:\/\/lax-transfer.com\/es\/wp-json\/wp\/v2\/media?parent=10471"}],"curies":[{"name":"wp","href":"https:\/\/api.w.org\/{rel}","templated":true}]}}