{"id":10473,"date":"2022-12-21T00:07:11","date_gmt":"2022-12-20T21:07:11","guid":{"rendered":"https:\/\/lax-transfer.com\/?page_id=10473"},"modified":"2024-02-16T21:16:31","modified_gmt":"2024-02-17T05:16:31","slug":"privacy-policy-page","status":"publish","type":"page","link":"https:\/\/lax-transfer.com\/es\/pagina-de-politica-de-privacidad\/","title":{"rendered":"Pol\u00edtica de privacidad"},"content":{"rendered":"<p>Fecha de la \u00faltima revisi\u00f3n: 23 de mayo de 2022<\/p>\n<p>Respetamos la privacidad de nuestros clientes y socios con los que trabajamos. Lea nuestra Pol\u00edtica de privacidad para saber qu\u00e9 informaci\u00f3n recopilamos, revelamos a terceros, con qu\u00e9 fines lo hacemos as\u00ed como la forma en que puede modificar, borrar y transmitir estos datos.<\/p>\n<h2>Qu\u00e9 informaci\u00f3n recogemos y con qu\u00e9 fines<\/h2>\n<p>Lax Transfer es un servicio online de b\u00fasqueda y reserva de traslados. Necesitamos su informaci\u00f3n para:<\/p>\n<div>\n<ul>\n<li>registro, tratamiento, distribuci\u00f3n y control de la ejecuci\u00f3n de la reserva<\/li>\n<li>asesoramiento y apoyo de su reserva;<\/li>\n<li>mejora del servicio sobre la base de las estad\u00edsticas de visitas a sitios web, ventas y comentarios sobre el servicio y las transferencias realizadas;<\/li>\n<li>mejora de la oferta, el marketing y la publicidad selectiva.<\/li>\n<\/ul>\n<div>\n<p>Para lograr los objetivos mencionados, al reservar un traslado le pedimos que indique los siguientes datos personales: nombre y apellidos, tel\u00e9fono de contacto, direcci\u00f3n de correo electr\u00f3nico, direcciones de salida y destino.<\/p>\n<p>Tambi\u00e9n recopilamos autom\u00e1ticamente informaci\u00f3n sobre su interacci\u00f3n con el servicio Lax Transfer, en particular, informaci\u00f3n sobre las p\u00e1ginas visitadas o los contenidos vistos, las consultas realizadas, las reservas creadas y otras acciones en el sitio, as\u00ed como la direcci\u00f3n IP, la hora de acceso, informaci\u00f3n sobre el software y el hardware, informaci\u00f3n sobre el dispositivo, informaci\u00f3n sobre eventos del dispositivo, identificadores \u00fanicos, informaci\u00f3n sobre fallos, datos de cookies e informaci\u00f3n sobre las p\u00e1ginas visitadas antes de utilizar el servicio Lax Transfer.<\/p>\n<\/div>\n<\/div>\n<h2>Datos personales de otras personas que nos facilite<\/h2>\n<p>Es posible que no reserve un traslado para usted. En ese caso, lo m\u00e1s probable es que nos facilite los datos personales de otra persona y haga la reserva en su nombre.<\/p>\n<p>Al hacerlo, usted es plenamente responsable de que la persona o personas cuyos datos personales ha facilitado sean conscientes de ello, comprendan y est\u00e9n de acuerdo con la forma en que Lax Transfer utiliza sus datos (de conformidad con la presente Pol\u00edtica de Privacidad).<\/p>\n<h2>Sus derechos<\/h2>\n<p>Al crear una reserva, al aceptar los t\u00e9rminos de esta Pol\u00edtica de Privacidad, usted nos transfiere libremente y en su propio inter\u00e9s sus datos personales y da su consentimiento activo para su almacenamiento y procesamiento.<\/p>\n<p>Puede retirar su consentimiento a esta Pol\u00edtica de Privacidad enviando un correo electr\u00f3nico a support@lax-transfer.com.<\/p>\n<p>El hecho de que se retire el consentimiento no afecta a la legalidad del tratamiento permitido de los datos realizado antes de la retirada.<\/p>\n<p>Adem\u00e1s, tiene derecho a:<\/p>\n<ul>\n<li>obtener acceso a sus datos, as\u00ed como informaci\u00f3n sobre los fines del tratamiento, las categor\u00edas de datos tratados, los destinatarios y el periodo de conservaci\u00f3n de los datos;<\/li>\n<li>obtener de nosotros la rectificaci\u00f3n de los datos personales inexactos. Usted es responsable de la actualidad de los datos personales que nos transfiere;<\/li>\n<li>exigirnos que le proporcionemos una copia de sus datos personales en un formato est\u00e1ndar, estructurado y legible por m\u00e1quina y\/o, si es t\u00e9cnicamente posible, transmitir esta informaci\u00f3n a otro proveedor de servicios;<\/li>\n<li>exigir la supresi\u00f3n de sus datos personales si existen motivos especiales (los datos ya no son necesarios para los fines para los que se recibieron, usted retir\u00f3 su consentimiento al tratamiento de datos personales, no exist\u00edan motivos leg\u00edtimos imperiosos para el tratamiento, etc.), y transmitir esta exigencia a otros responsables del tratamiento;<\/li>\n<li>obtener del responsable del tratamiento la restricci\u00f3n del tratamiento de datos personales en presencia de condiciones especiales (los datos son inexactos, el tratamiento es ilegal, pero la parte se opone a la supresi\u00f3n de los datos, etc.);<\/li>\n<li>exigir el cese del trabajo con sus datos personales utilizados para mercadotecnia directa;<\/li>\n<li>oponerse a ser objeto de una decisi\u00f3n jur\u00eddicamente relevante para usted, basada en el tratamiento automatizado de datos.<\/li>\n<\/ul>\n<p>Para ejercer cualquiera de sus derechos, puede ponerse en contacto con nosotros por correo electr\u00f3nico en la direcci\u00f3n support@lax-transfer.com con la solicitud o requerimiento correspondiente.<\/p>\n<h2>Datos de borrado<\/h2>\n<p>Si desea eliminar el consentimiento que nos permite utilizar sus datos cuando accede a la plataforma Lax Transfer, puede enviar una solicitud de eliminaci\u00f3n de datos personales por correo electr\u00f3nico a support@lax-transfer.com.<\/p>\n<p>Una vez atendida su solicitud de eliminaci\u00f3n de datos personales, anonimizamos sus datos personales de forma completa e irrevocable.<\/p>\n<p>Tenga en cuenta que en el caso de una solicitud de supresi\u00f3n de datos personales, se aplican las siguientes normas:<\/p>\n<ul>\n<li>tenemos derecho a guardar parcialmente sus datos personales en inter\u00e9s leg\u00edtimo de nuestra empresa, por ejemplo para combatir el fraude y mejorar la seguridad;<\/li>\n<li>tenemos derecho a almacenar y utilizar sus datos personales en la medida necesaria para cumplir los requisitos legales;<\/li>\n<li>la informaci\u00f3n que facilite a otras personas (por ejemplo, rese\u00f1as, entradas en los foros) puede seguir siendo p\u00fablica incluso despu\u00e9s de que usted borre sus datos, pero se borrar\u00e1 la indicaci\u00f3n de su identidad. Algunas copias de su informaci\u00f3n pueden almacenarse en nuestra base de datos sin posibilidad de identificaci\u00f3n personal;<\/li>\n<li>en relaci\u00f3n con la aplicaci\u00f3n del sistema de protecci\u00f3n contra da\u00f1os o p\u00e9rdidas de datos accidentales o deliberados, las copias de seguridad de sus datos personales se borrar\u00e1n con un cierto retraso.<\/li>\n<\/ul>\n<h2>Transmisi\u00f3n de datos a terceros<\/h2>\n<p>Con el servicio Lax Transfer, los terceros tambi\u00e9n est\u00e1n conectados de varias formas y por varios motivos. El objetivo principal es facilitar al transportista informaci\u00f3n sobre su viaje para completar la reserva. Sus datos tambi\u00e9n pueden ser recibidos por otras partes a las que implicamos en la prestaci\u00f3n de servicios a usted, incluidas instituciones financieras, empresas de publicidad y, en algunos casos, autoridades estatales u otras autoridades competentes.<\/p>\n<p><strong>Organizaciones de terceros<\/strong> son proveedores de servicios. Utilizamos servicios de terceros para procesar sus datos personales en nuestro nombre. Este tratamiento se realiza con diferentes fines, incluido el env\u00edo de material de marketing o la autenticaci\u00f3n de la direcci\u00f3n de correo electr\u00f3nico facilitada por usted en el proceso de reserva. Los proveedores de servicios externos est\u00e1n sujetos a obligaciones de confidencialidad y no tienen derecho a utilizar sus datos personales para otros fines que no sean los indicados por Lax Transfer.<\/p>\n<p><strong>Autoridades competentes.<\/strong>\u00a0Transferimos datos personales a las fuerzas y cuerpos de seguridad en la medida en que lo exija la ley o sea estrictamente necesario para prevenir, detectar o reprimir actos delictivos y fraudes, o si estamos legalmente obligados a transferirlos por cualquier otro motivo. Adem\u00e1s, es posible que tengamos que transferir datos personales a las autoridades competentes para proteger nuestros derechos o propiedades, as\u00ed como los derechos y propiedades de nuestros socios comerciales.<\/p>\n<p>Tambi\u00e9n tenemos derecho a realizar una transferencia transfronteriza de datos personales al territorio de un Estado extranjero para cumplir las obligaciones de organizaci\u00f3n de la transferencia.<\/p>\n<h2>Seguridad<\/h2>\n<p>Seguimos los procedimientos de seguridad adecuados para evitar el acceso no autorizado a los datos personales y su uso indebido.<\/p>\n<p>Aplicamos los sistemas y procedimientos corporativos pertinentes para proteger los datos personales que se nos facilitan. Tambi\u00e9n utilizamos procedimientos de seguridad y aplicamos restricciones t\u00e9cnicas y f\u00edsicas al uso de los datos personales y al acceso a ellos en nuestros servidores. S\u00f3lo los empleados con derechos especiales tienen derecho a acceder a los datos personales en el ejercicio de sus funciones.<\/p>\n<p>Conservamos sus datos personales durante el tiempo que consideramos necesario para que usted pueda utilizar nuestros servicios, podamos prestarle nuestros servicios, como parte del cumplimiento de la legislaci\u00f3n aplicable, para resolver litigios con cualesquiera partes y para otros fines que nos permitan realizar actividades comerciales, incluida la detecci\u00f3n y prevenci\u00f3n de actos fraudulentos u otros actos il\u00edcitos. Esta Pol\u00edtica de Privacidad se aplica a todos los datos personales almacenados por nosotros. Si tiene alguna pregunta sobre el per\u00edodo espec\u00edfico de almacenamiento de un determinado tipo de sus datos personales procesados por nosotros, puede ponerse en contacto con nosotros por correo electr\u00f3nico en support@lax-transfer.com.<\/p>\n<h2>Cambios en la pol\u00edtica de privacidad<\/h2>\n<p>Nos reservamos el derecho de modificar esta Pol\u00edtica de Privacidad en cualquier momento. La Pol\u00edtica de Privacidad actualizada se publica en el sitio web de Lax Transfer con la fecha de la \u00faltima actualizaci\u00f3n. Le notificaremos con antelaci\u00f3n los cambios realizados por correo electr\u00f3nico.<\/p>\n<h1 id=\"cookies-policy\">Cookies<\/h1>\n<p>El servicio Lax Transfer se esfuerza por garantizar que la interacci\u00f3n con nuestro sitio web sea lo m\u00e1s informativa posible y responda a sus intereses. Para ello utilizamos cookies. Creemos que es importante que sepa qu\u00e9 cookies utiliza nuestro sitio web y con qu\u00e9 fines. Esto ayudar\u00e1 a proteger su informaci\u00f3n personal y a garantizar la m\u00e1xima facilidad de uso de nuestro sitio web para el usuario.<\/p>\n<p>Las cookies contienen peque\u00f1as cantidades de informaci\u00f3n y se descargan en su ordenador u otro dispositivo desde el servidor de este sitio web. Cada vez que visita este sitio web, su navegador env\u00eda cookies al servidor para poder identificarle y recordar sus preferencias de usuario. Las cookies pueden utilizarse para diversos fines.<\/p>\n<p>En primer lugar, pueden ser necesarias para el funcionamiento normal del sitio web. Por ejemplo, sin cookies, el sitio web no podr\u00e1 recordar que usted se ha registrado o ha hecho una reserva. Este tipo de cookies se denominan estrictamente necesarias.<\/p>\n<p>En segundo lugar, las cookies son necesarias para analizar el uso y mejorar el sitio web, as\u00ed como para contabilizar el n\u00famero de visitantes. No asociamos las estad\u00edsticas de visitas al sitio web ni otros informes con personas concretas. Este tipo de cookies se denominan cookies anal\u00edticas.<\/p>\n<p>En tercer lugar, las cookies para redes sociales se utilizan para integrar las redes sociales con el sitio web, de modo que pueda utilizar las funciones \"Me gusta\" y \"Compartir\" en su red social favorita.<\/p>\n<p>En cuarto lugar, un importante campo de aplicaci\u00f3n de las cookies es la publicidad en l\u00ednea. Con su ayuda, s\u00f3lo los anuncios que son m\u00e1s \u00fatiles e interesantes para usted se muestran en los sitios web. Estas cookies se denominan adware.<\/p>\n<p>Al utilizar este sitio web, acepta que descarguemos cookies en su ordenador u otro dispositivo. Sin embargo, usted puede gestionar las cookies. Tenga en cuenta que eliminar o bloquear las cookies puede afectar a la interfaz de usuario y algunos componentes de este sitio web pueden dejar de estar disponibles.<\/p>\n<p>Puede encontrar informaci\u00f3n sobre c\u00f3mo desactivar las cookies o cambiar la configuraci\u00f3n de cookies de su navegador haciendo clic en los siguientes enlaces:<\/p>\n<ul>\n<li>Google Chrome:\u00a0<a href=\"http:\/\/support.google.com\/chrome\/answer\/95647\" rel=\"nofollow noopener\" target=\"_blank\">support.google.com\/chrome\/answer\/95647<\/a><\/li>\n<li>Firefox:\u00a0<a href=\"http:\/\/support.mozilla.org\/en-US\/kb\/enable-and-disable-cookies-website-preferences\" rel=\"nofollow noopener\" target=\"_blank\">support.mozilla.org\/en-US\/kb\/enable-and-disable-cookies-website-preferences<\/a><\/li>\n<li>Internet Explorer:\u00a0<a href=\"http:\/\/windows.microsoft.com\/en-GB\/windows-vista\/Block-or-allow-cookies\" rel=\"nofollow noopener\" target=\"_blank\">windows.microsoft.com\/es-GB\/windows-vista\/Block-or-allow-cookies<\/a><\/li>\n<li>Safari:\u00a0<a href=\"http:\/\/help.apple.com\/safari\/mac\/8.0\/#\/sfri11471\" rel=\"nofollow noopener\" target=\"_blank\">help.apple.com\/safari\/mac\/8.0\/#\/sfri11471<\/a><\/li>\n<\/ul>\n<p>La mayor\u00eda de los navegadores le permiten ver las cookies almacenadas en su dispositivo y eliminar o bloquear individualmente las cookies de determinados sitios web o de todos ellos. Tenga en cuenta que cuando elimine todas las cookies, se perder\u00e1n todas sus preferencias, incluida la preferencia de no utilizar cookies, ya que implica la configuraci\u00f3n de una cookie que proporciona este fallo. Encontrar\u00e1 m\u00e1s informaci\u00f3n sobre c\u00f3mo cambiar la configuraci\u00f3n de su navegador para bloquear o filtrar las cookies en\u00a0<a href=\"http:\/\/www.aboutcookies.org\/\" rel=\"nofollow noopener\" target=\"_blank\">http:\/\/www.aboutcookies.org\/<\/a>\u00a0o\u00a0<a href=\"http:\/\/www.cookiecentral.com\/faq\/\" rel=\"nofollow noopener\" target=\"_blank\">http:\/\/www.cookiecentral.com\/faq\/<\/a>.<\/p>\n<p>Tambi\u00e9n podemos utilizar tecnolog\u00eda para rastrear si usted lee, abre o reenv\u00eda a su correo electr\u00f3nico determinados mensajes enviados por nosotros. La finalidad del uso de estas tecnolog\u00edas es hacer que nuestras herramientas de comunicaci\u00f3n sean m\u00e1s \u00fatiles y atractivas para el usuario. En caso de que no desee que recibamos informaci\u00f3n sobre si ha le\u00eddo, abierto o reenviado determinados mensajes de correo electr\u00f3nico, deber\u00e1 cancelar su suscripci\u00f3n. En este caso, no podremos enviarle correos electr\u00f3nicos sin el servicio de seguimiento activado. Tambi\u00e9n puede cancelar su suscripci\u00f3n siguiendo las instrucciones que le enviaremos por correo electr\u00f3nico.<\/p>","protected":false},"excerpt":{"rendered":"<p>Date of Last Revision: May 23rd, 2022 We respect the privacy of our customers and partners with which we work. Please read our Privacy Policy to know what information we&#8230;<\/p>","protected":false},"author":1,"featured_media":0,"parent":0,"menu_order":0,"comment_status":"closed","ping_status":"closed","template":"","meta":{"footnotes":""},"class_list":["post-10473","page","type-page","status-publish"],"_links":{"self":[{"href":"https:\/\/lax-transfer.com\/es\/wp-json\/wp\/v2\/pages\/10473","targetHints":{"allow":["GET"]}}],"collection":[{"href":"https:\/\/lax-transfer.com\/es\/wp-json\/wp\/v2\/pages"}],"about":[{"href":"https:\/\/lax-transfer.com\/es\/wp-json\/wp\/v2\/types\/page"}],"author":[{"embeddable":true,"href":"https:\/\/lax-transfer.com\/es\/wp-json\/wp\/v2\/users\/1"}],"replies":[{"embeddable":true,"href":"https:\/\/lax-transfer.com\/es\/wp-json\/wp\/v2\/comments?post=10473"}],"version-history":[{"count":1,"href":"https:\/\/lax-transfer.com\/es\/wp-json\/wp\/v2\/pages\/10473\/revisions"}],"predecessor-version":[{"id":12487,"href":"https:\/\/lax-transfer.com\/es\/wp-json\/wp\/v2\/pages\/10473\/revisions\/12487"}],"wp:attachment":[{"href":"https:\/\/lax-transfer.com\/es\/wp-json\/wp\/v2\/media?parent=10473"}],"curies":[{"name":"wp","href":"https:\/\/api.w.org\/{rel}","templated":true}]}}