{"id":10765,"date":"2023-03-09T10:01:23","date_gmt":"2023-03-09T07:01:23","guid":{"rendered":"https:\/\/lax-transfer.com\/?page_id=10765"},"modified":"2026-03-25T10:36:08","modified_gmt":"2026-03-25T17:36:08","slug":"about-us","status":"publish","type":"page","link":"https:\/\/lax-transfer.com\/es\/acerca-de-nosotros\/","title":{"rendered":"Qui\u00e9nes somos"},"content":{"rendered":"<div id=\"fws_69e4a94d6f4f7\"  data-column-margin=\"default\" data-midnight=\"dark\"  class=\"wpb_row vc_row-fluid vc_row\"  style=\"padding-top: 0px; padding-bottom: 0px; \"><div class=\"row-bg-wrap\" data-bg-animation=\"none\" data-bg-animation-delay=\"\" data-bg-overlay=\"false\"><div class=\"inner-wrap row-bg-layer\" ><div class=\"row-bg viewport-desktop\"  style=\"\"><\/div><\/div><\/div><div class=\"row_col_wrap_12 col span_12 dark left\">\n\t<div  class=\"vc_col-sm-12 wpb_column column_container vc_column_container col no-extra-padding inherit_tablet inherit_phone\"  data-padding-pos=\"all\" data-has-bg-color=\"false\" data-bg-color=\"\" data-bg-opacity=\"1\" data-animation=\"\" data-delay=\"0\" >\n\t\t<div class=\"vc_column-inner\" >\n\t\t\t<div class=\"wpb_wrapper\">\n\t\t\t\t<div class=\"nectar-split-heading  font_size_2-3vw font_size_phone_20px font_line_height_1-3\" data-align=\"center\" data-m-align=\"inherit\" data-text-effect=\"default\" data-animation-type=\"line-reveal-by-space\" data-animation-delay=\"0\" data-animation-offset=\"\" data-m-rm-animation=\"true\" data-stagger=\"true\" data-custom-font-size=\"true\" style=\"font-size: 2.3vw; line-height: 2.53vw;\"><h1 >GMG Transportation LLC - LAX TRANSFER | \u00a1Bienvenido a nuestra empresa de servicios de traslado al aeropuerto de Los \u00c1ngeles!<\/h1><\/div>\n\t\t\t<\/div> \n\t\t<\/div>\n\t<\/div> \n<\/div><\/div>\n\t\t<div id=\"fws_69e4a94d6f86e\"  data-column-margin=\"default\" data-midnight=\"light\" data-nectar-animate-settings=\"{&quot;animations&quot;:{&quot;desktop&quot;:{&quot;clipPath&quot;:{&quot;start&quot;:&quot;inset(0 14% 0 14% round 20px)&quot;,&quot;end&quot;:&quot;inset(0 0% 0 0% round 0px)&quot;}},&quot;tablet&quot;:{&quot;clipPath&quot;:{&quot;start&quot;:&quot;inset(0 0 0 0 round 0)&quot;,&quot;end&quot;:&quot;inset(0 0 0 0 round 0.1px)&quot;}},&quot;phone&quot;:{&quot;clipPath&quot;:{&quot;start&quot;:&quot;inset(0 0 0 0 round 0)&quot;,&quot;end&quot;:&quot;inset(0 0 0 0 round 0.1px)&quot;}}},&quot;offsets&quot;:{&quot;start&quot;:&quot;0.00&quot;,&quot;end&quot;:&quot;100.00&quot;,&quot;origin&quot;:&quot;top&quot;},&quot;config&quot;:[]}\"  class=\"wpb_row vc_row-fluid vc_row full-width-content vc_row-o-equal-height vc_row-flex vc_row-o-content-top  zindex-set\"  style=\"padding-top: 0px; padding-bottom: 0px;  z-index: 10;\"><div class=\"row-bg-wrap\" data-bg-animation=\"clip-path\" data-bg-animation-delay=\"\" data-bg-overlay=\"false\"><div class=\"inner-wrap row-bg-layer\" ><div class=\"row-bg viewport-desktop\"  style=\"\"><\/div><\/div><div class=\"row-bg-overlay row-bg-layer\" style=\"background:linear-gradient(0deg, rgba(0,0,0,0.478) 0%, rgba(243,243,243,0) 48%);\"><\/div><\/div>\n\t\t\t<div class=\"video-color-overlay row-bg-layer\" data-color=\"\"><\/div>\n\t\t\t\n\t\t\t<div class=\"nectar-video-wrap row-bg-layer\" data-bg-alignment=\"\">\n\t\t\t\t<div class=\"nectar-video-inner\">\n\t\t\t\t<video class=\"nectar-video-bg nectar-lazy-video\" width=\"1800\" height=\"700\" preload=\"auto\" loop autoplay muted playsinline><source data-nectar-video-src=\"https:\/\/lax-transfer.com\/wp-content\/uploads\/2022\/12\/4k_watermark.mp4\"  type=\"video\/mp4\"><\/video>    \t\t<\/div>\n\t\t\t <\/div>\n\n\t\t\t<div class=\"row_col_wrap_12 col span_12 light left\">\n\t<div  class=\"vc_col-sm-12 wpb_column column_container vc_column_container col no-extra-padding el_spacing_0px inherit_tablet inherit_phone\"  data-padding-pos=\"all\" data-has-bg-color=\"false\" data-bg-color=\"\" data-bg-opacity=\"1\" data-animation=\"\" data-delay=\"0\" >\n\t\t<div class=\"vc_column-inner\" >\n\t\t\t<div class=\"wpb_wrapper\">\n\t\t\t\t<div class=\"nectar_video_player_self_hosted wpb_video_widget wpb_content_element vc_clearfix vc_video-aspect-ratio-169 vc_video-el-width-100 vc_video-align-center tablet-aspect-43\" data-border-radius=\"none\" data-shadow=\"none\">\n<div class=\"wpb_wrapper\"><div class=\"wpb_video_wrapper\"><video width=\"1280\" height=\"720\" class=\"nectar-video-self-hosted nectar-lazy-video\" preload=\"auto\" controls controlslist=\"nodownload\" autoplay muted playsinline><source data-nectar-video-src=\"https:\/\/lax-transfer.com\/wp-content\/uploads\/2022\/12\/4k_watermark.mp4\"  type=\"video\/mp4\"><\/video><\/div><\/div><\/div>\n\t\t\t<\/div> \n\t\t<\/div>\n\t<\/div> \n<\/div><\/div>\n\t\t<div id=\"home\"  data-column-margin=\"90px\" data-midnight=\"dark\" data-top-percent=\"4%\" data-bottom-percent=\"1%\"  class=\"wpb_row vc_row-fluid vc_row full-width-section vc_row-o-equal-height vc_row-flex vc_row-o-content-middle  top_padding_tablet_8pct bottom_padding_tablet_8pct\"  style=\"padding-top: calc(100vw * 0.04); padding-bottom: calc(100vw * 0.01); \"><div class=\"row-bg-wrap\" data-bg-animation=\"none\" data-bg-animation-delay=\"\" data-bg-overlay=\"false\"><div class=\"inner-wrap row-bg-layer\" ><div class=\"row-bg viewport-desktop using-bg-color\"  style=\"background-color: #ffffff; \"><\/div><\/div><\/div><div class=\"row_col_wrap_12 col span_12 dark left\">\n\t<div  class=\"vc_col-sm-2\/5 vc_col-xs-12 wpb_column column_container vc_column_container col no-extra-padding inherit_tablet inherit_phone\"  data-padding-pos=\"all\" data-has-bg-color=\"false\" data-bg-color=\"\" data-bg-opacity=\"1\" data-animation=\"\" data-delay=\"0\" >\n\t\t<div class=\"vc_column-inner\" >\n\t\t\t<div class=\"wpb_wrapper\">\n\t\t\t\t<div class=\"img-with-aniamtion-wrap\" data-max-width=\"100%\" data-max-width-mobile=\"default\" data-shadow=\"none\" data-animation=\"none\" >\n      <div class=\"inner\">\n        <div class=\"hover-wrap\"> \n          <div class=\"hover-wrap-inner\">\n            <img loading=\"lazy\" decoding=\"async\" class=\"img-with-animation skip-lazy\" data-delay=\"0\" height=\"1349\" width=\"900\" data-animation=\"none\" src=\"https:\/\/lax-transfer.com\/wp-content\/uploads\/2023\/03\/lax.jpg\" alt=\"lax-transfer\" srcset=\"https:\/\/lax-transfer.com\/wp-content\/uploads\/2023\/03\/lax.jpg 900w, https:\/\/lax-transfer.com\/wp-content\/uploads\/2023\/03\/lax-600x899.jpg 600w, https:\/\/lax-transfer.com\/wp-content\/uploads\/2023\/03\/lax-200x300.jpg 200w, https:\/\/lax-transfer.com\/wp-content\/uploads\/2023\/03\/lax-683x1024.jpg 683w, https:\/\/lax-transfer.com\/wp-content\/uploads\/2023\/03\/lax-768x1151.jpg 768w, https:\/\/lax-transfer.com\/wp-content\/uploads\/2023\/03\/lax-204x306.jpg 204w, https:\/\/lax-transfer.com\/wp-content\/uploads\/2023\/03\/lax-356x533.jpg 356w\" sizes=\"auto, (max-width: 900px) 100vw, 900px\" \/>\n          <\/div>\n        <\/div>\n      <\/div>\n    <\/div>\n\t\t\t<\/div> \n\t\t<\/div>\n\t<\/div> \n\n\t<div style=\"z-index: 100; \" class=\"vc_col-sm-3\/5 vc_col-xs-12 wpb_column column_container vc_column_container col padding-2-percent no-extra-padding_tablet no-extra-padding_phone\"  data-padding-pos=\"right\" data-has-bg-color=\"false\" data-bg-color=\"\" data-bg-opacity=\"1\" data-animation=\"\" data-delay=\"0\" >\n\t\t<div class=\"vc_column-inner\" >\n\t\t\t<div class=\"wpb_wrapper\">\n\t\t\t\t<div id=\"fws_69e4a94d6fff8\" data-midnight=\"\" data-column-margin=\"default\" class=\"wpb_row vc_row-fluid vc_row inner_row\"  style=\"\"><div class=\"row-bg-wrap\"> <div class=\"row-bg\" ><\/div> <\/div><div class=\"row_col_wrap_12_inner col span_12  left\">\n\t<div  class=\"vc_col-sm-12 wpb_column column_container vc_column_container col child_column has-animation no-extra-padding inherit_tablet inherit_phone\"   data-padding-pos=\"all\" data-has-bg-color=\"false\" data-bg-color=\"\" data-bg-opacity=\"1\" data-animation=\"fade-in-from-bottom\" data-delay=\"0\" >\n\t\t<div class=\"vc_column-inner\" >\n\t\t<div class=\"wpb_wrapper\">\n\t\t\t\n<div class=\"wpb_text_column wpb_content_element\" >\n\t<div class=\"wpb_wrapper\">\n\t\t<div class=\"wpb_text_column wpb_content_element vc_custom_1678352726991\">\n<div class=\"wpb_wrapper\">\n<h3>Somos un equipo de profesionales del transporte dedicados a proporcionar un servicio excepcional a nuestros clientes.<\/h3>\n<\/div>\n<\/div>\n<p class=\"vc_custom_heading\">Puede solicitar un traslado en Los \u00c1ngeles desde el Aeropuerto o la ciudad a muchas empresas, pero s\u00f3lo con nosotros recibir\u00e1 un servicio de alta calidad gracias a nuestro equipo de profesionales y a nuestros c\u00f3modos coches. Nuestra flota es moderna, bien mantenida y equipada con la \u00faltima tecnolog\u00eda para garantizar su seguridad y comodidad. Nuestros conductores con amplia experiencia de conducci\u00f3n en la ciudad de Los \u00c1ngeles le llevar\u00e1n a su destino de forma r\u00e1pida y eficiente.<\/p>\n<p class=\"vc_custom_heading\">Ser\u00e1 mucho m\u00e1s c\u00f3modo reservar un traslado en Los \u00c1ngeles con antelaci\u00f3n - Sabr\u00e1 el coste exacto del viaje de un lugar a otro, podr\u00e1 elegir la clase y marca del coche, comprobar la disponibilidad de asientos para ni\u00f1os (si es necesario, varios), y tambi\u00e9n pedir un traslado de grupo.<\/p>\n<p class=\"vc_custom_heading\">Para reservar un traslado con nosotros, s\u00f3lo tiene que rellenar el formulario de la p\u00e1gina web, seleccionar un coche e introducir sus datos para que podamos ponernos en contacto con usted.<\/p>\n<p class=\"vc_custom_heading\">Nuestra empresa lleva muchos a\u00f1os dedic\u00e1ndose al traslado de pasajeros en Los \u00c1ngeles. Para nosotros es importante ofrecer un servicio de alta calidad y hemos ganado una reputaci\u00f3n como un socio fiable y de clase alta. Nos especializamos en la prestaci\u00f3n de servicios de transporte para todas las categor\u00edas de ciudadanos en Los \u00c1ngeles y no importa si vinieron a trabajar o de vacaciones.<\/p>\n<p class=\"vc_custom_heading\">En nuestra empresa puede pedir un traslado desde LAX, BUR, VNY y SMO servicios de conductor privado o transporte de grupo. Nuestra empresa ofrece varias opciones de traslado en Los \u00c1ngeles, de acuerdo con sus peticiones y necesidades. Valoramos su opini\u00f3n y damos prioridad a la satisfacci\u00f3n del cliente.<\/p>\n<p class=\"vc_custom_heading\">Puede solicitar un traslado al aeropuerto para tomar el vuelo sin demora o, por el contrario, tras un tedioso vuelo, llegar c\u00f3modamente a su destino. Lo m\u00e1s habitual es reservar traslados entre aeropuertos y hoteles para no perder tiempo buscando una parada de autob\u00fas o un taxi durante las vacaciones.<\/p>\n\t<\/div>\n<\/div>\n\n\n\n\n\t\t<\/div> \n\t<\/div>\n\t<\/div> \n<\/div><\/div>\n\t\t\t<\/div> \n\t\t<\/div>\n\t<\/div> \n<\/div><\/div>\n\t\t<div id=\"home\"  data-column-margin=\"90px\" data-midnight=\"dark\" data-top-percent=\"3%\" data-bottom-percent=\"3%\"  class=\"wpb_row vc_row-fluid vc_row full-width-section vc_row-o-equal-height vc_row-flex vc_row-o-content-middle  top_padding_tablet_8pct bottom_padding_tablet_8pct\"  style=\"padding-top: calc(100vw * 0.03); padding-bottom: calc(100vw * 0.03); \"><div class=\"row-bg-wrap\" data-bg-animation=\"none\" data-bg-animation-delay=\"\" data-bg-overlay=\"false\"><div class=\"inner-wrap row-bg-layer\" ><div class=\"row-bg viewport-desktop using-bg-color\"  style=\"background-color: #ffffff; \"><\/div><\/div><\/div><div class=\"row_col_wrap_12 col span_12 dark left\">\n\t<div style=\"z-index: 100; \" class=\"vc_col-sm-3\/5 vc_col-xs-12 wpb_column column_container vc_column_container col padding-2-percent no-extra-padding_tablet no-extra-padding_phone\"  data-padding-pos=\"right\" data-has-bg-color=\"false\" data-bg-color=\"\" data-bg-opacity=\"1\" data-animation=\"\" data-delay=\"0\" >\n\t\t<div class=\"vc_column-inner\" >\n\t\t\t<div class=\"wpb_wrapper\">\n\t\t\t\t<div id=\"fws_69e4a94d70495\" data-midnight=\"\" data-column-margin=\"default\" class=\"wpb_row vc_row-fluid vc_row inner_row\"  style=\"\"><div class=\"row-bg-wrap\"> <div class=\"row-bg\" ><\/div> <\/div><div class=\"row_col_wrap_12_inner col span_12  left\">\n\t<div  class=\"vc_col-sm-12 wpb_column column_container vc_column_container col child_column has-animation no-extra-padding inherit_tablet inherit_phone\"   data-padding-pos=\"all\" data-has-bg-color=\"false\" data-bg-color=\"\" data-bg-opacity=\"1\" data-animation=\"fade-in-from-bottom\" data-delay=\"0\" >\n\t\t<div class=\"vc_column-inner\" >\n\t\t<div class=\"wpb_wrapper\">\n\t\t\t\n<div class=\"wpb_text_column wpb_content_element\" >\n\t<div class=\"wpb_wrapper\">\n\t\t<p>\u00bfEst\u00e1 planeando un viaje a Los \u00c1ngeles y necesita un servicio de traslado al aeropuerto fiable y eficaz? No busque m\u00e1s all\u00e1 de nuestra empresa, que ofrece transporte de primera categor\u00eda desde y hacia el aeropuerto de Los \u00c1ngeles.<\/p>\n<p>Nuestro equipo de conductores experimentados y nuestra moderna flota de veh\u00edculos garantizan que llegue a su destino con estilo y comodidad. Ofrecemos una variedad de servicios, incluyendo traslados privados, transporte compartido y limusinas de lujo.<\/p>\n<p>Nuestro servicio de traslado privado es perfecto para quienes desean atenci\u00f3n personalizada y privacidad. Le recogeremos en el aeropuerto y le llevaremos directamente a su destino sin paradas por el camino.<\/p>\n<p>Para aquellos que buscan una experiencia m\u00e1s lujosa, ofrecemos una gama de coches de lujo que son perfectos para ocasiones especiales o viajes de negocios. Nuestros experimentados ch\u00f3feres se asegurar\u00e1n de que llegue a su destino a tiempo y con estilo.<\/p>\n<p>Nuestros socios en todo el mundo son\u00a0 <a href=\"https:\/\/www.booking.com\/\" rel=\"nofollow noopener\" target=\"_blank\">Reservas<\/a> , <a href=\"https:\/\/kiwitaxi.com\/\" rel=\"nofollow noopener\" target=\"_blank\">Kiwitaxi<\/a> , <a href=\"https:\/\/www.mozio.com\/en-us\/\" rel=\"nofollow noopener\" target=\"_blank\">Mozio<\/a>, <a href=\"https:\/\/www.dottransfers.com\/\" rel=\"nofollow noopener\" target=\"_blank\">DotTransfers<\/a>, <a href=\"https:\/\/www.mytransfers.com\/en\/\" rel=\"nofollow noopener\" target=\"_blank\">MisTransferencias<\/a> , <a href=\"https:\/\/www.jayride.com\/hotel-transfer\/united-states\/embassy-suites-91203-los-angeles-county?srsltid=AfmBOoqXClvOg9Q9u6RvF47XpilpiXAhvf6AHMxHo6X6XZTDYRYijqzl\" rel=\"nofollow noopener\" target=\"_blank\">Jayride<\/a> , <a href=\"https:\/\/busfer.com\/\" rel=\"nofollow noopener\" target=\"_blank\">Busfer<\/a> , <a href=\"https:\/\/limotak.com\/new_order\" rel=\"nofollow noopener\" target=\"_blank\">Limotak<\/a> , <a href=\"https:\/\/city-airport-taxis.com\/?utm_source=Google&amp;utm_medium=GoogleAds&amp;utm_campaign=68248350&amp;source=google&amp;medium=cpc&amp;utm_campaign=68248350&amp;q=&amp;adgroupid=128988148012&amp;match=&amp;gad_source=1&amp;gclid=Cj0KCQiAvbm7BhC5ARIsAFjwNHsW8gamgIlbbeZTr494ikR0IJHv-SjgNqDsYuqIJvuoxVlireU7eqUaAm1EEALw_wcB\" rel=\"nofollow noopener\" target=\"_blank\">CiudadAeropuertoTaxi<\/a> , <a href=\"https:\/\/airportstaxitransfers.com\/transportation\/taxi\/Los-Angeles-Transfers\" rel=\"nofollow noopener\" target=\"_blank\">AeropuertosTaxiTransfers<\/a> , <a href=\"https:\/\/gettransfer.com\/en\" rel=\"nofollow noopener\" target=\"_blank\">GetTransfer<\/a> ,<a href=\"https:\/\/iway.io\/\" rel=\"nofollow noopener\" target=\"_blank\"> i'wai<\/a> , <a href=\"https:\/\/citytransfers.eu\/\" rel=\"follow nofollow noopener\" target=\"_blank\">CityTransfers<\/a> , <a href=\"https:\/\/www.getyourguide.com\/-s513908\" rel=\"nofollow noopener\" target=\"_blank\">GetYourGuide<\/a> , <a href=\"https:\/\/atobtransfer.com\/\" rel=\"nofollow noopener\" target=\"_blank\">AtoBtransfer<\/a> , <a href=\"https:\/\/airfrance.hertzdriveu.com\/en-us\" rel=\"nofollow noopener\" target=\"_blank\">Hertzdriveu<\/a> , <a href=\"https:\/\/viatovia.com\/\" rel=\"nofollow noopener\" target=\"_blank\">Viatovia<\/a>, <a href=\"https:\/\/mobility.cartrawler.com\/emirates\/en-US\/\" rel=\"nofollow noopener\" target=\"_blank\">Emiratos<\/a> , <a href=\"https:\/\/limowide.com\/\" rel=\"nofollow noopener\" target=\"_blank\">Limowide<\/a> ,\u00a0<a href=\"http:\/\/www.polittan.com\" rel=\"nofollow noopener\" target=\"_blank\">Polittan<\/a> ,\u00a0<a href=\"https:\/\/gomakto.com\/\" rel=\"nofollow noopener\" target=\"_blank\">Gomakto<\/a> , <a href=\"https:\/\/www.ecosmobility.com\/\" rel=\"nofollow noopener\" target=\"_blank\">ECO Mobility<\/a> , <a href=\"https:\/\/djoubo.eu\/en\/taxi-companies\/\" rel=\"nofollow noopener\" target=\"_blank\">Djoubo<\/a> , <a href=\"https:\/\/www.bookaway.com\/?gad_source=1&amp;gclid=Cj0KCQiAvbm7BhC5ARIsAFjwNHsyHHklv-majEAnxCIaVjmAC_ZOQ59eGh3RsXGJ-YKKWAVzneOOd2oaAg3-EALw_wcB\" rel=\"nofollow noopener\" target=\"_blank\">Bookaway<\/a> , <a href=\"https:\/\/12go.asia\/en\" rel=\"nofollow noopener\" target=\"_blank\">12Go...<\/a><\/p>\n<p>&#8230;<\/p>\n<p>En nuestra empresa, nos enorgullecemos de ofrecer el m\u00e1s alto nivel de servicio al cliente. Nuestro personal amable y bien informado est\u00e1 disponible 24\/7 para responder a cualquier pregunta o inquietud que pueda tener.<\/p>\n<p>Reserve hoy mismo su traslado al aeropuerto de Los \u00c1ngeles con nosotros y experimente la comodidad y el confort de nuestros servicios.<\/p>\n\t<\/div>\n<\/div>\n\n\n\n\n\t<div class=\"wpb_raw_code wpb_content_element wpb_raw_html\" >\n\t\t<div class=\"wpb_wrapper\">\n\t\t\t<a href=\"https:\/\/www.getyourguide.com\/-s513908\" rel=\"nofollow noopener\" target=\"_blank\"><img decoding=\"async\" src=\"https:\/\/lax-transfer.com\/wp-content\/uploads\/2022\/12\/6a52159c.png\" width=\"40px\" height=\"auto\" style=\"border: 1px solid #c6c8d0\" alt=\"GetYourGuide | GMG Transportation LLC\" \/><\/a>\n\t\t<\/div>\n\t<\/div>\n\n\t\t<\/div> \n\t<\/div>\n\t<\/div> \n<\/div><\/div>\n\t\t\t<\/div> \n\t\t<\/div>\n\t<\/div> \n\n\t<div  class=\"vc_col-sm-2\/5 vc_col-xs-12 wpb_column column_container vc_column_container col no-extra-padding inherit_tablet inherit_phone\"  data-padding-pos=\"all\" data-has-bg-color=\"false\" data-bg-color=\"\" data-bg-opacity=\"1\" data-animation=\"\" data-delay=\"0\" >\n\t\t<div class=\"vc_column-inner\" >\n\t\t\t<div class=\"wpb_wrapper\">\n\t\t\t\t<div class=\"img-with-aniamtion-wrap\" data-max-width=\"100%\" data-max-width-mobile=\"default\" data-shadow=\"none\" data-animation=\"none\" >\n      <div class=\"inner\">\n        <div class=\"hover-wrap\"> \n          <div class=\"hover-wrap-inner\">\n            <img loading=\"lazy\" decoding=\"async\" class=\"img-with-animation skip-lazy\" data-delay=\"0\" height=\"1353\" width=\"900\" data-animation=\"none\" src=\"https:\/\/lax-transfer.com\/wp-content\/uploads\/2023\/03\/lax2.jpg\" alt=\"\" srcset=\"https:\/\/lax-transfer.com\/wp-content\/uploads\/2023\/03\/lax2.jpg 900w, https:\/\/lax-transfer.com\/wp-content\/uploads\/2023\/03\/lax2-600x902.jpg 600w, https:\/\/lax-transfer.com\/wp-content\/uploads\/2023\/03\/lax2-200x300.jpg 200w, https:\/\/lax-transfer.com\/wp-content\/uploads\/2023\/03\/lax2-681x1024.jpg 681w, https:\/\/lax-transfer.com\/wp-content\/uploads\/2023\/03\/lax2-768x1155.jpg 768w, https:\/\/lax-transfer.com\/wp-content\/uploads\/2023\/03\/lax2-204x306.jpg 204w, https:\/\/lax-transfer.com\/wp-content\/uploads\/2023\/03\/lax2-355x533.jpg 355w\" sizes=\"auto, (max-width: 900px) 100vw, 900px\">\n          <\/div>\n        <\/div>\n      <\/div>\n    <\/div>\n\t\t\t<\/div> \n\t\t<\/div>\n\t<\/div> \n<\/div><\/div>","protected":false},"excerpt":{"rendered":"GMG Transportation LLC - LAX TRANSFER | \u00a1Bienvenido a nuestra empresa de servicios de traslado al aeropuerto de Los \u00c1ngeles! Somos un equipo de profesionales del transporte dedicados a proporcionar un servicio excepcional a...","protected":false},"author":1,"featured_media":11992,"parent":0,"menu_order":0,"comment_status":"closed","ping_status":"closed","template":"","meta":{"footnotes":""},"class_list":["post-10765","page","type-page","status-publish","has-post-thumbnail"],"_links":{"self":[{"href":"https:\/\/lax-transfer.com\/es\/wp-json\/wp\/v2\/pages\/10765","targetHints":{"allow":["GET"]}}],"collection":[{"href":"https:\/\/lax-transfer.com\/es\/wp-json\/wp\/v2\/pages"}],"about":[{"href":"https:\/\/lax-transfer.com\/es\/wp-json\/wp\/v2\/types\/page"}],"author":[{"embeddable":true,"href":"https:\/\/lax-transfer.com\/es\/wp-json\/wp\/v2\/users\/1"}],"replies":[{"embeddable":true,"href":"https:\/\/lax-transfer.com\/es\/wp-json\/wp\/v2\/comments?post=10765"}],"version-history":[{"count":29,"href":"https:\/\/lax-transfer.com\/es\/wp-json\/wp\/v2\/pages\/10765\/revisions"}],"predecessor-version":[{"id":13347,"href":"https:\/\/lax-transfer.com\/es\/wp-json\/wp\/v2\/pages\/10765\/revisions\/13347"}],"wp:featuredmedia":[{"embeddable":true,"href":"https:\/\/lax-transfer.com\/es\/wp-json\/wp\/v2\/media\/11992"}],"wp:attachment":[{"href":"https:\/\/lax-transfer.com\/es\/wp-json\/wp\/v2\/media?parent=10765"}],"curies":[{"name":"wp","href":"https:\/\/api.w.org\/{rel}","templated":true}]}}