{"id":11295,"date":"2023-07-15T12:56:38","date_gmt":"2023-07-15T19:56:38","guid":{"rendered":"https:\/\/lax-transfer.com\/?page_id=11295"},"modified":"2025-01-02T10:10:27","modified_gmt":"2025-01-02T18:10:27","slug":"advantages","status":"publish","type":"page","link":"https:\/\/lax-transfer.com\/es\/ventajas\/","title":{"rendered":"Ventajas"},"content":{"rendered":"<div id=\"fws_69e736b695606\"  data-column-margin=\"default\" data-midnight=\"dark\" data-top-percent=\"1%\" data-bottom-percent=\"1%\"  class=\"wpb_row vc_row-fluid vc_row\"  style=\"padding-top: calc(100vw * 0.01); padding-bottom: calc(100vw * 0.01); \"><div class=\"row-bg-wrap\" data-bg-animation=\"none\" data-bg-animation-delay=\"\" data-bg-overlay=\"false\"><div class=\"inner-wrap row-bg-layer\" ><div class=\"row-bg viewport-desktop\"  style=\"\"><\/div><\/div><\/div><div class=\"row_col_wrap_12 col span_12 dark left\">\n\t<div  class=\"vc_col-sm-12 wpb_column column_container vc_column_container col no-extra-padding inherit_tablet inherit_phone\"  data-padding-pos=\"all\" data-has-bg-color=\"false\" data-bg-color=\"\" data-bg-opacity=\"1\" data-animation=\"\" data-delay=\"0\" >\n\t\t<div class=\"vc_column-inner\" >\n\t\t\t<div class=\"wpb_wrapper\">\n\t\t\t\t<div class=\"nectar-split-heading\" data-align=\"default\" data-m-align=\"inherit\" data-text-effect=\"default\" data-animation-type=\"line-reveal-by-space\" data-animation-delay=\"0\" data-animation-offset=\"\" data-m-rm-animation=\"\" data-stagger=\"\" data-custom-font-size=\"false\" ><h2 >Ventajas<\/h2><\/div>\n<div class=\"wpb_text_column wpb_content_element\" >\n\t<div class=\"wpb_wrapper\">\n\t\t<p>Experimente la comodidad de nuestros fiables servicios de traslado del aeropuerto al hotel, que atienden tanto a particulares como a grupos. Desde taxis en LAX hasta traslados privados, nuestra empresa ofrece tarifas asequibles y un servicio excepcional, somos su agencia de referencia para traslados baratos al aeropuerto de Los \u00c1ngeles.<\/p>\n\t<\/div>\n<\/div>\n\n\n\n<div id=\"fws_69e736b695b9d\" data-midnight=\"\" data-column-margin=\"default\" class=\"wpb_row vc_row-fluid vc_row inner_row\"  style=\"\"><div class=\"row-bg-wrap\"> <div class=\"row-bg\" ><\/div> <\/div><div class=\"row_col_wrap_12_inner col span_12  left\">\n\t<div  class=\"vc_col-sm-6 wpb_column column_container vc_column_container col child_column no-extra-padding inherit_tablet inherit_phone\"   data-padding-pos=\"all\" data-has-bg-color=\"false\" data-bg-color=\"\" data-bg-opacity=\"1\" data-animation=\"\" data-delay=\"0\" >\n\t\t<div class=\"vc_column-inner\" >\n\t\t<div class=\"wpb_wrapper\">\n\t\t\t\n<div class=\"wpb_text_column wpb_content_element\" >\n\t<div class=\"wpb_wrapper\">\n\t\t<p><strong>El traslado se reserva con antelaci\u00f3n <\/strong><\/p>\n<p>El transportista sabe de antemano cu\u00e1ndo llega usted al aeropuerto: el taxi ya le estar\u00e1 esperando en la parada, y el taxista se reunir\u00e1 con usted tan cerca de la zona de llegadas como permitan las normas del aeropuerto. Lo mismo se aplica a los traslados desde estaciones de tren y hoteles: el conductor le estar\u00e1 esperando en el lugar especificado, con un cartel con el nombre del cliente; es una norma de nuestro servicio. Es posible pedir un taxi local al aeropuerto por poco dinero (las tarifas de los taxis suelen ser m\u00e1s bajas que las de los traslados), pero tendr\u00e1 que esperar al taxi y luego buscarlo, lo que puede llevarle 30 minutos m\u00e1s que en caso de reserva previa. La ley no exige que las empresas de taxis proporcionen sillas de seguridad para ni\u00f1os.<\/p>\n<p><strong>El coche de una clase elegida <\/strong><\/p>\n<p>O de una clase superior. La capacidad se conoce de antemano: cu\u00e1ntas personas pueden viajar y cu\u00e1ntas maletas de tama\u00f1o est\u00e1ndar caben. Al reservar un taxi desde el aeropuerto a trav\u00e9s de una app local, esto no siempre se puede predecir.<\/p>\n<p><strong>Traslados desde y hacia el aeropuerto LAX<\/strong><\/p>\n<p>Elija nuestro servicio de taxi de aeropuerto para viajar sin problemas desde y hacia LAX. Para las familias, proporcionamos coches de aeropuerto laxos dando prioridad a la seguridad. Conf\u00ede en nosotros como el mejor servicio de taxi y coche para su viaje a LAX. Explore nuestro servicio Super Disneyland o lleve a nuestro chofer de LAX a Hollywood para un viaje divertido y conveniente. Disfrute de nuestro servicio de recogida en LAX para una llegada sin estr\u00e9s. Para traslados al aeropuerto de Los Angeles lax, proporcionamos traslados fiables.<\/p>\n<p>Nuestros servicios de taxi del aeropuerto de Lax garantizan un transporte puntual. Suba de categor\u00eda al lujo con nuestros servicios premium de traslado al aeropuerto de Los \u00c1ngeles. Tenemos opci\u00f3n especial para traslados en coche privado en Los \u00c1ngeles para una experiencia personalizada y c\u00f3moda.<\/p>\n\t<\/div>\n<\/div>\n\n\n\n\n\t\t<\/div> \n\t<\/div>\n\t<\/div> \n\n\t<div  class=\"vc_col-sm-6 wpb_column column_container vc_column_container col child_column no-extra-padding inherit_tablet inherit_phone\"   data-padding-pos=\"all\" data-has-bg-color=\"false\" data-bg-color=\"\" data-bg-opacity=\"1\" data-animation=\"\" data-delay=\"0\" >\n\t\t<div class=\"vc_column-inner\" >\n\t\t<div class=\"wpb_wrapper\">\n\t\t\t\n<div class=\"wpb_text_column wpb_content_element\" >\n\t<div class=\"wpb_wrapper\">\n\t\t<p><strong>No es necesario comunicarse con un conductor<\/strong><\/p>\n<p>Todo sobre el viaje se sabe de antemano, as\u00ed que si no hablas el idioma o no est\u00e1s de humor, no hace falta que hables. Un conductor con un cartel con el nombre del pasajero le recoger\u00e1 en el lugar indicado y el resto se registra en un bono. Es probable que tenga que discutir con un taxista local sobre el precio de un taxi desde el aeropuerto; en un idioma extranjero, es posible que no consiga regatear con \u00e9xito.<\/p>\n<p><strong>Puede hacer una peque\u00f1a excursi\u00f3n<\/strong><\/p>\n<p>Disfrute de la comodidad de nuestro servicio de bienvenida en el aeropuerto LAX, que le garantiza una c\u00e1lida bienvenida y una transici\u00f3n sin problemas a su transporte. Nuestros conductores profesionales y veh\u00edculos modernos garantizan que su viaje sea c\u00f3modo y sin complicaciones.<\/p>\n<p>Intentamos asignar conductores que hablen ingl\u00e9s a las reservas. As\u00ed, podr\u00e1 preguntarle f\u00e1cilmente sobre el pa\u00eds y la ciudad. El traslado, en primer lugar, es un servicio tur\u00edstico. Los conductores profesionales lo entienden y hacen todo lo posible para que el turista disfrute de su tiempo durante el viaje.<\/p>\n<p><strong>Taxi al aeropuerto a un precio fijo<\/strong><\/p>\n<p>Reserve ahora para un traslado suave y eficiente desde el aeropuerto de Los \u00c1ngeles a su hotel o cualquier destino en Los \u00c1ngeles. Nuestros traslados de A a B, incluyendo el servicio premium de coche negro y traslados al aeropuerto JSX, garantizan una experiencia de viaje de lujo. Tambi\u00e9n nos especializamos en traslados desde y hacia Disneyland, Hollywood y otros lugares populares.<\/p>\n<p>El pago es posible en una moneda favorable en el sitio web. Las tarifas de nuestro servicio se conocen de antemano. Despu\u00e9s de hacer una reserva, el precio no cambiar\u00e1, no importa cu\u00e1nto tiempo quede antes del viaje. Para un viaje en transporte p\u00fablico o taxi local desde el aeropuerto, tendr\u00e1 que cambiar moneda a su llegada, y el precio no se conoce de antemano.<\/p>\n<p>Para la mejor agencia de traslados al aeropuerto de Los \u00c1ngeles, el\u00edjanos para un servicio puerta a puerta que satisfaga sus necesidades espec\u00edficas. Con nuestros traslados de lujo al aeropuerto y servicios privados de taxi y coche, su experiencia de transporte en Los \u00c1ngeles ser\u00e1 nada menos que excepcional.<\/p>\n\t<\/div>\n<\/div>\n\n\n\n\n\t\t<\/div> \n\t<\/div>\n\t<\/div> \n<\/div><\/div>\n\t\t\t<\/div> \n\t\t<\/div>\n\t<\/div> \n<\/div><\/div>\n\t\t<div id=\"fws_69e736b696318\"  data-column-margin=\"default\" data-midnight=\"dark\" data-top-percent=\"7%\" data-bottom-percent=\"2%\"  class=\"wpb_row vc_row-fluid vc_row\"  style=\"padding-top: calc(100vw * 0.07); padding-bottom: calc(100vw * 0.02); \"><div class=\"row-bg-wrap\" data-bg-animation=\"none\" data-bg-animation-delay=\"\" data-bg-overlay=\"false\"><div class=\"inner-wrap row-bg-layer\" ><div class=\"row-bg viewport-desktop using-bg-color\"  style=\"background-color: #ffffff; \"><\/div><\/div><\/div><div class=\"row_col_wrap_12 col span_12 dark left\">\n\t<div  class=\"vc_col-sm-12 wpb_column column_container vc_column_container col no-extra-padding inherit_tablet inherit_phone\"  data-padding-pos=\"all\" data-has-bg-color=\"false\" data-bg-color=\"\" data-bg-opacity=\"1\" data-animation=\"\" data-delay=\"0\" >\n\t\t<div class=\"vc_column-inner\" >\n\t\t\t<div class=\"wpb_wrapper\">\n\t\t\t\t<div id=\"fws_69e736b696493\" data-midnight=\"\" data-column-margin=\"default\" class=\"wpb_row vc_row-fluid vc_row inner_row\"  style=\"\"><div class=\"row-bg-wrap\"> <div class=\"row-bg\" ><\/div> <\/div><div class=\"row_col_wrap_12_inner col span_12  left\">\n\t<div  class=\"vc_col-sm-12 wpb_column column_container vc_column_container col child_column no-extra-padding inherit_tablet inherit_phone\"   data-padding-pos=\"all\" data-has-bg-color=\"false\" data-bg-color=\"\" data-bg-opacity=\"1\" data-animation=\"\" data-delay=\"0\" >\n\t\t<div class=\"vc_column-inner\" >\n\t\t<div class=\"wpb_wrapper\">\n\t\t\t<div class=\"nectar-split-heading\" data-align=\"default\" data-m-align=\"center\" data-text-effect=\"default\" data-animation-type=\"line-reveal-by-space\" data-animation-delay=\"0\" data-animation-offset=\"\" data-m-rm-animation=\"\" data-stagger=\"\" data-custom-font-size=\"false\" ><h2 >C\u00f3mo funciona el servicio<\/h2><\/div>\n\t\t<\/div> \n\t<\/div>\n\t<\/div> \n<\/div><\/div><div id=\"fws_69e736b696640\" data-midnight=\"\" data-column-margin=\"default\" class=\"wpb_row vc_row-fluid vc_row inner_row\"  style=\"\"><div class=\"row-bg-wrap\"> <div class=\"row-bg\" ><\/div> <\/div><div class=\"row_col_wrap_12_inner col span_12  left\">\n\t<div  class=\"vc_col-sm-4 wpb_column column_container vc_column_container col child_column centered-text has-animation no-extra-padding force-desktop-text-align-center inherit_tablet inherit_phone\"   data-padding-pos=\"top\" data-has-bg-color=\"false\" data-bg-color=\"\" data-bg-opacity=\"1\" data-animation=\"fade-in-from-bottom\" data-delay=\"0\" >\n\t\t<div class=\"vc_column-inner\" >\n\t\t<div class=\"wpb_wrapper\">\n\t\t\t<div class=\"nectar_icon_wrap\" data-style=\"shadow-bg\" data-padding=\"10px\" data-color=\"accent-color\" style=\"margin-bottom: 30px; \" >\n\t\t<div class=\"nectar_icon\" ><i style=\"font-size: 50px; line-height: 75px; height: 75px; width: 75px;\" class=\"fa fa-car\"><\/i><\/div>\n\t<\/div>\n<div class=\"wpb_text_column wpb_content_element\" >\n\t<div class=\"wpb_wrapper\">\n\t\t<h4 style=\"text-align: center;\">Usted elige la ruta y un coche<\/h4>\n<p style=\"text-align: center;\">Puede solicitar un veh\u00edculo de cualquier capacidad, desde un sed\u00e1n econ\u00f3mico hasta un minib\u00fas de 13 plazas.<\/p>\n\t<\/div>\n<\/div>\n\n\n\n\n\t\t<\/div> \n\t<\/div>\n\t<\/div> \n\n\t<div  class=\"vc_col-sm-4 wpb_column column_container vc_column_container col child_column centered-text has-animation no-extra-padding force-desktop-text-align-center inherit_tablet inherit_phone\"   data-padding-pos=\"top\" data-has-bg-color=\"false\" data-bg-color=\"\" data-bg-opacity=\"1\" data-animation=\"fade-in-from-bottom\" data-delay=\"100\" >\n\t\t<div class=\"vc_column-inner\" >\n\t\t<div class=\"wpb_wrapper\">\n\t\t\t<div class=\"nectar_icon_wrap\" data-style=\"shadow-bg\" data-padding=\"10px\" data-color=\"accent-color\" style=\"margin-bottom: 30px; \" >\n\t\t<div class=\"nectar_icon\" ><i style=\"font-size: 50px; line-height: 75px; height: 75px; width: 75px;\" class=\"fa fa-credit-card\"><\/i><\/div>\n\t<\/div>\n<div class=\"wpb_text_column wpb_content_element\" >\n\t<div class=\"wpb_wrapper\">\n\t\t<h4 style=\"text-align: center;\">Rellene el formulario de reserva<br \/>\ny elija un m\u00e9todo de pago<\/h4>\n<p style=\"text-align: center;\">Especifique la fecha y hora de recogida y elija un m\u00e9todo de pago. Despu\u00e9s de reservar, recibir\u00e1s un correo electr\u00f3nico con el bono.<\/p>\n\t<\/div>\n<\/div>\n\n\n\n\n\t\t<\/div> \n\t<\/div>\n\t<\/div> \n\n\t<div  class=\"vc_col-sm-4 wpb_column column_container vc_column_container col child_column centered-text has-animation no-extra-padding force-desktop-text-align-center inherit_tablet inherit_phone\"   data-padding-pos=\"top\" data-has-bg-color=\"false\" data-bg-color=\"\" data-bg-opacity=\"1\" data-animation=\"fade-in-from-bottom\" data-delay=\"200\" >\n\t\t<div class=\"vc_column-inner\" >\n\t\t<div class=\"wpb_wrapper\">\n\t\t\t<div class=\"nectar_icon_wrap\" data-style=\"shadow-bg\" data-padding=\"10px\" data-color=\"accent-color\" style=\"margin-bottom: 30px; \" >\n\t\t<div class=\"nectar_icon\" ><i style=\"font-size: 50px; line-height: 75px; height: 75px; width: 75px;\" class=\"fa fa-id-card-o\"><\/i><\/div>\n\t<\/div>\n<div class=\"wpb_text_column wpb_content_element\" >\n\t<div class=\"wpb_wrapper\">\n\t\t<h4 style=\"text-align: center;\">El conductor se re\u00fane con usted<br \/>\ncon una placa en el aeropuerto<\/h4>\n<p style=\"text-align: center;\">A la hora indicada, el conductor le estar\u00e1 esperando in situ. Le acompa\u00f1ar\u00e1 hasta el coche y le llevar\u00e1 al hotel.<\/p>\n\t<\/div>\n<\/div>\n\n\n\n\n\t\t<\/div> \n\t<\/div>\n\t<\/div> \n<\/div><\/div>\n\t\t\t<\/div> \n\t\t<\/div>\n\t<\/div> \n<\/div><\/div>\n\t\t<div id=\"fws_69e736b697d02\"  data-column-margin=\"default\" data-midnight=\"dark\"  class=\"wpb_row vc_row-fluid vc_row\"  style=\"padding-top: 0px; padding-bottom: 0px; \"><div class=\"row-bg-wrap\" data-bg-animation=\"none\" data-bg-animation-delay=\"\" data-bg-overlay=\"false\"><div class=\"inner-wrap row-bg-layer\" ><div class=\"row-bg viewport-desktop\"  style=\"\"><\/div><\/div><\/div><div class=\"row_col_wrap_12 col span_12 dark left\">\n\t<div  class=\"vc_col-sm-12 wpb_column column_container vc_column_container col no-extra-padding inherit_tablet inherit_phone\"  data-padding-pos=\"all\" data-has-bg-color=\"false\" data-bg-color=\"\" data-bg-opacity=\"1\" data-animation=\"\" data-delay=\"0\" >\n\t\t<div class=\"vc_column-inner\" >\n\t\t\t<div class=\"wpb_wrapper\">\n\t\t\t\t\n<div class=\"wpb_text_column wpb_content_element\" >\n\t<div class=\"wpb_wrapper\">\n\t\t<p>Si viaja por negocios, le ofrecemos una experiencia de transporte c\u00f3moda y sin complicaciones. Nuestros traslados privados al aeropuerto de Los \u00c1ngeles garantizan un viaje sin estr\u00e9s, mientras que nuestra flota de taxis equipados con sillas de coche para ni\u00f1os prioriza la seguridad de los m\u00e1s peque\u00f1os.<\/p>\n\t<\/div>\n<\/div>\n\n\n\n\n\t\t\t<\/div> \n\t\t<\/div>\n\t<\/div> \n<\/div><\/div>","protected":false},"excerpt":{"rendered":"Ventajas Experimente la comodidad de nuestros fiables servicios de traslado del aeropuerto al hotel, que atienden tanto a particulares como a grupos. Desde taxi LAX a traslados privados, nuestra empresa ofrece tarifas asequibles y...","protected":false},"author":1,"featured_media":10949,"parent":0,"menu_order":0,"comment_status":"closed","ping_status":"closed","template":"","meta":{"footnotes":""},"class_list":["post-11295","page","type-page","status-publish","has-post-thumbnail"],"_links":{"self":[{"href":"https:\/\/lax-transfer.com\/es\/wp-json\/wp\/v2\/pages\/11295","targetHints":{"allow":["GET"]}}],"collection":[{"href":"https:\/\/lax-transfer.com\/es\/wp-json\/wp\/v2\/pages"}],"about":[{"href":"https:\/\/lax-transfer.com\/es\/wp-json\/wp\/v2\/types\/page"}],"author":[{"embeddable":true,"href":"https:\/\/lax-transfer.com\/es\/wp-json\/wp\/v2\/users\/1"}],"replies":[{"embeddable":true,"href":"https:\/\/lax-transfer.com\/es\/wp-json\/wp\/v2\/comments?post=11295"}],"version-history":[{"count":2,"href":"https:\/\/lax-transfer.com\/es\/wp-json\/wp\/v2\/pages\/11295\/revisions"}],"predecessor-version":[{"id":12996,"href":"https:\/\/lax-transfer.com\/es\/wp-json\/wp\/v2\/pages\/11295\/revisions\/12996"}],"wp:featuredmedia":[{"embeddable":true,"href":"https:\/\/lax-transfer.com\/es\/wp-json\/wp\/v2\/media\/10949"}],"wp:attachment":[{"href":"https:\/\/lax-transfer.com\/es\/wp-json\/wp\/v2\/media?parent=11295"}],"curies":[{"name":"wp","href":"https:\/\/api.w.org\/{rel}","templated":true}]}}