{"id":12038,"date":"2023-11-14T09:09:17","date_gmt":"2023-11-14T17:09:17","guid":{"rendered":"https:\/\/lax-transfer.com\/?page_id=12038"},"modified":"2024-02-19T08:23:53","modified_gmt":"2024-02-19T16:23:53","slug":"los-angeles-international-airport-lax","status":"publish","type":"page","link":"https:\/\/lax-transfer.com\/es\/aeropuerto-internacional-de-los-angeles-lax\/","title":{"rendered":"Aeropuerto Internacional de Los \u00c1ngeles (LAX):"},"content":{"rendered":"<h2><strong>Aeropuerto Internacional de Los \u00c1ngeles (LAX)<\/strong><\/h2>\n<p><strong>Sobre LAX:<\/strong> El Aeropuerto Internacional de Los \u00c1ngeles (LAX) es la principal puerta de entrada a una de las ciudades m\u00e1s emblem\u00e1ticas del mundo. Situado en el barrio de Westchester de Los \u00c1ngeles, LAX es un importante centro de transporte a\u00e9reo nacional e internacional que conecta a millones de pasajeros con destinos de todo el mundo.<\/p>\n<p><strong>Caracter\u00edsticas principales:<\/strong><\/p>\n<ul>\n<li><strong>Conectividad global:<\/strong> LAX es un aeropuerto internacional clave que conecta Los \u00c1ngeles con las principales ciudades del mundo. Su amplia red de vuelos lo convierte en un centro vital tanto para viajeros de ocio como de negocios.<\/li>\n<li><strong>Diversidad terminal:<\/strong> El aeropuerto de Los \u00c1ngeles cuenta con varias terminales, cada una de las cuales ofrece una amplia gama de comodidades y servicios. Ya sea para salir, llegar o estar en tr\u00e1nsito, las terminales satisfacen las necesidades de los pasajeros.<\/li>\n<li><strong>Instalaciones y servicios:<\/strong> Desde opciones gastron\u00f3micas de categor\u00eda mundial hasta tiendas libres de impuestos, LAX ofrece un sinf\u00edn de servicios a los viajeros. Modernas salas VIP, c\u00f3modas zonas de descanso y servicios eficientes contribuyen a una experiencia de viaje perfecta.<\/li>\n<\/ul>\n<p><strong>C\u00f3mo llegar y salir de LAX:<\/strong> Situado convenientemente en Westchester, el aeropuerto LAX es f\u00e1cilmente accesible desde varias partes de Los \u00c1ngeles. Las opciones de transporte terrestre incluyen servicios de lanzadera, taxis, servicios de viajes compartidos y coches de alquiler.<\/p>\n<p><strong>Viajes internacionales:<\/strong> LAX desempe\u00f1a un papel fundamental en los viajes internacionales, con instalaciones de aduanas e inmigraci\u00f3n que facilitan las llegadas y salidas. Las terminales internacionales del aeropuerto ofrecen una transici\u00f3n fluida a quienes viajan desde y hacia distintos pa\u00edses.<\/p>\n<p><strong>Ampliaci\u00f3n y modernizaci\u00f3n de aeropuertos:<\/strong> El aeropuerto de Los \u00c1ngeles sigue llevando a cabo proyectos de ampliaci\u00f3n y modernizaci\u00f3n para mejorar sus instalaciones y acoger al creciente n\u00famero de pasajeros. El objetivo de estas iniciativas es ofrecer una experiencia de viaje vanguardista, manteniendo al mismo tiempo el compromiso del aeropuerto con la sostenibilidad.<\/p>\n<p><strong>Mant\u00e9ngase conectado:<\/strong> Mant\u00e9ngase al d\u00eda sobre el estado de los vuelos, la informaci\u00f3n de la terminal y mucho m\u00e1s a trav\u00e9s del sitio web oficial y la aplicaci\u00f3n m\u00f3vil de LAX. Las plataformas de las redes sociales tambi\u00e9n ofrecen informaci\u00f3n actualizada en tiempo real para que tu viaje sea m\u00e1s c\u00f3modo.<\/p>\n<p>El Aeropuerto Internacional de Los \u00c1ngeles encarna el esp\u00edritu de la ciudad a la que sirve, ofreciendo una puerta de entrada din\u00e1mica y eficiente para quienes emprenden sus aventuras viajeras.<\/p>\n<p>Explore el mundo desde LAX, donde cada despegue y aterrizaje representa las ilimitadas posibilidades que ofrece viajar.<\/p>\n<h2><strong>Bienvenido a GMG Transportation LLC (LAX Transfer) - \u00a1Su principal servicio de traslados al aeropuerto de Los \u00c1ngeles!<\/strong><\/h2>\n<p>Los traslados de alta calidad son algo m\u00e1s que ir del punto A al punto B; son el comienzo de su viaje con comodidad, fiabilidad y estilo. En LAX Transfer, ofrecemos servicios de traslado inigualables desde y hacia el Aeropuerto Internacional de Los \u00c1ngeles, proporcionando a nuestros clientes una experiencia de primera clase.<\/p>\n<p><strong>Nuestras ventajas:<\/strong><\/p>\n<ol>\n<li><strong>Experiencia y profesionalidad:<\/strong> Nuestros conductores son profesionales experimentados con habilidades de conducci\u00f3n impecables. Garantizamos que su traslado sea seguro, c\u00f3modo y puntual.<\/li>\n<li><strong>Flota de lujo:<\/strong> Elija entre nuestra lujosa flota, que incluye c\u00f3modos sedanes, espaciosos todoterrenos y elegantes limusinas. Ponemos a su disposici\u00f3n veh\u00edculos adaptados a sus preferencias.<\/li>\n<li><strong>Eficacia y puntualidad:<\/strong> Entendemos que el tiempo es un recurso cr\u00edtico. Nuestros traslados se planifican teniendo en cuenta su horario para garantizar llegadas y salidas puntuales.<\/li>\n<li><strong>Bienvenida y encuentro:<\/strong> Nuestros conductores le recibir\u00e1n con un cartel y estar\u00e1n dispuestos a ayudarle con el equipaje para que su transici\u00f3n sea lo m\u00e1s c\u00f3moda posible.<\/li>\n<li><strong>Tarifas flexibles:<\/strong> Ofrecemos un sistema de tarifas flexible, que incluye tarifas fijas y ofertas especiales para clientes habituales.<\/li>\n<li><strong>Reservas en l\u00ednea:<\/strong> Reserve su traslado en unos pocos clics a trav\u00e9s de nuestro c\u00f3modo portal en l\u00ednea. Confirmaci\u00f3n instant\u00e1nea y gesti\u00f3n de reservas al alcance de su mano.<\/li>\n<li><strong>Atenci\u00f3n al cliente 24 horas al d\u00eda, 7 d\u00edas a la semana:<\/strong> Nuestro servicio de atenci\u00f3n al cliente, disponible las 24 horas del d\u00eda, responder\u00e1 a sus preguntas y le ayudar\u00e1 en todo momento.<\/li>\n<\/ol>\n<p>Elija LAX Transfer para su pr\u00f3ximo traslado, y nos aseguraremos de que experimente un servicio de primera clase desde el principio hasta el final de su viaje. \u00a1Viaje con confianza y estilo con LAX Transfer!<\/p>","protected":false},"excerpt":{"rendered":"<p>Aeropuerto Internacional de Los \u00c1ngeles (LAX) Acerca de LAX: El Aeropuerto Internacional de Los \u00c1ngeles (LAX) es la principal puerta de entrada a una de las ciudades m\u00e1s emblem\u00e1ticas del mundo. Situado en el barrio de Westchester...<\/p>","protected":false},"author":1,"featured_media":0,"parent":0,"menu_order":0,"comment_status":"closed","ping_status":"closed","template":"","meta":{"footnotes":""},"class_list":["post-12038","page","type-page","status-publish"],"_links":{"self":[{"href":"https:\/\/lax-transfer.com\/es\/wp-json\/wp\/v2\/pages\/12038","targetHints":{"allow":["GET"]}}],"collection":[{"href":"https:\/\/lax-transfer.com\/es\/wp-json\/wp\/v2\/pages"}],"about":[{"href":"https:\/\/lax-transfer.com\/es\/wp-json\/wp\/v2\/types\/page"}],"author":[{"embeddable":true,"href":"https:\/\/lax-transfer.com\/es\/wp-json\/wp\/v2\/users\/1"}],"replies":[{"embeddable":true,"href":"https:\/\/lax-transfer.com\/es\/wp-json\/wp\/v2\/comments?post=12038"}],"version-history":[{"count":4,"href":"https:\/\/lax-transfer.com\/es\/wp-json\/wp\/v2\/pages\/12038\/revisions"}],"predecessor-version":[{"id":12480,"href":"https:\/\/lax-transfer.com\/es\/wp-json\/wp\/v2\/pages\/12038\/revisions\/12480"}],"wp:attachment":[{"href":"https:\/\/lax-transfer.com\/es\/wp-json\/wp\/v2\/media?parent=12038"}],"curies":[{"name":"wp","href":"https:\/\/api.w.org\/{rel}","templated":true}]}}