{"id":12041,"date":"2023-11-14T09:16:13","date_gmt":"2023-11-14T17:16:13","guid":{"rendered":"https:\/\/lax-transfer.com\/?page_id=12041"},"modified":"2024-02-16T21:53:49","modified_gmt":"2024-02-17T05:53:49","slug":"airport-transfers","status":"publish","type":"page","link":"https:\/\/lax-transfer.com\/es\/traslados-aeropuerto\/","title":{"rendered":"Traslados al aeropuerto"},"content":{"rendered":"<div id=\"fws_69e4bff5877d4\"  data-column-margin=\"default\" data-midnight=\"dark\"  class=\"wpb_row vc_row-fluid vc_row\"  style=\"padding-top: 0px; padding-bottom: 0px; \"><div class=\"row-bg-wrap\" data-bg-animation=\"none\" data-bg-animation-delay=\"\" data-bg-overlay=\"false\"><div class=\"inner-wrap row-bg-layer\" ><div class=\"row-bg viewport-desktop\"  style=\"\"><\/div><\/div><\/div><div class=\"row_col_wrap_12 col span_12 dark left\">\n\t<div  class=\"vc_col-sm-12 wpb_column column_container vc_column_container col no-extra-padding inherit_tablet inherit_phone\"  data-padding-pos=\"all\" data-has-bg-color=\"false\" data-bg-color=\"\" data-bg-opacity=\"1\" data-animation=\"\" data-delay=\"0\" >\n\t\t<div class=\"vc_column-inner\" >\n\t\t\t<div class=\"wpb_wrapper\">\n\t\t\t\t\n<div class=\"wpb_text_column wpb_content_element\" >\n\t<div class=\"wpb_wrapper\">\n\t\t<h2>Traslados al aeropuerto con GMG Transportation LLC (LAX Transfer): Viajes sin problemas, servicio inigualable<\/h2>\n<p>Bienvenido a LAX Transfer, donde su viaje comienza con un compromiso de comodidad, fiabilidad y servicio excepcional. Nos especializamos en la prestaci\u00f3n de servicios de traslado al aeropuerto de primera calidad desde y hacia el Aeropuerto Internacional de Los \u00c1ngeles, asegurando que su experiencia de viaje no s\u00f3lo es suave, sino tambi\u00e9n memorable.<\/p>\n<p><strong>Por qu\u00e9 elegir LAX Transfer <\/strong><strong>para sus traslados al aeropuerto?<\/strong><\/p>\n<ol>\n<li><strong>Reservas sin esfuerzo:<\/strong> Con LAX Transfer, reservar su traslado al aeropuerto es muy f\u00e1cil. Nuestra plataforma en l\u00ednea f\u00e1cil de usar le permite reservar su viaje con s\u00f3lo unos clics, proporcionando confirmaci\u00f3n instant\u00e1nea y tranquilidad.<\/li>\n<li><strong>Lujosa selecci\u00f3n de flota:<\/strong> Nuestra variada flota se adapta a sus preferencias y necesidades. Elija entre una gama de veh\u00edculos que incluye c\u00f3modos sedanes, espaciosos todoterrenos y elegantes limusinas, todos ellos meticulosamente mantenidos para su m\u00e1xima satisfacci\u00f3n.<\/li>\n<li><strong>Ch\u00f3feres profesionales:<\/strong> En LAX Transfer, su seguridad y comodidad son nuestras principales prioridades. Nuestros ch\u00f3feres profesionales son experimentados, corteses y dedicados a proporcionarle un viaje fiable y agradable.<\/li>\n<li><strong>La puntualidad importa:<\/strong> Comprendemos la importancia del tiempo, especialmente cuando se trata de coger un vuelo. Nuestro compromiso con la puntualidad garantiza que llegue al aeropuerto con tiempo de sobra, reduciendo el estr\u00e9s y permiti\u00e9ndole centrarse en sus viajes.<\/li>\n<li><strong>Servicios de bienvenida:<\/strong> Nuestros conductores van m\u00e1s all\u00e1. A su llegada, se le dar\u00e1 la bienvenida con un cartel personalizado, y nuestro equipo est\u00e1 listo para ayudar con su equipaje, por lo que su transici\u00f3n desde el aeropuerto sin problemas.<\/li>\n<li><strong>Precios competitivos y transparentes:<\/strong> Disfrute de precios competitivos y transparentes con LAX Transfer. Sin cargos ocultos, solo tarifas sencillas y un valor excepcional por su dinero.<\/li>\n<li><strong>Asistencia centrada en el cliente:<\/strong> \u00bfTiene preguntas o necesita ayuda? Nuestro equipo de atenci\u00f3n al cliente, disponible 24 horas al d\u00eda, 7 d\u00edas a la semana, est\u00e1 aqu\u00ed para ayudarle. Nos enorgullecemos de ofrecer asistencia r\u00e1pida y \u00fatil siempre que la necesite.<\/li>\n<\/ol>\n<p>Experimente la comodidad y el lujo de los traslados al aeropuerto con LAX Transfer. Su viaje, ya sea de negocios o de placer, comienza y termina con nuestro compromiso inquebrantable de servicio de calidad. Reserve su traslado al aeropuerto hoy y eleve su experiencia de viaje con LAX Transfer.<\/p>\n\t<\/div>\n<\/div>\n\n\n\n\n\t\t\t<\/div> \n\t\t<\/div>\n\t<\/div> \n<\/div><\/div>","protected":false},"excerpt":{"rendered":"Traslados al Aeropuerto con GMG Transportation LLC (LAX Transfer): Bienvenido a LAX Transfer, donde su viaje comienza con un compromiso de comodidad, fiabilidad y servicio excepcional. Nosotros...","protected":false},"author":1,"featured_media":11270,"parent":0,"menu_order":0,"comment_status":"closed","ping_status":"closed","template":"","meta":{"footnotes":""},"class_list":["post-12041","page","type-page","status-publish","has-post-thumbnail"],"_links":{"self":[{"href":"https:\/\/lax-transfer.com\/es\/wp-json\/wp\/v2\/pages\/12041","targetHints":{"allow":["GET"]}}],"collection":[{"href":"https:\/\/lax-transfer.com\/es\/wp-json\/wp\/v2\/pages"}],"about":[{"href":"https:\/\/lax-transfer.com\/es\/wp-json\/wp\/v2\/types\/page"}],"author":[{"embeddable":true,"href":"https:\/\/lax-transfer.com\/es\/wp-json\/wp\/v2\/users\/1"}],"replies":[{"embeddable":true,"href":"https:\/\/lax-transfer.com\/es\/wp-json\/wp\/v2\/comments?post=12041"}],"version-history":[{"count":4,"href":"https:\/\/lax-transfer.com\/es\/wp-json\/wp\/v2\/pages\/12041\/revisions"}],"predecessor-version":[{"id":12478,"href":"https:\/\/lax-transfer.com\/es\/wp-json\/wp\/v2\/pages\/12041\/revisions\/12478"}],"wp:featuredmedia":[{"embeddable":true,"href":"https:\/\/lax-transfer.com\/es\/wp-json\/wp\/v2\/media\/11270"}],"wp:attachment":[{"href":"https:\/\/lax-transfer.com\/es\/wp-json\/wp\/v2\/media?parent=12041"}],"curies":[{"name":"wp","href":"https:\/\/api.w.org\/{rel}","templated":true}]}}