{"id":12049,"date":"2023-11-14T09:26:59","date_gmt":"2023-11-14T17:26:59","guid":{"rendered":"https:\/\/lax-transfer.com\/?page_id=12049"},"modified":"2024-02-16T21:23:04","modified_gmt":"2024-02-17T05:23:04","slug":"private-airport-transfers","status":"publish","type":"page","link":"https:\/\/lax-transfer.com\/es\/traslados-privados-al-aeropuerto\/","title":{"rendered":"Traslados privados al aeropuerto"},"content":{"rendered":"<h3><strong>Reserva anticipada de traslados privados al aeropuerto con LAX Transfer<\/strong><\/h3>\n<p>Emb\u00e1rquese en un viaje de incomparable comodidad con los traslados privados pre-reservados al aeropuerto de LAX Transfer. Mejore su experiencia de viaje eligiendo nuestro servicio privado de recogida y entrega en el aeropuerto.<\/p>\n<p><strong>\u00bfPor qu\u00e9 elegir LAX Transfer para sus traslados privados al aeropuerto?<\/strong><\/p>\n<ol>\n<li><strong>Eficacia y puntualidad:<\/strong> En LAX Transfer, valoramos su tiempo. Nuestro servicio privado de traslados al aeropuerto garantiza recogidas r\u00e1pidas y entregas puntuales, lo que le permite viajar con facilidad y confianza.<\/li>\n<li><strong>Lujosa selecci\u00f3n de flota:<\/strong> Dese el lujo de elegir. Nuestra variada flota de veh\u00edculos, que incluye c\u00f3modos sedanes, espaciosos todoterrenos y elegantes limusinas, le permite viajar de la forma que mejor se adapte a sus preferencias y complemente su estilo.<\/li>\n<li><strong>Servicio personalizado:<\/strong> Disfrute de un nivel de servicio adaptado a sus necesidades. Nuestros traslados privados al aeropuerto tienen un toque personal, lo que garantiza que su viaje no sea solo un paseo, sino que forme parte de su relato de viaje.<\/li>\n<li><strong>Asistencia para conocer y saludar:<\/strong> Deje en nuestras manos la log\u00edstica del aeropuerto. Nuestros conductores profesionales le recibir\u00e1n con un cartel personalizado, le ayudar\u00e1n con su equipaje y le guiar\u00e1n en una transici\u00f3n sin problemas desde el aeropuerto hasta su destino.<\/li>\n<li><strong>Horario flexible:<\/strong> Planifique su viaje a su manera. Con LAX Transfer, tiene la flexibilidad de reservar con antelaci\u00f3n su traslado privado al aeropuerto seg\u00fan su horario, lo que le permite relajarse y centrarse en el viaje que tiene por delante.<\/li>\n<li><strong>Precios competitivos y transparentes:<\/strong> Disfrute de precios competitivos y transparentes. Nuestras tarifas de traslados privados al aeropuerto son transparentes y no incluyen cargos ocultos, por lo que le ofrecen una excelente relaci\u00f3n calidad-precio por su inversi\u00f3n en comodidad y conveniencia.<\/li>\n<li><strong>Atenci\u00f3n al cliente 24 horas al d\u00eda, 7 d\u00edas a la semana:<\/strong> Viaje con confianza sabiendo que nuestro equipo de atenci\u00f3n al cliente 24 horas al d\u00eda, 7 d\u00edas a la semana, est\u00e1 preparado para ayudarle. Cualquier pregunta o duda que pueda tener ser\u00e1 atendida con prontitud para garantizar una experiencia de viaje sin preocupaciones.<\/li>\n<\/ol>\n<p><strong>C\u00f3mo reservar:<\/strong> Reservar su traslado privado al aeropuerto con LAX Transfer es muy sencillo. Visite nuestra plataforma en l\u00ednea, seleccione su veh\u00edculo preferido, elija sus lugares de recogida y entrega, y confirme su reserva. Experimente la facilidad de los traslados privados reservados con antelaci\u00f3n con solo unos clics.<\/p>\n<p>Haga que su viaje sea tan memorable como su destino. Elija LAX Transfer para traslados privados al aeropuerto que redefinen la comodidad y el estilo de los viajes. Reserve hoy y deje que sus viajes comiencen con un toque de sofisticaci\u00f3n.<\/p>","protected":false},"excerpt":{"rendered":"<p>Reserva anticipada de traslados privados al aeropuerto con LAX Transfer Emb\u00e1rquese en un viaje de incomparable comodidad con los traslados privados al aeropuerto reservados con antelaci\u00f3n de LAX Transfer. Eleve su experiencia de viaje eligiendo nuestro servicio privado...<\/p>","protected":false},"author":1,"featured_media":11273,"parent":0,"menu_order":0,"comment_status":"closed","ping_status":"closed","template":"","meta":{"footnotes":""},"class_list":["post-12049","page","type-page","status-publish","has-post-thumbnail"],"_links":{"self":[{"href":"https:\/\/lax-transfer.com\/es\/wp-json\/wp\/v2\/pages\/12049","targetHints":{"allow":["GET"]}}],"collection":[{"href":"https:\/\/lax-transfer.com\/es\/wp-json\/wp\/v2\/pages"}],"about":[{"href":"https:\/\/lax-transfer.com\/es\/wp-json\/wp\/v2\/types\/page"}],"author":[{"embeddable":true,"href":"https:\/\/lax-transfer.com\/es\/wp-json\/wp\/v2\/users\/1"}],"replies":[{"embeddable":true,"href":"https:\/\/lax-transfer.com\/es\/wp-json\/wp\/v2\/comments?post=12049"}],"version-history":[{"count":1,"href":"https:\/\/lax-transfer.com\/es\/wp-json\/wp\/v2\/pages\/12049\/revisions"}],"predecessor-version":[{"id":12475,"href":"https:\/\/lax-transfer.com\/es\/wp-json\/wp\/v2\/pages\/12049\/revisions\/12475"}],"wp:featuredmedia":[{"embeddable":true,"href":"https:\/\/lax-transfer.com\/es\/wp-json\/wp\/v2\/media\/11273"}],"wp:attachment":[{"href":"https:\/\/lax-transfer.com\/es\/wp-json\/wp\/v2\/media?parent=12049"}],"curies":[{"name":"wp","href":"https:\/\/api.w.org\/{rel}","templated":true}]}}