{"id":12052,"date":"2023-11-14T09:29:57","date_gmt":"2023-11-14T17:29:57","guid":{"rendered":"https:\/\/lax-transfer.com\/?page_id=12052"},"modified":"2024-02-16T21:09:47","modified_gmt":"2024-02-17T05:09:47","slug":"airport-shuttles","status":"publish","type":"page","link":"https:\/\/lax-transfer.com\/es\/transporte-al-aeropuerto\/","title":{"rendered":"Reserva anticipada de traslados privados al aeropuerto con LAX Transfer"},"content":{"rendered":"<h2><strong>Reserve con antelaci\u00f3n traslados privados al aeropuerto con LAX Transfer<\/strong><\/h2>\n<p>Experimente la m\u00e1xima comodidad y flexibilidad en su transporte al aeropuerto con LAX Transfer. Tanto si prefiere la camarader\u00eda de las lanzaderas de transporte compartido, la rentabilidad de los viajes compartidos, o la exclusividad del transporte privado al aeropuerto, tenemos opciones a medida para satisfacer sus necesidades de viaje.<\/p>\n<p><strong>Lanzaderas de transporte compartido:<\/strong><\/p>\n<ol>\n<li><strong>Econ\u00f3mico y Social:<\/strong> Comparta su viaje con otros viajeros y disfrute de una soluci\u00f3n rentable para ir y volver del aeropuerto. Nuestras lanzaderas de transporte compartido ofrecen una forma asequible de llegar a tu destino mientras conoces a gente nueva por el camino.<\/li>\n<li><strong>Rutas eficientes:<\/strong> Nuestras lanzaderas compartidas est\u00e1n dise\u00f1adas para tomar rutas eficientes, minimizando el tiempo de viaje y garantizando recogidas y dejadas puntuales. Disfrute de la comodidad del transporte compartido sin renunciar a la fiabilidad.<\/li>\n<\/ol>\n<p><strong>Viajes compartidos:<\/strong><\/p>\n<ol>\n<li><strong>Comodidad a la carta:<\/strong> Opte por la comodidad a la carta de los viajes compartidos. LAX Transfer integra perfectamente los servicios de viajes compartidos en nuestras ofertas, lo que le permite reservar un viaje a su conveniencia y viajar en sus t\u00e9rminos.<\/li>\n<li><strong>Opciones vers\u00e1tiles:<\/strong> Ya sea que viaje solo o con un grupo, nuestras opciones de viajes compartidos se adaptan a varios tama\u00f1os de grupo. Elija el tipo de veh\u00edculo que se adapte a sus necesidades y deje que LAX Transfer se encargue del resto.<\/li>\n<\/ol>\n<p><strong>Transporte privado al aeropuerto:<\/strong><\/p>\n<ol>\n<li><strong>Adaptado a su horario:<\/strong> Reserve con antelaci\u00f3n su transporte privado al aeropuerto para disfrutar de una experiencia personalizada adaptada a sus horarios. Disfrute del lujo de un veh\u00edculo exclusivo para que su viaje sea lo m\u00e1s c\u00f3modo y confortable posible.<\/li>\n<li><strong>Servicio de bienvenida:<\/strong> Disfrute de un trato VIP con nuestro servicio de aparcacoches. Nuestros conductores profesionales estar\u00e1n listos para ayudarle a su llegada, proporcionando una transici\u00f3n sin problemas desde el aeropuerto hasta su destino.<\/li>\n<li><strong>Confort exclusivo:<\/strong> Tanto si es un viajero de negocios que busca privacidad como si es una familia que necesita espacio, nuestro transporte privado al aeropuerto le ofrece un confort exclusivo. Elija entre nuestra flota premium para adaptarse a sus preferencias.<\/li>\n<\/ol>\n<p><strong>C\u00f3mo reservar:<\/strong><\/p>\n<p>Reservar su opci\u00f3n preferida de transporte al aeropuerto con LAX Transfer es f\u00e1cil. Visite nuestra plataforma en l\u00ednea, seleccione el servicio que se adapte a sus necesidades y confirme su reserva. Disfrute de la flexibilidad de elegir el modo de transporte que se alinee con su estilo de viaje.<\/p>\n<p>En LAX Transfer, redefinimos el transporte al aeropuerto, ofreciendo una gama de opciones para acomodar a cada viajero. Reserve hoy mismo su servicio de transporte preferido y deje que su viaje con LAX Transfer comience con comodidad, fiabilidad y confort.<\/p>","protected":false},"excerpt":{"rendered":"<p>Reserve con antelaci\u00f3n traslados privados al aeropuerto con LAX Transfer Experimente la m\u00e1xima comodidad y flexibilidad en su transporte al aeropuerto con LAX Transfer. Tanto si prefiere la camarader\u00eda de las lanzaderas de transporte...<\/p>","protected":false},"author":1,"featured_media":11086,"parent":0,"menu_order":0,"comment_status":"closed","ping_status":"closed","template":"","meta":{"footnotes":""},"class_list":["post-12052","page","type-page","status-publish","has-post-thumbnail"],"_links":{"self":[{"href":"https:\/\/lax-transfer.com\/es\/wp-json\/wp\/v2\/pages\/12052","targetHints":{"allow":["GET"]}}],"collection":[{"href":"https:\/\/lax-transfer.com\/es\/wp-json\/wp\/v2\/pages"}],"about":[{"href":"https:\/\/lax-transfer.com\/es\/wp-json\/wp\/v2\/types\/page"}],"author":[{"embeddable":true,"href":"https:\/\/lax-transfer.com\/es\/wp-json\/wp\/v2\/users\/1"}],"replies":[{"embeddable":true,"href":"https:\/\/lax-transfer.com\/es\/wp-json\/wp\/v2\/comments?post=12052"}],"version-history":[{"count":1,"href":"https:\/\/lax-transfer.com\/es\/wp-json\/wp\/v2\/pages\/12052\/revisions"}],"predecessor-version":[{"id":12474,"href":"https:\/\/lax-transfer.com\/es\/wp-json\/wp\/v2\/pages\/12052\/revisions\/12474"}],"wp:featuredmedia":[{"embeddable":true,"href":"https:\/\/lax-transfer.com\/es\/wp-json\/wp\/v2\/media\/11086"}],"wp:attachment":[{"href":"https:\/\/lax-transfer.com\/es\/wp-json\/wp\/v2\/media?parent=12052"}],"curies":[{"name":"wp","href":"https:\/\/api.w.org\/{rel}","templated":true}]}}