{"id":12509,"date":"2024-03-04T07:32:08","date_gmt":"2024-03-04T15:32:08","guid":{"rendered":"https:\/\/lax-transfer.com\/?page_id=12509"},"modified":"2024-03-05T13:01:38","modified_gmt":"2024-03-05T21:01:38","slug":"refunds-cancellation-policy","status":"publish","type":"page","link":"https:\/\/lax-transfer.com\/es\/reembolsos-politica-de-cancelacion\/","title":{"rendered":"Reembolsos y pol\u00edtica de cancelaci\u00f3n"},"content":{"rendered":"<p><strong>Visi\u00f3n general<\/strong><\/p>\n<p>Este es un resumen de nuestra pol\u00edtica de reembolsos y cancelaciones.<\/p>\n<p>GMG Transportation facilita el proceso de reserva asegur\u00e1ndose de que todos los precios son fijos, reteniendo el dinero de su reserva en su nombre hasta despu\u00e9s del viaje y poniendo a su disposici\u00f3n reembolsos 100% en determinados casos.<\/p>\n<p>100% garant\u00eda de devoluci\u00f3n<\/p>\n<p>Debido a que sus planes pueden cambiar, GMG Transportation garantiza un reembolso 100% en cancelaciones, sin gastos de cancelaci\u00f3n, en todas las cancelaciones recibidas no menos de 24 horas antes de su hora de recogida programada.<\/p>\n<p>P\u00f3ngase en contacto con GMG Transportation lo antes posible si tiene problemas para cancelar una reserva confirmada para que podamos tramitar su reembolso.<\/p>\n<p>Anulaci\u00f3n de reservas<\/p>\n<p>Puede cancelar su reserva en cualquier momento antes de la hora de salida de su recogida. Si no puede cancelar la reserva usted mismo, deber\u00e1 notificarlo a GMG Transportation. Usted debe notificar a GMG Transportation tan pronto como sea posible con el fin de asegurarse de que usted es elegible para un reembolso. Los reembolsos s\u00f3lo est\u00e1n disponibles si la cancelaci\u00f3n se realiza m\u00e1s de 24 horas antes de la hora de recogida programada.<\/p>\n<p>Su reserva no se considera cancelada hasta que GMG Transportation confirme su cancelaci\u00f3n. El momento de la cancelaci\u00f3n se considera el momento en que GMG Transportation confirma su solicitud de cancelaci\u00f3n.<\/p>\n<p>Gastos y reembolsos por cancelaci\u00f3n de reservas<\/p>\n<p>Tiene derecho al reembolso de su reserva 100%, sin gastos de cancelaci\u00f3n, en caso de anulaci\u00f3n\u00a0<strong>superior a <\/strong><strong>24<\/strong><strong> horas antes<\/strong>\u00a0a la hora de salida de su recogida.<\/p>\n<p>No tendr\u00e1 derecho a ning\u00fan reembolso de su reserva en caso de cancelaci\u00f3n 24 horas o menos antes de la hora de salida de la recogida.<\/p>\n<p>Cambios en las reservas<\/p>\n<p>Puede modificar los datos de su reserva en cualquier momento con m\u00e1s de 24 horas de antelaci\u00f3n a la hora de salida de su recogida. Para realizar un cambio.<\/p>\n<p>Se recomienda que nos llame para realizar cualquier cambio inmediatamente cuando lo necesite.<\/p>\n<p>Normalmente no es posible realizar cambios en las reservas 24 horas o menos antes de la hora de salida de la recogida.<\/p>\n<p>Gastos y reembolsos por cambios en la reserva<\/p>\n<p>No se le aplicar\u00e1 ning\u00fan cargo por cambiar los detalles de su reserva, si los cambios se realizan con m\u00e1s de 24 horas de antelaci\u00f3n a la hora de salida de su traslado, siempre que el coste total de su traslado siga siendo el mismo.<\/p>\n<p>Si los cambios en la reserva conllevan cargos adicionales al importe abonado previamente.<\/p>\n<p>Si los cambios en la reserva dan lugar a cargos menores adem\u00e1s del importe pagado previamente, no es posible un reembolso parcial y la tarifa por el cambio es igual a la diferencia entre los dos cargos.<\/p>\n<p>Para m\u00e1s informaci\u00f3n<\/p>\n<p>Si tiene alguna pregunta sobre esta pol\u00edtica, p\u00f3ngase en contacto con nosotros.<\/p>\n<p>Para cualquier pregunta espec\u00edfica sobre su transporte, p\u00f3ngase en contacto con nosotros<\/p>\n<p>Para m\u00e1s informaci\u00f3n<\/p>\n<p>Si tiene alguna pregunta sobre esta pol\u00edtica, p\u00f3ngase en contacto con nosotros.<\/p>","protected":false},"excerpt":{"rendered":"<p>Informaci\u00f3n general Este es un resumen de nuestra pol\u00edtica de reembolsos y cancelaciones. GMG Transportation facilita el proceso de reserva asegur\u00e1ndose de que todos los precios son fijos, reteniendo el dinero de su reserva...<\/p>","protected":false},"author":1,"featured_media":0,"parent":0,"menu_order":0,"comment_status":"closed","ping_status":"closed","template":"","meta":{"footnotes":""},"class_list":["post-12509","page","type-page","status-publish"],"_links":{"self":[{"href":"https:\/\/lax-transfer.com\/es\/wp-json\/wp\/v2\/pages\/12509","targetHints":{"allow":["GET"]}}],"collection":[{"href":"https:\/\/lax-transfer.com\/es\/wp-json\/wp\/v2\/pages"}],"about":[{"href":"https:\/\/lax-transfer.com\/es\/wp-json\/wp\/v2\/types\/page"}],"author":[{"embeddable":true,"href":"https:\/\/lax-transfer.com\/es\/wp-json\/wp\/v2\/users\/1"}],"replies":[{"embeddable":true,"href":"https:\/\/lax-transfer.com\/es\/wp-json\/wp\/v2\/comments?post=12509"}],"version-history":[{"count":3,"href":"https:\/\/lax-transfer.com\/es\/wp-json\/wp\/v2\/pages\/12509\/revisions"}],"predecessor-version":[{"id":12521,"href":"https:\/\/lax-transfer.com\/es\/wp-json\/wp\/v2\/pages\/12509\/revisions\/12521"}],"wp:attachment":[{"href":"https:\/\/lax-transfer.com\/es\/wp-json\/wp\/v2\/media?parent=12509"}],"curies":[{"name":"wp","href":"https:\/\/api.w.org\/{rel}","templated":true}]}}