{"id":13137,"date":"2025-03-07T23:08:38","date_gmt":"2025-03-08T07:08:38","guid":{"rendered":"https:\/\/lax-transfer.com\/?page_id=13137"},"modified":"2025-03-07T23:08:38","modified_gmt":"2025-03-08T07:08:38","slug":"lax-shuttle-service-affordable-reliable-airport-transportation","status":"publish","type":"page","link":"https:\/\/lax-transfer.com\/es\/lax-shuttle-service-transporte-al-aeropuerto-asequible-y-fiable\/","title":{"rendered":"LAX Shuttle Service - Asequible y fiable de transporte al aeropuerto"},"content":{"rendered":"<div id=\"fws_69f26c6ce6c34\"  data-column-margin=\"none\" data-midnight=\"dark\" data-top-percent=\"8%\" data-bottom-percent=\"8%\"  class=\"wpb_row vc_row-fluid vc_row full-width-section vc_row-o-equal-height vc_row-flex vc_row-o-content-middle  top_padding_tablet_8pct top_padding_phone_7pct bottom_padding_tablet_8pct bottom_padding_phone_7pct\"  style=\"padding-top: calc(100vw * 0.08); padding-bottom: calc(100vw * 0.08); \"><div class=\"row-bg-wrap\" data-bg-animation=\"none\" data-bg-animation-delay=\"\" data-bg-overlay=\"false\"><div class=\"inner-wrap row-bg-layer\" ><div class=\"row-bg viewport-desktop\"  style=\"\"><\/div><\/div><\/div><div class=\"row_col_wrap_12 col span_12 dark left\">\n\t<div  class=\"vc_col-sm-6 wpb_column column_container vc_column_container col bottom_margin_tablet_10pct right_padding_desktop_15pct right_padding_phone_0px\"  data-padding-pos=\"all\" data-has-bg-color=\"false\" data-bg-color=\"\" data-bg-opacity=\"1\" data-animation=\"\" data-delay=\"0\" >\n\t\t<div class=\"vc_column-inner\" >\n\t\t\t<div class=\"wpb_wrapper\">\n\t\t\t\t<div id=\"fws_69f26c6ce6fbf\" data-midnight=\"\" data-column-margin=\"none\" class=\"wpb_row vc_row-fluid vc_row inner_row  right_padding_10pct right_padding_tablet_5pct right_padding_phone_3pct\"  style=\"\"><div class=\"row-bg-wrap\"> <div class=\"row-bg\" ><\/div> <\/div><div class=\"row_col_wrap_12_inner col span_12  left\">\n\t<div  class=\"vc_col-sm-12 wpb_column column_container vc_column_container col child_column no-extra-padding el_spacing_0px inherit_tablet inherit_phone\"   data-padding-pos=\"all\" data-has-bg-color=\"false\" data-bg-color=\"\" data-bg-opacity=\"1\" data-animation=\"\" data-delay=\"0\" >\n\t\t<div class=\"vc_column-inner\" >\n\t\t<div class=\"wpb_wrapper\">\n\t\t\t<div class=\"nectar-responsive-text font_size_max_50px font_size_desktop_3vw font_size_tablet_4vw font_size_phone_6vw font_line_height_1-2 nectar-link-underline-effect\"><h1 data-pm-slice=\"1 1 &#091;&#093;\"><strong>LAX Shuttle Service - Asequible y fiable de transporte al aeropuerto<\/strong><\/h1>\n<\/div><div class=\"divider-wrap\" data-alignment=\"default\"><div style=\"height: 20px;\" class=\"divider\"><\/div><\/div><div class=\"nectar-responsive-text font_size_min_16px font_size_max_20px font_size_desktop_1-1vw font_line_height_1-6 nectar-link-underline-effect\"><h2 data-pm-slice=\"1 1 &#091;&#093;\">Conveniente y asequible LAX Servicio de transporte<\/h2>\n<p>En busca de un <strong>servicio de transporte fiable y econ\u00f3mico desde el aeropuerto de Los \u00c1ngeles<\/strong>? Nuestra <strong>Transporte al aeropuerto LAX<\/strong> le ofrece una forma econ\u00f3mica y sin complicaciones de llegar a su hotel, a su casa o a cualquier destino en Los \u00c1ngeles. Tanto si viaja solo como en grupo, le ofrecemos opciones de transporte compartido y privado adaptadas a sus necesidades.<\/p>\n<\/div>\n\t\t<\/div> \n\t<\/div>\n\t<\/div> \n<\/div><\/div><div id=\"fws_69f26c6ce74d5\" data-midnight=\"\" data-column-margin=\"default\" class=\"wpb_row vc_row-fluid vc_row inner_row  top_padding_tablet_5vw top_padding_phone_6vw\"  style=\"padding-top: 2vw; \"><div class=\"row-bg-wrap\"> <div class=\"row-bg\" ><\/div> <\/div><div class=\"row_col_wrap_12_inner col span_12  left\">\n\t<div  class=\"vc_col-sm-12 wpb_column column_container vc_column_container col child_column no-extra-padding column_element_direction_desktop_horizontal column_element_direction_tablet_horizontal column_element_direction_phone_horizontal el_spacing_20px inherit_tablet inherit_phone\"   data-padding-pos=\"all\" data-has-bg-color=\"false\" data-bg-color=\"\" data-bg-opacity=\"1\" data-animation=\"\" data-delay=\"0\" >\n\t\t<div class=\"vc_column-inner\" >\n\t\t<div class=\"wpb_wrapper\">\n\t\t\t<div class=\"nectar-cta  alignment_tablet_default alignment_phone_default display_tablet_inherit display_phone_inherit font_size_desktop_1-1vw font_size_tablet_14px\" data-color=\"accent-color\" data-using-bg=\"true\" data-style=\"text-reveal-wave\" data-display=\"inline\" data-alignment=\"left\" data-text-color=\"custom\" style=\"margin-right: 0.8em; \"><span style=\"color: #ffffff;\" class=\"nectar-button-type\"><span class=\"link_wrap\" style=\"padding-top: 0.8em; padding-right: 2.2em; padding-bottom: 0.8em; padding-left: 2.2em;\"><a  class=\"link_text\" role=\"button\" href=\"https:\/\/lax-transfer.com\/es\/\"><span class=\"text\"><span class=\"char\">B<\/span><span class=\"char\">O<\/span><span class=\"char\">O<\/span><span class=\"char\">K<\/span> <span class=\"char\">N<\/span><span class=\"char\">O<\/span><span class=\"char\">W<\/span><\/span><\/a><\/span><\/span><\/div>\n\t\t<\/div> \n\t<\/div>\n\t<\/div> \n<\/div><\/div>\n\t\t\t<\/div> \n\t\t<\/div>\n\t<\/div> \n\n\t<div style=\"\" class=\"vc_col-sm-6 wpb_column column_container vc_column_container col padding-5-percent column_position_relative el_spacing_0px inherit_tablet inherit_phone\" data-using-bg=\"true\" data-border-radius=\"20px\" data-padding-pos=\"left-right\" data-has-bg-color=\"true\" data-bg-color=\"#e3f3e2\" data-bg-opacity=\"1\" data-animation=\"\" data-delay=\"0\" >\n\t\t<div class=\"vc_column-inner\" ><div class=\"column-bg-overlay-wrap column-bg-layer\" data-bg-animation=\"none\"><div class=\"column-bg-overlay\" style=\"opacity: 1; background-color: #e3f3e2;\"><\/div><\/div>\n\t\t\t<div class=\"wpb_wrapper\">\n\t\t\t\t<div class=\"nectar-lottie-wrap multiply-blend nectar-waypoint-el nectar-fade-in width_desktop_100pct alignment_center\"><div class=\"nectar-lottie\" data-lottie-settings=\"{&quot;trigger_type&quot;:&quot;play&quot;,&quot;mobile_func&quot;:&quot;default&quot;,&quot;loop&quot;:&quot;true&quot;,&quot;trigger_offset&quot;:&quot;0.00,100.00&quot;,&quot;frame_constraint&quot;:&quot;0.00,100.00&quot;,&quot;speed&quot;:&quot;0.8&quot;,&quot;width_desktop&quot;:&quot;100%&quot;,&quot;alignment&quot;:&quot;center&quot;,&quot;preserve_aspect_ratio&quot;:&quot;xMidYMid meet&quot;,&quot;css_animation&quot;:&quot;fade-in&quot;,&quot;json_url&quot;:&quot;https:\\\/\\\/lax-transfer.com\\\/wp-content\\\/uploads\\\/2022\\\/12\\\/Animation-1740983698182.json&quot;,&quot;class_name&quot;:&quot;multiply-blend&quot;,&quot;box_shadow_method&quot;:&quot;filter&quot;}\"><\/div><\/div>\n\t\t\t<\/div> \n\t\t<\/div>\n\t<\/div> \n<\/div><\/div>\n\t\t<div id=\"fws_69f26c6ce7ae4\"  data-column-margin=\"default\" data-midnight=\"dark\"  class=\"wpb_row vc_row-fluid vc_row vc_row-o-equal-height vc_row-flex\"  style=\"padding-top: 0px; padding-bottom: 0px; \"><div class=\"row-bg-wrap\" data-bg-animation=\"none\" data-bg-animation-delay=\"\" data-bg-overlay=\"false\"><div class=\"inner-wrap row-bg-layer\" ><div class=\"row-bg viewport-desktop\"  style=\"\"><\/div><\/div><\/div><div class=\"row_col_wrap_12 col span_12 dark left\">\n\t<div style=\"margin-top: 0%; margin-bottom: 0%; \" class=\"vc_col-sm-6 wpb_column column_container vc_column_container col padding-2-percent inherit_tablet inherit_phone\"  data-padding-pos=\"all\" data-has-bg-color=\"false\" data-bg-color=\"\" data-bg-opacity=\"1\" data-animation=\"\" data-delay=\"0\" >\n\t\t<div class=\"vc_column-inner\" >\n\t\t\t<div class=\"wpb_wrapper\">\n\t\t\t\t<div class=\"nectar-lottie-wrap multiply-blend nectar-waypoint-el nectar-fade-in width_desktop_100pct alignment_center\"><div class=\"nectar-lottie\" data-lottie-settings=\"{&quot;trigger_type&quot;:&quot;play&quot;,&quot;mobile_func&quot;:&quot;default&quot;,&quot;loop&quot;:&quot;true&quot;,&quot;trigger_offset&quot;:&quot;0.00,100.00&quot;,&quot;frame_constraint&quot;:&quot;0.00,100.00&quot;,&quot;speed&quot;:&quot;0.8&quot;,&quot;width_desktop&quot;:&quot;100%&quot;,&quot;alignment&quot;:&quot;center&quot;,&quot;preserve_aspect_ratio&quot;:&quot;xMidYMid meet&quot;,&quot;css_animation&quot;:&quot;fade-in&quot;,&quot;json_url&quot;:&quot;https:\\\/\\\/lax-transfer.com\\\/wp-content\\\/uploads\\\/2022\\\/12\\\/Animation-1740983967992.json&quot;,&quot;class_name&quot;:&quot;multiply-blend&quot;,&quot;box_shadow_method&quot;:&quot;filter&quot;}\"><\/div><\/div>\n\t\t\t<\/div> \n\t\t<\/div>\n\t<\/div> \n\n\t<div  class=\"vc_col-sm-6 wpb_column column_container vc_column_container col padding-5-percent inherit_tablet inherit_phone\"  data-padding-pos=\"all\" data-has-bg-color=\"false\" data-bg-color=\"\" data-bg-opacity=\"1\" data-animation=\"\" data-delay=\"0\" >\n\t\t<div class=\"vc_column-inner\" >\n\t\t\t<div class=\"wpb_wrapper\">\n\t\t\t\t<div id=\"fws_69f26c6ce7d6a\" data-midnight=\"\" data-column-margin=\"none\" class=\"wpb_row vc_row-fluid vc_row inner_row  right_padding_10pct right_padding_tablet_5pct right_padding_phone_3pct\"  style=\"padding-top: 7%; padding-bottom: 7%; \"><div class=\"row-bg-wrap\"> <div class=\"row-bg\" ><\/div> <\/div><div class=\"row_col_wrap_12_inner col span_12  left\">\n\t<div  class=\"vc_col-sm-12 wpb_column column_container vc_column_container col child_column no-extra-padding el_spacing_0px inherit_tablet inherit_phone\"   data-padding-pos=\"all\" data-has-bg-color=\"false\" data-bg-color=\"\" data-bg-opacity=\"1\" data-animation=\"\" data-delay=\"0\" >\n\t\t<div class=\"vc_column-inner\" >\n\t\t<div class=\"wpb_wrapper\">\n\t\t\t<div class=\"nectar-responsive-text font_size_max_50px font_size_desktop_3vw font_size_tablet_4vw font_size_phone_6vw font_line_height_1-2 nectar-link-underline-effect\"><h2 data-pm-slice=\"1 1 &#091;&#093;\">\u00bfPor qu\u00e9 elegir nuestro servicio de transporte LAX?<\/h2>\n<\/div><div class=\"divider-wrap\" data-alignment=\"default\"><div style=\"height: 20px;\" class=\"divider\"><\/div><\/div><div class=\"nectar-responsive-text font_size_min_16px font_size_max_20px font_size_desktop_1-1vw font_line_height_1-6 nectar-link-underline-effect\"><p data-pm-slice=\"1 1 &#091;&#093;\">\u2705 <strong>Precios asequibles y fijos<\/strong> - Sin gastos ocultos, tarifas transparentes.<br \/>\n\u2705 <strong>Veh\u00edculos c\u00f3modos y limpios<\/strong> - Modernas lanzaderas con amplios asientos.<br \/>\n\u2705 <strong>Disponibilidad 24\/7<\/strong> - Servicio fiable para vuelos a primera hora de la ma\u00f1ana y a \u00faltima hora de la noche.<br \/>\n\u2705 <strong>Traslados de puerta a puerta<\/strong> - Recogida y entrega en el lugar que prefiera.<br \/>\n\u2705 <strong>Para grupos y familias<\/strong> - Grandes lanzaderas disponibles para varios pasajeros.<br \/>\n\u2705 <strong>Asistencia con el equipaje<\/strong> - Nuestros conductores le ayudar\u00e1n con las maletas para que disfrute de una experiencia sin estr\u00e9s.<\/p>\n<\/div>\n\t\t<\/div> \n\t<\/div>\n\t<\/div> \n<\/div><\/div><div id=\"fws_69f26c6ce8188\" data-midnight=\"\" data-column-margin=\"default\" class=\"wpb_row vc_row-fluid vc_row inner_row  top_padding_tablet_5vw top_padding_phone_6vw\"  style=\"padding-top: 2vw; \"><div class=\"row-bg-wrap\"> <div class=\"row-bg\" ><\/div> <\/div><div class=\"row_col_wrap_12_inner col span_12  left\">\n\t<div  class=\"vc_col-sm-12 wpb_column column_container vc_column_container col child_column no-extra-padding column_element_direction_desktop_horizontal column_element_direction_tablet_horizontal column_element_direction_phone_horizontal el_spacing_20px inherit_tablet inherit_phone\"   data-padding-pos=\"all\" data-has-bg-color=\"false\" data-bg-color=\"\" data-bg-opacity=\"1\" data-animation=\"\" data-delay=\"0\" >\n\t\t<div class=\"vc_column-inner\" >\n\t\t<div class=\"wpb_wrapper\">\n\t\t\t<div class=\"nectar-cta  alignment_tablet_default alignment_phone_default display_tablet_inherit display_phone_inherit font_size_desktop_1-1vw font_size_tablet_14px\" data-color=\"accent-color\" data-using-bg=\"true\" data-style=\"text-reveal-wave\" data-display=\"inline\" data-alignment=\"left\" data-text-color=\"custom\" style=\"margin-right: 0.8em; \"><span style=\"color: #ffffff;\" class=\"nectar-button-type\"><span class=\"link_wrap\" style=\"padding-top: 0.8em; padding-right: 2.2em; padding-bottom: 0.8em; padding-left: 2.2em;\"><a  class=\"link_text\" role=\"button\" href=\"https:\/\/lax-transfer.com\/es\/\"><span class=\"text\"><span class=\"char\">B<\/span><span class=\"char\">O<\/span><span class=\"char\">O<\/span><span class=\"char\">K<\/span> <span class=\"char\">N<\/span><span class=\"char\">O<\/span><span class=\"char\">W<\/span><\/span><\/a><\/span><\/span><\/div>\n\t\t<\/div> \n\t<\/div>\n\t<\/div> \n<\/div><\/div>\n\t\t\t<\/div> \n\t\t<\/div>\n\t<\/div> \n<\/div><\/div>\n\t\t<div id=\"fws_69f26c6ce84ef\"  data-column-margin=\"default\" data-midnight=\"dark\"  class=\"wpb_row vc_row-fluid vc_row\"  style=\"padding-top: 0px; padding-bottom: 0px; \"><div class=\"row-bg-wrap\" data-bg-animation=\"none\" data-bg-animation-delay=\"\" data-bg-overlay=\"false\"><div class=\"inner-wrap row-bg-layer\" ><div class=\"row-bg viewport-desktop\"  style=\"\"><\/div><\/div><\/div><div class=\"row_col_wrap_12 col span_12 dark left\">\n\t<div  class=\"vc_col-sm-12 wpb_column column_container vc_column_container col no-extra-padding inherit_tablet inherit_phone\"  data-padding-pos=\"all\" data-has-bg-color=\"false\" data-bg-color=\"\" data-bg-opacity=\"1\" data-animation=\"\" data-delay=\"0\" >\n\t\t<div class=\"vc_column-inner\" >\n\t\t\t<div class=\"wpb_wrapper\">\n\t\t\t\t\n<div class=\"wpb_text_column wpb_content_element\" >\n\t<div class=\"wpb_wrapper\">\n\t\t<h3 data-pm-slice=\"1 1 &#091;&#093;\">Nuestras opciones de transporte a LAX<\/h3>\n<ul data-spread=\"false\">\n<li><strong>Servicio de transporte compartido<\/strong> - La forma m\u00e1s asequible de viajar con otros pasajeros.<\/li>\n<li><strong>Transporte privado<\/strong> - Un viaje directo y sin paradas hasta su destino.<\/li>\n<li><strong>Lanzadera de lujo<\/strong> - Experiencia de primera con mayor comodidad e intimidad.<\/li>\n<li><strong>Traslados desde el hotel<\/strong> - C\u00f3modo transporte a los mejores hoteles de Los \u00c1ngeles.<\/li>\n<li><strong>Lanzadera al puerto de cruceros<\/strong> - Traslados desde y hasta las terminales de cruceros de Los \u00c1ngeles.<\/li>\n<li><strong>Servicio de transporte para empresas y grupos<\/strong> - Ideal para viajes de negocios y transporte de eventos.<\/li>\n<\/ul>\n<h3>C\u00f3mo reservar su transporte al aeropuerto de Los \u00c1ngeles<\/h3>\n<ol start=\"1\" data-spread=\"false\">\n<li><strong>Introduzca sus datos de vuelo y destino<\/strong> - Indique su hora y lugar de llegada.<\/li>\n<li><strong>Elija su tipo de lanzadera<\/strong> - Elija entre opciones compartidas, privadas o de lujo.<\/li>\n<li><strong>Confirme su reserva<\/strong> - Pago seguro en l\u00ednea con confirmaci\u00f3n instant\u00e1nea.<\/li>\n<li><strong>Conozca a su conductor<\/strong> - Disfrute de un traslado al aeropuerto puntual y sin contratiempos.<\/li>\n<\/ol>\n<h3>Destinos populares para LAX Shuttle Service<\/h3>\n<ul data-spread=\"false\">\n<li><strong>De LAX al centro de Los \u00c1ngeles<\/strong> - Traslados urbanos r\u00e1pidos y c\u00f3modos.<\/li>\n<li><strong>LAX a Hollywood<\/strong> - Explore la capital del entretenimiento con facilidad.<\/li>\n<li><strong>De LAX a Santa M\u00f3nica<\/strong> - Rutas costeras panor\u00e1micas con comodidad de transporte.<\/li>\n<li><strong>De LAX a Disneyland<\/strong> - Transporte familiar econ\u00f3mico al parque tem\u00e1tico.<\/li>\n<li><strong>De LAX a la terminal de cruceros de Long Beach<\/strong> - Transporte sin estr\u00e9s para pasajeros de cruceros.<\/li>\n<\/ul>\n<h3><a href=\"https:\/\/lax-transfer.com\/es\/\"><em><strong>Reserve su<\/strong> <\/em><\/a>\u00a1LAX Servicio de transporte hoy!<\/h3>\n<p>Olv\u00eddese de los taxis caros y de los viajes compartidos poco fiables. Elija nuestro <strong>Servicio de transporte LAX<\/strong> para una experiencia de traslado al aeropuerto fiable, asequible y c\u00f3moda. <strong>Reserve ahora<\/strong> y disfrute de un viaje sin contratiempos desde el aeropuerto de Los \u00c1ngeles.<\/p>\n\t<\/div>\n<\/div>\n\n\n\n\n\t\t\t<\/div> \n\t\t<\/div>\n\t<\/div> \n<\/div><\/div>","protected":false},"excerpt":{"rendered":"LAX Shuttle Service \u2013 Affordable &amp; Reliable Airport Transportation Convenient &amp; Affordable LAX Shuttle Service Looking for a reliable and budget-friendly shuttle service from LAX? Our LAX airport shuttle provides...","protected":false},"author":1,"featured_media":13098,"parent":0,"menu_order":0,"comment_status":"closed","ping_status":"closed","template":"","meta":{"footnotes":""},"class_list":["post-13137","page","type-page","status-publish","has-post-thumbnail"],"_links":{"self":[{"href":"https:\/\/lax-transfer.com\/es\/wp-json\/wp\/v2\/pages\/13137","targetHints":{"allow":["GET"]}}],"collection":[{"href":"https:\/\/lax-transfer.com\/es\/wp-json\/wp\/v2\/pages"}],"about":[{"href":"https:\/\/lax-transfer.com\/es\/wp-json\/wp\/v2\/types\/page"}],"author":[{"embeddable":true,"href":"https:\/\/lax-transfer.com\/es\/wp-json\/wp\/v2\/users\/1"}],"replies":[{"embeddable":true,"href":"https:\/\/lax-transfer.com\/es\/wp-json\/wp\/v2\/comments?post=13137"}],"version-history":[{"count":2,"href":"https:\/\/lax-transfer.com\/es\/wp-json\/wp\/v2\/pages\/13137\/revisions"}],"predecessor-version":[{"id":13139,"href":"https:\/\/lax-transfer.com\/es\/wp-json\/wp\/v2\/pages\/13137\/revisions\/13139"}],"wp:featuredmedia":[{"embeddable":true,"href":"https:\/\/lax-transfer.com\/es\/wp-json\/wp\/v2\/media\/13098"}],"wp:attachment":[{"href":"https:\/\/lax-transfer.com\/es\/wp-json\/wp\/v2\/media?parent=13137"}],"curies":[{"name":"wp","href":"https:\/\/api.w.org\/{rel}","templated":true}]}}