{"id":10473,"date":"2022-12-21T00:07:11","date_gmt":"2022-12-20T21:07:11","guid":{"rendered":"https:\/\/lax-transfer.com\/?page_id=10473"},"modified":"2024-02-16T21:16:31","modified_gmt":"2024-02-17T05:16:31","slug":"privacy-policy-page","status":"publish","type":"page","link":"https:\/\/lax-transfer.com\/fr\/page-sur-la-politique-de-confidentialite\/","title":{"rendered":"Politique de confidentialit\u00e9"},"content":{"rendered":"<p>Date de la derni\u00e8re r\u00e9vision : 23 mai 2022<\/p>\n<p>Nous respectons la vie priv\u00e9e de nos clients et des partenaires avec lesquels nous travaillons. Veuillez lire notre politique de confidentialit\u00e9 pour savoir quelles informations nous collectons, divulguons \u00e0 des tiers, \u00e0 quelles fins nous le faisons et comment vous pouvez modifier, effacer et transmettre ces donn\u00e9es.<\/p>\n<h2>Quelles sont les informations que nous recueillons et \u00e0 quelles fins ?<\/h2>\n<p>Lax Transfer est un service en ligne de recherche et de r\u00e9servation de transferts. Nous avons besoin de vos informations pour :<\/p>\n<div>\n<ul>\n<li>l'enregistrement, le traitement, la distribution et le contr\u00f4le de l'ex\u00e9cution de la r\u00e9servation<\/li>\n<li>le conseil et l'accompagnement de votre r\u00e9servation ;<\/li>\n<li>l'am\u00e9lioration du service sur la base des statistiques relatives aux visites des sites web, aux ventes et au retour d'information sur le service et les transferts fournis ;<\/li>\n<li>l'am\u00e9lioration de l'offre, du marketing et de la publicit\u00e9 cibl\u00e9e.<\/li>\n<\/ul>\n<div>\n<p>Afin d'atteindre les objectifs susmentionn\u00e9s, nous vous demandons, lors de la r\u00e9servation d'un transfert, d'indiquer les donn\u00e9es personnelles suivantes : nom et pr\u00e9nom, num\u00e9ro de t\u00e9l\u00e9phone de contact, adresse \u00e9lectronique, adresses de d\u00e9part et de destination.<\/p>\n<p>Nous recueillons aussi automatiquement des informations sur votre interaction avec le service Lax Transfer, en particulier des informations sur les pages que vous avez visit\u00e9es ou le contenu que vous avez vu, les requ\u00eates que vous avez effectu\u00e9es, les r\u00e9servations que vous avez cr\u00e9\u00e9es et d'autres actions sur le site, ainsi que l'adresse IP, le temps d'acc\u00e8s, des informations sur le logiciel et le mat\u00e9riel, des informations sur l'appareil, des informations sur les \u00e9v\u00e9nements de l'appareil, des identificateurs uniques, des informations sur les pannes, des donn\u00e9es sur les cookies et des informations sur les pages que vous avez consult\u00e9es avant d'utiliser le service Lax Transfer.<\/p>\n<\/div>\n<\/div>\n<h2>Donn\u00e9es personnelles d'autres personnes que vous nous fournissez<\/h2>\n<p>Il est possible que vous ne r\u00e9serviez pas un transfert pour vous-m\u00eame. Dans ce cas, vous nous communiquez probablement les donn\u00e9es personnelles d'une autre personne et effectuez la r\u00e9servation en son nom.<\/p>\n<p>Ce faisant, vous \u00eates enti\u00e8rement responsable du fait que la ou les personnes dont vous avez fourni les donn\u00e9es personnelles sont au courant, comprennent et acceptent la mani\u00e8re dont Lax Transfer utilise leurs donn\u00e9es (conform\u00e9ment \u00e0 la pr\u00e9sente politique de protection de la vie priv\u00e9e).<\/p>\n<h2>Vos droits<\/h2>\n<p>Lors de la cr\u00e9ation d'une r\u00e9servation, en acceptant les termes de la pr\u00e9sente politique de confidentialit\u00e9, vous nous transf\u00e9rez librement et dans votre propre int\u00e9r\u00eat vos donn\u00e9es personnelles et vous donnez votre consentement actif \u00e0 leur stockage et \u00e0 leur traitement.<\/p>\n<p>Vous pouvez retirer votre consentement \u00e0 la pr\u00e9sente politique de confidentialit\u00e9 en envoyant un courriel \u00e0 support@lax-transfer.com.<\/p>\n<p>Le fait que le consentement soit retir\u00e9 n'affecte pas la l\u00e9galit\u00e9 du traitement autoris\u00e9 des donn\u00e9es effectu\u00e9 avant le retrait.<\/p>\n<p>En outre, vous avez droit \u00e0<\/p>\n<ul>\n<li>obtenir l'acc\u00e8s \u00e0 vos donn\u00e9es, ainsi que des informations sur les finalit\u00e9s du traitement, les cat\u00e9gories de donn\u00e9es trait\u00e9es, les destinataires, la dur\u00e9e de conservation des donn\u00e9es ;<\/li>\n<li>obtenir de notre part la rectification des donn\u00e9es personnelles inexactes. Vous \u00eates responsable de l'actualit\u00e9 des donn\u00e9es personnelles qui nous sont transmises ;<\/li>\n<li>exiger que nous vous fournissions une copie de vos donn\u00e9es \u00e0 caract\u00e8re personnel dans un format standard, structur\u00e9 et lisible par machine et\/ou, si cela est techniquement possible, transmettre ces informations \u00e0 un autre prestataire de services ;<\/li>\n<li>exiger l'effacement de vos donn\u00e9es \u00e0 caract\u00e8re personnel s'il existe des raisons particuli\u00e8res (les donn\u00e9es ne sont plus n\u00e9cessaires aux fins pour lesquelles elles ont \u00e9t\u00e9 re\u00e7ues, vous avez retir\u00e9 votre consentement au traitement des donn\u00e9es \u00e0 caract\u00e8re personnel, il n'y avait pas de motifs l\u00e9gitimes imp\u00e9rieux pour le traitement, etc ;<\/li>\n<li>obtenir du responsable du traitement la limitation du traitement des donn\u00e9es \u00e0 caract\u00e8re personnel en pr\u00e9sence de conditions particuli\u00e8res (les donn\u00e9es sont inexactes, le traitement est ill\u00e9gal, mais la partie s'oppose \u00e0 la suppression des donn\u00e9es, etc ;)<\/li>\n<li>exiger la cessation du travail avec vos donn\u00e9es personnelles utilis\u00e9es pour le marketing direct ;<\/li>\n<li>s'opposer \u00e0 ce que vous fassiez l'objet d'une d\u00e9cision juridiquement importante pour vous, fond\u00e9e sur un traitement automatique des donn\u00e9es.<\/li>\n<\/ul>\n<p>Pour exercer l'un de vos droits, vous pouvez nous contacter par courrier \u00e9lectronique \u00e0 l'adresse support@lax-transfer.com en indiquant la demande ou l'exigence appropri\u00e9e.<\/p>\n<h2>Donn\u00e9es d'effacement<\/h2>\n<p>Si vous souhaitez supprimer le consentement nous permettant d'utiliser vos donn\u00e9es lorsque vous acc\u00e9dez \u00e0 la plateforme Lax Transfer, vous pouvez envoyer une demande de suppression des donn\u00e9es personnelles par courrier \u00e9lectronique \u00e0 l'adresse support@lax-transfer.com.<\/p>\n<p>Apr\u00e8s avoir r\u00e9pondu \u00e0 votre demande de suppression des donn\u00e9es personnelles, nous rendons vos donn\u00e9es personnelles compl\u00e8tement et irr\u00e9vocablement anonymes.<\/p>\n<p>Veuillez noter que dans le cas d'une demande d'effacement de donn\u00e9es \u00e0 caract\u00e8re personnel, les r\u00e8gles suivantes s'appliquent :<\/p>\n<ul>\n<li>nous avons le droit de sauvegarder partiellement vos donn\u00e9es personnelles dans le cadre des int\u00e9r\u00eats l\u00e9gitimes de notre entreprise, y compris pour lutter contre la fraude et am\u00e9liorer la s\u00e9curit\u00e9 ;<\/li>\n<li>nous avons le droit de conserver et d'utiliser vos donn\u00e9es personnelles dans la mesure o\u00f9 cela est n\u00e9cessaire pour respecter les exigences l\u00e9gales ;<\/li>\n<li>les informations que vous avez communiqu\u00e9es \u00e0 d'autres personnes (par exemple, des critiques, des entr\u00e9es sur les forums) peuvent rester publiques m\u00eame apr\u00e8s que vous avez effac\u00e9 vos donn\u00e9es, mais l'indication de votre identit\u00e9 sera effac\u00e9e. Certaines copies de vos informations peuvent \u00eatre stock\u00e9es dans notre base de donn\u00e9es sans possibilit\u00e9 d'identification personnelle ;<\/li>\n<li>dans le cadre de la mise en \u0153uvre du syst\u00e8me de protection contre les dommages ou pertes de donn\u00e9es accidentels ou d\u00e9lib\u00e9r\u00e9s, les copies de sauvegarde de vos donn\u00e9es \u00e0 caract\u00e8re personnel seront effac\u00e9es avec un certain retard.<\/li>\n<\/ul>\n<h2>Transfert de donn\u00e9es \u00e0 des tiers<\/h2>\n<p>Avec le service Lax Transfer, des tiers sont \u00e9galement connect\u00e9s de diff\u00e9rentes mani\u00e8res et pour diff\u00e9rentes raisons. L'objectif principal est de fournir au transporteur des informations sur votre voyage afin de compl\u00e9ter la r\u00e9servation. Vos donn\u00e9es peuvent \u00e9galement \u00eatre re\u00e7ues par d'autres parties que nous impliquons dans la fourniture de services, notamment des institutions financi\u00e8res, des soci\u00e9t\u00e9s de publicit\u00e9 et, dans certains cas, des autorit\u00e9s \u00e9tatiques ou d'autres autorit\u00e9s comp\u00e9tentes.<\/p>\n<p><strong>Organisations tierces<\/strong> sont des prestataires de services. Nous utilisons des services tiers pour traiter vos donn\u00e9es personnelles en notre nom. Ce traitement a lieu \u00e0 diff\u00e9rentes fins, notamment l'envoi de mat\u00e9riel de marketing ou l'authentification de l'adresse \u00e9lectronique que vous avez fournie dans le cadre du processus de r\u00e9servation. Les prestataires de services tiers sont li\u00e9s par des obligations de confidentialit\u00e9 et n'ont pas le droit d'utiliser vos donn\u00e9es personnelles \u00e0 d'autres fins que celles pr\u00e9vues par Lax Transfer.<\/p>\n<p><strong>Autorit\u00e9s comp\u00e9tentes.<\/strong>\u00a0Nous transmettons des donn\u00e9es \u00e0 caract\u00e8re personnel aux autorit\u00e9s charg\u00e9es de l'application de la loi dans la mesure o\u00f9 la loi l'exige ou si cela est strictement n\u00e9cessaire pour pr\u00e9venir, d\u00e9tecter ou r\u00e9primer des actes criminels et frauduleux, ou si nous sommes l\u00e9galement tenus de les transmettre d'une autre mani\u00e8re. En outre, nous pouvons \u00eatre amen\u00e9s \u00e0 transf\u00e9rer des donn\u00e9es \u00e0 caract\u00e8re personnel aux autorit\u00e9s comp\u00e9tentes pour prot\u00e9ger nos droits ou notre propri\u00e9t\u00e9, ainsi que les droits et la propri\u00e9t\u00e9 de nos partenaires commerciaux.<\/p>\n<p>Nous avons \u00e9galement le droit d'effectuer un transfert transfrontalier de donn\u00e9es \u00e0 caract\u00e8re personnel vers le territoire d'un \u00c9tat \u00e9tranger afin de remplir les obligations li\u00e9es \u00e0 l'organisation du transfert.<\/p>\n<h2>S\u00e9curit\u00e9<\/h2>\n<p>Nous suivons les proc\u00e9dures de s\u00e9curit\u00e9 appropri\u00e9es pour emp\u00eacher l'acc\u00e8s non autoris\u00e9 aux donn\u00e9es personnelles et leur utilisation abusive.<\/p>\n<p>Nous appliquons les syst\u00e8mes et proc\u00e9dures d'entreprise appropri\u00e9s afin de prot\u00e9ger les donn\u00e9es \u00e0 caract\u00e8re personnel qui nous sont fournies. Nous utilisons \u00e9galement des proc\u00e9dures de s\u00e9curit\u00e9 et appliquons des restrictions techniques et physiques \u00e0 l'utilisation des donn\u00e9es personnelles et \u00e0 l'acc\u00e8s \u00e0 celles-ci sur nos serveurs. Seuls les employ\u00e9s disposant de droits sp\u00e9ciaux ont le droit d'acc\u00e9der aux donn\u00e9es \u00e0 caract\u00e8re personnel dans le cadre de l'exercice de leurs fonctions.<\/p>\n<p>Nous conservons vos donn\u00e9es \u00e0 caract\u00e8re personnel aussi longtemps que nous le jugeons n\u00e9cessaire pour vous permettre d'utiliser nos services, pour vous fournir nos services, dans le cadre du respect de la l\u00e9gislation applicable, pour r\u00e9soudre des litiges avec d'autres parties et \u00e0 d'autres fins qui nous permettent de mener des activit\u00e9s commerciales, y compris la d\u00e9tection et la pr\u00e9vention d'actes frauduleux ou d'autres actes ill\u00e9gaux. La pr\u00e9sente politique de confidentialit\u00e9 s'applique \u00e0 toutes les donn\u00e9es \u00e0 caract\u00e8re personnel que nous conservons. Si vous avez des questions concernant la p\u00e9riode sp\u00e9cifique de stockage d'un certain type de vos donn\u00e9es personnelles trait\u00e9es par nous, vous pouvez nous contacter par courrier \u00e9lectronique \u00e0 l'adresse support@lax-transfer.com.<\/p>\n<h2>Modifications de la politique de confidentialit\u00e9<\/h2>\n<p>Nous nous r\u00e9servons le droit de modifier cette politique de confidentialit\u00e9 \u00e0 tout moment. La politique de confidentialit\u00e9 mise \u00e0 jour est publi\u00e9e sur le site web de Lax Transfer avec la date de la derni\u00e8re mise \u00e0 jour. Nous vous informerons \u00e0 l'avance des modifications apport\u00e9es par courrier \u00e9lectronique.<\/p>\n<h1 id=\"cookies-policy\">Cookies<\/h1>\n<p>Lax Transfer service s'efforce de faire en sorte que l'interaction avec notre site web soit aussi informative que possible et r\u00e9ponde \u00e0 vos int\u00e9r\u00eats. Pour ce faire, nous utilisons des cookies. Nous pensons qu'il est important que vous sachiez quels sont les cookies utilis\u00e9s par notre site web et \u00e0 quelles fins. Cela nous aidera \u00e0 prot\u00e9ger vos informations personnelles et \u00e0 garantir une utilisation optimale de notre site web pour l'utilisateur.<\/p>\n<p>Les cookies contiennent de petites quantit\u00e9s d'informations et sont t\u00e9l\u00e9charg\u00e9s sur votre ordinateur ou un autre appareil \u00e0 partir du serveur de ce site web. Chaque fois que vous visitez ce site web, votre navigateur renvoie des cookies au serveur afin de pouvoir vous identifier et m\u00e9moriser vos pr\u00e9f\u00e9rences d'utilisateur. Les cookies peuvent \u00eatre utilis\u00e9s \u00e0 diverses fins.<\/p>\n<p>Tout d'abord, ils peuvent \u00eatre n\u00e9cessaires au fonctionnement normal du site web. Par exemple, sans cookies, le site web ne pourra pas se souvenir que vous vous \u00eates connect\u00e9 ou que vous avez effectu\u00e9 une r\u00e9servation. Ces cookies sont dits \"strictement n\u00e9cessaires\".<\/p>\n<p>D'autre part, les cookies sont n\u00e9cessaires pour analyser l'utilisation et am\u00e9liorer le site web, ainsi que pour compter le nombre de visiteurs. Nous n'associons pas les statistiques de visite du site web et d'autres rapports \u00e0 des personnes sp\u00e9cifiques. Ces cookies sont appel\u00e9s cookies analytiques.<\/p>\n<p>Troisi\u00e8mement, les cookies pour les r\u00e9seaux sociaux sont utilis\u00e9s pour int\u00e9grer les r\u00e9seaux sociaux au site web afin que vous puissiez utiliser les fonctions \"J'aime\" et \"Partager\" dans votre r\u00e9seau social pr\u00e9f\u00e9r\u00e9.<\/p>\n<p>Quatri\u00e8mement, un domaine d'application important des cookies est la publicit\u00e9 en ligne. Gr\u00e2ce \u00e0 eux, seules les publicit\u00e9s les plus utiles et les plus int\u00e9ressantes pour vous sont affich\u00e9es sur les sites web. Ces cookies sont appel\u00e9s adwares.<\/p>\n<p>En utilisant ce site web, vous acceptez que nous puissions t\u00e9l\u00e9charger des cookies sur votre ordinateur ou un autre appareil. Toutefois, vous pouvez g\u00e9rer les cookies. Veuillez noter que la suppression ou le blocage des cookies peut affecter l'interface utilisateur et que certains composants de ce site web peuvent devenir indisponibles.<\/p>\n<p>Vous trouverez des informations sur la mani\u00e8re de d\u00e9sactiver les cookies ou de modifier les param\u00e8tres des cookies pour votre navigateur en cliquant sur les liens suivants :<\/p>\n<ul>\n<li>Google Chrome :\u00a0<a href=\"http:\/\/support.google.com\/chrome\/answer\/95647\" rel=\"nofollow noopener\" target=\"_blank\">support.google.com\/chrome\/answer\/95647<\/a><\/li>\n<li>Firefox :\u00a0<a href=\"http:\/\/support.mozilla.org\/en-US\/kb\/enable-and-disable-cookies-website-preferences\" rel=\"nofollow noopener\" target=\"_blank\">support.mozilla.org\/en-US\/kb\/enable-and-disable-cookies-website-preferences<\/a><\/li>\n<li>Internet Explorer :\u00a0<a href=\"http:\/\/windows.microsoft.com\/en-GB\/windows-vista\/Block-or-allow-cookies\" rel=\"nofollow noopener\" target=\"_blank\">windows.microsoft.com\/fr-GB\/windows-vista\/Block-or-allow-cookies<\/a><\/li>\n<li>Safari :\u00a0<a href=\"http:\/\/help.apple.com\/safari\/mac\/8.0\/#\/sfri11471\" rel=\"nofollow noopener\" target=\"_blank\">help.apple.com\/safari\/mac\/8.0\/#\/sfri11471<\/a><\/li>\n<\/ul>\n<p>La plupart des navigateurs vous permettent de voir les cookies stock\u00e9s sur votre appareil et de supprimer ou de bloquer individuellement les cookies de certains ou de tous les sites web. Veuillez noter que lorsque vous supprimez tous les cookies, toutes vos pr\u00e9f\u00e9rences seront perdues, y compris celle de ne pas utiliser de cookies, puisqu'elle implique la mise en place d'un cookie qui fournit cette d\u00e9faillance. De plus amples informations sur la modification des param\u00e8tres de votre navigateur pour bloquer ou filtrer les cookies sont disponibles \u00e0 l'adresse suivante\u00a0<a href=\"http:\/\/www.aboutcookies.org\/\" rel=\"nofollow noopener\" target=\"_blank\">http:\/\/www.aboutcookies.org\/<\/a>\u00a0ou\u00a0<a href=\"http:\/\/www.cookiecentral.com\/faq\/\" rel=\"nofollow noopener\" target=\"_blank\">http:\/\/www.cookiecentral.com\/faq\/<\/a>.<\/p>\n<p>Nous pouvons \u00e9galement utiliser des technologies pour savoir si vous lisez, ouvrez ou transf\u00e9rez certains messages que nous vous envoyons par courrier \u00e9lectronique. L'utilisation de ces technologies a pour but de rendre nos outils de communication plus utiles et plus attrayants pour l'utilisateur. Si vous ne souhaitez pas que nous recevions des informations sur la lecture, l'ouverture ou le transfert de certains messages \u00e9lectroniques, vous devez annuler votre inscription. Dans ce cas, nous ne serons pas en mesure de vous envoyer des courriels sans le service de suivi activ\u00e9. Vous pouvez \u00e9galement annuler votre abonnement en suivant les instructions que nous vous enverrons par courrier \u00e9lectronique.<\/p>","protected":false},"excerpt":{"rendered":"<p>Date of Last Revision: May 23rd, 2022 We respect the privacy of our customers and partners with which we work. Please read our Privacy Policy to know what information we&#8230;<\/p>","protected":false},"author":1,"featured_media":0,"parent":0,"menu_order":0,"comment_status":"closed","ping_status":"closed","template":"","meta":{"footnotes":""},"class_list":["post-10473","page","type-page","status-publish"],"_links":{"self":[{"href":"https:\/\/lax-transfer.com\/fr\/wp-json\/wp\/v2\/pages\/10473","targetHints":{"allow":["GET"]}}],"collection":[{"href":"https:\/\/lax-transfer.com\/fr\/wp-json\/wp\/v2\/pages"}],"about":[{"href":"https:\/\/lax-transfer.com\/fr\/wp-json\/wp\/v2\/types\/page"}],"author":[{"embeddable":true,"href":"https:\/\/lax-transfer.com\/fr\/wp-json\/wp\/v2\/users\/1"}],"replies":[{"embeddable":true,"href":"https:\/\/lax-transfer.com\/fr\/wp-json\/wp\/v2\/comments?post=10473"}],"version-history":[{"count":1,"href":"https:\/\/lax-transfer.com\/fr\/wp-json\/wp\/v2\/pages\/10473\/revisions"}],"predecessor-version":[{"id":12487,"href":"https:\/\/lax-transfer.com\/fr\/wp-json\/wp\/v2\/pages\/10473\/revisions\/12487"}],"wp:attachment":[{"href":"https:\/\/lax-transfer.com\/fr\/wp-json\/wp\/v2\/media?parent=10473"}],"curies":[{"name":"wp","href":"https:\/\/api.w.org\/{rel}","templated":true}]}}