{"id":10765,"date":"2023-03-09T10:01:23","date_gmt":"2023-03-09T07:01:23","guid":{"rendered":"https:\/\/lax-transfer.com\/?page_id=10765"},"modified":"2026-03-25T10:36:08","modified_gmt":"2026-03-25T17:36:08","slug":"about-us","status":"publish","type":"page","link":"https:\/\/lax-transfer.com\/fr\/a-propos-de-nous\/","title":{"rendered":"\u00c0 propos de nous"},"content":{"rendered":"<div id=\"fws_69f889b11cd3f\"  data-column-margin=\"default\" data-midnight=\"dark\"  class=\"wpb_row vc_row-fluid vc_row\"  style=\"padding-top: 0px; padding-bottom: 0px; \"><div class=\"row-bg-wrap\" data-bg-animation=\"none\" data-bg-animation-delay=\"\" data-bg-overlay=\"false\"><div class=\"inner-wrap row-bg-layer\" ><div class=\"row-bg viewport-desktop\"  style=\"\"><\/div><\/div><\/div><div class=\"row_col_wrap_12 col span_12 dark left\">\n\t<div  class=\"vc_col-sm-12 wpb_column column_container vc_column_container col no-extra-padding inherit_tablet inherit_phone\"  data-padding-pos=\"all\" data-has-bg-color=\"false\" data-bg-color=\"\" data-bg-opacity=\"1\" data-animation=\"\" data-delay=\"0\" >\n\t\t<div class=\"vc_column-inner\" >\n\t\t\t<div class=\"wpb_wrapper\">\n\t\t\t\t<div class=\"nectar-split-heading  font_size_2-3vw font_size_phone_20px font_line_height_1-3\" data-align=\"center\" data-m-align=\"inherit\" data-text-effect=\"default\" data-animation-type=\"line-reveal-by-space\" data-animation-delay=\"0\" data-animation-offset=\"\" data-m-rm-animation=\"true\" data-stagger=\"true\" data-custom-font-size=\"true\" style=\"font-size: 2.3vw; line-height: 2.53vw;\"><h1 >GMG Transportation LLC - LAX TRANSFER | Bienvenue dans notre soci\u00e9t\u00e9 de transfert a\u00e9roportuaire \u00e0 Los Angeles !<\/h1><\/div>\n\t\t\t<\/div> \n\t\t<\/div>\n\t<\/div> \n<\/div><\/div>\n\t\t<div id=\"fws_69f889b11d142\"  data-column-margin=\"default\" data-midnight=\"light\" data-nectar-animate-settings=\"{&quot;animations&quot;:{&quot;desktop&quot;:{&quot;clipPath&quot;:{&quot;start&quot;:&quot;inset(0 14% 0 14% round 20px)&quot;,&quot;end&quot;:&quot;inset(0 0% 0 0% round 0px)&quot;}},&quot;tablet&quot;:{&quot;clipPath&quot;:{&quot;start&quot;:&quot;inset(0 0 0 0 round 0)&quot;,&quot;end&quot;:&quot;inset(0 0 0 0 round 0.1px)&quot;}},&quot;phone&quot;:{&quot;clipPath&quot;:{&quot;start&quot;:&quot;inset(0 0 0 0 round 0)&quot;,&quot;end&quot;:&quot;inset(0 0 0 0 round 0.1px)&quot;}}},&quot;offsets&quot;:{&quot;start&quot;:&quot;0.00&quot;,&quot;end&quot;:&quot;100.00&quot;,&quot;origin&quot;:&quot;top&quot;},&quot;config&quot;:[]}\"  class=\"wpb_row vc_row-fluid vc_row full-width-content vc_row-o-equal-height vc_row-flex vc_row-o-content-top  zindex-set\"  style=\"padding-top: 0px; padding-bottom: 0px;  z-index: 10;\"><div class=\"row-bg-wrap\" data-bg-animation=\"clip-path\" data-bg-animation-delay=\"\" data-bg-overlay=\"false\"><div class=\"inner-wrap row-bg-layer\" ><div class=\"row-bg viewport-desktop\"  style=\"\"><\/div><\/div><div class=\"row-bg-overlay row-bg-layer\" style=\"background:linear-gradient(0deg, rgba(0,0,0,0.478) 0%, rgba(243,243,243,0) 48%);\"><\/div><\/div>\n\t\t\t<div class=\"video-color-overlay row-bg-layer\" data-color=\"\"><\/div>\n\t\t\t\n\t\t\t<div class=\"nectar-video-wrap row-bg-layer\" data-bg-alignment=\"\">\n\t\t\t\t<div class=\"nectar-video-inner\">\n\t\t\t\t<video class=\"nectar-video-bg nectar-lazy-video\" width=\"1800\" height=\"700\" preload=\"auto\" loop autoplay muted playsinline><source data-nectar-video-src=\"https:\/\/lax-transfer.com\/wp-content\/uploads\/2022\/12\/4k_watermark.mp4\"  type=\"video\/mp4\"><\/video>    \t\t<\/div>\n\t\t\t <\/div>\n\n\t\t\t<div class=\"row_col_wrap_12 col span_12 light left\">\n\t<div  class=\"vc_col-sm-12 wpb_column column_container vc_column_container col no-extra-padding el_spacing_0px inherit_tablet inherit_phone\"  data-padding-pos=\"all\" data-has-bg-color=\"false\" data-bg-color=\"\" data-bg-opacity=\"1\" data-animation=\"\" data-delay=\"0\" >\n\t\t<div class=\"vc_column-inner\" >\n\t\t\t<div class=\"wpb_wrapper\">\n\t\t\t\t<div class=\"nectar_video_player_self_hosted wpb_video_widget wpb_content_element vc_clearfix vc_video-aspect-ratio-169 vc_video-el-width-100 vc_video-align-center tablet-aspect-43\" data-border-radius=\"none\" data-shadow=\"none\">\n<div class=\"wpb_wrapper\"><div class=\"wpb_video_wrapper\"><video width=\"1280\" height=\"720\" class=\"nectar-video-self-hosted nectar-lazy-video\" preload=\"auto\" controls controlslist=\"nodownload\" autoplay muted playsinline><source data-nectar-video-src=\"https:\/\/lax-transfer.com\/wp-content\/uploads\/2022\/12\/4k_watermark.mp4\"  type=\"video\/mp4\"><\/video><\/div><\/div><\/div>\n\t\t\t<\/div> \n\t\t<\/div>\n\t<\/div> \n<\/div><\/div>\n\t\t<div id=\"home\"  data-column-margin=\"90px\" data-midnight=\"dark\" data-top-percent=\"4%\" data-bottom-percent=\"1%\"  class=\"wpb_row vc_row-fluid vc_row full-width-section vc_row-o-equal-height vc_row-flex vc_row-o-content-middle  top_padding_tablet_8pct bottom_padding_tablet_8pct\"  style=\"padding-top: calc(100vw * 0.04); padding-bottom: calc(100vw * 0.01); \"><div class=\"row-bg-wrap\" data-bg-animation=\"none\" data-bg-animation-delay=\"\" data-bg-overlay=\"false\"><div class=\"inner-wrap row-bg-layer\" ><div class=\"row-bg viewport-desktop using-bg-color\"  style=\"background-color: #ffffff; \"><\/div><\/div><\/div><div class=\"row_col_wrap_12 col span_12 dark left\">\n\t<div  class=\"vc_col-sm-2\/5 vc_col-xs-12 wpb_column column_container vc_column_container col no-extra-padding inherit_tablet inherit_phone\"  data-padding-pos=\"all\" data-has-bg-color=\"false\" data-bg-color=\"\" data-bg-opacity=\"1\" data-animation=\"\" data-delay=\"0\" >\n\t\t<div class=\"vc_column-inner\" >\n\t\t\t<div class=\"wpb_wrapper\">\n\t\t\t\t<div class=\"img-with-aniamtion-wrap\" data-max-width=\"100%\" data-max-width-mobile=\"default\" data-shadow=\"none\" data-animation=\"none\" >\n      <div class=\"inner\">\n        <div class=\"hover-wrap\"> \n          <div class=\"hover-wrap-inner\">\n            <img loading=\"lazy\" decoding=\"async\" class=\"img-with-animation skip-lazy\" data-delay=\"0\" height=\"1349\" width=\"900\" data-animation=\"none\" src=\"https:\/\/lax-transfer.com\/wp-content\/uploads\/2023\/03\/lax.jpg\" alt=\"lax-transfert\" srcset=\"https:\/\/lax-transfer.com\/wp-content\/uploads\/2023\/03\/lax.jpg 900w, https:\/\/lax-transfer.com\/wp-content\/uploads\/2023\/03\/lax-600x899.jpg 600w, https:\/\/lax-transfer.com\/wp-content\/uploads\/2023\/03\/lax-200x300.jpg 200w, https:\/\/lax-transfer.com\/wp-content\/uploads\/2023\/03\/lax-683x1024.jpg 683w, https:\/\/lax-transfer.com\/wp-content\/uploads\/2023\/03\/lax-768x1151.jpg 768w, https:\/\/lax-transfer.com\/wp-content\/uploads\/2023\/03\/lax-204x306.jpg 204w, https:\/\/lax-transfer.com\/wp-content\/uploads\/2023\/03\/lax-356x533.jpg 356w\" sizes=\"auto, (max-width: 900px) 100vw, 900px\" \/>\n          <\/div>\n        <\/div>\n      <\/div>\n    <\/div>\n\t\t\t<\/div> \n\t\t<\/div>\n\t<\/div> \n\n\t<div style=\"z-index: 100; \" class=\"vc_col-sm-3\/5 vc_col-xs-12 wpb_column column_container vc_column_container col padding-2-percent no-extra-padding_tablet no-extra-padding_phone\"  data-padding-pos=\"right\" data-has-bg-color=\"false\" data-bg-color=\"\" data-bg-opacity=\"1\" data-animation=\"\" data-delay=\"0\" >\n\t\t<div class=\"vc_column-inner\" >\n\t\t\t<div class=\"wpb_wrapper\">\n\t\t\t\t<div id=\"fws_69f889b11da9d\" data-midnight=\"\" data-column-margin=\"default\" class=\"wpb_row vc_row-fluid vc_row inner_row\"  style=\"\"><div class=\"row-bg-wrap\"> <div class=\"row-bg\" ><\/div> <\/div><div class=\"row_col_wrap_12_inner col span_12  left\">\n\t<div  class=\"vc_col-sm-12 wpb_column column_container vc_column_container col child_column has-animation no-extra-padding inherit_tablet inherit_phone\"   data-padding-pos=\"all\" data-has-bg-color=\"false\" data-bg-color=\"\" data-bg-opacity=\"1\" data-animation=\"fade-in-from-bottom\" data-delay=\"0\" >\n\t\t<div class=\"vc_column-inner\" >\n\t\t<div class=\"wpb_wrapper\">\n\t\t\t\n<div class=\"wpb_text_column wpb_content_element\" >\n\t<div class=\"wpb_wrapper\">\n\t\t<div class=\"wpb_text_column wpb_content_element vc_custom_1678352726991\">\n<div class=\"wpb_wrapper\">\n<h3>Nous sommes une \u00e9quipe de professionnels du transport qui se consacrent \u00e0 fournir un service exceptionnel \u00e0 nos clients.<\/h3>\n<\/div>\n<\/div>\n<p class=\"vc_custom_heading\">Vous pouvez commander un transfert \u00e0 Los Angeles depuis l'a\u00e9roport ou la ville aupr\u00e8s de nombreuses compagnies, mais c'est seulement avec nous que vous recevrez un service de haute qualit\u00e9 gr\u00e2ce \u00e0 notre \u00e9quipe de professionnels et \u00e0 nos voitures confortables. Notre flotte est moderne, bien entretenue et \u00e9quip\u00e9e des derni\u00e8res technologies pour assurer votre s\u00e9curit\u00e9 et votre confort. Nos chauffeurs, qui ont une grande exp\u00e9rience de la conduite dans la ville de Los Angeles, vous conduiront \u00e0 votre destination de mani\u00e8re rapide et efficace.<\/p>\n<p class=\"vc_custom_heading\">Il sera beaucoup plus pratique de r\u00e9server un transfert \u00e0 Los Angeles \u00e0 l'avance - Vous conna\u00eetrez le co\u00fbt exact du trajet d'un point \u00e0 un autre, vous pourrez choisir la classe et la marque de la voiture, v\u00e9rifier la disponibilit\u00e9 des si\u00e8ges pour enfants (si n\u00e9cessaire, plusieurs), et \u00e9galement commander un transfert de groupe.<\/p>\n<p class=\"vc_custom_heading\">Pour r\u00e9server un transfert avec nous, il suffit de remplir le formulaire sur le site web, de s\u00e9lectionner une voiture et d'entrer vos coordonn\u00e9es pour que nous puissions vous contacter.<\/p>\n<p class=\"vc_custom_heading\">Notre soci\u00e9t\u00e9 s'occupe du transfert de passagers depuis de nombreuses ann\u00e9es \u00e0 Los Angeles. Il est important pour nous de fournir un service de haute qualit\u00e9 et nous avons acquis une r\u00e9putation de partenaire fiable et de haut niveau. Nous sommes sp\u00e9cialis\u00e9s dans la fourniture de services de transport pour toutes les cat\u00e9gories de citoyens \u00e0 Los Angeles, qu'ils viennent pour le travail ou les vacances.<\/p>\n<p class=\"vc_custom_heading\">Notre compagnie vous permet de commander un transfert depuis LAX, BUR, VNY et SMO avec un chauffeur priv\u00e9 ou un transport de groupe. Notre soci\u00e9t\u00e9 propose diff\u00e9rentes options de transfert \u00e0 Los Angeles, en fonction de vos demandes et de vos besoins. Nous appr\u00e9cions votre opinion et nous donnons la priorit\u00e9 \u00e0 la satisfaction de nos clients.<\/p>\n<p class=\"vc_custom_heading\">Vous pouvez commander un transfert vers l'a\u00e9roport pour prendre votre vol sans d\u00e9lai ou, au contraire, apr\u00e8s un vol fastidieux, arriver confortablement \u00e0 votre destination. Le plus souvent, ils r\u00e9servent des transferts entre les a\u00e9roports et les h\u00f4tels pour ne pas perdre de temps \u00e0 chercher un arr\u00eat de bus ou un taxi pendant leurs vacances.<\/p>\n\t<\/div>\n<\/div>\n\n\n\n\n\t\t<\/div> \n\t<\/div>\n\t<\/div> \n<\/div><\/div>\n\t\t\t<\/div> \n\t\t<\/div>\n\t<\/div> \n<\/div><\/div>\n\t\t<div id=\"home\"  data-column-margin=\"90px\" data-midnight=\"dark\" data-top-percent=\"3%\" data-bottom-percent=\"3%\"  class=\"wpb_row vc_row-fluid vc_row full-width-section vc_row-o-equal-height vc_row-flex vc_row-o-content-middle  top_padding_tablet_8pct bottom_padding_tablet_8pct\"  style=\"padding-top: calc(100vw * 0.03); padding-bottom: calc(100vw * 0.03); \"><div class=\"row-bg-wrap\" data-bg-animation=\"none\" data-bg-animation-delay=\"\" data-bg-overlay=\"false\"><div class=\"inner-wrap row-bg-layer\" ><div class=\"row-bg viewport-desktop using-bg-color\"  style=\"background-color: #ffffff; \"><\/div><\/div><\/div><div class=\"row_col_wrap_12 col span_12 dark left\">\n\t<div style=\"z-index: 100; \" class=\"vc_col-sm-3\/5 vc_col-xs-12 wpb_column column_container vc_column_container col padding-2-percent no-extra-padding_tablet no-extra-padding_phone\"  data-padding-pos=\"right\" data-has-bg-color=\"false\" data-bg-color=\"\" data-bg-opacity=\"1\" data-animation=\"\" data-delay=\"0\" >\n\t\t<div class=\"vc_column-inner\" >\n\t\t\t<div class=\"wpb_wrapper\">\n\t\t\t\t<div id=\"fws_69f889b11e080\" data-midnight=\"\" data-column-margin=\"default\" class=\"wpb_row vc_row-fluid vc_row inner_row\"  style=\"\"><div class=\"row-bg-wrap\"> <div class=\"row-bg\" ><\/div> <\/div><div class=\"row_col_wrap_12_inner col span_12  left\">\n\t<div  class=\"vc_col-sm-12 wpb_column column_container vc_column_container col child_column has-animation no-extra-padding inherit_tablet inherit_phone\"   data-padding-pos=\"all\" data-has-bg-color=\"false\" data-bg-color=\"\" data-bg-opacity=\"1\" data-animation=\"fade-in-from-bottom\" data-delay=\"0\" >\n\t\t<div class=\"vc_column-inner\" >\n\t\t<div class=\"wpb_wrapper\">\n\t\t\t\n<div class=\"wpb_text_column wpb_content_element\" >\n\t<div class=\"wpb_wrapper\">\n\t\t<p>Vous pr\u00e9voyez un voyage \u00e0 Los Angeles et avez besoin d'un service de transfert a\u00e9roportuaire fiable et efficace ? Ne cherchez pas plus loin que notre entreprise, qui fournit un service de transport de premier ordre depuis et vers l'a\u00e9roport de Los Angeles.<\/p>\n<p>Notre \u00e9quipe de chauffeurs exp\u00e9riment\u00e9s et notre flotte de v\u00e9hicules modernes vous garantissent d'arriver \u00e0 votre destination avec style et confort. Nous proposons une vari\u00e9t\u00e9 de services, y compris des transferts priv\u00e9s, des transports partag\u00e9s et des limousines de luxe.<\/p>\n<p>Notre service de transfert priv\u00e9 est parfait pour ceux qui veulent une attention personnalis\u00e9e et de l'intimit\u00e9. Vous serez pris en charge \u00e0 l'a\u00e9roport et emmen\u00e9 directement \u00e0 votre destination sans aucun arr\u00eat en cours de route.<\/p>\n<p>Pour ceux qui recherchent une exp\u00e9rience plus luxueuse, nous proposons une gamme de voitures de luxe qui sont parfaites pour les occasions sp\u00e9ciales ou les voyages d'affaires. Nos chauffeurs exp\u00e9riment\u00e9s veilleront \u00e0 ce que vous arriviez \u00e0 votre destination \u00e0 temps et avec style.<\/p>\n<p>Nos partenaires mondiaux sont\u00a0 <a href=\"https:\/\/www.booking.com\/\" rel=\"nofollow noopener\" target=\"_blank\">R\u00e9servation<\/a> , <a href=\"https:\/\/kiwitaxi.com\/\" rel=\"nofollow noopener\" target=\"_blank\">Kiwitaxi<\/a> , <a href=\"https:\/\/www.mozio.com\/en-us\/\" rel=\"nofollow noopener\" target=\"_blank\">Mozio<\/a>, <a href=\"https:\/\/www.dottransfers.com\/\" rel=\"nofollow noopener\" target=\"_blank\">DotTransfers<\/a>, <a href=\"https:\/\/www.mytransfers.com\/en\/\" rel=\"nofollow noopener\" target=\"_blank\">Mes transferts<\/a> , <a href=\"https:\/\/www.jayride.com\/hotel-transfer\/united-states\/embassy-suites-91203-los-angeles-county?srsltid=AfmBOoqXClvOg9Q9u6RvF47XpilpiXAhvf6AHMxHo6X6XZTDYRYijqzl\" rel=\"nofollow noopener\" target=\"_blank\">Jayride<\/a> , <a href=\"https:\/\/busfer.com\/\" rel=\"nofollow noopener\" target=\"_blank\">Busfer<\/a> , <a href=\"https:\/\/limotak.com\/new_order\" rel=\"nofollow noopener\" target=\"_blank\">Limotak<\/a> , <a href=\"https:\/\/city-airport-taxis.com\/?utm_source=Google&amp;utm_medium=GoogleAds&amp;utm_campaign=68248350&amp;source=google&amp;medium=cpc&amp;utm_campaign=68248350&amp;q=&amp;adgroupid=128988148012&amp;match=&amp;gad_source=1&amp;gclid=Cj0KCQiAvbm7BhC5ARIsAFjwNHsW8gamgIlbbeZTr494ikR0IJHv-SjgNqDsYuqIJvuoxVlireU7eqUaAm1EEALw_wcB\" rel=\"nofollow noopener\" target=\"_blank\">VilleA\u00e9roportTaxi<\/a> , <a href=\"https:\/\/airportstaxitransfers.com\/transportation\/taxi\/Los-Angeles-Transfers\" rel=\"nofollow noopener\" target=\"_blank\">A\u00e9roportsTaxiTransferts<\/a> , <a href=\"https:\/\/gettransfer.com\/en\" rel=\"nofollow noopener\" target=\"_blank\">Obtenir un transfert<\/a> ,<a href=\"https:\/\/iway.io\/\" rel=\"nofollow noopener\" target=\"_blank\"> i'wai<\/a> , <a href=\"https:\/\/citytransfers.eu\/\" rel=\"follow nofollow noopener\" target=\"_blank\">CityTransferts<\/a> , <a href=\"https:\/\/www.getyourguide.com\/-s513908\" rel=\"nofollow noopener\" target=\"_blank\">GetYourGuide<\/a> , <a href=\"https:\/\/atobtransfer.com\/\" rel=\"nofollow noopener\" target=\"_blank\">AtoBtransfer<\/a> , <a href=\"https:\/\/airfrance.hertzdriveu.com\/en-us\" rel=\"nofollow noopener\" target=\"_blank\">Hertzdriveu<\/a> , <a href=\"https:\/\/viatovia.com\/\" rel=\"nofollow noopener\" target=\"_blank\">Viatovia<\/a>, <a href=\"https:\/\/mobility.cartrawler.com\/emirates\/en-US\/\" rel=\"nofollow noopener\" target=\"_blank\">\u00c9mirats<\/a> , <a href=\"https:\/\/limowide.com\/\" rel=\"nofollow noopener\" target=\"_blank\">Limowide<\/a> ,\u00a0<a href=\"http:\/\/www.polittan.com\" rel=\"nofollow noopener\" target=\"_blank\">Polittan<\/a> ,\u00a0<a href=\"https:\/\/gomakto.com\/\" rel=\"nofollow noopener\" target=\"_blank\">Gomakto<\/a> , <a href=\"https:\/\/www.ecosmobility.com\/\" rel=\"nofollow noopener\" target=\"_blank\">ECO Mobility<\/a> , <a href=\"https:\/\/djoubo.eu\/en\/taxi-companies\/\" rel=\"nofollow noopener\" target=\"_blank\">Djoubo<\/a> , <a href=\"https:\/\/www.bookaway.com\/?gad_source=1&amp;gclid=Cj0KCQiAvbm7BhC5ARIsAFjwNHsyHHklv-majEAnxCIaVjmAC_ZOQ59eGh3RsXGJ-YKKWAVzneOOd2oaAg3-EALw_wcB\" rel=\"nofollow noopener\" target=\"_blank\">Livres \u00e0 emporter<\/a> , <a href=\"https:\/\/12go.asia\/en\" rel=\"nofollow noopener\" target=\"_blank\">12Go...<\/a><\/p>\n<p>&#8230;<\/p>\n<p>Dans notre entreprise, nous sommes fiers de fournir le plus haut niveau de service \u00e0 la client\u00e8le. Notre personnel amical et comp\u00e9tent est disponible 24 heures sur 24 et 7 jours sur 7 pour r\u00e9pondre \u00e0 toutes vos questions ou pr\u00e9occupations.<\/p>\n<p>R\u00e9servez d\u00e8s aujourd'hui votre transfert de l'a\u00e9roport de Los Angeles aupr\u00e8s de nous et d\u00e9couvrez la commodit\u00e9 et le confort de nos services.<\/p>\n\t<\/div>\n<\/div>\n\n\n\n\n\t<div class=\"wpb_raw_code wpb_content_element wpb_raw_html\" >\n\t\t<div class=\"wpb_wrapper\">\n\t\t\t<a href=\"https:\/\/www.getyourguide.com\/-s513908\" rel=\"nofollow noopener\" target=\"_blank\"><img decoding=\"async\" src=\"https:\/\/lax-transfer.com\/wp-content\/uploads\/2022\/12\/6a52159c.png\" width=\"40px\" height=\"auto\" style=\"border: 1px solid #c6c8d0\" alt=\"GetYourGuide | GMG Transportation LLC\" \/><\/a>\n\t\t<\/div>\n\t<\/div>\n\n\t\t<\/div> \n\t<\/div>\n\t<\/div> \n<\/div><\/div>\n\t\t\t<\/div> \n\t\t<\/div>\n\t<\/div> \n\n\t<div  class=\"vc_col-sm-2\/5 vc_col-xs-12 wpb_column column_container vc_column_container col no-extra-padding inherit_tablet inherit_phone\"  data-padding-pos=\"all\" data-has-bg-color=\"false\" data-bg-color=\"\" data-bg-opacity=\"1\" data-animation=\"\" data-delay=\"0\" >\n\t\t<div class=\"vc_column-inner\" >\n\t\t\t<div class=\"wpb_wrapper\">\n\t\t\t\t<div class=\"img-with-aniamtion-wrap\" data-max-width=\"100%\" data-max-width-mobile=\"default\" data-shadow=\"none\" data-animation=\"none\" >\n      <div class=\"inner\">\n        <div class=\"hover-wrap\"> \n          <div class=\"hover-wrap-inner\">\n            <img loading=\"lazy\" decoding=\"async\" class=\"img-with-animation skip-lazy\" data-delay=\"0\" height=\"1353\" width=\"900\" data-animation=\"none\" src=\"https:\/\/lax-transfer.com\/wp-content\/uploads\/2023\/03\/lax2.jpg\" alt=\"\" srcset=\"https:\/\/lax-transfer.com\/wp-content\/uploads\/2023\/03\/lax2.jpg 900w, https:\/\/lax-transfer.com\/wp-content\/uploads\/2023\/03\/lax2-600x902.jpg 600w, https:\/\/lax-transfer.com\/wp-content\/uploads\/2023\/03\/lax2-200x300.jpg 200w, https:\/\/lax-transfer.com\/wp-content\/uploads\/2023\/03\/lax2-681x1024.jpg 681w, https:\/\/lax-transfer.com\/wp-content\/uploads\/2023\/03\/lax2-768x1155.jpg 768w, https:\/\/lax-transfer.com\/wp-content\/uploads\/2023\/03\/lax2-204x306.jpg 204w, https:\/\/lax-transfer.com\/wp-content\/uploads\/2023\/03\/lax2-355x533.jpg 355w\" sizes=\"auto, (max-width: 900px) 100vw, 900px\">\n          <\/div>\n        <\/div>\n      <\/div>\n    <\/div>\n\t\t\t<\/div> \n\t\t<\/div>\n\t<\/div> \n<\/div><\/div>","protected":false},"excerpt":{"rendered":"GMG Transportation LLC - LAX TRANSFER | Bienvenue dans notre soci\u00e9t\u00e9 de services de transfert a\u00e9roportuaire \u00e0 Los Angeles ! Nous sommes une \u00e9quipe de professionnels du transport qui se consacre \u00e0 fournir un service exceptionnel \u00e0...","protected":false},"author":1,"featured_media":11992,"parent":0,"menu_order":0,"comment_status":"closed","ping_status":"closed","template":"","meta":{"footnotes":""},"class_list":["post-10765","page","type-page","status-publish","has-post-thumbnail"],"_links":{"self":[{"href":"https:\/\/lax-transfer.com\/fr\/wp-json\/wp\/v2\/pages\/10765","targetHints":{"allow":["GET"]}}],"collection":[{"href":"https:\/\/lax-transfer.com\/fr\/wp-json\/wp\/v2\/pages"}],"about":[{"href":"https:\/\/lax-transfer.com\/fr\/wp-json\/wp\/v2\/types\/page"}],"author":[{"embeddable":true,"href":"https:\/\/lax-transfer.com\/fr\/wp-json\/wp\/v2\/users\/1"}],"replies":[{"embeddable":true,"href":"https:\/\/lax-transfer.com\/fr\/wp-json\/wp\/v2\/comments?post=10765"}],"version-history":[{"count":29,"href":"https:\/\/lax-transfer.com\/fr\/wp-json\/wp\/v2\/pages\/10765\/revisions"}],"predecessor-version":[{"id":13347,"href":"https:\/\/lax-transfer.com\/fr\/wp-json\/wp\/v2\/pages\/10765\/revisions\/13347"}],"wp:featuredmedia":[{"embeddable":true,"href":"https:\/\/lax-transfer.com\/fr\/wp-json\/wp\/v2\/media\/11992"}],"wp:attachment":[{"href":"https:\/\/lax-transfer.com\/fr\/wp-json\/wp\/v2\/media?parent=10765"}],"curies":[{"name":"wp","href":"https:\/\/api.w.org\/{rel}","templated":true}]}}