{"id":11295,"date":"2023-07-15T12:56:38","date_gmt":"2023-07-15T19:56:38","guid":{"rendered":"https:\/\/lax-transfer.com\/?page_id=11295"},"modified":"2025-01-02T10:10:27","modified_gmt":"2025-01-02T18:10:27","slug":"advantages","status":"publish","type":"page","link":"https:\/\/lax-transfer.com\/fr\/avantages\/","title":{"rendered":"Avantages"},"content":{"rendered":"<div id=\"fws_69f463915684b\"  data-column-margin=\"default\" data-midnight=\"dark\" data-top-percent=\"1%\" data-bottom-percent=\"1%\"  class=\"wpb_row vc_row-fluid vc_row\"  style=\"padding-top: calc(100vw * 0.01); padding-bottom: calc(100vw * 0.01); \"><div class=\"row-bg-wrap\" data-bg-animation=\"none\" data-bg-animation-delay=\"\" data-bg-overlay=\"false\"><div class=\"inner-wrap row-bg-layer\" ><div class=\"row-bg viewport-desktop\"  style=\"\"><\/div><\/div><\/div><div class=\"row_col_wrap_12 col span_12 dark left\">\n\t<div  class=\"vc_col-sm-12 wpb_column column_container vc_column_container col no-extra-padding inherit_tablet inherit_phone\"  data-padding-pos=\"all\" data-has-bg-color=\"false\" data-bg-color=\"\" data-bg-opacity=\"1\" data-animation=\"\" data-delay=\"0\" >\n\t\t<div class=\"vc_column-inner\" >\n\t\t\t<div class=\"wpb_wrapper\">\n\t\t\t\t<div class=\"nectar-split-heading\" data-align=\"default\" data-m-align=\"inherit\" data-text-effect=\"default\" data-animation-type=\"line-reveal-by-space\" data-animation-delay=\"0\" data-animation-offset=\"\" data-m-rm-animation=\"\" data-stagger=\"\" data-custom-font-size=\"false\" ><h2 >Avantages<\/h2><\/div>\n<div class=\"wpb_text_column wpb_content_element\" >\n\t<div class=\"wpb_wrapper\">\n\t\t<p>Faites l'exp\u00e9rience de la commodit\u00e9 de nos services fiables de transfert de l'a\u00e9roport \u00e0 l'h\u00f4tel, qui s'adressent aux particuliers comme aux groupes. Du taxi LAX aux transferts priv\u00e9s, notre soci\u00e9t\u00e9 propose des tarifs abordables et un service exceptionnel. Nous sommes votre agence de r\u00e9f\u00e9rence pour les transferts a\u00e9roportuaires bon march\u00e9 \u00e0 L.A.<\/p>\n\t<\/div>\n<\/div>\n\n\n\n<div id=\"fws_69f4639158086\" data-midnight=\"\" data-column-margin=\"default\" class=\"wpb_row vc_row-fluid vc_row inner_row\"  style=\"\"><div class=\"row-bg-wrap\"> <div class=\"row-bg\" ><\/div> <\/div><div class=\"row_col_wrap_12_inner col span_12  left\">\n\t<div  class=\"vc_col-sm-6 wpb_column column_container vc_column_container col child_column no-extra-padding inherit_tablet inherit_phone\"   data-padding-pos=\"all\" data-has-bg-color=\"false\" data-bg-color=\"\" data-bg-opacity=\"1\" data-animation=\"\" data-delay=\"0\" >\n\t\t<div class=\"vc_column-inner\" >\n\t\t<div class=\"wpb_wrapper\">\n\t\t\t\n<div class=\"wpb_text_column wpb_content_element\" >\n\t<div class=\"wpb_wrapper\">\n\t\t<p><strong>Le transfert est r\u00e9serv\u00e9 \u00e0 l'avance <\/strong><\/p>\n<p>Le transporteur sait \u00e0 l'avance quand vous arrivez \u00e0 l'a\u00e9roport : le taxi vous attendra d\u00e9j\u00e0 \u00e0 la station de taxis, et le chauffeur de taxi vous rencontrera aussi pr\u00e8s de la zone des arriv\u00e9es que le permettent les r\u00e8gles de l'a\u00e9roport. Il en va de m\u00eame pour les transferts depuis les gares et les h\u00f4tels : le chauffeur vous attendra \u00e0 l'endroit indiqu\u00e9, muni d'une pancarte portant le nom du client - c'est un standard de notre service. Il est possible de commander un taxi local pour l'a\u00e9roport \u00e0 moindre co\u00fbt (les tarifs des taxis sont normalement inf\u00e9rieurs \u00e0 ceux des transferts), mais vous devrez attendre le taxi et le chercher, ce qui peut prendre 30 minutes de plus que dans le cas d'une r\u00e9servation \u00e0 l'avance. La loi n'oblige pas les compagnies de taxis \u00e0 fournir des si\u00e8ges auto pour enfants.<\/p>\n<p><strong>La voiture d'une cat\u00e9gorie choisie <\/strong><\/p>\n<p>Ou d'une classe sup\u00e9rieure. La capacit\u00e9 est connue \u00e0 l'avance : combien de personnes peuvent voyager et combien de valises de taille standard peuvent rentrer. Lors de la r\u00e9servation d'un taxi depuis l'a\u00e9roport via une application locale, il n'est pas toujours possible de le pr\u00e9voir.<\/p>\n<p><strong>Transferts de et vers l'a\u00e9roport LAX<\/strong><\/p>\n<p>Choisissez notre service de taxi pour l'a\u00e9roport pour un voyage sans encombre \u00e0 destination et en provenance de LAX. Pour les familles, nous fournissons des voitures d'a\u00e9roport laxistes en donnant la priorit\u00e9 \u00e0 la s\u00e9curit\u00e9. Faites-nous confiance en tant que meilleur service de taxi et de voiture pour votre voyage \u00e0 LAX. D\u00e9couvrez notre service Super Disneyland ou emmenez notre chauffeur de LAX \u00e0 Hollywood pour un trajet amusant et pratique. Profitez de notre service de prise en charge \u00e0 l'a\u00e9roport de Los Angeles pour une arriv\u00e9e sans stress. Pour les transferts de l'a\u00e9roport de Los Angeles, nous fournissons des transferts fiables.<\/p>\n<p>Nos services de taxi pour l'a\u00e9roport de Lax garantissent un transport en temps voulu. Passez au luxe avec nos services de transfert a\u00e9roportuaire haut de gamme \u00e0 Los Angeles. Nous avons une option sp\u00e9ciale pour les transferts en voiture priv\u00e9e \u00e0 Los Angeles pour une exp\u00e9rience personnalis\u00e9e et confortable.<\/p>\n\t<\/div>\n<\/div>\n\n\n\n\n\t\t<\/div> \n\t<\/div>\n\t<\/div> \n\n\t<div  class=\"vc_col-sm-6 wpb_column column_container vc_column_container col child_column no-extra-padding inherit_tablet inherit_phone\"   data-padding-pos=\"all\" data-has-bg-color=\"false\" data-bg-color=\"\" data-bg-opacity=\"1\" data-animation=\"\" data-delay=\"0\" >\n\t\t<div class=\"vc_column-inner\" >\n\t\t<div class=\"wpb_wrapper\">\n\t\t\t\n<div class=\"wpb_text_column wpb_content_element\" >\n\t<div class=\"wpb_wrapper\">\n\t\t<p><strong>Pas besoin de communiquer avec un chauffeur<\/strong><\/p>\n<p>Tout ce qui concerne le voyage est connu \u00e0 l'avance, donc si vous ne parlez pas la langue ou si vous n'\u00eates pas d'humeur, vous n'avez pas besoin de parler. Un chauffeur tenant une pancarte avec le nom d'un passager vous retrouvera au bon endroit et le reste est consign\u00e9 dans un bon d'\u00e9change. Vous devrez probablement vous disputer avec un chauffeur de taxi local sur le prix d'un taxi depuis l'a\u00e9roport - dans une langue \u00e9trang\u00e8re, vous risquez de ne pas r\u00e9ussir \u00e0 n\u00e9gocier.<\/p>\n<p><strong>Vous pouvez faire une petite excursion<\/strong><\/p>\n<p>Profitez de la commodit\u00e9 de notre service d'accueil \u00e0 l'a\u00e9roport LAX, qui vous assure un accueil chaleureux et une transition sans heurt vers votre moyen de transport. Nos chauffeurs professionnels et nos v\u00e9hicules modernes vous garantissent un voyage confortable et sans tracas.<\/p>\n<p>Nous essayons d'affecter des chauffeurs anglophones aux r\u00e9servations. Ainsi, vous pouvez facilement lui poser des questions sur le pays et la ville. Le transfert est avant tout un service touristique. Les chauffeurs professionnels le comprennent et font de leur mieux pour permettre au touriste de profiter de son voyage.<\/p>\n<p><strong>Taxi vers l'a\u00e9roport \u00e0 un prix fixe<\/strong><\/p>\n<p>R\u00e9servez d\u00e8s maintenant pour un transfert fluide et efficace de l'a\u00e9roport de Los Angeles vers votre h\u00f4tel ou toute autre destination \u00e0 Los Angeles. Nos transferts de A \u00e0 B, y compris le service de voitures noires haut de gamme et les transferts a\u00e9roportuaires JSX, garantissent une exp\u00e9rience de voyage luxueuse. Nous sommes \u00e9galement sp\u00e9cialis\u00e9s dans les transferts depuis et vers Disneyland, Hollywood et d'autres lieux populaires.<\/p>\n<p>Le paiement est possible dans une devise favorable sur le site web. Les tarifs de notre service sont connus \u00e0 l'avance. Apr\u00e8s avoir effectu\u00e9 une r\u00e9servation, le prix ne changera pas, quel que soit le temps restant avant le voyage. Pour un voyage en transport public ou en taxi local depuis l'a\u00e9roport, vous devrez changer la monnaie \u00e0 l'arriv\u00e9e, et le prix n'est pas connu \u00e0 l'avance.<\/p>\n<p>Pour la meilleure agence de transfert a\u00e9roportuaire de Los Angeles, choisissez-nous pour un service porte-\u00e0-porte qui r\u00e9pond \u00e0 vos besoins sp\u00e9cifiques. Gr\u00e2ce \u00e0 nos transferts a\u00e9roportuaires de luxe et \u00e0 nos services de taxi et de voiture priv\u00e9s, votre exp\u00e9rience du transport \u00e0 Los Angeles ne sera rien de moins qu'exceptionnelle.<\/p>\n\t<\/div>\n<\/div>\n\n\n\n\n\t\t<\/div> \n\t<\/div>\n\t<\/div> \n<\/div><\/div>\n\t\t\t<\/div> \n\t\t<\/div>\n\t<\/div> \n<\/div><\/div>\n\t\t<div id=\"fws_69f4639158d87\"  data-column-margin=\"default\" data-midnight=\"dark\" data-top-percent=\"7%\" data-bottom-percent=\"2%\"  class=\"wpb_row vc_row-fluid vc_row\"  style=\"padding-top: calc(100vw * 0.07); padding-bottom: calc(100vw * 0.02); \"><div class=\"row-bg-wrap\" data-bg-animation=\"none\" data-bg-animation-delay=\"\" data-bg-overlay=\"false\"><div class=\"inner-wrap row-bg-layer\" ><div class=\"row-bg viewport-desktop using-bg-color\"  style=\"background-color: #ffffff; \"><\/div><\/div><\/div><div class=\"row_col_wrap_12 col span_12 dark left\">\n\t<div  class=\"vc_col-sm-12 wpb_column column_container vc_column_container col no-extra-padding inherit_tablet inherit_phone\"  data-padding-pos=\"all\" data-has-bg-color=\"false\" data-bg-color=\"\" data-bg-opacity=\"1\" data-animation=\"\" data-delay=\"0\" >\n\t\t<div class=\"vc_column-inner\" >\n\t\t\t<div class=\"wpb_wrapper\">\n\t\t\t\t<div id=\"fws_69f4639158ef9\" data-midnight=\"\" data-column-margin=\"default\" class=\"wpb_row vc_row-fluid vc_row inner_row\"  style=\"\"><div class=\"row-bg-wrap\"> <div class=\"row-bg\" ><\/div> <\/div><div class=\"row_col_wrap_12_inner col span_12  left\">\n\t<div  class=\"vc_col-sm-12 wpb_column column_container vc_column_container col child_column no-extra-padding inherit_tablet inherit_phone\"   data-padding-pos=\"all\" data-has-bg-color=\"false\" data-bg-color=\"\" data-bg-opacity=\"1\" data-animation=\"\" data-delay=\"0\" >\n\t\t<div class=\"vc_column-inner\" >\n\t\t<div class=\"wpb_wrapper\">\n\t\t\t<div class=\"nectar-split-heading\" data-align=\"default\" data-m-align=\"center\" data-text-effect=\"default\" data-animation-type=\"line-reveal-by-space\" data-animation-delay=\"0\" data-animation-offset=\"\" data-m-rm-animation=\"\" data-stagger=\"\" data-custom-font-size=\"false\" ><h2 >Fonctionnement du service<\/h2><\/div>\n\t\t<\/div> \n\t<\/div>\n\t<\/div> \n<\/div><\/div><div id=\"fws_69f463915909c\" data-midnight=\"\" data-column-margin=\"default\" class=\"wpb_row vc_row-fluid vc_row inner_row\"  style=\"\"><div class=\"row-bg-wrap\"> <div class=\"row-bg\" ><\/div> <\/div><div class=\"row_col_wrap_12_inner col span_12  left\">\n\t<div  class=\"vc_col-sm-4 wpb_column column_container vc_column_container col child_column centered-text has-animation no-extra-padding force-desktop-text-align-center inherit_tablet inherit_phone\"   data-padding-pos=\"top\" data-has-bg-color=\"false\" data-bg-color=\"\" data-bg-opacity=\"1\" data-animation=\"fade-in-from-bottom\" data-delay=\"0\" >\n\t\t<div class=\"vc_column-inner\" >\n\t\t<div class=\"wpb_wrapper\">\n\t\t\t<div class=\"nectar_icon_wrap\" data-style=\"shadow-bg\" data-padding=\"10px\" data-color=\"accent-color\" style=\"margin-bottom: 30px; \" >\n\t\t<div class=\"nectar_icon\" ><i style=\"font-size: 50px; line-height: 75px; height: 75px; width: 75px;\" class=\"fa fa-car\"><\/i><\/div>\n\t<\/div>\n<div class=\"wpb_text_column wpb_content_element\" >\n\t<div class=\"wpb_wrapper\">\n\t\t<h4 style=\"text-align: center;\">Vous choisissez l'itin\u00e9raire et une voiture<\/h4>\n<p style=\"text-align: center;\">Vous pouvez commander une voiture de n'importe quelle capacit\u00e9, de la berline \u00e9conomique au mini-bus de 13 places.<\/p>\n\t<\/div>\n<\/div>\n\n\n\n\n\t\t<\/div> \n\t<\/div>\n\t<\/div> \n\n\t<div  class=\"vc_col-sm-4 wpb_column column_container vc_column_container col child_column centered-text has-animation no-extra-padding force-desktop-text-align-center inherit_tablet inherit_phone\"   data-padding-pos=\"top\" data-has-bg-color=\"false\" data-bg-color=\"\" data-bg-opacity=\"1\" data-animation=\"fade-in-from-bottom\" data-delay=\"100\" >\n\t\t<div class=\"vc_column-inner\" >\n\t\t<div class=\"wpb_wrapper\">\n\t\t\t<div class=\"nectar_icon_wrap\" data-style=\"shadow-bg\" data-padding=\"10px\" data-color=\"accent-color\" style=\"margin-bottom: 30px; \" >\n\t\t<div class=\"nectar_icon\" ><i style=\"font-size: 50px; line-height: 75px; height: 75px; width: 75px;\" class=\"fa fa-credit-card\"><\/i><\/div>\n\t<\/div>\n<div class=\"wpb_text_column wpb_content_element\" >\n\t<div class=\"wpb_wrapper\">\n\t\t<h4 style=\"text-align: center;\">Remplir le formulaire de r\u00e9servation<br \/>\net choisissez un mode de paiement<\/h4>\n<p style=\"text-align: center;\">Pr\u00e9cisez la date et l'heure de la prise en charge et choisissez un mode de paiement. Apr\u00e8s la r\u00e9servation, vous recevrez un courriel contenant le bon.<\/p>\n\t<\/div>\n<\/div>\n\n\n\n\n\t\t<\/div> \n\t<\/div>\n\t<\/div> \n\n\t<div  class=\"vc_col-sm-4 wpb_column column_container vc_column_container col child_column centered-text has-animation no-extra-padding force-desktop-text-align-center inherit_tablet inherit_phone\"   data-padding-pos=\"top\" data-has-bg-color=\"false\" data-bg-color=\"\" data-bg-opacity=\"1\" data-animation=\"fade-in-from-bottom\" data-delay=\"200\" >\n\t\t<div class=\"vc_column-inner\" >\n\t\t<div class=\"wpb_wrapper\">\n\t\t\t<div class=\"nectar_icon_wrap\" data-style=\"shadow-bg\" data-padding=\"10px\" data-color=\"accent-color\" style=\"margin-bottom: 30px; \" >\n\t\t<div class=\"nectar_icon\" ><i style=\"font-size: 50px; line-height: 75px; height: 75px; width: 75px;\" class=\"fa fa-id-card-o\"><\/i><\/div>\n\t<\/div>\n<div class=\"wpb_text_column wpb_content_element\" >\n\t<div class=\"wpb_wrapper\">\n\t\t<h4 style=\"text-align: center;\">Le chauffeur vous accueille<br \/>\navec une plaque signal\u00e9tique \u00e0 l'a\u00e9roport<\/h4>\n<p style=\"text-align: center;\">A l'heure pr\u00e9vue, le chauffeur vous attendra sur place. Il vous accompagnera jusqu'\u00e0 la voiture et vous conduira \u00e0 l'h\u00f4tel.<\/p>\n\t<\/div>\n<\/div>\n\n\n\n\n\t\t<\/div> \n\t<\/div>\n\t<\/div> \n<\/div><\/div>\n\t\t\t<\/div> \n\t\t<\/div>\n\t<\/div> \n<\/div><\/div>\n\t\t<div id=\"fws_69f4639159b59\"  data-column-margin=\"default\" data-midnight=\"dark\"  class=\"wpb_row vc_row-fluid vc_row\"  style=\"padding-top: 0px; padding-bottom: 0px; \"><div class=\"row-bg-wrap\" data-bg-animation=\"none\" data-bg-animation-delay=\"\" data-bg-overlay=\"false\"><div class=\"inner-wrap row-bg-layer\" ><div class=\"row-bg viewport-desktop\"  style=\"\"><\/div><\/div><\/div><div class=\"row_col_wrap_12 col span_12 dark left\">\n\t<div  class=\"vc_col-sm-12 wpb_column column_container vc_column_container col no-extra-padding inherit_tablet inherit_phone\"  data-padding-pos=\"all\" data-has-bg-color=\"false\" data-bg-color=\"\" data-bg-opacity=\"1\" data-animation=\"\" data-delay=\"0\" >\n\t\t<div class=\"vc_column-inner\" >\n\t\t\t<div class=\"wpb_wrapper\">\n\t\t\t\t\n<div class=\"wpb_text_column wpb_content_element\" >\n\t<div class=\"wpb_wrapper\">\n\t\t<p>Si vous voyagez pour affaires, nous vous offrons une exp\u00e9rience de transport transparente et confortable. Nos transferts priv\u00e9s vers l'a\u00e9roport LAX garantissent un voyage sans stress, tandis que notre flotte de taxis \u00e9quip\u00e9s de si\u00e8ges auto pour enfants donne la priorit\u00e9 \u00e0 la s\u00e9curit\u00e9 de vos petits.<\/p>\n\t<\/div>\n<\/div>\n\n\n\n\n\t\t\t<\/div> \n\t\t<\/div>\n\t<\/div> \n<\/div><\/div>","protected":false},"excerpt":{"rendered":"Avantages D\u00e9couvrez la commodit\u00e9 de nos services fiables de transfert de l'a\u00e9roport \u00e0 l'h\u00f4tel, destin\u00e9s aux particuliers et aux groupes. Du taxi LAX aux transferts priv\u00e9s, notre soci\u00e9t\u00e9 propose des tarifs abordables et...","protected":false},"author":1,"featured_media":10949,"parent":0,"menu_order":0,"comment_status":"closed","ping_status":"closed","template":"","meta":{"footnotes":""},"class_list":["post-11295","page","type-page","status-publish","has-post-thumbnail"],"_links":{"self":[{"href":"https:\/\/lax-transfer.com\/fr\/wp-json\/wp\/v2\/pages\/11295","targetHints":{"allow":["GET"]}}],"collection":[{"href":"https:\/\/lax-transfer.com\/fr\/wp-json\/wp\/v2\/pages"}],"about":[{"href":"https:\/\/lax-transfer.com\/fr\/wp-json\/wp\/v2\/types\/page"}],"author":[{"embeddable":true,"href":"https:\/\/lax-transfer.com\/fr\/wp-json\/wp\/v2\/users\/1"}],"replies":[{"embeddable":true,"href":"https:\/\/lax-transfer.com\/fr\/wp-json\/wp\/v2\/comments?post=11295"}],"version-history":[{"count":2,"href":"https:\/\/lax-transfer.com\/fr\/wp-json\/wp\/v2\/pages\/11295\/revisions"}],"predecessor-version":[{"id":12996,"href":"https:\/\/lax-transfer.com\/fr\/wp-json\/wp\/v2\/pages\/11295\/revisions\/12996"}],"wp:featuredmedia":[{"embeddable":true,"href":"https:\/\/lax-transfer.com\/fr\/wp-json\/wp\/v2\/media\/10949"}],"wp:attachment":[{"href":"https:\/\/lax-transfer.com\/fr\/wp-json\/wp\/v2\/media?parent=11295"}],"curies":[{"name":"wp","href":"https:\/\/api.w.org\/{rel}","templated":true}]}}