{"id":12041,"date":"2023-11-14T09:16:13","date_gmt":"2023-11-14T17:16:13","guid":{"rendered":"https:\/\/lax-transfer.com\/?page_id=12041"},"modified":"2024-02-16T21:53:49","modified_gmt":"2024-02-17T05:53:49","slug":"airport-transfers","status":"publish","type":"page","link":"https:\/\/lax-transfer.com\/fr\/transferts-aeroportuaires\/","title":{"rendered":"Transferts depuis l'a\u00e9roport"},"content":{"rendered":"<div id=\"fws_69dec3cb5e4f8\"  data-column-margin=\"default\" data-midnight=\"dark\"  class=\"wpb_row vc_row-fluid vc_row\"  style=\"padding-top: 0px; padding-bottom: 0px; \"><div class=\"row-bg-wrap\" data-bg-animation=\"none\" data-bg-animation-delay=\"\" data-bg-overlay=\"false\"><div class=\"inner-wrap row-bg-layer\" ><div class=\"row-bg viewport-desktop\"  style=\"\"><\/div><\/div><\/div><div class=\"row_col_wrap_12 col span_12 dark left\">\n\t<div  class=\"vc_col-sm-12 wpb_column column_container vc_column_container col no-extra-padding inherit_tablet inherit_phone\"  data-padding-pos=\"all\" data-has-bg-color=\"false\" data-bg-color=\"\" data-bg-opacity=\"1\" data-animation=\"\" data-delay=\"0\" >\n\t\t<div class=\"vc_column-inner\" >\n\t\t\t<div class=\"wpb_wrapper\">\n\t\t\t\t\n<div class=\"wpb_text_column wpb_content_element\" >\n\t<div class=\"wpb_wrapper\">\n\t\t<h2>Transferts d'a\u00e9roport avec GMG Transportation LLC (LAX Transfer) : Des trajets sans faille, un service in\u00e9gal\u00e9<\/h2>\n<p>Bienvenue \u00e0 LAX Transfer, o\u00f9 votre voyage commence par un engagement de confort, de fiabilit\u00e9 et de service exceptionnel. Nous sommes sp\u00e9cialis\u00e9s dans la fourniture de services de transfert a\u00e9roportuaire de premi\u00e8re qualit\u00e9 depuis et vers l'a\u00e9roport international de Los Angeles, afin de garantir que votre exp\u00e9rience de voyage soit non seulement fluide mais aussi m\u00e9morable.<\/p>\n<p><strong>Pourquoi choisir le transfert \u00e0 LAX <\/strong><strong>pour vos transferts a\u00e9roportuaires ?<\/strong><\/p>\n<ol>\n<li><strong>R\u00e9servation facile :<\/strong> Avec LAX Transfer, la r\u00e9servation de votre transfert a\u00e9roportuaire est un jeu d'enfant. Notre plateforme en ligne conviviale vous permet de r\u00e9server votre trajet en quelques clics, avec une confirmation instantan\u00e9e et une tranquillit\u00e9 d'esprit.<\/li>\n<li><strong>S\u00e9lection d'une flotte luxueuse :<\/strong> Notre flotte diversifi\u00e9e r\u00e9pond \u00e0 vos pr\u00e9f\u00e9rences et \u00e0 vos besoins. Choisissez parmi une gamme de v\u00e9hicules, dont des berlines confortables, des SUV spacieux et des limousines \u00e9l\u00e9gantes, tous m\u00e9ticuleusement entretenus pour votre plus grande satisfaction.<\/li>\n<li><strong>Chauffeurs professionnels :<\/strong> \u00c0 LAX Transfer, votre s\u00e9curit\u00e9 et votre confort sont nos principales priorit\u00e9s. Nos chauffeurs professionnels sont exp\u00e9riment\u00e9s, courtois et soucieux de vous offrir un voyage fiable et agr\u00e9able.<\/li>\n<li><strong>La ponctualit\u00e9 est importante :<\/strong> Nous comprenons l'importance du temps, surtout lorsqu'il s'agit de prendre un vol. Notre engagement en mati\u00e8re de ponctualit\u00e9 vous permet d'arriver \u00e0 l'a\u00e9roport avec suffisamment de temps, ce qui r\u00e9duit le stress et vous permet de vous concentrer sur votre voyage.<\/li>\n<li><strong>Services d'accueil :<\/strong> Nos chauffeurs en font un peu plus. \u00c0 votre arriv\u00e9e, vous serez accueilli par un panneau personnalis\u00e9, et notre \u00e9quipe est pr\u00eate \u00e0 vous aider \u00e0 transporter vos bagages, pour que votre transition depuis l'a\u00e9roport se fasse en douceur.<\/li>\n<li><strong>Des prix comp\u00e9titifs et transparents :<\/strong> B\u00e9n\u00e9ficiez de tarifs comp\u00e9titifs et transparents avec LAX Transfer. Pas de frais cach\u00e9s, mais des tarifs simples et un rapport qualit\u00e9-prix exceptionnel.<\/li>\n<li><strong>Un soutien ax\u00e9 sur le client :<\/strong> Vous avez des questions ou besoin d'aide ? Notre \u00e9quipe d'assistance \u00e0 la client\u00e8le, disponible 24 heures sur 24 et 7 jours sur 7, est l\u00e0 pour vous aider. Nous sommes fiers de fournir une assistance r\u00e9active et utile chaque fois que vous en avez besoin.<\/li>\n<\/ol>\n<p>D\u00e9couvrez la commodit\u00e9 et le luxe des transferts a\u00e9roportuaires avec LAX Transfer. Votre voyage, qu'il soit d'affaires ou de loisirs, commence et se termine avec notre engagement in\u00e9branlable pour un service de qualit\u00e9. R\u00e9servez votre transfert a\u00e9roportuaire d\u00e8s aujourd'hui et am\u00e9liorez votre exp\u00e9rience de voyage avec LAX Transfer.<\/p>\n\t<\/div>\n<\/div>\n\n\n\n\n\t\t\t<\/div> \n\t\t<\/div>\n\t<\/div> \n<\/div><\/div>","protected":false},"excerpt":{"rendered":"Transferts d'a\u00e9roport avec GMG Transportation LLC (LAX Transfer) : Des trajets sans faille, un service in\u00e9gal\u00e9 Bienvenue \u00e0 LAX Transfer, o\u00f9 votre voyage commence par un engagement de confort, de fiabilit\u00e9 et de service exceptionnel. Nous...","protected":false},"author":1,"featured_media":11270,"parent":0,"menu_order":0,"comment_status":"closed","ping_status":"closed","template":"","meta":{"footnotes":""},"class_list":["post-12041","page","type-page","status-publish","has-post-thumbnail"],"_links":{"self":[{"href":"https:\/\/lax-transfer.com\/fr\/wp-json\/wp\/v2\/pages\/12041","targetHints":{"allow":["GET"]}}],"collection":[{"href":"https:\/\/lax-transfer.com\/fr\/wp-json\/wp\/v2\/pages"}],"about":[{"href":"https:\/\/lax-transfer.com\/fr\/wp-json\/wp\/v2\/types\/page"}],"author":[{"embeddable":true,"href":"https:\/\/lax-transfer.com\/fr\/wp-json\/wp\/v2\/users\/1"}],"replies":[{"embeddable":true,"href":"https:\/\/lax-transfer.com\/fr\/wp-json\/wp\/v2\/comments?post=12041"}],"version-history":[{"count":4,"href":"https:\/\/lax-transfer.com\/fr\/wp-json\/wp\/v2\/pages\/12041\/revisions"}],"predecessor-version":[{"id":12478,"href":"https:\/\/lax-transfer.com\/fr\/wp-json\/wp\/v2\/pages\/12041\/revisions\/12478"}],"wp:featuredmedia":[{"embeddable":true,"href":"https:\/\/lax-transfer.com\/fr\/wp-json\/wp\/v2\/media\/11270"}],"wp:attachment":[{"href":"https:\/\/lax-transfer.com\/fr\/wp-json\/wp\/v2\/media?parent=12041"}],"curies":[{"name":"wp","href":"https:\/\/api.w.org\/{rel}","templated":true}]}}