{"id":12049,"date":"2023-11-14T09:26:59","date_gmt":"2023-11-14T17:26:59","guid":{"rendered":"https:\/\/lax-transfer.com\/?page_id=12049"},"modified":"2024-02-16T21:23:04","modified_gmt":"2024-02-17T05:23:04","slug":"private-airport-transfers","status":"publish","type":"page","link":"https:\/\/lax-transfer.com\/fr\/transferts-prives-vers-laeroport\/","title":{"rendered":"Transferts priv\u00e9s vers l'a\u00e9roport"},"content":{"rendered":"<h3><strong>R\u00e9server \u00e0 l'avance des transferts priv\u00e9s vers l'a\u00e9roport avec LAX Transfer<\/strong><\/h3>\n<p>Embarquez pour un voyage d'une commodit\u00e9 in\u00e9gal\u00e9e avec les transferts a\u00e9roportuaires priv\u00e9s pr\u00e9-r\u00e9serv\u00e9s de LAX Transfer. Am\u00e9liorez votre exp\u00e9rience de voyage en choisissant notre service priv\u00e9 pour une prise en charge et une d\u00e9pose \u00e0 l'a\u00e9roport en toute transparence.<\/p>\n<p><strong>Pourquoi choisir LAX Transfer pour vos transferts priv\u00e9s vers l'a\u00e9roport ?<\/strong><\/p>\n<ol>\n<li><strong>Efficacit\u00e9 et ponctualit\u00e9 :<\/strong> Chez LAX Transfer, nous accordons une grande importance \u00e0 votre temps. Notre service de transfert priv\u00e9 depuis l'a\u00e9roport assure des prises en charge et des d\u00e9poses rapides, ce qui vous permet de voyager avec facilit\u00e9 et en toute confiance.<\/li>\n<li><strong>S\u00e9lection d'une flotte luxueuse :<\/strong> Offrez-vous le luxe du choix. Notre flotte diversifi\u00e9e de v\u00e9hicules, comprenant des berlines confortables, des SUV spacieux et des limousines \u00e9l\u00e9gantes, vous permet de voyager en fonction de vos pr\u00e9f\u00e9rences et de votre style.<\/li>\n<li><strong>Service personnalis\u00e9 :<\/strong> Faites l'exp\u00e9rience d'un niveau de service adapt\u00e9 \u00e0 vos besoins. Nos transferts priv\u00e9s depuis l'a\u00e9roport sont personnalis\u00e9s, afin que votre voyage ne soit pas un simple trajet, mais qu'il fasse partie int\u00e9grante de votre r\u00e9cit de voyage.<\/li>\n<li><strong>Assistance \u00e0 l'accueil :<\/strong> Laissez-nous nous occuper de la logistique de l'a\u00e9roport. Nos chauffeurs professionnels vous accueilleront avec un panneau personnalis\u00e9, vous aideront \u00e0 porter vos bagages et vous guideront tout au long de la transition entre l'a\u00e9roport et votre destination.<\/li>\n<li><strong>Horaires flexibles :<\/strong> Planifiez vos voyages \u00e0 votre convenance. Avec LAX Transfer, vous avez la possibilit\u00e9 de r\u00e9server \u00e0 l'avance votre transfert priv\u00e9 vers l'a\u00e9roport en fonction de votre emploi du temps, ce qui vous permet de vous d\u00e9tendre et de vous concentrer sur le voyage qui vous attend.<\/li>\n<li><strong>Des prix comp\u00e9titifs et transparents :<\/strong> Profitez de prix comp\u00e9titifs et transparents. Les tarifs de nos transferts priv\u00e9s vers l'a\u00e9roport sont clairs et sans frais cach\u00e9s, ce qui vous permet d'obtenir un excellent rapport qualit\u00e9-prix pour votre investissement dans le confort et la commodit\u00e9.<\/li>\n<li><strong>Assistance \u00e0 la client\u00e8le 24 heures sur 24, 7 jours sur 7 :<\/strong> Voyagez en toute confiance en sachant que notre \u00e9quipe d'assistance \u00e0 la client\u00e8le est pr\u00eate \u00e0 vous aider 24 heures sur 24, 7 jours sur 7. Toute question ou pr\u00e9occupation que vous pourriez avoir sera trait\u00e9e rapidement afin de vous garantir une exp\u00e9rience de voyage sans souci.<\/li>\n<\/ol>\n<p><strong>Comment r\u00e9server :<\/strong> La r\u00e9servation de votre transfert priv\u00e9 \u00e0 l'a\u00e9roport avec LAX Transfer est simple. Visitez notre plateforme en ligne, s\u00e9lectionnez le v\u00e9hicule de votre choix, choisissez vos lieux de prise en charge et de restitution, et confirmez votre r\u00e9servation. D\u00e9couvrez la facilit\u00e9 des transferts priv\u00e9s pr\u00e9-r\u00e9serv\u00e9s en quelques clics.<\/p>\n<p>Faites en sorte que votre voyage soit aussi m\u00e9morable que votre destination. Choisissez LAX Transfer pour des transferts a\u00e9roportuaires priv\u00e9s qui red\u00e9finissent le confort et le style du voyage. R\u00e9servez d\u00e8s aujourd'hui et laissez vos voyages commencer avec une touche de sophistication.<\/p>","protected":false},"excerpt":{"rendered":"<p>Pr\u00e9-r\u00e9servez des transferts priv\u00e9s d'a\u00e9roport avec LAX Transfer Embarquez pour un voyage d'une commodit\u00e9 in\u00e9gal\u00e9e avec les transferts priv\u00e9s d'a\u00e9roport pr\u00e9-r\u00e9serv\u00e9s de LAX Transfer. Am\u00e9liorez votre exp\u00e9rience de voyage en choisissant notre service priv\u00e9...<\/p>","protected":false},"author":1,"featured_media":11273,"parent":0,"menu_order":0,"comment_status":"closed","ping_status":"closed","template":"","meta":{"footnotes":""},"class_list":["post-12049","page","type-page","status-publish","has-post-thumbnail"],"_links":{"self":[{"href":"https:\/\/lax-transfer.com\/fr\/wp-json\/wp\/v2\/pages\/12049","targetHints":{"allow":["GET"]}}],"collection":[{"href":"https:\/\/lax-transfer.com\/fr\/wp-json\/wp\/v2\/pages"}],"about":[{"href":"https:\/\/lax-transfer.com\/fr\/wp-json\/wp\/v2\/types\/page"}],"author":[{"embeddable":true,"href":"https:\/\/lax-transfer.com\/fr\/wp-json\/wp\/v2\/users\/1"}],"replies":[{"embeddable":true,"href":"https:\/\/lax-transfer.com\/fr\/wp-json\/wp\/v2\/comments?post=12049"}],"version-history":[{"count":1,"href":"https:\/\/lax-transfer.com\/fr\/wp-json\/wp\/v2\/pages\/12049\/revisions"}],"predecessor-version":[{"id":12475,"href":"https:\/\/lax-transfer.com\/fr\/wp-json\/wp\/v2\/pages\/12049\/revisions\/12475"}],"wp:featuredmedia":[{"embeddable":true,"href":"https:\/\/lax-transfer.com\/fr\/wp-json\/wp\/v2\/media\/11273"}],"wp:attachment":[{"href":"https:\/\/lax-transfer.com\/fr\/wp-json\/wp\/v2\/media?parent=12049"}],"curies":[{"name":"wp","href":"https:\/\/api.w.org\/{rel}","templated":true}]}}