{"id":12052,"date":"2023-11-14T09:29:57","date_gmt":"2023-11-14T17:29:57","guid":{"rendered":"https:\/\/lax-transfer.com\/?page_id=12052"},"modified":"2024-02-16T21:09:47","modified_gmt":"2024-02-17T05:09:47","slug":"airport-shuttles","status":"publish","type":"page","link":"https:\/\/lax-transfer.com\/fr\/navettes-aeroport\/","title":{"rendered":"R\u00e9server \u00e0 l'avance des transferts priv\u00e9s vers l'a\u00e9roport avec LAX Transfer"},"content":{"rendered":"<h2><strong>R\u00e9server \u00e0 l'avance des navettes priv\u00e9es pour l'a\u00e9roport avec LAX Transfer<\/strong><\/h2>\n<p>Faites l'exp\u00e9rience de la plus grande commodit\u00e9 et de la plus grande flexibilit\u00e9 dans votre transport a\u00e9roportuaire avec LAX Transfer. Que vous pr\u00e9f\u00e9riez la camaraderie des navettes de transport partag\u00e9es, la rentabilit\u00e9 du covoiturage ou l'exclusivit\u00e9 du transport a\u00e9roportuaire priv\u00e9, nous avons des options sur mesure pour r\u00e9pondre \u00e0 vos besoins de voyage.<\/p>\n<p><strong>Navettes de transport partag\u00e9 :<\/strong><\/p>\n<ol>\n<li><strong>\u00c9conomique et sociale :<\/strong> Partagez votre voyage avec d'autres voyageurs et profitez d'une solution \u00e9conomique pour vous rendre \u00e0 l'a\u00e9roport et en revenir. Nos navettes de transport partag\u00e9 constituent un moyen abordable d'atteindre votre destination tout en rencontrant de nouvelles personnes en chemin.<\/li>\n<li><strong>Des itin\u00e9raires efficaces :<\/strong> Nos navettes partag\u00e9es sont con\u00e7ues pour emprunter des itin\u00e9raires efficaces, minimisant ainsi le temps de trajet et garantissant des prises en charge et des d\u00e9poses en temps voulu. Profitez de la commodit\u00e9 du transport partag\u00e9 sans compromettre la fiabilit\u00e9.<\/li>\n<\/ol>\n<p><strong>Rideshares :<\/strong><\/p>\n<ol>\n<li><strong>Commodit\u00e9 \u00e0 la demande :<\/strong> Optez pour la commodit\u00e9 du covoiturage \u00e0 la demande. LAX Transfer int\u00e8gre de mani\u00e8re transparente les services de covoiturage dans ses offres, vous permettant de r\u00e9server un trajet \u00e0 votre convenance et de voyager selon vos conditions.<\/li>\n<li><strong>Options polyvalentes :<\/strong> Que vous voyagiez seul ou en groupe, nos options de covoiturage s'adressent \u00e0 des groupes de diff\u00e9rentes tailles. Choisissez le type de v\u00e9hicule qui vous convient et laissez LAX Transfer s'occuper du reste.<\/li>\n<\/ol>\n<p><strong>Transport priv\u00e9 \u00e0 l'a\u00e9roport :<\/strong><\/p>\n<ol>\n<li><strong>Adapt\u00e9 \u00e0 votre emploi du temps :<\/strong> R\u00e9servez \u00e0 l'avance votre transport priv\u00e9 \u00e0 l'a\u00e9roport pour une exp\u00e9rience personnalis\u00e9e adapt\u00e9e \u00e0 votre emploi du temps. Profitez du luxe d'un v\u00e9hicule d\u00e9di\u00e9, garantissant que votre voyage est aussi confortable et pratique que possible.<\/li>\n<li><strong>Service d'accueil :<\/strong> B\u00e9n\u00e9ficiez d'un traitement VIP gr\u00e2ce \u00e0 notre service d'accueil. Nos chauffeurs professionnels seront pr\u00eats \u00e0 vous aider d\u00e8s votre arriv\u00e9e, pour une transition en douceur de l'a\u00e9roport \u00e0 votre destination.<\/li>\n<li><strong>Confort exclusif :<\/strong> Que vous soyez un voyageur d'affaires \u00e0 la recherche d'intimit\u00e9 ou une famille ayant besoin d'espace, notre transport priv\u00e9 \u00e0 l'a\u00e9roport vous offre un confort exclusif. Choisissez parmi notre flotte de v\u00e9hicules haut de gamme pour r\u00e9pondre \u00e0 vos pr\u00e9f\u00e9rences.<\/li>\n<\/ol>\n<p><strong>Comment r\u00e9server :<\/strong><\/p>\n<p>R\u00e9server votre option de transport a\u00e9roportuaire pr\u00e9f\u00e9r\u00e9e avec LAX Transfer est facile. Visitez notre plateforme en ligne, s\u00e9lectionnez le service qui vous convient et confirmez votre r\u00e9servation. Profitez de la flexibilit\u00e9 de choisir le mode de transport qui correspond \u00e0 votre style de voyage.<\/p>\n<p>\u00c0 LAX Transfer, nous red\u00e9finissons le transport a\u00e9roportuaire, en offrant une gamme d'options pour satisfaire tous les voyageurs. R\u00e9servez d\u00e8s aujourd'hui votre navette ou votre service de transport pr\u00e9f\u00e9r\u00e9, et laissez votre voyage avec LAX Transfer commencer dans la commodit\u00e9, la fiabilit\u00e9 et le confort.<\/p>","protected":false},"excerpt":{"rendered":"<p>R\u00e9servez \u00e0 l'avance des navettes priv\u00e9es pour l'a\u00e9roport avec LAX Transfer Faites l'exp\u00e9rience de la plus grande commodit\u00e9 et de la plus grande flexibilit\u00e9 pour votre transport \u00e0 l'a\u00e9roport avec LAX Transfer. Que vous pr\u00e9f\u00e9riez la camaraderie des navettes de transport partag\u00e9es, la...<\/p>","protected":false},"author":1,"featured_media":11086,"parent":0,"menu_order":0,"comment_status":"closed","ping_status":"closed","template":"","meta":{"footnotes":""},"class_list":["post-12052","page","type-page","status-publish","has-post-thumbnail"],"_links":{"self":[{"href":"https:\/\/lax-transfer.com\/fr\/wp-json\/wp\/v2\/pages\/12052","targetHints":{"allow":["GET"]}}],"collection":[{"href":"https:\/\/lax-transfer.com\/fr\/wp-json\/wp\/v2\/pages"}],"about":[{"href":"https:\/\/lax-transfer.com\/fr\/wp-json\/wp\/v2\/types\/page"}],"author":[{"embeddable":true,"href":"https:\/\/lax-transfer.com\/fr\/wp-json\/wp\/v2\/users\/1"}],"replies":[{"embeddable":true,"href":"https:\/\/lax-transfer.com\/fr\/wp-json\/wp\/v2\/comments?post=12052"}],"version-history":[{"count":1,"href":"https:\/\/lax-transfer.com\/fr\/wp-json\/wp\/v2\/pages\/12052\/revisions"}],"predecessor-version":[{"id":12474,"href":"https:\/\/lax-transfer.com\/fr\/wp-json\/wp\/v2\/pages\/12052\/revisions\/12474"}],"wp:featuredmedia":[{"embeddable":true,"href":"https:\/\/lax-transfer.com\/fr\/wp-json\/wp\/v2\/media\/11086"}],"wp:attachment":[{"href":"https:\/\/lax-transfer.com\/fr\/wp-json\/wp\/v2\/media?parent=12052"}],"curies":[{"name":"wp","href":"https:\/\/api.w.org\/{rel}","templated":true}]}}