{"id":12509,"date":"2024-03-04T07:32:08","date_gmt":"2024-03-04T15:32:08","guid":{"rendered":"https:\/\/lax-transfer.com\/?page_id=12509"},"modified":"2024-03-05T13:01:38","modified_gmt":"2024-03-05T21:01:38","slug":"refunds-cancellation-policy","status":"publish","type":"page","link":"https:\/\/lax-transfer.com\/fr\/remboursements-politique-dannulation\/","title":{"rendered":"Remboursement et politique d'annulation"},"content":{"rendered":"<p><strong>Vue d'ensemble<\/strong><\/p>\n<p>Voici un r\u00e9sum\u00e9 de notre politique de remboursement et d'annulation.<\/p>\n<p>GMG Transportation facilite le processus de r\u00e9servation en s'assurant que tous les prix sont fixes, en conservant l'argent de votre r\u00e9servation en votre nom jusqu'\u00e0 la fin du voyage et en offrant des remboursements 100% dans certains cas.<\/p>\n<p>Garantie de remboursement 100%<\/p>\n<p>Parce que vos projets peuvent changer, GMG Transportation garantit un remboursement de 100% sur les annulations, sans frais d'annulation, pour toutes les annulations re\u00e7ues au moins 24 heures avant l'heure de prise en charge pr\u00e9vue.<\/p>\n<p>Veuillez contacter GMG Transportation d\u00e8s que possible si vous avez des difficult\u00e9s \u00e0 annuler une r\u00e9servation confirm\u00e9e afin que nous puissions proc\u00e9der \u00e0 votre remboursement.<\/p>\n<p>Annulation de r\u00e9servation<\/p>\n<p>Vous pouvez annuler votre r\u00e9servation \u00e0 tout moment avant l'heure de d\u00e9part de la prise en charge. Si vous n'\u00eates pas en mesure d'annuler la r\u00e9servation vous-m\u00eame, vous devez en aviser GMG Transportation. Vous devez aviser GMG Transportation le plus t\u00f4t possible afin de vous assurer que vous \u00eates admissible \u00e0 un remboursement. Les remboursements ne sont possibles que si l'annulation est faite plus de 24 heures avant l'heure de prise en charge pr\u00e9vue.<\/p>\n<p>Votre r\u00e9servation n'est pas consid\u00e9r\u00e9e comme annul\u00e9e tant que GMG Transportation n'a pas confirm\u00e9 votre annulation. Le moment de l'annulation est consid\u00e9r\u00e9 comme \u00e9tant le moment o\u00f9 GMG Transportation confirme votre demande d'annulation.<\/p>\n<p>Frais et remboursements en cas d'annulation de r\u00e9servation<\/p>\n<p>Vous pouvez b\u00e9n\u00e9ficier d'un remboursement de 100% sur votre r\u00e9servation, sans frais d'annulation, pour les annulations suivantes\u00a0<strong>sup\u00e9rieur \u00e0 <\/strong><strong>24<\/strong><strong> heures avant<\/strong>\u00a0\u00e0 l'heure de d\u00e9part de la prise en charge.<\/p>\n<p>Vous ne pouvez pr\u00e9tendre \u00e0 aucun remboursement de votre r\u00e9servation en cas d'annulation 24 heures ou moins avant l'heure de d\u00e9part de la prise en charge.<\/p>\n<p>Modifications des r\u00e9servations<\/p>\n<p>Vous pouvez modifier les d\u00e9tails de votre r\u00e9servation \u00e0 tout moment plus de 24 heures avant l'heure de d\u00e9part de la prise en charge. Pour effectuer une modification.<\/p>\n<p>Il est recommand\u00e9 de nous appeler pour effectuer des changements d\u00e8s que vous en avez besoin.<\/p>\n<p>Il n'est g\u00e9n\u00e9ralement pas possible de modifier les r\u00e9servations 24 heures ou moins avant l'heure de d\u00e9part de la prise en charge.<\/p>\n<p>Frais et remboursements en cas de changement de r\u00e9servation<\/p>\n<p>Vous n'avez droit \u00e0 aucun frais pour la modification des d\u00e9tails de votre r\u00e9servation, pour les changements effectu\u00e9s plus de 24 heures avant l'heure de d\u00e9part de la prise en charge, tant que le co\u00fbt total de votre transfert reste le m\u00eame.<\/p>\n<p>Si les changements de r\u00e9servation entra\u00eenent des frais suppl\u00e9mentaires en plus du montant d\u00e9j\u00e0 pay\u00e9.<\/p>\n<p>Si les changements de r\u00e9servation entra\u00eenent des frais moindres en plus du montant pr\u00e9c\u00e9demment pay\u00e9, aucun remboursement partiel n'est possible et vos frais pour le changement sont \u00e9gaux \u00e0 la diff\u00e9rence entre les deux frais.<\/p>\n<p>Plus d'informations<\/p>\n<p>Pour toute question concernant cette politique, veuillez nous contacter.<\/p>\n<p>Pour toute question sp\u00e9cifique concernant votre transport, veuillez nous contacter<\/p>\n<p>Plus d'informations<\/p>\n<p>Pour toute question concernant cette politique, veuillez nous contacter.<\/p>","protected":false},"excerpt":{"rendered":"<p>Aper\u00e7u Voici un r\u00e9sum\u00e9 de notre politique de remboursement et d'annulation. GMG Transportation facilite le processus de r\u00e9servation en s'assurant que tous les prix sont fixes, en conservant l'argent de votre r\u00e9servation...<\/p>","protected":false},"author":1,"featured_media":0,"parent":0,"menu_order":0,"comment_status":"closed","ping_status":"closed","template":"","meta":{"footnotes":""},"class_list":["post-12509","page","type-page","status-publish"],"_links":{"self":[{"href":"https:\/\/lax-transfer.com\/fr\/wp-json\/wp\/v2\/pages\/12509","targetHints":{"allow":["GET"]}}],"collection":[{"href":"https:\/\/lax-transfer.com\/fr\/wp-json\/wp\/v2\/pages"}],"about":[{"href":"https:\/\/lax-transfer.com\/fr\/wp-json\/wp\/v2\/types\/page"}],"author":[{"embeddable":true,"href":"https:\/\/lax-transfer.com\/fr\/wp-json\/wp\/v2\/users\/1"}],"replies":[{"embeddable":true,"href":"https:\/\/lax-transfer.com\/fr\/wp-json\/wp\/v2\/comments?post=12509"}],"version-history":[{"count":3,"href":"https:\/\/lax-transfer.com\/fr\/wp-json\/wp\/v2\/pages\/12509\/revisions"}],"predecessor-version":[{"id":12521,"href":"https:\/\/lax-transfer.com\/fr\/wp-json\/wp\/v2\/pages\/12509\/revisions\/12521"}],"wp:attachment":[{"href":"https:\/\/lax-transfer.com\/fr\/wp-json\/wp\/v2\/media?parent=12509"}],"curies":[{"name":"wp","href":"https:\/\/api.w.org\/{rel}","templated":true}]}}