{"id":12848,"date":"2024-11-13T07:47:47","date_gmt":"2024-11-13T15:47:47","guid":{"rendered":"https:\/\/lax-transfer.com\/?page_id=12848"},"modified":"2024-11-15T22:15:06","modified_gmt":"2024-11-16T06:15:06","slug":"privacy-policy-for-lax-transfer","status":"publish","type":"page","link":"https:\/\/lax-transfer.com\/fr\/politique-de-confidentialite-pour-lax-transfer\/","title":{"rendered":"Politique de confidentialit\u00e9 pour LAX Transfer"},"content":{"rendered":"<div data-test-render-count=\"5\">\n<div class=\"group relative pt-3.5 pb-[1.125rem] px-4 relative rounded-2xl -tracking-[0.015em] bg-[linear-gradient(to_bottom,_hsla(var(--bg-000)\/0.75)_0%,_hsla(var(--bg-000)_\/_0)_90%)] before:absolute before:inset-0 before:bg-[radial-gradient(ellipse_at_left_top,_hsla(var(--bg-000)\/0.5)_0%,_hsla(var(--bg-000)\/0.3)_60%)] before:rounded-2xl before:border-[0.5px] before:border-[hsla(var(--border-100)\/0.15)] before:shadow-[0_4px_24px_rgba(0,0,0,0.015)] before:[transition:opacity_150ms_ease-out,_transform_250ms_cubic-bezier(0.695,0.555,0.655,1.650)] before:z-0 before:data-[is-streaming=&quot;true&quot;]:opacity-0 before:data-[is-streaming=&quot;true&quot;]:scale-[0.995] before:data-[is-streaming=&quot;false&quot;]:pointer-events-none\" data-is-streaming=\"false\">\n<div class=\"font-claude-message pr-4 md:pr-9 relative leading-[1.65rem] [&amp;_pre&gt;div]:bg-bg-300 [&amp;_.ignore-pre-bg&gt;div]:bg-transparent [&amp;_pre]:-mr-4 md:[&amp;_pre]:-mr-9\">\n<div>\n<div class=\"grid-cols-1 grid gap-2.5 [&amp;_&gt;_*]:min-w-0\">\n<p class=\"whitespace-pre-wrap break-words\">Politique de confidentialit\u00e9<\/p>\n<p class=\"whitespace-pre-wrap break-words\">Derni\u00e8re mise \u00e0 jour : 11\/13\/2024<\/p>\n<p class=\"whitespace-pre-wrap break-words\">Bienvenue \u00e0 GMG Transportation LLC. Nous nous engageons \u00e0 prot\u00e9ger votre vie priv\u00e9e et \u00e0 assurer la s\u00e9curit\u00e9 de vos informations personnelles. La pr\u00e9sente politique de confidentialit\u00e9 explique comment nous recueillons, utilisons, divulguons et prot\u00e9geons vos informations lorsque vous utilisez nos services.<\/p>\n<ol class=\"-mt-1 [li&gt;&amp;]:mt-2 list-decimal space-y-2 pl-8\">\n<li class=\"whitespace-normal break-words\">Informations collect\u00e9es<\/li>\n<\/ol>\n<p class=\"whitespace-pre-wrap break-words\">1.1 Informations personnelles :<\/p>\n<ul class=\"-mt-1 [li&gt;&amp;]:mt-2 list-disc space-y-2 pl-8\">\n<li class=\"whitespace-normal break-words\">Nom et coordonn\u00e9es<\/li>\n<li class=\"whitespace-normal break-words\">Adresse \u00e9lectronique<\/li>\n<li class=\"whitespace-normal break-words\">Num\u00e9ro de t\u00e9l\u00e9phone<\/li>\n<li class=\"whitespace-normal break-words\">Informations sur la facturation et le paiement<\/li>\n<li class=\"whitespace-normal break-words\">D\u00e9tails du vol<\/li>\n<li class=\"whitespace-normal break-words\">Lieux d'embarquement et de d\u00e9barquement<\/li>\n<li class=\"whitespace-normal break-words\">Demandes sp\u00e9ciales ou pr\u00e9f\u00e9rences<\/li>\n<\/ul>\n<p class=\"whitespace-pre-wrap break-words\">1.2 Informations techniques :<\/p>\n<ul class=\"-mt-1 [li&gt;&amp;]:mt-2 list-disc space-y-2 pl-8\">\n<li class=\"whitespace-normal break-words\">Adresse IP<\/li>\n<li class=\"whitespace-normal break-words\">Type de navigateur<\/li>\n<li class=\"whitespace-normal break-words\">Informations sur l'appareil<\/li>\n<li class=\"whitespace-normal break-words\">Donn\u00e9es d'utilisation<\/li>\n<li class=\"whitespace-normal break-words\">Cookies et technologies de suivi<\/li>\n<\/ul>\n<ol class=\"-mt-1 [li&gt;&amp;]:mt-2 list-decimal space-y-2 pl-8\" start=\"2\">\n<li class=\"whitespace-normal break-words\">Comment nous utilisons vos informations<\/li>\n<\/ol>\n<p class=\"whitespace-pre-wrap break-words\">Nous utilisons vos informations personnelles pour :<\/p>\n<ul class=\"-mt-1 [li&gt;&amp;]:mt-2 list-disc space-y-2 pl-8\">\n<li class=\"whitespace-normal break-words\">Traiter et confirmer vos r\u00e9servations<\/li>\n<li class=\"whitespace-normal break-words\">Fournir des services de transport<\/li>\n<li class=\"whitespace-normal break-words\">Communiquer sur vos transferts<\/li>\n<li class=\"whitespace-normal break-words\">Envoyer des confirmations de r\u00e9servation et des mises \u00e0 jour<\/li>\n<li class=\"whitespace-normal break-words\">Traiter les paiements<\/li>\n<li class=\"whitespace-normal break-words\">Am\u00e9liorer nos services<\/li>\n<li class=\"whitespace-normal break-words\">R\u00e9pondre aux demandes de renseignements des clients<\/li>\n<li class=\"whitespace-normal break-words\">Envoyer des offres promotionnelles (avec votre consentement)<\/li>\n<li class=\"whitespace-normal break-words\">Respecter les obligations l\u00e9gales<\/li>\n<\/ul>\n<ol class=\"-mt-1 [li&gt;&amp;]:mt-2 list-decimal space-y-2 pl-8\" start=\"3\">\n<li class=\"whitespace-normal break-words\">Partage d'informations<\/li>\n<\/ol>\n<p class=\"whitespace-pre-wrap break-words\">Nous pouvons partager vos informations avec<\/p>\n<ul class=\"-mt-1 [li&gt;&amp;]:mt-2 list-disc space-y-2 pl-8\">\n<li class=\"whitespace-normal break-words\">Nos chauffeurs et prestataires de services<\/li>\n<li class=\"whitespace-normal break-words\">Processeurs de paiement<\/li>\n<li class=\"whitespace-normal break-words\">les prestataires de services tiers qui nous aident dans nos activit\u00e9s<\/li>\n<li class=\"whitespace-normal break-words\">Les autorit\u00e9s l\u00e9gales lorsque la loi l'exige<\/li>\n<li class=\"whitespace-normal break-words\">Partenaires commerciaux avec votre consentement<\/li>\n<\/ul>\n<p class=\"whitespace-pre-wrap break-words\">Nous ne vendons pas vos informations personnelles \u00e0 des tiers.<\/p>\n<ol class=\"-mt-1 [li&gt;&amp;]:mt-2 list-decimal space-y-2 pl-8\" start=\"4\">\n<li class=\"whitespace-normal break-words\">S\u00e9curit\u00e9 des donn\u00e9es<\/li>\n<\/ol>\n<p class=\"whitespace-pre-wrap break-words\">Nous mettons en \u0153uvre des mesures de s\u00e9curit\u00e9 appropri\u00e9es pour prot\u00e9ger vos informations, notamment :<\/p>\n<ul class=\"-mt-1 [li&gt;&amp;]:mt-2 list-disc space-y-2 pl-8\">\n<li class=\"whitespace-normal break-words\">Chiffrement des donn\u00e9es sensibles<\/li>\n<li class=\"whitespace-normal break-words\">Serveurs s\u00e9curis\u00e9s<\/li>\n<li class=\"whitespace-normal break-words\">\u00c9valuations r\u00e9guli\u00e8res de la s\u00e9curit\u00e9<\/li>\n<li class=\"whitespace-normal break-words\">Formation des employ\u00e9s \u00e0 la protection des donn\u00e9es<\/li>\n<li class=\"whitespace-normal break-words\">Contr\u00f4les d'acc\u00e8s et mesures d'authentification<\/li>\n<\/ul>\n<ol class=\"-mt-1 [li&gt;&amp;]:mt-2 list-decimal space-y-2 pl-8\" start=\"5\">\n<li class=\"whitespace-normal break-words\">Vos droits<\/li>\n<\/ol>\n<p class=\"whitespace-pre-wrap break-words\">Vous avez le droit de :<\/p>\n<ul class=\"-mt-1 [li&gt;&amp;]:mt-2 list-disc space-y-2 pl-8\">\n<li class=\"whitespace-normal break-words\">Acc\u00e9der \u00e0 vos informations personnelles<\/li>\n<li class=\"whitespace-normal break-words\">Corriger les informations inexactes<\/li>\n<li class=\"whitespace-normal break-words\">Demander la suppression de vos informations<\/li>\n<li class=\"whitespace-normal break-words\">Refus des communications marketing<\/li>\n<li class=\"whitespace-normal break-words\">Retrait du consentement<\/li>\n<li class=\"whitespace-normal break-words\">Demander la portabilit\u00e9 des donn\u00e9es<\/li>\n<li class=\"whitespace-normal break-words\">D\u00e9poser une plainte aupr\u00e8s des autorit\u00e9s de surveillance<\/li>\n<\/ul>\n<ol class=\"-mt-1 [li&gt;&amp;]:mt-2 list-decimal space-y-2 pl-8\" start=\"6\">\n<li class=\"whitespace-normal break-words\">Cookies<\/li>\n<\/ol>\n<p class=\"whitespace-pre-wrap break-words\">Nous utilisons des cookies pour :<\/p>\n<ul class=\"-mt-1 [li&gt;&amp;]:mt-2 list-disc space-y-2 pl-8\">\n<li class=\"whitespace-normal break-words\">Am\u00e9liorer la fonctionnalit\u00e9 du site web<\/li>\n<li class=\"whitespace-normal break-words\">Analyser le trafic sur le site web<\/li>\n<li class=\"whitespace-normal break-words\">M\u00e9morisez vos pr\u00e9f\u00e9rences<\/li>\n<li class=\"whitespace-normal break-words\">Fournir un contenu personnalis\u00e9<\/li>\n<li class=\"whitespace-normal break-words\">Permettre des transactions s\u00e9curis\u00e9es<\/li>\n<\/ul>\n<p class=\"whitespace-pre-wrap break-words\">Vous pouvez contr\u00f4ler les param\u00e8tres des cookies dans les pr\u00e9f\u00e9rences de votre navigateur.<\/p>\n<ol class=\"-mt-1 [li&gt;&amp;]:mt-2 list-decimal space-y-2 pl-8\" start=\"7\">\n<li class=\"whitespace-normal break-words\">Vie priv\u00e9e des enfants<\/li>\n<\/ol>\n<p class=\"whitespace-pre-wrap break-words\">Nous ne recueillons pas sciemment d'informations aupr\u00e8s d'enfants de moins de 13 ans. Si nous d\u00e9couvrons que nous avons recueilli de telles informations, nous les supprimerons imm\u00e9diatement.<\/p>\n<ol class=\"-mt-1 [li&gt;&amp;]:mt-2 list-decimal space-y-2 pl-8\" start=\"8\">\n<li class=\"whitespace-normal break-words\">Transferts internationaux de donn\u00e9es<\/li>\n<\/ol>\n<p class=\"whitespace-pre-wrap break-words\">Si nous transf\u00e9rons vos donn\u00e9es au niveau international, nous veillons \u00e0 ce que des garanties appropri\u00e9es soient mises en place pour prot\u00e9ger vos informations.<\/p>\n<ol class=\"-mt-1 [li&gt;&amp;]:mt-2 list-decimal space-y-2 pl-8\" start=\"9\">\n<li class=\"whitespace-normal break-words\">Communication marketing<\/li>\n<\/ol>\n<p class=\"whitespace-pre-wrap break-words\">Nous pouvons vous envoyer des communications marketing avec votre consentement. Vous pouvez vous d\u00e9sinscrire \u00e0 tout moment en<\/p>\n<ul class=\"-mt-1 [li&gt;&amp;]:mt-2 list-disc space-y-2 pl-8\">\n<li class=\"whitespace-normal break-words\">Cliquer sur le lien de d\u00e9sinscription dans nos courriels<\/li>\n<li class=\"whitespace-normal break-words\">Contacter notre service client\u00e8le<\/li>\n<li class=\"whitespace-normal break-words\">Mise \u00e0 jour de vos pr\u00e9f\u00e9rences dans votre compte<\/li>\n<\/ul>\n<ol class=\"-mt-1 [li&gt;&amp;]:mt-2 list-decimal space-y-2 pl-8\" start=\"10\">\n<li class=\"whitespace-normal break-words\">Modifications de la politique de confidentialit\u00e9<\/li>\n<\/ol>\n<p class=\"whitespace-pre-wrap break-words\">Nous pouvons mettre \u00e0 jour la pr\u00e9sente politique de confidentialit\u00e9 p\u00e9riodiquement. Nous vous informerons des changements importants par :<\/p>\n<ul class=\"-mt-1 [li&gt;&amp;]:mt-2 list-disc space-y-2 pl-8\">\n<li class=\"whitespace-normal break-words\">Publication de mises \u00e0 jour sur notre site web<\/li>\n<li class=\"whitespace-normal break-words\">Envoi de notifications par courrier \u00e9lectronique<\/li>\n<li class=\"whitespace-normal break-words\">Notifications in-app<\/li>\n<\/ul>\n<ol class=\"-mt-1 [li&gt;&amp;]:mt-2 list-decimal space-y-2 pl-8\" start=\"11\">\n<li class=\"whitespace-normal break-words\">Conservation des donn\u00e9es<\/li>\n<\/ol>\n<p class=\"whitespace-pre-wrap break-words\">Nous conservons vos informations aussi longtemps que n\u00e9cessaire pour :<\/p>\n<ul class=\"-mt-1 [li&gt;&amp;]:mt-2 list-disc space-y-2 pl-8\">\n<li class=\"whitespace-normal break-words\">Fournir nos services<\/li>\n<li class=\"whitespace-normal break-words\">Respecter les obligations l\u00e9gales<\/li>\n<li class=\"whitespace-normal break-words\">R\u00e9soudre les litiges<\/li>\n<li class=\"whitespace-normal break-words\">Faire respecter les accords<\/li>\n<\/ul>\n<ol class=\"-mt-1 [li&gt;&amp;]:mt-2 list-decimal space-y-2 pl-8\" start=\"12\">\n<li class=\"whitespace-normal break-words\">Liens avec des tiers<\/li>\n<\/ol>\n<p class=\"whitespace-pre-wrap break-words\">Notre site web peut contenir des liens vers des sites web de tiers. Nous ne sommes pas responsables de leurs pratiques en mati\u00e8re de protection de la vie priv\u00e9e.<\/p>\n<ol class=\"-mt-1 [li&gt;&amp;]:mt-2 list-decimal space-y-2 pl-8\" start=\"13\">\n<li class=\"whitespace-normal break-words\">Protection de la vie priv\u00e9e dans les applications mobiles<\/li>\n<\/ol>\n<p class=\"whitespace-pre-wrap break-words\">Lors de l'utilisation de notre application mobile, nous pouvons collecter des informations suppl\u00e9mentaires telles que :<\/p>\n<ul class=\"-mt-1 [li&gt;&amp;]:mt-2 list-disc space-y-2 pl-8\">\n<li class=\"whitespace-normal break-words\">Donn\u00e9es de localisation<\/li>\n<li class=\"whitespace-normal break-words\">Autorisations pour les appareils<\/li>\n<li class=\"whitespace-normal break-words\">Statistiques d'utilisation de l'application<\/li>\n<\/ul>\n<ol class=\"-mt-1 [li&gt;&amp;]:mt-2 list-decimal space-y-2 pl-8\" start=\"14\">\n<li class=\"whitespace-normal break-words\">Nous contacter<\/li>\n<\/ol>\n<p class=\"whitespace-pre-wrap break-words\">Pour toute question ou pr\u00e9occupation relative \u00e0 la protection de la vie priv\u00e9e, veuillez nous contacter \u00e0 l'adresse suivante<\/p>\n<p class=\"whitespace-pre-wrap break-words\">GMG Transportation LLC Email : [<a href=\"mailto:privacy@laxtransfer.com\">privacy@laxtransfer.com<\/a>] T\u00e9l\u00e9phone :<\/p>\n<ol class=\"-mt-1 [li&gt;&amp;]:mt-2 list-decimal space-y-2 pl-8\" start=\"15\">\n<li class=\"whitespace-normal break-words\">Droits \u00e0 la vie priv\u00e9e en Californie<\/li>\n<\/ol>\n<p class=\"whitespace-pre-wrap break-words\">Les r\u00e9sidents de Californie disposent de droits suppl\u00e9mentaires en mati\u00e8re de protection de la vie priv\u00e9e en vertu de la loi californienne sur la protection de la vie priv\u00e9e des consommateurs (California Consumer Privacy Act - CCPA).<\/p>\n<ol class=\"-mt-1 [li&gt;&amp;]:mt-2 list-decimal space-y-2 pl-8\" start=\"16\">\n<li class=\"whitespace-normal break-words\">Droits europ\u00e9ens en mati\u00e8re de protection de la vie priv\u00e9e<\/li>\n<\/ol>\n<p class=\"whitespace-pre-wrap break-words\">Les r\u00e9sidents de l'UE disposent de droits sp\u00e9cifiques en vertu du r\u00e8glement g\u00e9n\u00e9ral sur la protection des donn\u00e9es (RGPD).<\/p>\n<ol class=\"-mt-1 [li&gt;&amp;]:mt-2 list-decimal space-y-2 pl-8\" start=\"17\">\n<li class=\"whitespace-normal break-words\">Consentement<\/li>\n<\/ol>\n<p class=\"whitespace-pre-wrap break-words\">En utilisant nos services, vous acceptez la pr\u00e9sente politique de confidentialit\u00e9. Vous pouvez retirer votre consentement \u00e0 tout moment en nous contactant.<\/p>\n<ol class=\"-mt-1 [li&gt;&amp;]:mt-2 list-decimal space-y-2 pl-8\" start=\"18\">\n<li class=\"whitespace-normal break-words\">Droit applicable<\/li>\n<\/ol>\n<p class=\"whitespace-pre-wrap break-words\">La pr\u00e9sente politique de confidentialit\u00e9 est r\u00e9gie par les lois de [juridiction].<\/p>\n<ol class=\"-mt-1 [li&gt;&amp;]:mt-2 list-decimal space-y-2 pl-8\" start=\"19\">\n<li class=\"whitespace-normal break-words\">R\u00e9solution des litiges<\/li>\n<\/ol>\n<p class=\"whitespace-pre-wrap break-words\">Tout litige relatif \u00e0 la protection de la vie priv\u00e9e sera r\u00e9solu par l'interm\u00e9diaire de<\/p>\n<ul class=\"-mt-1 [li&gt;&amp;]:mt-2 list-disc space-y-2 pl-8\">\n<li class=\"whitespace-normal break-words\">N\u00e9gociation directe<\/li>\n<li class=\"whitespace-normal break-words\">M\u00e9diation<\/li>\n<li class=\"whitespace-normal break-words\">Arbitrage si n\u00e9cessaire<\/li>\n<\/ul>\n<ol class=\"-mt-1 [li&gt;&amp;]:mt-2 list-decimal space-y-2 pl-8\" start=\"20\">\n<li class=\"whitespace-normal break-words\">Remerciements<\/li>\n<\/ol>\n<p class=\"whitespace-pre-wrap break-words\">En utilisant les services de GMG Transportation LLC, vous reconnaissez avoir lu et compris cette politique de confidentialit\u00e9.<\/p>\n<p class=\"whitespace-pre-wrap break-words\">11\/13\/2024<\/p>\n<p class=\"whitespace-pre-wrap break-words\">.<\/p>\n<\/div>\n<\/div>\n<\/div>\n<div class=\"absolute -bottom-0 -right-1.5\">\n<div class=\"border-0.5 border-border-300 flex items-center translate-y-1\/2 rounded-lg shadow-sm transition scale-95 opacity-0 group-hover:scale-100 group-hover:opacity-100 bg-bg-000 p-1\">\n<div class=\"text-text-400 flex items-stretch justify-between gap-0.5\">\n<div class=\"flex gap-0.5\"><\/div>\n<\/div>\n<\/div>\n<\/div>\n<\/div>\n<\/div>\n<div data-test-render-count=\"2\">\n<div class=\"mb-1 mt-1\">\n<div class=\"group relative inline-flex gap-2 bg-gradient-to-b from-bg-300 from-50% to-bg-400 rounded-xl ml-px pl-2.5 py-2.5 break-words text-text-200 transition-all max-w-[75ch] flex-col shadow-[0_2px_16px_rgba(0,0,0,0.025)] pr-6\">\n<div class=\"flex flex-row gap-2\">\n<div class=\"shrink-0\">\n<div class=\"flex shrink-0 items-center justify-center rounded-full font-bold h-7 w-7 text-[12px] bg-accent-pro-100 text-oncolor-100\"><\/div>\n<\/div>\n<\/div>\n<\/div>\n<\/div>\n<\/div>","protected":false},"excerpt":{"rendered":"<p>Politique de confidentialit\u00e9 Derni\u00e8re mise \u00e0 jour : 11\/13\/2024 Bienvenue chez GMG Transportation LLC. Nous nous engageons \u00e0 prot\u00e9ger votre vie priv\u00e9e et \u00e0 assurer la s\u00e9curit\u00e9 de vos informations personnelles. Cette politique de confidentialit\u00e9 explique comment...<\/p>","protected":false},"author":1,"featured_media":0,"parent":0,"menu_order":0,"comment_status":"closed","ping_status":"closed","template":"","meta":{"footnotes":""},"class_list":["post-12848","page","type-page","status-publish"],"_links":{"self":[{"href":"https:\/\/lax-transfer.com\/fr\/wp-json\/wp\/v2\/pages\/12848","targetHints":{"allow":["GET"]}}],"collection":[{"href":"https:\/\/lax-transfer.com\/fr\/wp-json\/wp\/v2\/pages"}],"about":[{"href":"https:\/\/lax-transfer.com\/fr\/wp-json\/wp\/v2\/types\/page"}],"author":[{"embeddable":true,"href":"https:\/\/lax-transfer.com\/fr\/wp-json\/wp\/v2\/users\/1"}],"replies":[{"embeddable":true,"href":"https:\/\/lax-transfer.com\/fr\/wp-json\/wp\/v2\/comments?post=12848"}],"version-history":[{"count":2,"href":"https:\/\/lax-transfer.com\/fr\/wp-json\/wp\/v2\/pages\/12848\/revisions"}],"predecessor-version":[{"id":12872,"href":"https:\/\/lax-transfer.com\/fr\/wp-json\/wp\/v2\/pages\/12848\/revisions\/12872"}],"wp:attachment":[{"href":"https:\/\/lax-transfer.com\/fr\/wp-json\/wp\/v2\/media?parent=12848"}],"curies":[{"name":"wp","href":"https:\/\/api.w.org\/{rel}","templated":true}]}}