{"id":13080,"date":"2025-02-09T10:27:24","date_gmt":"2025-02-09T18:27:24","guid":{"rendered":"https:\/\/lax-transfer.com\/?page_id=13080"},"modified":"2025-02-09T10:33:40","modified_gmt":"2025-02-09T18:33:40","slug":"contact-us","status":"publish","type":"page","link":"https:\/\/lax-transfer.com\/fr\/nous-contacter\/","title":{"rendered":"Contactez nous"},"content":{"rendered":"<div id=\"fws_69f50c4721cdf\"  data-column-margin=\"default\" data-midnight=\"dark\"  class=\"wpb_row vc_row-fluid vc_row\"  style=\"padding-top: 0px; padding-bottom: 0px; \"><div class=\"row-bg-wrap\" data-bg-animation=\"none\" data-bg-animation-delay=\"\" data-bg-overlay=\"false\"><div class=\"inner-wrap row-bg-layer\" ><div class=\"row-bg viewport-desktop\"  style=\"\"><\/div><\/div><\/div><div class=\"row_col_wrap_12 col span_12 dark left\">\n\t<div  class=\"vc_col-sm-12 wpb_column column_container vc_column_container col no-extra-padding inherit_tablet inherit_phone\"  data-padding-pos=\"all\" data-has-bg-color=\"false\" data-bg-color=\"\" data-bg-opacity=\"1\" data-animation=\"\" data-delay=\"0\" >\n\t\t<div class=\"vc_column-inner\" >\n\t\t\t<div class=\"wpb_wrapper\">\n\t\t\t\t<div id=\"fws_69f50c4722005\" data-midnight=\"\" data-column-margin=\"default\" class=\"wpb_row vc_row-fluid vc_row inner_row\"  style=\"\"><div class=\"row-bg-wrap\"> <div class=\"row-bg\" ><\/div> <\/div><div class=\"row_col_wrap_12_inner col span_12  left\">\n\t<div  class=\"vc_col-sm-6 wpb_column column_container vc_column_container col child_column no-extra-padding inherit_tablet inherit_phone\"   data-padding-pos=\"all\" data-has-bg-color=\"false\" data-bg-color=\"\" data-bg-opacity=\"1\" data-animation=\"\" data-delay=\"0\" >\n\t\t<div class=\"vc_column-inner\" >\n\t\t<div class=\"wpb_wrapper\">\n\t\t\t\n<div class=\"wpcf7 no-js\" id=\"wpcf7-f13082-o1\" lang=\"en-US\" dir=\"ltr\" data-wpcf7-id=\"13082\">\n<div class=\"screen-reader-response\"><p role=\"status\" aria-live=\"polite\" aria-atomic=\"true\"><\/p> <ul><\/ul><\/div>\n<form action=\"\/fr\/wp-json\/wp\/v2\/pages\/13080#wpcf7-f13082-o1\" method=\"post\" class=\"wpcf7-form init\" aria-label=\"Formulaire de contact\" novalidate=\"novalidate\" data-status=\"init\" data-trp-original-action=\"\/fr\/wp-json\/wp\/v2\/pages\/13080#wpcf7-f13082-o1\">\n<fieldset class=\"hidden-fields-container\"><input type=\"hidden\" name=\"_wpcf7\" value=\"13082\" \/><input type=\"hidden\" name=\"_wpcf7_version\" value=\"6.1.5\" \/><input type=\"hidden\" name=\"_wpcf7_locale\" value=\"en_US\" \/><input type=\"hidden\" name=\"_wpcf7_unit_tag\" value=\"wpcf7-f13082-o1\" \/><input type=\"hidden\" name=\"_wpcf7_container_post\" value=\"0\" \/><input type=\"hidden\" name=\"_wpcf7_posted_data_hash\" value=\"\" \/><input type=\"hidden\" name=\"_wpcf7_recaptcha_response\" value=\"\" \/>\n<\/fieldset>\n<p><label> Votre nom<br \/>\n<span class=\"wpcf7-form-control-wrap\" data-name=\"your-name\"><input size=\"40\" maxlength=\"400\" class=\"wpcf7-form-control wpcf7-text wpcf7-validates-as-required\" autocomplete=\"name\" aria-required=\"true\" aria-invalid=\"false\" value=\"\" type=\"text\" name=\"your-name\" \/><\/span> <\/label>\n<\/p>\n<p><label> Votre email<br \/>\n<span class=\"wpcf7-form-control-wrap\" data-name=\"your-email\"><input size=\"40\" maxlength=\"400\" class=\"wpcf7-form-control wpcf7-email wpcf7-validates-as-required wpcf7-text wpcf7-validates-as-email\" autocomplete=\"email\" aria-required=\"true\" aria-invalid=\"false\" value=\"\" type=\"email\" name=\"your-email\" \/><\/span> <\/label>\n<\/p>\n<p><label> Sujet<br \/>\n<span class=\"wpcf7-form-control-wrap\" data-name=\"your-subject\"><input size=\"40\" maxlength=\"400\" class=\"wpcf7-form-control wpcf7-text wpcf7-validates-as-required\" aria-required=\"true\" aria-invalid=\"false\" value=\"\" type=\"text\" name=\"your-subject\" \/><\/span> <\/label>\n<\/p>\n<p><label> Votre message (facultatif)<br \/>\n<span class=\"wpcf7-form-control-wrap\" data-name=\"your-message\"><textarea cols=\"40\" rows=\"10\" maxlength=\"2000\" class=\"wpcf7-form-control wpcf7-textarea\" aria-invalid=\"false\" name=\"your-message\"><\/textarea><\/span> <\/label>\n<\/p>\n\n<p><input class=\"wpcf7-form-control wpcf7-submit has-spinner\" type=\"submit\" value=\"Soumettre\" \/>\n<\/p><div class=\"wpcf7-response-output\" aria-hidden=\"true\"><\/div>\n<input type=\"hidden\" name=\"trp-form-language\" value=\"fr\"\/><\/form>\n<\/div>\n\n\t\t<\/div> \n\t<\/div>\n\t<\/div> \n\n\t<div  class=\"vc_col-sm-6 wpb_column column_container vc_column_container col child_column no-extra-padding inherit_tablet inherit_phone\"   data-padding-pos=\"all\" data-has-bg-color=\"false\" data-bg-color=\"\" data-bg-opacity=\"1\" data-animation=\"\" data-delay=\"0\" >\n\t\t<div class=\"vc_column-inner\" >\n\t\t<div class=\"wpb_wrapper\">\n\t\t\t\n<div class=\"wpb_text_column wpb_content_element\" >\n\t<div class=\"wpb_wrapper\">\n\t\t<h3>Transferts priv\u00e9s depuis et vers les a\u00e9roports de Los Angeles<\/h3>\n<p>Si vous avez des questions concernant la r\u00e9servation de votre transfert \u00e0 l'a\u00e9roport LAX ou si vous avez d'autres questions, vous pouvez nous \u00e9crire via le formulaire de contact ou via WhatsApp, Telegram, etc.<\/p>\n\t<\/div>\n<\/div>\n\n\n\n\n\t<div class=\"wpb_raw_code wpb_content_element wpb_raw_html\" >\n\t\t<div class=\"wpb_wrapper\">\n\t\t\t<div class=\"icon-footer\">\n<div class=\"icon-f\">\n\t<b>Assistance 24\/7<\/b>\n<img loading=\"lazy\" decoding=\"async\" class=\"aligncenter\" src=\"https:\/\/lax-transfer.com\/wp-content\/uploads\/2022\/12\/24-hours-2.png\" alt=\"lax-transfert\" width=\"34\" height=\"34\">\n<\/div>\n<div class=\"icon-f\">\n\t<b><a href=\"https:\/\/api.whatsapp.com\/send?phone=17477557655\" rel=\"nofollow noopener\" target=\"_blank\">WhatsApp<\/a><\/b>\n\t<a href=\"https:\/\/api.whatsapp.com\/send?phone=17477557655\" target=\"_blank\" rel=\"noopener noreferrer nofollow\">\n<img loading=\"lazy\" decoding=\"async\" class=\"aligncenter\" src=\"https:\/\/lax-transfer.com\/wp-content\/uploads\/2022\/12\/whatsapp.png\" alt=\"lax-transfert\" width=\"34\" height=\"34\"><\/a>\n<\/div>\n<div class=\"icon-f\">\n\t<b><a href=\"https:\/\/t.me\/+17477557655\" rel=\"nofollow\">T\u00e9l\u00e9gramme<\/a><\/b>\n\t<a href=\"https:\/\/t.me\/+17477557655\" target=\"_blank\" rel=\"noopener noreferrer nofollow\">\n<img loading=\"lazy\" decoding=\"async\" class=\"aligncenter\" src=\"https:\/\/lax-transfer.com\/wp-content\/uploads\/2022\/12\/telegram.png\" alt=\"lax-transfert\" width=\"34\" height=\"34\"><\/a>\n<\/div>\n\t<div class=\"icon-f\">\n\t<b><a href=\"mailto:support@lax-transfer.com\">Courrier<\/a><\/b>\n\t<a href=\"mailto:support@lax-transfer.com\" target=\"_blank\" rel=\"noopener noreferrer\">\n<img loading=\"lazy\" decoding=\"async\" class=\"aligncenter\" src=\"https:\/\/lax-transfer.com\/wp-content\/uploads\/2022\/12\/mail.png\" alt=\"lax-transfert\" width=\"34\" height=\"34\"><\/a>\n<\/div>\n<\/div>\n\t\t<\/div>\n\t<\/div>\n\n\t\t<\/div> \n\t<\/div>\n\t<\/div> \n<\/div><\/div>\n\t\t\t<\/div> \n\t\t<\/div>\n\t<\/div> \n<\/div><\/div>","protected":false},"excerpt":{"rendered":"Votre nom Votre email Sujet Votre message (facultatif) Transferts priv\u00e9s depuis et vers les a\u00e9roports de Los Angeles Si vous avez des questions concernant la r\u00e9servation de votre transfert depuis l'a\u00e9roport de LAX ou si vous avez des...","protected":false},"author":1,"featured_media":0,"parent":0,"menu_order":0,"comment_status":"closed","ping_status":"closed","template":"","meta":{"footnotes":""},"class_list":["post-13080","page","type-page","status-publish"],"_links":{"self":[{"href":"https:\/\/lax-transfer.com\/fr\/wp-json\/wp\/v2\/pages\/13080","targetHints":{"allow":["GET"]}}],"collection":[{"href":"https:\/\/lax-transfer.com\/fr\/wp-json\/wp\/v2\/pages"}],"about":[{"href":"https:\/\/lax-transfer.com\/fr\/wp-json\/wp\/v2\/types\/page"}],"author":[{"embeddable":true,"href":"https:\/\/lax-transfer.com\/fr\/wp-json\/wp\/v2\/users\/1"}],"replies":[{"embeddable":true,"href":"https:\/\/lax-transfer.com\/fr\/wp-json\/wp\/v2\/comments?post=13080"}],"version-history":[{"count":4,"href":"https:\/\/lax-transfer.com\/fr\/wp-json\/wp\/v2\/pages\/13080\/revisions"}],"predecessor-version":[{"id":13085,"href":"https:\/\/lax-transfer.com\/fr\/wp-json\/wp\/v2\/pages\/13080\/revisions\/13085"}],"wp:attachment":[{"href":"https:\/\/lax-transfer.com\/fr\/wp-json\/wp\/v2\/media?parent=13080"}],"curies":[{"name":"wp","href":"https:\/\/api.w.org\/{rel}","templated":true}]}}