{"id":13108,"date":"2025-03-02T22:33:03","date_gmt":"2025-03-03T06:33:03","guid":{"rendered":"https:\/\/lax-transfer.com\/?page_id=13108"},"modified":"2025-03-02T22:47:30","modified_gmt":"2025-03-03T06:47:30","slug":"los-angeles-airport-transfer","status":"publish","type":"page","link":"https:\/\/lax-transfer.com\/fr\/transfert-de-laeroport-de-los-angeles\/","title":{"rendered":"Transfert de l'a\u00e9roport de Los Angeles"},"content":{"rendered":"<div id=\"fws_69ddf64eb60b4\"  data-column-margin=\"none\" data-midnight=\"dark\" data-top-percent=\"8%\" data-bottom-percent=\"8%\"  class=\"wpb_row vc_row-fluid vc_row full-width-section vc_row-o-equal-height vc_row-flex vc_row-o-content-middle  top_padding_tablet_8pct top_padding_phone_7pct bottom_padding_tablet_8pct bottom_padding_phone_7pct\"  style=\"padding-top: calc(100vw * 0.08); padding-bottom: calc(100vw * 0.08); \"><div class=\"row-bg-wrap\" data-bg-animation=\"none\" data-bg-animation-delay=\"\" data-bg-overlay=\"false\"><div class=\"inner-wrap row-bg-layer\" ><div class=\"row-bg viewport-desktop\"  style=\"\"><\/div><\/div><\/div><div class=\"row_col_wrap_12 col span_12 dark left\">\n\t<div  class=\"vc_col-sm-6 wpb_column column_container vc_column_container col bottom_margin_tablet_10pct right_padding_desktop_15pct right_padding_phone_0px\"  data-padding-pos=\"all\" data-has-bg-color=\"false\" data-bg-color=\"\" data-bg-opacity=\"1\" data-animation=\"\" data-delay=\"0\" >\n\t\t<div class=\"vc_column-inner\" >\n\t\t\t<div class=\"wpb_wrapper\">\n\t\t\t\t<div id=\"fws_69ddf64eb6442\" data-midnight=\"\" data-column-margin=\"none\" class=\"wpb_row vc_row-fluid vc_row inner_row  right_padding_10pct right_padding_tablet_5pct right_padding_phone_3pct\"  style=\"\"><div class=\"row-bg-wrap\"> <div class=\"row-bg\" ><\/div> <\/div><div class=\"row_col_wrap_12_inner col span_12  left\">\n\t<div  class=\"vc_col-sm-12 wpb_column column_container vc_column_container col child_column no-extra-padding el_spacing_0px inherit_tablet inherit_phone\"   data-padding-pos=\"all\" data-has-bg-color=\"false\" data-bg-color=\"\" data-bg-opacity=\"1\" data-animation=\"\" data-delay=\"0\" >\n\t\t<div class=\"vc_column-inner\" >\n\t\t<div class=\"wpb_wrapper\">\n\t\t\t<div class=\"nectar-responsive-text font_size_max_50px font_size_desktop_3vw font_size_tablet_4vw font_size_phone_6vw font_line_height_1-2 nectar-link-underline-effect\"><h1 data-pm-slice=\"1 1 &#091;&#093;\"><strong>Transfert de l'a\u00e9roport de Los Angeles - Transport fiable et confortable<\/strong><\/h1>\n<\/div><div class=\"divider-wrap\" data-alignment=\"default\"><div style=\"height: 20px;\" class=\"divider\"><\/div><\/div><div class=\"nectar-responsive-text font_size_min_16px font_size_max_20px font_size_desktop_1-1vw font_line_height_1-6 nectar-link-underline-effect\"><h2 data-pm-slice=\"1 1 &#091;&#093;\">Transferts \u00e0 l'a\u00e9roport de Los Angeles en toute tranquillit\u00e9<\/h2>\n<p>Vous arrivez \u00e0 l'a\u00e9roport international de Los Angeles (LAX) et avez besoin d'un transfert fiable vers votre destination ? Notre service de <strong>Service de transfert de l'a\u00e9roport de Los Angeles<\/strong> vous assure un voyage fluide, confortable et sans stress. Que vous vous rendiez \u00e0 l'h\u00f4tel, \u00e0 une r\u00e9union d'affaires ou \u00e0 une attraction touristique, nous vous fournissons <strong>les transferts priv\u00e9s, les services de voitures de luxe et les transports de groupes<\/strong> adapt\u00e9s \u00e0 vos besoins.<\/p>\n<\/div>\n\t\t<\/div> \n\t<\/div>\n\t<\/div> \n<\/div><\/div><div id=\"fws_69ddf64eb6b72\" data-midnight=\"\" data-column-margin=\"default\" class=\"wpb_row vc_row-fluid vc_row inner_row  top_padding_tablet_5vw top_padding_phone_6vw\"  style=\"padding-top: 2vw; \"><div class=\"row-bg-wrap\"> <div class=\"row-bg\" ><\/div> <\/div><div class=\"row_col_wrap_12_inner col span_12  left\">\n\t<div  class=\"vc_col-sm-12 wpb_column column_container vc_column_container col child_column no-extra-padding column_element_direction_desktop_horizontal column_element_direction_tablet_horizontal column_element_direction_phone_horizontal el_spacing_20px inherit_tablet inherit_phone\"   data-padding-pos=\"all\" data-has-bg-color=\"false\" data-bg-color=\"\" data-bg-opacity=\"1\" data-animation=\"\" data-delay=\"0\" >\n\t\t<div class=\"vc_column-inner\" >\n\t\t<div class=\"wpb_wrapper\">\n\t\t\t<div class=\"nectar-cta  alignment_tablet_default alignment_phone_default display_tablet_inherit display_phone_inherit font_size_desktop_1-1vw font_size_tablet_14px\" data-color=\"accent-color\" data-using-bg=\"true\" data-style=\"text-reveal-wave\" data-display=\"inline\" data-alignment=\"left\" data-text-color=\"custom\" style=\"margin-right: 0.8em; \"><span style=\"color: #ffffff;\" class=\"nectar-button-type\"><span class=\"link_wrap\" style=\"padding-top: 0.8em; padding-right: 2.2em; padding-bottom: 0.8em; padding-left: 2.2em;\"><a  class=\"link_text\" role=\"button\" href=\"https:\/\/lax-transfer.com\/fr\/\"><span class=\"text\"><span class=\"char\">B<\/span><span class=\"char\">O<\/span><span class=\"char\">O<\/span><span class=\"char\">K<\/span> <span class=\"char\">N<\/span><span class=\"char\">O<\/span><span class=\"char\">W<\/span><\/span><\/a><\/span><\/span><\/div>\n\t\t<\/div> \n\t<\/div>\n\t<\/div> \n<\/div><\/div>\n\t\t\t<\/div> \n\t\t<\/div>\n\t<\/div> \n\n\t<div style=\"\" class=\"vc_col-sm-6 wpb_column column_container vc_column_container col padding-5-percent column_position_relative el_spacing_0px inherit_tablet inherit_phone\" data-using-bg=\"true\" data-border-radius=\"20px\" data-padding-pos=\"left-right\" data-has-bg-color=\"true\" data-bg-color=\"#e3f3e2\" data-bg-opacity=\"1\" data-animation=\"\" data-delay=\"0\" >\n\t\t<div class=\"vc_column-inner\" ><div class=\"column-bg-overlay-wrap column-bg-layer\" data-bg-animation=\"none\"><div class=\"column-bg-overlay\" style=\"opacity: 1; background-color: #e3f3e2;\"><\/div><\/div>\n\t\t\t<div class=\"wpb_wrapper\">\n\t\t\t\t<div class=\"nectar-lottie-wrap multiply-blend nectar-waypoint-el nectar-fade-in width_desktop_100pct alignment_center\"><div class=\"nectar-lottie\" data-lottie-settings=\"{&quot;trigger_type&quot;:&quot;play&quot;,&quot;mobile_func&quot;:&quot;default&quot;,&quot;loop&quot;:&quot;true&quot;,&quot;trigger_offset&quot;:&quot;0.00,100.00&quot;,&quot;frame_constraint&quot;:&quot;0.00,100.00&quot;,&quot;speed&quot;:&quot;0.8&quot;,&quot;width_desktop&quot;:&quot;100%&quot;,&quot;alignment&quot;:&quot;center&quot;,&quot;preserve_aspect_ratio&quot;:&quot;xMidYMid meet&quot;,&quot;css_animation&quot;:&quot;fade-in&quot;,&quot;json_url&quot;:&quot;https:\\\/\\\/lax-transfer.com\\\/wp-content\\\/uploads\\\/2022\\\/12\\\/Animation-1740983698182.json&quot;,&quot;class_name&quot;:&quot;multiply-blend&quot;,&quot;box_shadow_method&quot;:&quot;filter&quot;}\"><\/div><\/div>\n\t\t\t<\/div> \n\t\t<\/div>\n\t<\/div> \n<\/div><\/div>\n\t\t<div id=\"fws_69ddf64eb765c\"  data-column-margin=\"default\" data-midnight=\"dark\"  class=\"wpb_row vc_row-fluid vc_row vc_row-o-equal-height vc_row-flex\"  style=\"padding-top: 0px; padding-bottom: 0px; \"><div class=\"row-bg-wrap\" data-bg-animation=\"none\" data-bg-animation-delay=\"\" data-bg-overlay=\"false\"><div class=\"inner-wrap row-bg-layer\" ><div class=\"row-bg viewport-desktop\"  style=\"\"><\/div><\/div><\/div><div class=\"row_col_wrap_12 col span_12 dark left\">\n\t<div style=\"margin-top: 0%; margin-bottom: 0%; \" class=\"vc_col-sm-6 wpb_column column_container vc_column_container col padding-2-percent inherit_tablet inherit_phone\"  data-padding-pos=\"all\" data-has-bg-color=\"false\" data-bg-color=\"\" data-bg-opacity=\"1\" data-animation=\"\" data-delay=\"0\" >\n\t\t<div class=\"vc_column-inner\" >\n\t\t\t<div class=\"wpb_wrapper\">\n\t\t\t\t<div class=\"nectar-lottie-wrap multiply-blend nectar-waypoint-el nectar-fade-in width_desktop_100pct alignment_center\"><div class=\"nectar-lottie\" data-lottie-settings=\"{&quot;trigger_type&quot;:&quot;play&quot;,&quot;mobile_func&quot;:&quot;default&quot;,&quot;loop&quot;:&quot;true&quot;,&quot;trigger_offset&quot;:&quot;0.00,100.00&quot;,&quot;frame_constraint&quot;:&quot;0.00,100.00&quot;,&quot;speed&quot;:&quot;0.8&quot;,&quot;width_desktop&quot;:&quot;100%&quot;,&quot;alignment&quot;:&quot;center&quot;,&quot;preserve_aspect_ratio&quot;:&quot;xMidYMid meet&quot;,&quot;css_animation&quot;:&quot;fade-in&quot;,&quot;json_url&quot;:&quot;https:\\\/\\\/lax-transfer.com\\\/wp-content\\\/uploads\\\/2022\\\/12\\\/Animation-1740983967992.json&quot;,&quot;class_name&quot;:&quot;multiply-blend&quot;,&quot;box_shadow_method&quot;:&quot;filter&quot;}\"><\/div><\/div>\n\t\t\t<\/div> \n\t\t<\/div>\n\t<\/div> \n\n\t<div  class=\"vc_col-sm-6 wpb_column column_container vc_column_container col padding-5-percent inherit_tablet inherit_phone\"  data-padding-pos=\"all\" data-has-bg-color=\"false\" data-bg-color=\"\" data-bg-opacity=\"1\" data-animation=\"\" data-delay=\"0\" >\n\t\t<div class=\"vc_column-inner\" >\n\t\t\t<div class=\"wpb_wrapper\">\n\t\t\t\t<div id=\"fws_69ddf64eb78a2\" data-midnight=\"\" data-column-margin=\"none\" class=\"wpb_row vc_row-fluid vc_row inner_row  right_padding_10pct right_padding_tablet_5pct right_padding_phone_3pct\"  style=\"padding-top: 7%; padding-bottom: 7%; \"><div class=\"row-bg-wrap\"> <div class=\"row-bg\" ><\/div> <\/div><div class=\"row_col_wrap_12_inner col span_12  left\">\n\t<div  class=\"vc_col-sm-12 wpb_column column_container vc_column_container col child_column no-extra-padding el_spacing_0px inherit_tablet inherit_phone\"   data-padding-pos=\"all\" data-has-bg-color=\"false\" data-bg-color=\"\" data-bg-opacity=\"1\" data-animation=\"\" data-delay=\"0\" >\n\t\t<div class=\"vc_column-inner\" >\n\t\t<div class=\"wpb_wrapper\">\n\t\t\t<div class=\"nectar-responsive-text font_size_max_50px font_size_desktop_3vw font_size_tablet_4vw font_size_phone_6vw font_line_height_1-2 nectar-link-underline-effect\"><h2 data-pm-slice=\"1 1 &#091;&#093;\">Pourquoi choisir notre service de transfert vers l'a\u00e9roport de Los Angeles ?<\/h2>\n<\/div><div class=\"divider-wrap\" data-alignment=\"default\"><div style=\"height: 20px;\" class=\"divider\"><\/div><\/div><div class=\"nectar-responsive-text font_size_min_16px font_size_max_20px font_size_desktop_1-1vw font_line_height_1-6 nectar-link-underline-effect\"><p data-pm-slice=\"1 1 &#091;&#093;\">\u2705 <strong>Conducteurs professionnels<\/strong> - Des chauffeurs exp\u00e9riment\u00e9s et courtois garantissent un trajet s\u00fbr et sans encombre.<br \/>\n\u2705 <strong>Large gamme de v\u00e9hicules<\/strong> - Vous avez le choix entre des berlines, des SUV, des fourgonnettes et des voitures de luxe.<br \/>\n\u2705 <strong>Taux fixes - Pas de frais cach\u00e9s<\/strong> - Des prix transparents et sans surprise.<br \/>\n\u2705 <strong>Disponibilit\u00e9 24 heures sur 24, 7 jours sur 7<\/strong> - Un service fiable \u00e0 toute heure du jour et de la nuit.<br \/>\n\u2705 <strong>Service d'accueil<\/strong> - Un chauffeur professionnel vous accueillera \u00e0 l'a\u00e9roport avec un panneau.<br \/>\n\u2705 <strong>R\u00e9servation en ligne facile<\/strong> - Processus de r\u00e9servation rapide et s\u00e9curis\u00e9.<\/p>\n<\/div>\n\t\t<\/div> \n\t<\/div>\n\t<\/div> \n<\/div><\/div><div id=\"fws_69ddf64eb7c2e\" data-midnight=\"\" data-column-margin=\"default\" class=\"wpb_row vc_row-fluid vc_row inner_row  top_padding_tablet_5vw top_padding_phone_6vw\"  style=\"padding-top: 2vw; \"><div class=\"row-bg-wrap\"> <div class=\"row-bg\" ><\/div> <\/div><div class=\"row_col_wrap_12_inner col span_12  left\">\n\t<div  class=\"vc_col-sm-12 wpb_column column_container vc_column_container col child_column no-extra-padding column_element_direction_desktop_horizontal column_element_direction_tablet_horizontal column_element_direction_phone_horizontal el_spacing_20px inherit_tablet inherit_phone\"   data-padding-pos=\"all\" data-has-bg-color=\"false\" data-bg-color=\"\" data-bg-opacity=\"1\" data-animation=\"\" data-delay=\"0\" >\n\t\t<div class=\"vc_column-inner\" >\n\t\t<div class=\"wpb_wrapper\">\n\t\t\t<div class=\"nectar-cta  alignment_tablet_default alignment_phone_default display_tablet_inherit display_phone_inherit font_size_desktop_1-1vw font_size_tablet_14px\" data-color=\"accent-color\" data-using-bg=\"true\" data-style=\"text-reveal-wave\" data-display=\"inline\" data-alignment=\"left\" data-text-color=\"custom\" style=\"margin-right: 0.8em; \"><span style=\"color: #ffffff;\" class=\"nectar-button-type\"><span class=\"link_wrap\" style=\"padding-top: 0.8em; padding-right: 2.2em; padding-bottom: 0.8em; padding-left: 2.2em;\"><a  class=\"link_text\" role=\"button\" href=\"https:\/\/lax-transfer.com\/fr\/\"><span class=\"text\"><span class=\"char\">B<\/span><span class=\"char\">O<\/span><span class=\"char\">O<\/span><span class=\"char\">K<\/span> <span class=\"char\">N<\/span><span class=\"char\">O<\/span><span class=\"char\">W<\/span><\/span><\/a><\/span><\/span><\/div>\n\t\t<\/div> \n\t<\/div>\n\t<\/div> \n<\/div><\/div>\n\t\t\t<\/div> \n\t\t<\/div>\n\t<\/div> \n<\/div><\/div>\n\t\t<div id=\"fws_69ddf64eb7f61\"  data-column-margin=\"default\" data-midnight=\"dark\"  class=\"wpb_row vc_row-fluid vc_row\"  style=\"padding-top: 0px; padding-bottom: 0px; \"><div class=\"row-bg-wrap\" data-bg-animation=\"none\" data-bg-animation-delay=\"\" data-bg-overlay=\"false\"><div class=\"inner-wrap row-bg-layer\" ><div class=\"row-bg viewport-desktop\"  style=\"\"><\/div><\/div><\/div><div class=\"row_col_wrap_12 col span_12 dark left\">\n\t<div  class=\"vc_col-sm-12 wpb_column column_container vc_column_container col no-extra-padding inherit_tablet inherit_phone\"  data-padding-pos=\"all\" data-has-bg-color=\"false\" data-bg-color=\"\" data-bg-opacity=\"1\" data-animation=\"\" data-delay=\"0\" >\n\t\t<div class=\"vc_column-inner\" >\n\t\t\t<div class=\"wpb_wrapper\">\n\t\t\t\t\n<div class=\"wpb_text_column wpb_content_element\" >\n\t<div class=\"wpb_wrapper\">\n\t\t<h3 data-pm-slice=\"1 1 &#091;&#093;\">Nos options de transfert \u00e0 LAX<\/h3>\n<ul data-spread=\"false\">\n<li><strong>Transfert en voiture priv\u00e9e<\/strong> - Un trajet direct, sans escale, dans un v\u00e9hicule confortable.<\/li>\n<li><strong>Transfert a\u00e9roportuaire de luxe<\/strong> - Voyagez avec style gr\u00e2ce \u00e0 des voitures haut de gamme comme Mercedes ou Cadillac.<\/li>\n<li><strong>Transferts de groupes et de familles<\/strong> - Fourgonnettes et minibus spacieux pour les groupes plus importants.<\/li>\n<li><strong>Transferts d'entreprises<\/strong> - Voitures de fonction avec Wi-Fi pour les voyageurs d'affaires.<\/li>\n<li><strong>Transferts \u00e0 l'h\u00f4tel et en ville<\/strong> - Des trajets rapides vers Hollywood, Beverly Hills, Downtown LA, Disneyland et bien plus encore.<\/li>\n<\/ul>\n<h3>Comment r\u00e9server votre transfert \u00e0 l'a\u00e9roport de Los Angeles<\/h3>\n<ol start=\"1\" data-spread=\"false\">\n<li><strong>Entrez vos coordonn\u00e9es<\/strong> - Indiquez la date et l'heure de votre arriv\u00e9e, ainsi que votre destination.<\/li>\n<li><strong>S\u00e9lectionnez votre v\u00e9hicule<\/strong> - Choisissez parmi une vari\u00e9t\u00e9 d'options pour r\u00e9pondre \u00e0 vos besoins.<\/li>\n<li><strong>Confirmer et payer<\/strong> - Paiement s\u00e9curis\u00e9 avec confirmation instantan\u00e9e.<\/li>\n<li><strong>Rencontrez votre chauffeur<\/strong> - Profitez d'un trajet sans stress jusqu'\u00e0 votre destination.<\/li>\n<\/ol>\n<h3>Destinations populaires \u00e0 partir de LAX<\/h3>\n<ul data-spread=\"false\">\n<li><strong>De LAX au centre-ville de Los Angeles<\/strong> - Centres d'affaires et attractions c\u00e9l\u00e8bres.<\/li>\n<li><strong>De LAX \u00e0 Hollywood<\/strong> - Si\u00e8ge de l'industrie du divertissement et du Walk of Fame.<\/li>\n<li><strong>De LAX \u00e0 Santa Monica<\/strong> - Des plages magnifiques et des vues sur l'oc\u00e9an.<\/li>\n<li><strong>De LAX \u00e0 Disneyland<\/strong> - Une exp\u00e9rience magique pour les familles et les enfants.<\/li>\n<li><strong>De LAX \u00e0 Beverly Hills<\/strong> - Des boutiques de luxe et des monuments embl\u00e9matiques.<\/li>\n<\/ul>\n<h3><a href=\"https:\/\/lax-transfer.com\/fr\/\">R\u00e9servez votre<\/a> Transfert de l'a\u00e9roport de Los Angeles aujourd'hui !<\/h3>\n<p>Ne laissez pas le transport \u00e0 l'a\u00e9roport devenir une source de tracas. Choisissez notre <strong>Service de transfert \u00e0 LAX<\/strong> pour une exp\u00e9rience de voyage confortable, ponctuelle et transparente. <strong>R\u00e9server en ligne<\/strong> et b\u00e9n\u00e9ficiez d'un transport haut de gamme \u00e0 Los Angeles !<\/p>\n\t<\/div>\n<\/div>\n\n\n\n\n\t\t\t<\/div> \n\t\t<\/div>\n\t<\/div> \n<\/div><\/div>","protected":false},"excerpt":{"rendered":"Los Angeles Airport Transfer \u2013 Reliable &amp; Comfortable Transportation Hassle-Free Airport Transfers in Los Angeles Arriving at Los Angeles International Airport (LAX) and need a reliable transfer to your destination?...","protected":false},"author":1,"featured_media":13101,"parent":0,"menu_order":0,"comment_status":"closed","ping_status":"closed","template":"","meta":{"footnotes":""},"class_list":["post-13108","page","type-page","status-publish","has-post-thumbnail"],"_links":{"self":[{"href":"https:\/\/lax-transfer.com\/fr\/wp-json\/wp\/v2\/pages\/13108","targetHints":{"allow":["GET"]}}],"collection":[{"href":"https:\/\/lax-transfer.com\/fr\/wp-json\/wp\/v2\/pages"}],"about":[{"href":"https:\/\/lax-transfer.com\/fr\/wp-json\/wp\/v2\/types\/page"}],"author":[{"embeddable":true,"href":"https:\/\/lax-transfer.com\/fr\/wp-json\/wp\/v2\/users\/1"}],"replies":[{"embeddable":true,"href":"https:\/\/lax-transfer.com\/fr\/wp-json\/wp\/v2\/comments?post=13108"}],"version-history":[{"count":12,"href":"https:\/\/lax-transfer.com\/fr\/wp-json\/wp\/v2\/pages\/13108\/revisions"}],"predecessor-version":[{"id":13122,"href":"https:\/\/lax-transfer.com\/fr\/wp-json\/wp\/v2\/pages\/13108\/revisions\/13122"}],"wp:featuredmedia":[{"embeddable":true,"href":"https:\/\/lax-transfer.com\/fr\/wp-json\/wp\/v2\/media\/13101"}],"wp:attachment":[{"href":"https:\/\/lax-transfer.com\/fr\/wp-json\/wp\/v2\/media?parent=13108"}],"curies":[{"name":"wp","href":"https:\/\/api.w.org\/{rel}","templated":true}]}}