{"id":13133,"date":"2025-03-06T21:10:17","date_gmt":"2025-03-07T05:10:17","guid":{"rendered":"https:\/\/lax-transfer.com\/?page_id=13133"},"modified":"2025-03-06T21:10:17","modified_gmt":"2025-03-07T05:10:17","slug":"private-transfer-los-angeles","status":"publish","type":"page","link":"https:\/\/lax-transfer.com\/fr\/transfert-prive-los-angeles\/","title":{"rendered":"Transfert priv\u00e9 Los Angeles"},"content":{"rendered":"<div id=\"fws_69ff689c5e9b6\"  data-column-margin=\"none\" data-midnight=\"dark\" data-top-percent=\"8%\" data-bottom-percent=\"8%\"  class=\"wpb_row vc_row-fluid vc_row full-width-section vc_row-o-equal-height vc_row-flex vc_row-o-content-middle  top_padding_tablet_8pct top_padding_phone_7pct bottom_padding_tablet_8pct bottom_padding_phone_7pct\"  style=\"padding-top: calc(100vw * 0.08); padding-bottom: calc(100vw * 0.08); \"><div class=\"row-bg-wrap\" data-bg-animation=\"none\" data-bg-animation-delay=\"\" data-bg-overlay=\"false\"><div class=\"inner-wrap row-bg-layer\" ><div class=\"row-bg viewport-desktop\"  style=\"\"><\/div><\/div><\/div><div class=\"row_col_wrap_12 col span_12 dark left\">\n\t<div  class=\"vc_col-sm-6 wpb_column column_container vc_column_container col bottom_margin_tablet_10pct right_padding_desktop_15pct right_padding_phone_0px\"  data-padding-pos=\"all\" data-has-bg-color=\"false\" data-bg-color=\"\" data-bg-opacity=\"1\" data-animation=\"\" data-delay=\"0\" >\n\t\t<div class=\"vc_column-inner\" >\n\t\t\t<div class=\"wpb_wrapper\">\n\t\t\t\t<div id=\"fws_69ff689c5ece5\" data-midnight=\"\" data-column-margin=\"none\" class=\"wpb_row vc_row-fluid vc_row inner_row  right_padding_10pct right_padding_tablet_5pct right_padding_phone_3pct\"  style=\"\"><div class=\"row-bg-wrap\"> <div class=\"row-bg\" ><\/div> <\/div><div class=\"row_col_wrap_12_inner col span_12  left\">\n\t<div  class=\"vc_col-sm-12 wpb_column column_container vc_column_container col child_column no-extra-padding el_spacing_0px inherit_tablet inherit_phone\"   data-padding-pos=\"all\" data-has-bg-color=\"false\" data-bg-color=\"\" data-bg-opacity=\"1\" data-animation=\"\" data-delay=\"0\" >\n\t\t<div class=\"vc_column-inner\" >\n\t\t<div class=\"wpb_wrapper\">\n\t\t\t<div class=\"nectar-responsive-text font_size_max_50px font_size_desktop_3vw font_size_tablet_4vw font_size_phone_6vw font_line_height_1-2 nectar-link-underline-effect\"><h1 data-pm-slice=\"1 1 &#091;&#093;\"><strong>Transfert priv\u00e9 Los Angeles - Trajets Premium et Confortables<\/strong><\/h1>\n<\/div><div class=\"divider-wrap\" data-alignment=\"default\"><div style=\"height: 20px;\" class=\"divider\"><\/div><\/div><div class=\"nectar-responsive-text font_size_min_16px font_size_max_20px font_size_desktop_1-1vw font_line_height_1-6 nectar-link-underline-effect\"><h2 data-pm-slice=\"1 1 &#091;&#093;\">Transferts priv\u00e9s exclusifs \u00e0 Los Angeles<\/h2>\n<p>\u00c0 la recherche d'un <strong>transfert priv\u00e9 fiable et luxueux \u00e0 Los Angeles<\/strong>? Notre <strong>service de voitures priv\u00e9es<\/strong> vous garantit un voyage en douceur et sans stress, que vous voyagiez pour les affaires, les loisirs ou un \u00e9v\u00e9nement sp\u00e9cial. Profitez d'une exp\u00e9rience de transport haut de gamme avec des chauffeurs professionnels et des v\u00e9hicules haut de gamme.<\/p>\n<h3><\/h3>\n<\/div>\n\t\t<\/div> \n\t<\/div>\n\t<\/div> \n<\/div><\/div><div id=\"fws_69ff689c5f22b\" data-midnight=\"\" data-column-margin=\"default\" class=\"wpb_row vc_row-fluid vc_row inner_row  top_padding_tablet_5vw top_padding_phone_6vw\"  style=\"padding-top: 2vw; \"><div class=\"row-bg-wrap\"> <div class=\"row-bg\" ><\/div> <\/div><div class=\"row_col_wrap_12_inner col span_12  left\">\n\t<div  class=\"vc_col-sm-12 wpb_column column_container vc_column_container col child_column no-extra-padding column_element_direction_desktop_horizontal column_element_direction_tablet_horizontal column_element_direction_phone_horizontal el_spacing_20px inherit_tablet inherit_phone\"   data-padding-pos=\"all\" data-has-bg-color=\"false\" data-bg-color=\"\" data-bg-opacity=\"1\" data-animation=\"\" data-delay=\"0\" >\n\t\t<div class=\"vc_column-inner\" >\n\t\t<div class=\"wpb_wrapper\">\n\t\t\t<div class=\"nectar-cta  alignment_tablet_default alignment_phone_default display_tablet_inherit display_phone_inherit font_size_desktop_1-1vw font_size_tablet_14px\" data-color=\"accent-color\" data-using-bg=\"true\" data-style=\"text-reveal-wave\" data-display=\"inline\" data-alignment=\"left\" data-text-color=\"custom\" style=\"margin-right: 0.8em; \"><span style=\"color: #ffffff;\" class=\"nectar-button-type\"><span class=\"link_wrap\" style=\"padding-top: 0.8em; padding-right: 2.2em; padding-bottom: 0.8em; padding-left: 2.2em;\"><a  class=\"link_text\" role=\"button\" href=\"https:\/\/lax-transfer.com\/fr\/\"><span class=\"text\"><span class=\"char\">B<\/span><span class=\"char\">O<\/span><span class=\"char\">O<\/span><span class=\"char\">K<\/span> <span class=\"char\">N<\/span><span class=\"char\">O<\/span><span class=\"char\">W<\/span><\/span><\/a><\/span><\/span><\/div>\n\t\t<\/div> \n\t<\/div>\n\t<\/div> \n<\/div><\/div>\n\t\t\t<\/div> \n\t\t<\/div>\n\t<\/div> \n\n\t<div style=\"\" class=\"vc_col-sm-6 wpb_column column_container vc_column_container col padding-5-percent column_position_relative el_spacing_0px inherit_tablet inherit_phone\" data-using-bg=\"true\" data-border-radius=\"20px\" data-padding-pos=\"left-right\" data-has-bg-color=\"true\" data-bg-color=\"#e3f3e2\" data-bg-opacity=\"1\" data-animation=\"\" data-delay=\"0\" >\n\t\t<div class=\"vc_column-inner\" ><div class=\"column-bg-overlay-wrap column-bg-layer\" data-bg-animation=\"none\"><div class=\"column-bg-overlay\" style=\"opacity: 1; background-color: #e3f3e2;\"><\/div><\/div>\n\t\t\t<div class=\"wpb_wrapper\">\n\t\t\t\t<div class=\"nectar-lottie-wrap multiply-blend nectar-waypoint-el nectar-fade-in width_desktop_100pct alignment_center\"><div class=\"nectar-lottie\" data-lottie-settings=\"{&quot;trigger_type&quot;:&quot;play&quot;,&quot;mobile_func&quot;:&quot;default&quot;,&quot;loop&quot;:&quot;true&quot;,&quot;trigger_offset&quot;:&quot;0.00,100.00&quot;,&quot;frame_constraint&quot;:&quot;0.00,100.00&quot;,&quot;speed&quot;:&quot;0.8&quot;,&quot;width_desktop&quot;:&quot;100%&quot;,&quot;alignment&quot;:&quot;center&quot;,&quot;preserve_aspect_ratio&quot;:&quot;xMidYMid meet&quot;,&quot;css_animation&quot;:&quot;fade-in&quot;,&quot;json_url&quot;:&quot;https:\\\/\\\/lax-transfer.com\\\/wp-content\\\/uploads\\\/2022\\\/12\\\/Animation-1740983698182.json&quot;,&quot;class_name&quot;:&quot;multiply-blend&quot;,&quot;box_shadow_method&quot;:&quot;filter&quot;}\"><\/div><\/div>\n\t\t\t<\/div> \n\t\t<\/div>\n\t<\/div> \n<\/div><\/div>\n\t\t<div id=\"fws_69ff689c5f776\"  data-column-margin=\"default\" data-midnight=\"dark\"  class=\"wpb_row vc_row-fluid vc_row vc_row-o-equal-height vc_row-flex\"  style=\"padding-top: 0px; padding-bottom: 0px; \"><div class=\"row-bg-wrap\" data-bg-animation=\"none\" data-bg-animation-delay=\"\" data-bg-overlay=\"false\"><div class=\"inner-wrap row-bg-layer\" ><div class=\"row-bg viewport-desktop\"  style=\"\"><\/div><\/div><\/div><div class=\"row_col_wrap_12 col span_12 dark left\">\n\t<div style=\"margin-top: 0%; margin-bottom: 0%; \" class=\"vc_col-sm-6 wpb_column column_container vc_column_container col padding-2-percent inherit_tablet inherit_phone\"  data-padding-pos=\"all\" data-has-bg-color=\"false\" data-bg-color=\"\" data-bg-opacity=\"1\" data-animation=\"\" data-delay=\"0\" >\n\t\t<div class=\"vc_column-inner\" >\n\t\t\t<div class=\"wpb_wrapper\">\n\t\t\t\t<div class=\"nectar-lottie-wrap multiply-blend nectar-waypoint-el nectar-fade-in width_desktop_100pct alignment_center\"><div class=\"nectar-lottie\" data-lottie-settings=\"{&quot;trigger_type&quot;:&quot;play&quot;,&quot;mobile_func&quot;:&quot;default&quot;,&quot;loop&quot;:&quot;true&quot;,&quot;trigger_offset&quot;:&quot;0.00,100.00&quot;,&quot;frame_constraint&quot;:&quot;0.00,100.00&quot;,&quot;speed&quot;:&quot;0.8&quot;,&quot;width_desktop&quot;:&quot;100%&quot;,&quot;alignment&quot;:&quot;center&quot;,&quot;preserve_aspect_ratio&quot;:&quot;xMidYMid meet&quot;,&quot;css_animation&quot;:&quot;fade-in&quot;,&quot;json_url&quot;:&quot;https:\\\/\\\/lax-transfer.com\\\/wp-content\\\/uploads\\\/2022\\\/12\\\/Animation-1740983967992.json&quot;,&quot;class_name&quot;:&quot;multiply-blend&quot;,&quot;box_shadow_method&quot;:&quot;filter&quot;}\"><\/div><\/div>\n\t\t\t<\/div> \n\t\t<\/div>\n\t<\/div> \n\n\t<div  class=\"vc_col-sm-6 wpb_column column_container vc_column_container col padding-5-percent inherit_tablet inherit_phone\"  data-padding-pos=\"all\" data-has-bg-color=\"false\" data-bg-color=\"\" data-bg-opacity=\"1\" data-animation=\"\" data-delay=\"0\" >\n\t\t<div class=\"vc_column-inner\" >\n\t\t\t<div class=\"wpb_wrapper\">\n\t\t\t\t<div id=\"fws_69ff689c5f9b6\" data-midnight=\"\" data-column-margin=\"none\" class=\"wpb_row vc_row-fluid vc_row inner_row  right_padding_10pct right_padding_tablet_5pct right_padding_phone_3pct\"  style=\"padding-top: 7%; padding-bottom: 7%; \"><div class=\"row-bg-wrap\"> <div class=\"row-bg\" ><\/div> <\/div><div class=\"row_col_wrap_12_inner col span_12  left\">\n\t<div  class=\"vc_col-sm-12 wpb_column column_container vc_column_container col child_column no-extra-padding el_spacing_0px inherit_tablet inherit_phone\"   data-padding-pos=\"all\" data-has-bg-color=\"false\" data-bg-color=\"\" data-bg-opacity=\"1\" data-animation=\"\" data-delay=\"0\" >\n\t\t<div class=\"vc_column-inner\" >\n\t\t<div class=\"wpb_wrapper\">\n\t\t\t<div class=\"nectar-responsive-text font_size_max_50px font_size_desktop_3vw font_size_tablet_4vw font_size_phone_6vw font_line_height_1-2 nectar-link-underline-effect\"><h2 data-pm-slice=\"1 1 &#091;&#093;\">Pourquoi choisir notre service de transfert priv\u00e9 ?<\/h2>\n<\/div><div class=\"divider-wrap\" data-alignment=\"default\"><div style=\"height: 20px;\" class=\"divider\"><\/div><\/div><div class=\"nectar-responsive-text font_size_min_16px font_size_max_20px font_size_desktop_1-1vw font_line_height_1-6 nectar-link-underline-effect\"><p>\u2705 <strong>Chauffeurs professionnels<\/strong> - Des chauffeurs exp\u00e9riment\u00e9s, courtois et bien form\u00e9s.<br \/>\n\u2705 <strong>Luxe et confort<\/strong> - Voyager dans des berlines, des SUV et des voitures de fonction haut de gamme.<br \/>\n\u2705 <strong>Taux fixes - Pas de frais cach\u00e9s<\/strong> - Des prix transparents et sans surprise.<br \/>\n\u2705 <strong>Disponibilit\u00e9 24 heures sur 24, 7 jours sur 7<\/strong> - Nous intervenons \u00e0 tout moment et en tout lieu \u00e0 Los Angeles.<br \/>\n\u2705 <strong>Service de porte \u00e0 porte<\/strong> - Prise en charge et d\u00e9p\u00f4t \u00e0 votre emplacement exact.<br \/>\n\u2705 <strong>S\u00fbr et s\u00e9curis\u00e9<\/strong> - V\u00e9hicules enti\u00e8rement assur\u00e9s et chauffeurs exp\u00e9riment\u00e9s.<\/p>\n<\/div>\n\t\t<\/div> \n\t<\/div>\n\t<\/div> \n<\/div><\/div><div id=\"fws_69ff689c5fd30\" data-midnight=\"\" data-column-margin=\"default\" class=\"wpb_row vc_row-fluid vc_row inner_row  top_padding_tablet_5vw top_padding_phone_6vw\"  style=\"padding-top: 2vw; \"><div class=\"row-bg-wrap\"> <div class=\"row-bg\" ><\/div> <\/div><div class=\"row_col_wrap_12_inner col span_12  left\">\n\t<div  class=\"vc_col-sm-12 wpb_column column_container vc_column_container col child_column no-extra-padding column_element_direction_desktop_horizontal column_element_direction_tablet_horizontal column_element_direction_phone_horizontal el_spacing_20px inherit_tablet inherit_phone\"   data-padding-pos=\"all\" data-has-bg-color=\"false\" data-bg-color=\"\" data-bg-opacity=\"1\" data-animation=\"\" data-delay=\"0\" >\n\t\t<div class=\"vc_column-inner\" >\n\t\t<div class=\"wpb_wrapper\">\n\t\t\t<div class=\"nectar-cta  alignment_tablet_default alignment_phone_default display_tablet_inherit display_phone_inherit font_size_desktop_1-1vw font_size_tablet_14px\" data-color=\"accent-color\" data-using-bg=\"true\" data-style=\"text-reveal-wave\" data-display=\"inline\" data-alignment=\"left\" data-text-color=\"custom\" style=\"margin-right: 0.8em; \"><span style=\"color: #ffffff;\" class=\"nectar-button-type\"><span class=\"link_wrap\" style=\"padding-top: 0.8em; padding-right: 2.2em; padding-bottom: 0.8em; padding-left: 2.2em;\"><a  class=\"link_text\" role=\"button\" href=\"https:\/\/lax-transfer.com\/fr\/\"><span class=\"text\"><span class=\"char\">B<\/span><span class=\"char\">O<\/span><span class=\"char\">O<\/span><span class=\"char\">K<\/span> <span class=\"char\">N<\/span><span class=\"char\">O<\/span><span class=\"char\">W<\/span><\/span><\/a><\/span><\/span><\/div>\n\t\t<\/div> \n\t<\/div>\n\t<\/div> \n<\/div><\/div>\n\t\t\t<\/div> \n\t\t<\/div>\n\t<\/div> \n<\/div><\/div>\n\t\t<div id=\"fws_69ff689c60078\"  data-column-margin=\"default\" data-midnight=\"dark\"  class=\"wpb_row vc_row-fluid vc_row\"  style=\"padding-top: 0px; padding-bottom: 0px; \"><div class=\"row-bg-wrap\" data-bg-animation=\"none\" data-bg-animation-delay=\"\" data-bg-overlay=\"false\"><div class=\"inner-wrap row-bg-layer\" ><div class=\"row-bg viewport-desktop\"  style=\"\"><\/div><\/div><\/div><div class=\"row_col_wrap_12 col span_12 dark left\">\n\t<div  class=\"vc_col-sm-12 wpb_column column_container vc_column_container col no-extra-padding inherit_tablet inherit_phone\"  data-padding-pos=\"all\" data-has-bg-color=\"false\" data-bg-color=\"\" data-bg-opacity=\"1\" data-animation=\"\" data-delay=\"0\" >\n\t\t<div class=\"vc_column-inner\" >\n\t\t\t<div class=\"wpb_wrapper\">\n\t\t\t\t\n<div class=\"wpb_text_column wpb_content_element\" >\n\t<div class=\"wpb_wrapper\">\n\t\t<h3 data-pm-slice=\"1 1 &#091;&#093;\">Nos services de transferts priv\u00e9s<\/h3>\n<ul data-spread=\"false\">\n<li><strong>Transferts depuis l'a\u00e9roport<\/strong> - Service direct et sans probl\u00e8me \u00e0 destination et en provenance de l'a\u00e9roport de Los Angeles.<\/li>\n<li><strong>Voyages d'affaires et d'entreprise<\/strong> - Service de voitures de fonction pour les professionnels.<\/li>\n<li><strong>Transferts \u00e0 l'h\u00f4tel<\/strong> - Transport sans faille depuis et vers n'importe quel h\u00f4tel de Los Angeles.<\/li>\n<li><strong>Transferts pour \u00e9v\u00e9nements et VIP<\/strong> - Des voitures de luxe pour les concerts, les mariages et les r\u00e9unions d'affaires.<\/li>\n<li><strong>Tours de ville et visites guid\u00e9es<\/strong> - Explorez LA avec un chauffeur priv\u00e9 \u00e0 votre service.<\/li>\n<li><strong>Transferts \u00e0 longue distance<\/strong> - Voyage \u00e0 San Diego, Las Vegas ou d'autres destinations.<\/li>\n<\/ul>\n<h3>Comment r\u00e9server votre transfert priv\u00e9 \u00e0 Los Angeles<\/h3>\n<ol start=\"1\" data-spread=\"false\">\n<li><strong>Entrez les d\u00e9tails de votre voyage<\/strong> - Indiquer le lieu de prise en charge, la destination et l'heure.<\/li>\n<li><strong>Choisissez votre v\u00e9hicule<\/strong> - Choisissez parmi notre gamme de voitures de luxe et de fonction.<\/li>\n<li><strong>Confirmer et payer<\/strong> - R\u00e9servez en toute s\u00e9curit\u00e9 et obtenez une confirmation imm\u00e9diate.<\/li>\n<li><strong>Profitez d'une conduite haut de gamme<\/strong> - Installez-vous confortablement et d\u00e9tendez-vous pendant que notre chauffeur vous conduit \u00e0 votre destination.<\/li>\n<\/ol>\n<h3>Itin\u00e9raires populaires pour les transferts priv\u00e9s<\/h3>\n<ul data-spread=\"false\">\n<li><strong>De LAX \u00e0 Beverly Hills<\/strong> - Des voyages de luxe vers des destinations exclusives.<\/li>\n<li><strong>Du centre-ville de Los Angeles \u00e0 Santa Monica<\/strong> - Des d\u00e9placements confortables \u00e0 travers la ville.<\/li>\n<li><strong>De Hollywood \u00e0 Malibu<\/strong> - Des transferts c\u00f4tiers pittoresques en toute \u00e9l\u00e9gance.<\/li>\n<li><strong>De Los Angeles \u00e0 Disneyland<\/strong> - Transport priv\u00e9 adapt\u00e9 aux familles.<\/li>\n<li><strong>De LAX \u00e0 San Diego<\/strong> - Transferts de primes \u00e0 longue distance.<\/li>\n<\/ul>\n<h3><a href=\"https:\/\/lax-transfer.com\/fr\/\">R\u00e9servez votre s\u00e9ance priv\u00e9e<\/a> Transfert \u00e0 Los Angeles aujourd'hui !<\/h3>\n<p>Faites l'exp\u00e9rience de la qualit\u00e9 sup\u00e9rieure, <strong>transport priv\u00e9 s\u00fbr et confortable \u00e0 Los Angeles<\/strong>. \u00c9vitez les tracas des taxis et du covoiturage - <strong>R\u00e9server<\/strong> pour une exp\u00e9rience de voyage haut de gamme !<\/p>\n\t<\/div>\n<\/div>\n\n\n\n\n\t\t\t<\/div> \n\t\t<\/div>\n\t<\/div> \n<\/div><\/div>","protected":false},"excerpt":{"rendered":"Private Transfer Los Angeles \u2013 Premium &amp; Comfortable Rides Exclusive Private Transfers in Los Angeles Looking for a reliable and luxurious private transfer in Los Angeles? Our private car service...","protected":false},"author":1,"featured_media":13075,"parent":0,"menu_order":0,"comment_status":"closed","ping_status":"closed","template":"","meta":{"footnotes":""},"class_list":["post-13133","page","type-page","status-publish","has-post-thumbnail"],"_links":{"self":[{"href":"https:\/\/lax-transfer.com\/fr\/wp-json\/wp\/v2\/pages\/13133","targetHints":{"allow":["GET"]}}],"collection":[{"href":"https:\/\/lax-transfer.com\/fr\/wp-json\/wp\/v2\/pages"}],"about":[{"href":"https:\/\/lax-transfer.com\/fr\/wp-json\/wp\/v2\/types\/page"}],"author":[{"embeddable":true,"href":"https:\/\/lax-transfer.com\/fr\/wp-json\/wp\/v2\/users\/1"}],"replies":[{"embeddable":true,"href":"https:\/\/lax-transfer.com\/fr\/wp-json\/wp\/v2\/comments?post=13133"}],"version-history":[{"count":2,"href":"https:\/\/lax-transfer.com\/fr\/wp-json\/wp\/v2\/pages\/13133\/revisions"}],"predecessor-version":[{"id":13135,"href":"https:\/\/lax-transfer.com\/fr\/wp-json\/wp\/v2\/pages\/13133\/revisions\/13135"}],"wp:featuredmedia":[{"embeddable":true,"href":"https:\/\/lax-transfer.com\/fr\/wp-json\/wp\/v2\/media\/13075"}],"wp:attachment":[{"href":"https:\/\/lax-transfer.com\/fr\/wp-json\/wp\/v2\/media?parent=13133"}],"curies":[{"name":"wp","href":"https:\/\/api.w.org\/{rel}","templated":true}]}}