{"id":10471,"date":"2022-12-21T00:03:21","date_gmt":"2022-12-20T21:03:21","guid":{"rendered":"https:\/\/lax-transfer.com\/?page_id=10471"},"modified":"2024-02-16T21:34:40","modified_gmt":"2024-02-17T05:34:40","slug":"terms-and-conditions","status":"publish","type":"page","link":"https:\/\/lax-transfer.com\/it\/termini-e-condizioni\/","title":{"rendered":"Termini e condizioni"},"content":{"rendered":"<ul class=\"vo-block-list\" type=\"1\">\n<li><strong>1.0 Introduzione<\/strong><br \/>\n1.1 Nelle presenti Condizioni d'uso di Traveller (d'ora in poi<strong>Termini dell'utente'<\/strong>) le parole, le frasi e gli acronimi in maiuscolo avranno il significato loro attribuito di seguito. Le parole, le frasi e gli acronimi in maiuscolo utilizzati nelle presenti Condizioni d'uso che non sono definiti avranno il loro significato ordinario.<\/li>\n<li>Autista - la persona che esegue la corsa.<\/li>\n<li>Account - L'account personale per effettuare e gestire i viaggi.<\/li>\n<li>Diritti di propriet\u00e0 intellettuale - tutti i diritti di propriet\u00e0 intellettuale e industriale registrati e non registrati (registrabili o meno) riconosciuti come tali in qualsiasi giurisdizione, tra cui:\n<ul class=\"vo-block-list\">\n<li>brevetti, modelli di utilit\u00e0, marchi di fabbrica, marchi di servizio, nomi commerciali e diritti su nomi di dominio, loghi, marchi di fabbrica (compreso qualsiasi avviamento associato o collegato agli stessi), design, diritti d'autore, diritti su database; e<\/li>\n<li>tutti i diritti simili o equivalenti che proteggono invenzioni, scoperte, tecnologie, know-how, segreti commerciali, competenze, metodologie o qualsiasi opera o informazione creativa, artistica o industriale, insieme a tutte le domande e i diritti di richiedere la registrazione di tali diritti in qualsiasi parte del mondo, sia attualmente esistenti che creati in futuro, e il diritto di far valere le violazioni passate degli stessi.<\/li>\n<\/ul>\n<\/li>\n<\/ul>\n<ul class=\"vo-block-list\">\n<li>Viaggio - una prenotazione per i servizi di trasporto.<\/li>\n<li>Piattaforma - la tecnologia di trasferimento Lax che collega l'utente e il conducente.<\/li>\n<li>Corsa - il trasferimento dalla Localit\u00e0 di prelievo, come definita nelle Condizioni di trasporto, alla Localit\u00e0 di riconsegna, come definita nelle Condizioni di trasporto.<\/li>\n<li>Servizi - l'accesso e l'utilizzo dell'Account e della Piattaforma e dei relativi contenuti, prodotti e servizi che consentono all'Utente di prenotare in anticipo i Servizi di Trasporto<\/li>\n<li>Trasferimento Lax \"<strong>Noi<\/strong>\", \"<strong>Noi<\/strong>\" e \"<strong>Nostro(i)<\/strong>\" - Lax-Transfer.com, registrato negli USA.<\/li>\n<li>Servizio di trasporto - il servizio di trasporto fornito a nome proprio a Lei e ai Viaggiatori.<\/li>\n<li>Viaggiatore - persona\/e che utilizza effettivamente la Cavalcata.<\/li>\n<li><strong>Tu<\/strong>\u00a0o\u00a0<strong>Il tuo<\/strong>\u00a0- L'utente, la persona che utilizza i Servizi.<\/li>\n<li><strong>2.0 Rapporto contrattuale<\/strong>\n<ul class=\"vo-block-list\">\n<li>2.1 Le presenti Condizioni d'uso disciplinano l'accesso e l'utilizzo dei Servizi da parte dell'Utente.<\/li>\n<\/ul>\n<ul class=\"vo-block-list\">\n<li>2.2 L'accesso e l'utilizzo della Piattaforma da parte dell'Utente costituiscono l'accettazione da parte dell'Utente delle presenti Condizioni d'uso, che stabiliscono un rapporto contrattuale diretto tra l'Utente e Noi in relazione all'utilizzo dei Servizi. Se l'Utente non accetta le presenti Condizioni d'uso, non pu\u00f2 accedere alla Piattaforma o utilizzare i Servizi.<\/li>\n<\/ul>\n<ul class=\"vo-block-list\">\n<li>2.3 Possiamo modificare le presenti Condizioni d'uso di volta in volta. Le modifiche entreranno in vigore con la pubblicazione da parte nostra dei Termini per l'utente aggiornati. L'accesso o l'uso continuato dei Servizi da parte dell'Utente dopo tale pubblicazione costituisce il consenso dell'Utente ad essere vincolato dai Termini dell'Utente, come modificati.<\/li>\n<\/ul>\n<\/li>\n<li><strong>3.0 Servizio e licenza<\/strong>\n<ul class=\"vo-block-list\">\n<li>3.1 A condizione che l'Utente rispetti i presenti Termini d'uso, concediamo all'Utente una licenza limitata, non esclusiva, non sublicenziabile, revocabile e non trasferibile per (i) accedere e utilizzare i Servizi sul dispositivo personale dell'Utente esclusivamente in relazione all'effettuazione di viaggi e (ii) accedere e utilizzare qualsiasi contenuto, informazione e materiale correlato che possa essere reso disponibile attraverso i Servizi. Tutti i diritti non espressamente concessi nel presente documento sono riservati a Noi e\/o ai nostri licenziatari.<\/li>\n<\/ul>\n<ul class=\"vo-block-list\">\n<li>3.2 I Servizi e tutti i diritti di propriet\u00e0 intellettuale in essi contenuti sono e rimarranno di nostra propriet\u00e0 o dei nostri licenziatari. N\u00e9 le presenti Condizioni d'uso n\u00e9 l'utilizzo dei Servizi da parte dell'Utente trasmettono o concedono all'Utente alcun diritto sui Servizi o ad essi correlati, ad eccezione della licenza limitata concessa sopra.<\/li>\n<\/ul>\n<\/li>\n<\/ul>\n<ul class=\"vo-block-list\">\n<li><strong>4.0 Restrizioni<\/strong>\n<ul class=\"vo-block-list\">\n<li>4.1 L'utente non pu\u00f2:<\/li>\n<\/ul>\n<\/li>\n<li>rimuovere qualsiasi avviso relativo ai diritti di propriet\u00e0 intellettuale da qualsiasi parte dei Servizi;<\/li>\n<li>riprodurre, modificare, preparare opere derivate, distribuire, (sub)concedere in licenza, affittare, vendere, trasferire, mostrare pubblicamente, trasmettere, mandare in streaming, trasmettere o sfruttare in altro modo i Servizi, salvo quanto espressamente consentito da Noi;<\/li>\n<li>decompilare, decodificare o disassemblare la Piattaforma, ad eccezione di quanto consentito dalle leggi vigenti;<\/li>\n<li>collegare, rispecchiare o inquadrare qualsiasi parte dei Servizi;<\/li>\n<li>causare o lanciare programmi o script allo scopo di effettuare scraping, indicizzazione, rilevamento o altrimenti data mining di qualsiasi parte della Piattaforma o di appesantire o ostacolare indebitamente il funzionamento e\/o la funzionalit\u00e0 di qualsiasi aspetto della Piattaforma;<\/li>\n<li>tentare di ottenere un accesso non autorizzato o di compromettere qualsiasi aspetto dei Servizi o dei relativi sistemi o reti;<\/li>\n<li>utilizzare la Piattaforma per arrecare disturbo, fastidio, inconvenienti o effettuare viaggi falsi; oppure<\/li>\n<li>utilizzare il Servizio o le Piattaforme per scopi diversi dall'ottenimento dei Servizi di trasporto.<\/li>\n<\/ul>\n<ul class=\"vo-block-list\">\n<li><strong>5.0 Utilizzo dei Servizi da parte dell'utente<\/strong>\n<ul class=\"vo-block-list\">\n<li>5.1 Trattiamo i dati personali dell'Utente in relazione ai Servizi in conformit\u00e0 con la nostra Informativa sulla privacy dei clienti, disponibile sulla Piattaforma.<\/li>\n<\/ul>\n<\/li>\n<\/ul>\n<ul class=\"vo-block-list\">\n<li><strong>6.0 Servizi e contenuti di terzi.<\/strong>\n<ul class=\"vo-block-list\">\n<li>6.1 I Servizi possono essere resi disponibili o accessibili in connessione con servizi e contenuti di terzi (inclusa la pubblicit\u00e0) che non controlliamo. L'utente riconosce che all'utilizzo di tali servizi e contenuti di terzi possono essere applicate condizioni d'uso e politiche sulla privacy diverse. Non saremo responsabili di alcun prodotto o servizio di tali fornitori terzi.<\/li>\n<\/ul>\n<\/li>\n<\/ul>\n<ul class=\"vo-block-list\">\n<li><strong>7.0 Contenuto fornito dall'utente.<\/strong>\n<ul class=\"vo-block-list\">\n<li>7.1 Possiamo, a nostra esclusiva discrezione, permettere all'Utente di volta in volta di inviare, caricare, pubblicare o rendere altrimenti disponibili attraverso i Servizi contenuti e informazioni testuali, audio e\/o visivi, inclusi commenti e feedback relativi ai Servizi e ai Servizi di Trasporto, l'avvio di richieste di assistenza e l'invio di partecipazioni a concorsi e promozioni (di seguito \"<strong>Contenuto utente<\/strong>\"). Qualsiasi Contenuto dell'Utente fornito dall'Utente rimane di sua propriet\u00e0. Tuttavia, fornendoci i Contenuti dell'Utente, ci concedete una licenza mondiale, perpetua, irrevocabile, trasferibile, esente da royalty, con il diritto di sublicenza, per utilizzare, copiare, modificare, creare opere derivate, distribuire, visualizzare pubblicamente, eseguire pubblicamente e sfruttare in altro modo tali Contenuti dell'Utente in tutti i formati e canali di distribuzione ora conosciuti o in futuro concepiti, senza ulteriore avviso o consenso da parte vostra e senza l'obbligo di pagamento a voi o a qualsiasi altra persona o entit\u00e0.<\/li>\n<\/ul>\n<ul class=\"vo-block-list\">\n<li>7.2 L'utente dichiara e garantisce che (i) \u00e8 l'unico ed esclusivo proprietario di tutti i Contenuti dell'utente o dispone di tutti i diritti, le licenze, i consensi e le liberatorie necessarie per concedere a Uber la licenza sui Contenuti dell'utente come sopra indicato e (ii) n\u00e9 i Contenuti dell'utente n\u00e9 l'invio, il caricamento, la pubblicazione o la messa a disposizione in altro modo di tali Contenuti dell'utente n\u00e9 il loro utilizzo da parte nostra come consentito nel presente documento violano, si appropriano indebitamente o violano i diritti di propriet\u00e0 intellettuale o i diritti di propriet\u00e0 di terzi, o i diritti di pubblicit\u00e0 o di privacy, o comportano la violazione di qualsiasi legge o regolamento applicabile.<\/li>\n<\/ul>\n<ul class=\"vo-block-list\">\n<li>7.3 L'Utente non fornir\u00e0 Contenuti dell'Utente diffamatori, odiosi, violenti, osceni, pornografici, illegali o altrimenti offensivi o inappropriati, come stabilito da Noi a nostra esclusiva discrezione. Noi possiamo, ma non siamo obbligati a, rivedere, monitorare o rimuovere i Contenuti utente, a nostra esclusiva discrezione, in qualsiasi momento e per qualsiasi motivo, senza preavviso.<\/li>\n<\/ul>\n<\/li>\n<\/ul>\n<ul class=\"vo-block-list\">\n<li><strong>8.0 Comunicazione<\/strong>\n<ul class=\"vo-block-list\">\n<li>8.1 Inviando i propri dati di contatto, l'Utente accetta che l'Autista possa comunicare con l'Utente (ad esempio tramite Whatsapp o SMS) nell'ambito dell'utilizzo dei Servizi da parte dell'Utente.<\/li>\n<\/ul>\n<\/li>\n<\/ul>\n<ul class=\"vo-block-list\">\n<li><strong>9.0 Accesso alla rete e dispositivi<\/strong>\n<ul class=\"vo-block-list\">\n<li>9.1 L'Utente \u00e8 responsabile di ottenere l'accesso alla rete dati necessario per utilizzare i Servizi. Il vostro provider di telefonia mobile potrebbe addebitare delle tariffe se accedete o utilizzate i Servizi da un dispositivo abilitato al wireless e sarete responsabili di tali tariffe e tariffe. Non garantiamo che i Servizi, o parte di essi, funzionino su un particolare hardware o dispositivo. Inoltre, i Servizi possono essere soggetti a malfunzionamenti e a ritardi inerenti all'uso di Internet e delle comunicazioni elettroniche.<\/li>\n<\/ul>\n<\/li>\n<\/ul>\n<ul class=\"vo-block-list\" type=\"1\">\n<li><strong>10.0 Limitazione di responsabilit\u00e0<\/strong>\n<ul class=\"vo-block-list\">\n<li>10.1 I Servizi sono forniti \"cos\u00ec come sono\". Abbiamo l'obbligo di impegnarci (<em>ispirazioni<\/em>) e Noi non abbiamo un obbligo di risultato (<em>risultati<\/em>). Decliniamo tutte le dichiarazioni e le garanzie non espressamente indicate nelle presenti Condizioni d'uso, comprese le garanzie implicite di idoneit\u00e0 per uno scopo particolare e di non violazione. Inoltre, non forniamo alcuna dichiarazione, garanzia o assicurazione in merito all'affidabilit\u00e0, alla tempestivit\u00e0, alla qualit\u00e0, all'idoneit\u00e0 o alla disponibilit\u00e0 dei Servizi o che i Servizi siano ininterrotti o privi di errori.<\/li>\n<li>10.2 Non saremo responsabili per danni indiretti, incidentali, speciali, esemplari, punitivi o conseguenti, inclusi perdita di profitti, perdita di dati, lesioni personali o danni alla propriet\u00e0 relativi a, in relazione a o altrimenti derivanti da qualsiasi uso dei Servizi.<\/li>\n<li>10.3 Non saremo responsabili per eventuali danni, responsabilit\u00e0 o perdite derivanti da (i) l'uso o l'affidamento sui Servizi da parte dell'Utente, (ii) l'incapacit\u00e0 dell'Utente di utilizzare o accedere al suo Account, ai Servizi e (iii) all'accordo tra l'Utente, anche se avvisato della possibilit\u00e0 di tali danni.<\/li>\n<\/ul>\n<\/li>\n<\/ul>\n<ul class=\"vo-block-list\" type=\"1\">\n<li><strong>11.0 Indennit\u00e0<\/strong>\n<ul class=\"vo-block-list\">\n<li>11.1 L'Utente accetta di indennizzare e tenere indenne Noi e i nostri funzionari, direttori, dipendenti e agenti da qualsiasi reclamo, richiesta, perdita, responsabilit\u00e0 e spesa (incluse le spese legali) derivanti da o in relazione a: (i) l'utilizzo dei Servizi da parte dell'Utente, compreso il suo Account e\/o la sua Piattaforma; (ii) la violazione o l'inadempimento da parte dell'Utente di uno qualsiasi dei presenti Termini dell'Utente e\/o (iii) la violazione da parte dell'Utente dei diritti di terzi.<\/li>\n<\/ul>\n<\/li>\n<\/ul>\n<ul class=\"vo-block-list\" type=\"1\">\n<li><strong>12.0 Risoluzione delle controversie<\/strong>\n<ul class=\"vo-block-list\">\n<li>12.1 Il nostro obiettivo \u00e8 quello di risolvere le controversie in modo amichevole, ma se ci\u00f2 non dovesse funzionare e nella misura consentita dalla legge applicabile, qualsiasi risoluzione delle controversie sar\u00e0 disciplinata dagli Stati Uniti d'America.<\/li>\n<\/ul>\n<\/li>\n<\/ul>","protected":false},"excerpt":{"rendered":"<p>1.0 Introduction 1.1 In these Traveller Terms of Use (hereafter \u2018User Terms\u2019) capitalised words, phrases and acronyms shall have the meaning given to them below. Capitalized words, phrases and acronyms&#8230;<\/p>","protected":false},"author":1,"featured_media":0,"parent":0,"menu_order":0,"comment_status":"closed","ping_status":"closed","template":"","meta":{"footnotes":""},"class_list":["post-10471","page","type-page","status-publish"],"_links":{"self":[{"href":"https:\/\/lax-transfer.com\/it\/wp-json\/wp\/v2\/pages\/10471","targetHints":{"allow":["GET"]}}],"collection":[{"href":"https:\/\/lax-transfer.com\/it\/wp-json\/wp\/v2\/pages"}],"about":[{"href":"https:\/\/lax-transfer.com\/it\/wp-json\/wp\/v2\/types\/page"}],"author":[{"embeddable":true,"href":"https:\/\/lax-transfer.com\/it\/wp-json\/wp\/v2\/users\/1"}],"replies":[{"embeddable":true,"href":"https:\/\/lax-transfer.com\/it\/wp-json\/wp\/v2\/comments?post=10471"}],"version-history":[{"count":1,"href":"https:\/\/lax-transfer.com\/it\/wp-json\/wp\/v2\/pages\/10471\/revisions"}],"predecessor-version":[{"id":12489,"href":"https:\/\/lax-transfer.com\/it\/wp-json\/wp\/v2\/pages\/10471\/revisions\/12489"}],"wp:attachment":[{"href":"https:\/\/lax-transfer.com\/it\/wp-json\/wp\/v2\/media?parent=10471"}],"curies":[{"name":"wp","href":"https:\/\/api.w.org\/{rel}","templated":true}]}}