{"id":10473,"date":"2022-12-21T00:07:11","date_gmt":"2022-12-20T21:07:11","guid":{"rendered":"https:\/\/lax-transfer.com\/?page_id=10473"},"modified":"2024-02-16T21:16:31","modified_gmt":"2024-02-17T05:16:31","slug":"privacy-policy-page","status":"publish","type":"page","link":"https:\/\/lax-transfer.com\/it\/pagina-dellinformativa-sulla-privacy\/","title":{"rendered":"Informativa sulla privacy"},"content":{"rendered":"<p>Data dell'ultima revisione: 23 maggio 2022<\/p>\n<p>Rispettiamo la privacy dei nostri clienti e dei partner con cui collaboriamo. Vi invitiamo a leggere la nostra Informativa sulla privacy per sapere quali informazioni raccogliamo, quali divulghiamo a terzi, per quali scopi lo facciamo e come potete modificare, cancellare e trasmettere questi dati.<\/p>\n<h2>Quali informazioni raccogliamo e per quali scopi<\/h2>\n<p>Lax Transfer \u00e8 un servizio online per la ricerca e la prenotazione di trasferimenti. Abbiamo bisogno delle vostre informazioni per:<\/p>\n<div>\n<ul>\n<li>la registrazione, l'elaborazione, la distribuzione e il controllo dell'esecuzione della prenotazione<\/li>\n<li>consulenza e supporto alla prenotazione;<\/li>\n<li>miglioramento del servizio sulla base delle statistiche delle visite ai siti web, delle vendite e dei feedback sul servizio e sui trasferimenti forniti;<\/li>\n<li>miglioramento dell'offerta, del marketing e della pubblicit\u00e0 mirata.<\/li>\n<\/ul>\n<div>\n<p>Al fine di raggiungere i suddetti obiettivi, al momento della prenotazione di un trasferimento, vi chiediamo di indicare i seguenti dati personali: nome e cognome, numero di telefono di contatto, indirizzo e-mail, indirizzi di partenza\/destinazione.<\/p>\n<p>Raccogliamo inoltre automaticamente informazioni sull'interazione dell'utente con il servizio Lax Transfer, in particolare informazioni sulle pagine visitate o sui contenuti visti, sulle interrogazioni, sulla creazione di prenotazioni e su altre azioni sul sito, nonch\u00e9 l'indirizzo IP, l'orario di accesso, le informazioni sul software e sull'hardware, le informazioni sul dispositivo, le informazioni sugli eventi del dispositivo, gli identificatori unici, le informazioni sui guasti, i dati dei cookie e le informazioni sulle pagine visualizzate prima di utilizzare il servizio Lax Transfer.<\/p>\n<\/div>\n<\/div>\n<h2>I dati personali di altre persone che ci fornite<\/h2>\n<p>\u00c8 possibile che stiate prenotando un trasferimento non per voi stessi. In tal caso, probabilmente, ci fornite i dati personali di un'altra persona ed effettuate la prenotazione a suo nome.<\/p>\n<p>In tal modo, l'utente \u00e8 pienamente responsabile del fatto che la persona o le persone di cui ha fornito i dati personali siano consapevoli, comprendano e accettino le modalit\u00e0 di utilizzo dei loro dati da parte di Lax Transfer (in conformit\u00e0 con la presente Informativa sulla privacy).<\/p>\n<h2>I vostri diritti<\/h2>\n<p>Al momento della creazione di una prenotazione, accettando i termini della presente Informativa sulla privacy, l'utente trasferisce liberamente e nel proprio interesse i propri dati personali a noi e fornisce il proprio consenso attivo alla loro memorizzazione ed elaborazione.<\/p>\n<p>L'utente pu\u00f2 revocare il proprio consenso alla presente Informativa sulla privacy inviando un'e-mail a support@lax-transfer.com.<\/p>\n<p>La revoca del consenso non pregiudica la legalit\u00e0 del trattamento consentito dei dati effettuato prima della revoca.<\/p>\n<p>Inoltre, avete diritto a:<\/p>\n<ul>\n<li>ottenere l'accesso ai propri dati, nonch\u00e9 informazioni sulle finalit\u00e0 del trattamento, le categorie di dati trattati, i destinatari, il periodo di conservazione dei dati;<\/li>\n<li>ottenere da noi la rettifica di dati personali inesatti. L'utente \u00e8 responsabile dell'attualit\u00e0 dei dati personali che ci sono stati trasmessi;<\/li>\n<li>richiederci di fornirvi una copia dei vostri dati personali in una forma standard, strutturata e leggibile a macchina e\/o, se tecnicamente possibile, di trasmettere queste informazioni a un altro fornitore di servizi;<\/li>\n<li>richiedere la cancellazione dei vostri dati personali in presenza di motivi particolari (i dati non sono pi\u00f9 necessari per le finalit\u00e0 per cui sono stati ricevuti, avete revocato il vostro consenso al trattamento dei dati personali, non vi erano motivi legittimi prevalenti per il trattamento, ecc;<\/li>\n<li>ottenere dal titolare del trattamento la limitazione del trattamento dei dati personali in presenza di condizioni particolari (i dati sono inesatti, il trattamento \u00e8 illegale, ma l'interessato si oppone alla rimozione dei dati, ecc;)<\/li>\n<li>richiedere la cessazione del lavoro con i vostri dati personali utilizzati per il marketing diretto;<\/li>\n<li>opporsi a una decisione giuridicamente rilevante per voi, basata sull'elaborazione automatica dei dati.<\/li>\n<\/ul>\n<p>Per esercitare uno qualsiasi dei vostri diritti, potete contattarci via e-mail all'indirizzo support@lax-transfer.com con la richiesta o l'esigenza appropriata.<\/p>\n<h2>Dati di cancellazione<\/h2>\n<p>Se desiderate cancellare il consenso che ci permette di utilizzare i vostri dati quando accedete alla piattaforma Lax Transfer, potete inviare una richiesta di rimozione dei dati personali via e-mail all'indirizzo support@lax-transfer.com.<\/p>\n<p>Dopo aver soddisfatto la vostra richiesta di rimozione dei dati personali, provvederemo a rendere completamente e irrevocabilmente anonimi i vostri dati personali.<\/p>\n<p>Si noti che in caso di richiesta di cancellazione dei dati personali, si applicano le seguenti regole:<\/p>\n<ul>\n<li>abbiamo il diritto di salvare parzialmente i vostri dati personali nell'ambito dei legittimi interessi della nostra attivit\u00e0, anche per combattere le frodi e migliorare la sicurezza;<\/li>\n<li>abbiamo il diritto di conservare e utilizzare i vostri dati personali nella misura in cui ci\u00f2 sia necessario per ottemperare ai requisiti di legge;<\/li>\n<li>le informazioni che avete fornito ad altre persone (ad esempio, recensioni, interventi sui forum) possono rimanere pubbliche anche dopo la cancellazione dei vostri dati, ma l'indicazione della vostra identit\u00e0 sar\u00e0 cancellata. Alcune copie delle vostre informazioni possono essere conservate nel nostro database senza alcuna possibilit\u00e0 di identificazione personale;<\/li>\n<li>in relazione all'implementazione del sistema di protezione contro il danneggiamento o la perdita accidentale o intenzionale dei dati, le copie di backup dei vostri dati personali saranno cancellate con un certo ritardo.<\/li>\n<\/ul>\n<h2>Trasferimento dei dati a terzi<\/h2>\n<p>Con il servizio Lax Transfer, anche le terze parti sono collegate in vari modi e per vari motivi. L'obiettivo principale \u00e8 quello di fornire al vettore informazioni sul vostro viaggio per completare la prenotazione. I vostri dati possono essere ricevuti anche da altre parti che coinvolgiamo nella fornitura di servizi all'utente, tra cui istituti finanziari, societ\u00e0 pubblicitarie e, in alcuni casi, autorit\u00e0 statali o altre autorit\u00e0 competenti.<\/p>\n<p><strong>Organizzazioni terze<\/strong> sono fornitori di servizi. Utilizziamo servizi di terzi per elaborare i vostri dati personali per nostro conto. Questo trattamento avviene per diversi scopi, tra cui l'invio di materiale di marketing o l'autenticazione dell'indirizzo e-mail fornito dall'utente nel processo di prenotazione. I fornitori di servizi terzi sono vincolati da obblighi di riservatezza e non hanno il diritto di utilizzare i vostri dati personali per scopi diversi da quelli previsti da Lax Transfer.<\/p>\n<p><strong>Autorit\u00e0 competenti.<\/strong>\u00a0Trasferiamo i dati personali alle forze dell'ordine nella misura richiesta dalla legge o strettamente necessaria per prevenire, individuare o reprimere atti criminali e frodi, o se siamo altrimenti tenuti per legge a trasferirli. Inoltre, potremmo dover trasferire i dati personali alle autorit\u00e0 competenti per proteggere i nostri diritti o la nostra propriet\u00e0, nonch\u00e9 i diritti e la propriet\u00e0 dei nostri partner commerciali.<\/p>\n<p>Abbiamo inoltre il diritto di effettuare un trasferimento transfrontaliero di dati personali verso il territorio di uno Stato estero al fine di adempiere agli obblighi di organizzazione del trasferimento.<\/p>\n<h2>Sicurezza<\/h2>\n<p>Seguiamo procedure di sicurezza adeguate per prevenire l'accesso non autorizzato ai dati personali e il loro uso improprio.<\/p>\n<p>Applichiamo i sistemi e le procedure aziendali pertinenti al fine di proteggere i dati personali che ci vengono forniti. Utilizziamo inoltre procedure di sicurezza e applichiamo restrizioni tecniche e fisiche all'utilizzo dei dati personali e all'accesso agli stessi sui nostri server. Solo i dipendenti con diritti speciali hanno il diritto di accedere ai dati personali nell'ambito dello svolgimento delle loro mansioni.<\/p>\n<p>Conserviamo i vostri dati personali per tutto il tempo che riteniamo necessario per consentirvi di utilizzare i nostri servizi, per fornirvi i nostri servizi, per conformarci alle leggi vigenti, per risolvere controversie con qualsiasi parte e per altri scopi che ci consentono di svolgere attivit\u00e0 commerciali, tra cui l'individuazione e la prevenzione di atti fraudolenti o altri atti illeciti. La presente Informativa sulla privacy si applica a tutti i dati personali da noi conservati. In caso di domande relative allo specifico periodo di conservazione di un determinato tipo di dati personali da noi trattati, \u00e8 possibile contattarci via e-mail all'indirizzo support@lax-transfer.com.<\/p>\n<h2>Modifiche all'informativa sulla privacy<\/h2>\n<p>Ci riserviamo il diritto di modificare la presente Informativa sulla privacy in qualsiasi momento. L'Informativa sulla privacy aggiornata viene pubblicata sul sito web di Lax Transfer con la data dell'ultimo aggiornamento. Vi comunicheremo in anticipo le modifiche apportate tramite e-mail.<\/p>\n<h1 id=\"cookies-policy\">Biscotti<\/h1>\n<p>Il servizio Lax Transfer si impegna a garantire che l'interazione con il nostro sito web sia il pi\u00f9 informativa possibile e soddisfi i vostri interessi. A tal fine utilizziamo i cookie. Riteniamo che sia importante per voi sapere quali cookie utilizza il nostro sito web e per quali scopi. Ci\u00f2 contribuir\u00e0 a proteggere i vostri dati personali e a garantire all'utente la massima fruibilit\u00e0 del nostro sito web.<\/p>\n<p>I cookie contengono piccole quantit\u00e0 di informazioni e vengono scaricati sul vostro computer o su un altro dispositivo dal server di questo sito web. Ogni volta che visitate questo sito web, il vostro browser invia i cookie al server per potervi identificare e ricordare le vostre preferenze. I cookie possono essere utilizzati per diversi scopi.<\/p>\n<p>In primo luogo, possono essere necessari per il normale funzionamento del sito web. Ad esempio, senza i cookie, il sito web non sar\u00e0 in grado di ricordare che l'utente ha effettuato l'accesso o una prenotazione. Tali cookie sono detti strettamente necessari.<\/p>\n<p>In secondo luogo, i cookie sono necessari per analizzare l'uso e migliorare il sito web, nonch\u00e9 per contare il numero di visitatori. Non associamo le statistiche sulle visite al sito web e altri rapporti a persone specifiche. Tali cookie sono chiamati cookie analitici.<\/p>\n<p>In terzo luogo, i cookie per i social network vengono utilizzati per integrare i social network con il sito web, in modo che l'utente possa utilizzare le funzioni \"Mi piace\" e \"Condividi\" nel suo social network preferito.<\/p>\n<p>In quarto luogo, un importante campo di applicazione dei cookie \u00e8 la pubblicit\u00e0 online. Con il loro aiuto, sui siti web vengono visualizzati solo gli annunci pi\u00f9 utili e interessanti per l'utente. Questi cookie sono chiamati adware.<\/p>\n<p>Utilizzando questo sito web, l'utente accetta che possiamo scaricare dei cookie sul suo computer o su un altro dispositivo. Tuttavia, \u00e8 possibile gestire i cookie. Si noti che l'eliminazione o il blocco dei cookie pu\u00f2 influire sull'interfaccia utente e alcuni componenti di questo sito web potrebbero diventare non disponibili.<\/p>\n<p>\u00c8 possibile trovare informazioni su come disattivare i cookie o modificare le impostazioni dei cookie per il proprio browser facendo clic sui seguenti link:<\/p>\n<ul>\n<li>Google Chrome:\u00a0<a href=\"http:\/\/support.google.com\/chrome\/answer\/95647\" rel=\"nofollow noopener\" target=\"_blank\">support.google.com\/chrome\/answer\/95647<\/a><\/li>\n<li>Firefox:\u00a0<a href=\"http:\/\/support.mozilla.org\/en-US\/kb\/enable-and-disable-cookies-website-preferences\" rel=\"nofollow noopener\" target=\"_blank\">support.mozilla.org\/it-US\/kb\/enable-and-disable-cookies-website-preferences<\/a><\/li>\n<li>Internet Explorer:\u00a0<a href=\"http:\/\/windows.microsoft.com\/en-GB\/windows-vista\/Block-or-allow-cookies\" rel=\"nofollow noopener\" target=\"_blank\">windows.microsoft.com\/it-GB\/windows-vista\/Block-or-allow-cookies<\/a><\/li>\n<li>Safari:\u00a0<a href=\"http:\/\/help.apple.com\/safari\/mac\/8.0\/#\/sfri11471\" rel=\"nofollow noopener\" target=\"_blank\">help.apple.com\/safari\/mac\/8.0\/#\/sfri11471<\/a><\/li>\n<\/ul>\n<p>La maggior parte dei browser consente di vedere i cookie memorizzati sul proprio dispositivo e di cancellare o bloccare individualmente i cookie di alcuni o di tutti i siti web. Si noti che quando si eliminano tutti i cookie, tutte le preferenze dell'utente andranno perse, compresa la preferenza per il non utilizzo dei cookie, in quanto implica l'impostazione di un cookie che fornisce questo errore. Ulteriori informazioni sulla modifica delle impostazioni del browser per il blocco o il filtraggio dei cookie sono disponibili all'indirizzo\u00a0<a href=\"http:\/\/www.aboutcookies.org\/\" rel=\"nofollow noopener\" target=\"_blank\">http:\/\/www.aboutcookies.org\/<\/a>\u00a0o\u00a0<a href=\"http:\/\/www.cookiecentral.com\/faq\/\" rel=\"nofollow noopener\" target=\"_blank\">http:\/\/www.cookiecentral.com\/faq\/<\/a>.<\/p>\n<p>Possiamo anche utilizzare tecnologie per tracciare se l'utente legge, apre o inoltra determinati messaggi da noi inviati alla sua e-mail. Lo scopo dell'utilizzo di queste tecnologie \u00e8 quello di rendere i nostri strumenti di comunicazione pi\u00f9 utili e attraenti per l'utente. Se non si desidera ricevere informazioni sulla lettura, l'apertura o l'inoltro di determinate e-mail, \u00e8 necessario annullare l'iscrizione. In questo caso, non saremo in grado di inviarvi e-mail senza il servizio di tracciamento attivato. \u00c8 inoltre possibile annullare l'abbonamento seguendo le istruzioni che vi invieremo via e-mail.<\/p>","protected":false},"excerpt":{"rendered":"<p>Date of Last Revision: May 23rd, 2022 We respect the privacy of our customers and partners with which we work. Please read our Privacy Policy to know what information we&#8230;<\/p>","protected":false},"author":1,"featured_media":0,"parent":0,"menu_order":0,"comment_status":"closed","ping_status":"closed","template":"","meta":{"footnotes":""},"class_list":["post-10473","page","type-page","status-publish"],"_links":{"self":[{"href":"https:\/\/lax-transfer.com\/it\/wp-json\/wp\/v2\/pages\/10473","targetHints":{"allow":["GET"]}}],"collection":[{"href":"https:\/\/lax-transfer.com\/it\/wp-json\/wp\/v2\/pages"}],"about":[{"href":"https:\/\/lax-transfer.com\/it\/wp-json\/wp\/v2\/types\/page"}],"author":[{"embeddable":true,"href":"https:\/\/lax-transfer.com\/it\/wp-json\/wp\/v2\/users\/1"}],"replies":[{"embeddable":true,"href":"https:\/\/lax-transfer.com\/it\/wp-json\/wp\/v2\/comments?post=10473"}],"version-history":[{"count":1,"href":"https:\/\/lax-transfer.com\/it\/wp-json\/wp\/v2\/pages\/10473\/revisions"}],"predecessor-version":[{"id":12487,"href":"https:\/\/lax-transfer.com\/it\/wp-json\/wp\/v2\/pages\/10473\/revisions\/12487"}],"wp:attachment":[{"href":"https:\/\/lax-transfer.com\/it\/wp-json\/wp\/v2\/media?parent=10473"}],"curies":[{"name":"wp","href":"https:\/\/api.w.org\/{rel}","templated":true}]}}