{"id":11295,"date":"2023-07-15T12:56:38","date_gmt":"2023-07-15T19:56:38","guid":{"rendered":"https:\/\/lax-transfer.com\/?page_id=11295"},"modified":"2025-01-02T10:10:27","modified_gmt":"2025-01-02T18:10:27","slug":"advantages","status":"publish","type":"page","link":"https:\/\/lax-transfer.com\/it\/vantaggi\/","title":{"rendered":"Vantaggi"},"content":{"rendered":"<div id=\"fws_69d340b93e9d5\"  data-column-margin=\"default\" data-midnight=\"dark\" data-top-percent=\"1%\" data-bottom-percent=\"1%\"  class=\"wpb_row vc_row-fluid vc_row\"  style=\"padding-top: calc(100vw * 0.01); padding-bottom: calc(100vw * 0.01); \"><div class=\"row-bg-wrap\" data-bg-animation=\"none\" data-bg-animation-delay=\"\" data-bg-overlay=\"false\"><div class=\"inner-wrap row-bg-layer\" ><div class=\"row-bg viewport-desktop\"  style=\"\"><\/div><\/div><\/div><div class=\"row_col_wrap_12 col span_12 dark left\">\n\t<div  class=\"vc_col-sm-12 wpb_column column_container vc_column_container col no-extra-padding inherit_tablet inherit_phone\"  data-padding-pos=\"all\" data-has-bg-color=\"false\" data-bg-color=\"\" data-bg-opacity=\"1\" data-animation=\"\" data-delay=\"0\" >\n\t\t<div class=\"vc_column-inner\" >\n\t\t\t<div class=\"wpb_wrapper\">\n\t\t\t\t<div class=\"nectar-split-heading\" data-align=\"default\" data-m-align=\"inherit\" data-text-effect=\"default\" data-animation-type=\"line-reveal-by-space\" data-animation-delay=\"0\" data-animation-offset=\"\" data-m-rm-animation=\"\" data-stagger=\"\" data-custom-font-size=\"false\" ><h2 >Vantaggi<\/h2><\/div>\n<div class=\"wpb_text_column wpb_content_element\" >\n\t<div class=\"wpb_wrapper\">\n\t\t<p>Provate la convenienza dei nostri affidabili servizi di trasferimento dall'aeroporto all'hotel, che si rivolgono sia a singoli che a gruppi. Dai taxi LAX ai trasferimenti privati, la nostra azienda offre tariffe convenienti e un servizio eccezionale, siamo la vostra agenzia di riferimento per i trasferimenti aeroportuali economici a Los Angeles.<\/p>\n\t<\/div>\n<\/div>\n\n\n\n<div id=\"fws_69d340b93ee1e\" data-midnight=\"\" data-column-margin=\"default\" class=\"wpb_row vc_row-fluid vc_row inner_row\"  style=\"\"><div class=\"row-bg-wrap\"> <div class=\"row-bg\" ><\/div> <\/div><div class=\"row_col_wrap_12_inner col span_12  left\">\n\t<div  class=\"vc_col-sm-6 wpb_column column_container vc_column_container col child_column no-extra-padding inherit_tablet inherit_phone\"   data-padding-pos=\"all\" data-has-bg-color=\"false\" data-bg-color=\"\" data-bg-opacity=\"1\" data-animation=\"\" data-delay=\"0\" >\n\t\t<div class=\"vc_column-inner\" >\n\t\t<div class=\"wpb_wrapper\">\n\t\t\t\n<div class=\"wpb_text_column wpb_content_element\" >\n\t<div class=\"wpb_wrapper\">\n\t\t<p><strong>Il trasferimento viene prenotato in anticipo <\/strong><\/p>\n<p>Il vettore sa in anticipo quando arrivate all'aeroporto: il taxi vi aspetter\u00e0 gi\u00e0 alla stazione dei taxi e il tassista vi incontrer\u00e0 il pi\u00f9 vicino possibile all'area degli arrivi, come previsto dalle regole aeroportuali. Lo stesso vale per i trasferimenti dalle stazioni ferroviarie e dagli hotel: l'autista vi aspetter\u00e0 nel luogo indicato, con un cartello con il nome del cliente - questo \u00e8 uno standard del nostro servizio. \u00c8 possibile ordinare un taxi locale per l'aeroporto a basso costo (le tariffe dei taxi sono normalmente inferiori a quelle dei trasferimenti), ma dovrete aspettare il taxi e poi cercarlo, il che potrebbe richiedere 30 minuti in pi\u00f9 rispetto al caso di una prenotazione anticipata. La legge non impone alle societ\u00e0 di taxi di fornire seggiolini per bambini.<\/p>\n<p><strong>L'auto di una classe scelta <\/strong><\/p>\n<p>O di una classe superiore. La capacit\u00e0 \u00e8 nota in anticipo: quante persone possono viaggiare e quante valigie di dimensioni standard possono entrare. Quando si prenota un taxi dall'aeroporto tramite un'app locale, non \u00e8 sempre possibile prevederlo.<\/p>\n<p><strong>Trasferimenti da e per l'aeroporto di Los Angeles<\/strong><\/p>\n<p>Scegliete il nostro servizio di taxi aeroportuale per viaggiare senza problemi da e verso il LAX. Per le famiglie, forniamo auto aeroportuali con priorit\u00e0 alla sicurezza. Affidatevi a noi come miglior servizio taxi e auto per il vostro viaggio a LAX. Esplorate il nostro servizio Super Disneyland o portate il nostro autista LAX a Hollywood per un viaggio divertente e conveniente. Approfittate del nostro servizio di prelievo da LAX per un arrivo senza stress. Per i trasferimenti aeroportuali a Los Angeles, forniamo trasferimenti affidabili.<\/p>\n<p>I nostri servizi di taxi aeroportuale Lax garantiscono un trasporto puntuale. Passate al lusso con i nostri servizi di trasferimento aeroportuale premium a Los Angeles. Abbiamo un'opzione speciale per i trasferimenti in auto privata a Los Angeles per un'esperienza personalizzata e confortevole.<\/p>\n\t<\/div>\n<\/div>\n\n\n\n\n\t\t<\/div> \n\t<\/div>\n\t<\/div> \n\n\t<div  class=\"vc_col-sm-6 wpb_column column_container vc_column_container col child_column no-extra-padding inherit_tablet inherit_phone\"   data-padding-pos=\"all\" data-has-bg-color=\"false\" data-bg-color=\"\" data-bg-opacity=\"1\" data-animation=\"\" data-delay=\"0\" >\n\t\t<div class=\"vc_column-inner\" >\n\t\t<div class=\"wpb_wrapper\">\n\t\t\t\n<div class=\"wpb_text_column wpb_content_element\" >\n\t<div class=\"wpb_wrapper\">\n\t\t<p><strong>Non \u00e8 necessario comunicare con un autista<\/strong><\/p>\n<p>Tutto ci\u00f2 che riguarda il viaggio \u00e8 noto in anticipo, quindi se non parlate la lingua o non siete in vena, non dovete parlare. Un autista con in mano un cartello con il nome del passeggero vi incontrer\u00e0 nel posto giusto e il resto verr\u00e0 registrato in un voucher. Probabilmente dovrete discutere con un tassista locale sul prezzo del taxi dall'aeroporto - in una lingua straniera potreste non riuscire a contrattare.<\/p>\n<p><strong>\u00c8 possibile fare una piccola escursione<\/strong><\/p>\n<p>Godetevi la comodit\u00e0 del nostro servizio di incontro e accoglienza all'aeroporto di Los Angeles, che vi garantir\u00e0 un'accoglienza calorosa e una transizione senza soluzione di continuit\u00e0 verso il vostro trasporto. I nostri autisti professionisti e i nostri veicoli moderni garantiscono un viaggio confortevole e senza problemi.<\/p>\n<p>Cerchiamo di assegnare alle prenotazioni autisti che parlano inglese. In questo modo, potrete facilmente chiedergli informazioni sul paese e sulla citt\u00e0. Il trasferimento, in primo luogo, \u00e8 un servizio turistico. Gli autisti professionisti lo capiscono e fanno del loro meglio per permettere al turista di godersi il suo tempo durante il viaggio.<\/p>\n<p><strong>Taxi per l'aeroporto a prezzo fisso<\/strong><\/p>\n<p>Prenotate ora un trasferimento fluido ed efficiente dall'aeroporto di Los Angeles al vostro hotel o a qualsiasi destinazione a Los Angeles. I nostri trasferimenti da A a B, compreso il servizio premium di auto nere e i trasferimenti aeroportuali JSX, garantiscono un'esperienza di viaggio di lusso. Siamo inoltre specializzati in trasferimenti da e per Disneyland, Hollywood e altre localit\u00e0 famose.<\/p>\n<p>Il pagamento \u00e8 possibile in una valuta favorevole sul sito web. Le tariffe del nostro servizio sono note in anticipo. Dopo aver effettuato la prenotazione, il prezzo non cambier\u00e0, indipendentemente dal tempo rimanente prima del viaggio. Per un viaggio con i mezzi pubblici o con un taxi locale dall'aeroporto, dovrete cambiare la valuta all'arrivo e il prezzo non \u00e8 noto in anticipo.<\/p>\n<p>Per la migliore agenzia di trasferimenti aeroportuali a Los Angeles, scegliete noi per un servizio porta a porta che soddisfi le vostre esigenze specifiche. Con i nostri trasferimenti aeroportuali di lusso e i nostri servizi di taxi e auto private, la vostra esperienza di trasporto a Los Angeles sar\u00e0 a dir poco eccezionale.<\/p>\n\t<\/div>\n<\/div>\n\n\n\n\n\t\t<\/div> \n\t<\/div>\n\t<\/div> \n<\/div><\/div>\n\t\t\t<\/div> \n\t\t<\/div>\n\t<\/div> \n<\/div><\/div>\n\t\t<div id=\"fws_69d340b93f371\"  data-column-margin=\"default\" data-midnight=\"dark\" data-top-percent=\"7%\" data-bottom-percent=\"2%\"  class=\"wpb_row vc_row-fluid vc_row\"  style=\"padding-top: calc(100vw * 0.07); padding-bottom: calc(100vw * 0.02); \"><div class=\"row-bg-wrap\" data-bg-animation=\"none\" data-bg-animation-delay=\"\" data-bg-overlay=\"false\"><div class=\"inner-wrap row-bg-layer\" ><div class=\"row-bg viewport-desktop using-bg-color\"  style=\"background-color: #ffffff; \"><\/div><\/div><\/div><div class=\"row_col_wrap_12 col span_12 dark left\">\n\t<div  class=\"vc_col-sm-12 wpb_column column_container vc_column_container col no-extra-padding inherit_tablet inherit_phone\"  data-padding-pos=\"all\" data-has-bg-color=\"false\" data-bg-color=\"\" data-bg-opacity=\"1\" data-animation=\"\" data-delay=\"0\" >\n\t\t<div class=\"vc_column-inner\" >\n\t\t\t<div class=\"wpb_wrapper\">\n\t\t\t\t<div id=\"fws_69d340b93f4b5\" data-midnight=\"\" data-column-margin=\"default\" class=\"wpb_row vc_row-fluid vc_row inner_row\"  style=\"\"><div class=\"row-bg-wrap\"> <div class=\"row-bg\" ><\/div> <\/div><div class=\"row_col_wrap_12_inner col span_12  left\">\n\t<div  class=\"vc_col-sm-12 wpb_column column_container vc_column_container col child_column no-extra-padding inherit_tablet inherit_phone\"   data-padding-pos=\"all\" data-has-bg-color=\"false\" data-bg-color=\"\" data-bg-opacity=\"1\" data-animation=\"\" data-delay=\"0\" >\n\t\t<div class=\"vc_column-inner\" >\n\t\t<div class=\"wpb_wrapper\">\n\t\t\t<div class=\"nectar-split-heading\" data-align=\"default\" data-m-align=\"center\" data-text-effect=\"default\" data-animation-type=\"line-reveal-by-space\" data-animation-delay=\"0\" data-animation-offset=\"\" data-m-rm-animation=\"\" data-stagger=\"\" data-custom-font-size=\"false\" ><h2 >Come funziona il servizio<\/h2><\/div>\n\t\t<\/div> \n\t<\/div>\n\t<\/div> \n<\/div><\/div><div id=\"fws_69d340b93f5e5\" data-midnight=\"\" data-column-margin=\"default\" class=\"wpb_row vc_row-fluid vc_row inner_row\"  style=\"\"><div class=\"row-bg-wrap\"> <div class=\"row-bg\" ><\/div> <\/div><div class=\"row_col_wrap_12_inner col span_12  left\">\n\t<div  class=\"vc_col-sm-4 wpb_column column_container vc_column_container col child_column centered-text has-animation no-extra-padding force-desktop-text-align-center inherit_tablet inherit_phone\"   data-padding-pos=\"top\" data-has-bg-color=\"false\" data-bg-color=\"\" data-bg-opacity=\"1\" data-animation=\"fade-in-from-bottom\" data-delay=\"0\" >\n\t\t<div class=\"vc_column-inner\" >\n\t\t<div class=\"wpb_wrapper\">\n\t\t\t<div class=\"nectar_icon_wrap\" data-style=\"shadow-bg\" data-padding=\"10px\" data-color=\"accent-color\" style=\"margin-bottom: 30px; \" >\n\t\t<div class=\"nectar_icon\" ><i style=\"font-size: 50px; line-height: 75px; height: 75px; width: 75px;\" class=\"fa fa-car\"><\/i><\/div>\n\t<\/div>\n<div class=\"wpb_text_column wpb_content_element\" >\n\t<div class=\"wpb_wrapper\">\n\t\t<h4 style=\"text-align: center;\">Scegliete il percorso e un'auto<\/h4>\n<p style=\"text-align: center;\">Potete ordinare un'auto di qualsiasi capacit\u00e0, dalla berlina economica al minibus da 13 posti.<\/p>\n\t<\/div>\n<\/div>\n\n\n\n\n\t\t<\/div> \n\t<\/div>\n\t<\/div> \n\n\t<div  class=\"vc_col-sm-4 wpb_column column_container vc_column_container col child_column centered-text has-animation no-extra-padding force-desktop-text-align-center inherit_tablet inherit_phone\"   data-padding-pos=\"top\" data-has-bg-color=\"false\" data-bg-color=\"\" data-bg-opacity=\"1\" data-animation=\"fade-in-from-bottom\" data-delay=\"100\" >\n\t\t<div class=\"vc_column-inner\" >\n\t\t<div class=\"wpb_wrapper\">\n\t\t\t<div class=\"nectar_icon_wrap\" data-style=\"shadow-bg\" data-padding=\"10px\" data-color=\"accent-color\" style=\"margin-bottom: 30px; \" >\n\t\t<div class=\"nectar_icon\" ><i style=\"font-size: 50px; line-height: 75px; height: 75px; width: 75px;\" class=\"fa fa-credit-card\"><\/i><\/div>\n\t<\/div>\n<div class=\"wpb_text_column wpb_content_element\" >\n\t<div class=\"wpb_wrapper\">\n\t\t<h4 style=\"text-align: center;\">Compilare il modulo di prenotazione<br \/>\ne scegliere un metodo di pagamento<\/h4>\n<p style=\"text-align: center;\">Specificate la data e l'ora del ritiro e scegliete un metodo di pagamento. Dopo la prenotazione, riceverete un'e-mail con il voucher.<\/p>\n\t<\/div>\n<\/div>\n\n\n\n\n\t\t<\/div> \n\t<\/div>\n\t<\/div> \n\n\t<div  class=\"vc_col-sm-4 wpb_column column_container vc_column_container col child_column centered-text has-animation no-extra-padding force-desktop-text-align-center inherit_tablet inherit_phone\"   data-padding-pos=\"top\" data-has-bg-color=\"false\" data-bg-color=\"\" data-bg-opacity=\"1\" data-animation=\"fade-in-from-bottom\" data-delay=\"200\" >\n\t\t<div class=\"vc_column-inner\" >\n\t\t<div class=\"wpb_wrapper\">\n\t\t\t<div class=\"nectar_icon_wrap\" data-style=\"shadow-bg\" data-padding=\"10px\" data-color=\"accent-color\" style=\"margin-bottom: 30px; \" >\n\t\t<div class=\"nectar_icon\" ><i style=\"font-size: 50px; line-height: 75px; height: 75px; width: 75px;\" class=\"fa fa-id-card-o\"><\/i><\/div>\n\t<\/div>\n<div class=\"wpb_text_column wpb_content_element\" >\n\t<div class=\"wpb_wrapper\">\n\t\t<h4 style=\"text-align: center;\">L'autista vi incontra<br \/>\ncon una targhetta all'aeroporto<\/h4>\n<p style=\"text-align: center;\">Al momento giusto, l'autista vi aspetter\u00e0 in loco. Vi accompagner\u00e0 alla macchina e vi porter\u00e0 in hotel.<\/p>\n\t<\/div>\n<\/div>\n\n\n\n\n\t\t<\/div> \n\t<\/div>\n\t<\/div> \n<\/div><\/div>\n\t\t\t<\/div> \n\t\t<\/div>\n\t<\/div> \n<\/div><\/div>\n\t\t<div id=\"fws_69d340b93fa6e\"  data-column-margin=\"default\" data-midnight=\"dark\"  class=\"wpb_row vc_row-fluid vc_row\"  style=\"padding-top: 0px; padding-bottom: 0px; \"><div class=\"row-bg-wrap\" data-bg-animation=\"none\" data-bg-animation-delay=\"\" data-bg-overlay=\"false\"><div class=\"inner-wrap row-bg-layer\" ><div class=\"row-bg viewport-desktop\"  style=\"\"><\/div><\/div><\/div><div class=\"row_col_wrap_12 col span_12 dark left\">\n\t<div  class=\"vc_col-sm-12 wpb_column column_container vc_column_container col no-extra-padding inherit_tablet inherit_phone\"  data-padding-pos=\"all\" data-has-bg-color=\"false\" data-bg-color=\"\" data-bg-opacity=\"1\" data-animation=\"\" data-delay=\"0\" >\n\t\t<div class=\"vc_column-inner\" >\n\t\t\t<div class=\"wpb_wrapper\">\n\t\t\t\t\n<div class=\"wpb_text_column wpb_content_element\" >\n\t<div class=\"wpb_wrapper\">\n\t\t<p>Se siete in viaggio per affari, vi offriamo un'esperienza di trasporto confortevole e senza interruzioni. I nostri trasferimenti aeroportuali privati per LAX assicurano un viaggio senza stress, mentre la nostra flotta di taxi dotati di seggiolini per bambini d\u00e0 priorit\u00e0 alla sicurezza dei vostri piccoli.<\/p>\n\t<\/div>\n<\/div>\n\n\n\n\n\t\t\t<\/div> \n\t\t<\/div>\n\t<\/div> \n<\/div><\/div>","protected":false},"excerpt":{"rendered":"Vantaggi Provate la convenienza dei nostri affidabili servizi di trasferimento dall'aeroporto all'hotel, per singoli e gruppi. Dai taxi LAX ai trasferimenti privati, la nostra azienda offre tariffe convenienti e...","protected":false},"author":1,"featured_media":10949,"parent":0,"menu_order":0,"comment_status":"closed","ping_status":"closed","template":"","meta":{"footnotes":""},"class_list":["post-11295","page","type-page","status-publish","has-post-thumbnail"],"_links":{"self":[{"href":"https:\/\/lax-transfer.com\/it\/wp-json\/wp\/v2\/pages\/11295","targetHints":{"allow":["GET"]}}],"collection":[{"href":"https:\/\/lax-transfer.com\/it\/wp-json\/wp\/v2\/pages"}],"about":[{"href":"https:\/\/lax-transfer.com\/it\/wp-json\/wp\/v2\/types\/page"}],"author":[{"embeddable":true,"href":"https:\/\/lax-transfer.com\/it\/wp-json\/wp\/v2\/users\/1"}],"replies":[{"embeddable":true,"href":"https:\/\/lax-transfer.com\/it\/wp-json\/wp\/v2\/comments?post=11295"}],"version-history":[{"count":2,"href":"https:\/\/lax-transfer.com\/it\/wp-json\/wp\/v2\/pages\/11295\/revisions"}],"predecessor-version":[{"id":12996,"href":"https:\/\/lax-transfer.com\/it\/wp-json\/wp\/v2\/pages\/11295\/revisions\/12996"}],"wp:featuredmedia":[{"embeddable":true,"href":"https:\/\/lax-transfer.com\/it\/wp-json\/wp\/v2\/media\/10949"}],"wp:attachment":[{"href":"https:\/\/lax-transfer.com\/it\/wp-json\/wp\/v2\/media?parent=11295"}],"curies":[{"name":"wp","href":"https:\/\/api.w.org\/{rel}","templated":true}]}}