{"id":12044,"date":"2023-11-14T09:20:04","date_gmt":"2023-11-14T17:20:04","guid":{"rendered":"https:\/\/lax-transfer.com\/?page_id=12044"},"modified":"2024-02-16T21:46:27","modified_gmt":"2024-02-17T05:46:27","slug":"top-connections-with-los-angeles-airport-lax-your-gateway-to-global-trave","status":"publish","type":"page","link":"https:\/\/lax-transfer.com\/it\/i-migliori-collegamenti-con-laeroporto-di-los-angeles-lax-la-vostra-porta-daccesso-ai-viaggi-globali\/","title":{"rendered":"Collegamenti top con l'aeroporto di Los Angeles (LAX): La vostra porta d'accesso ai viaggi globali"},"content":{"rendered":"<h2><strong>Collegamenti top con l'aeroporto di Los Angeles (LAX): La vostra porta d'accesso ai viaggi globali<\/strong><\/h2>\n<p>L'aeroporto internazionale di Los Angeles (LAX) non \u00e8 solo un aeroporto, ma un hub globale che vi collega a una serie di destinazioni entusiasmanti in tutto il mondo. Quando vi imbarcate da o attraverso l'aeroporto di Los Angeles, non state solo salendo a bordo di un volo, ma state entrando in un mondo di possibilit\u00e0.<\/p>\n<p><strong>Destinazioni principali da LAX:<\/strong><\/p>\n<ol>\n<li><strong>Porte internazionali:<\/strong> L'aeroporto di Los Angeles \u00e8 un importante punto di accesso alle destinazioni internazionali di tutto il mondo. Che siate diretti verso le vivaci citt\u00e0 dell'Asia, la ricchezza culturale dell'Europa, i paesaggi mozzafiato del Sud America o le avventure che vi attendono in Australia, il LAX offre voli non-stop verso numerosi hub internazionali.<\/li>\n<li><strong>Connettivit\u00e0 tra Paesi:<\/strong> Dalla East Coast alla West Coast, il LAX vi collega senza soluzione di continuit\u00e0 con le citt\u00e0 di tutti gli Stati Uniti. Esplorate l'iconico skyline di New York, vivete la ricca storia di Washington D.C. o crogiolatevi sulle spiagge assolate di Miami: tutto a un solo volo di distanza.<\/li>\n<li><strong>Meraviglie del Pacifico:<\/strong> L'aeroporto di Los Angeles \u00e8 una porta d'accesso al Pacifico, che consente di esplorare facilmente le diverse culture, cucine e paesaggi di destinazioni come Giappone, Cina, Corea del Sud e altre ancora.<\/li>\n<li><strong>Fughe panoramiche:<\/strong> Pronti per una fuga tropicale? L'aeroporto di Los Angeles offre voli per alcune delle pi\u00f9 belle destinazioni insulari, permettendovi di rilassarvi sulle spiagge delle Hawaii, di esplorare le meraviglie naturali della Nuova Zelanda o di sperimentare la vibrante energia dei Caraibi.<\/li>\n<li><strong>Hub commerciali:<\/strong> Per chi viaggia per lavoro, l'aeroporto di Los Angeles \u00e8 il collegamento con i principali centri d'affari di tutto il mondo. Sia che dobbiate partecipare a riunioni nei vivaci distretti finanziari o concludere accordi nei centri tecnologici, LAX offre rotte efficienti per sostenere i vostri sforzi commerciali.<\/li>\n<\/ol>\n<p><strong>Perch\u00e9 scegliere LAX per i vostri collegamenti?<\/strong><\/p>\n<ul>\n<li><strong>Efficienza e convenienza:<\/strong> Le strutture all'avanguardia e la posizione strategica del LAX ne fanno una scelta conveniente per collegamenti aerei efficienti.<\/li>\n<li><strong>Hub dell'Alleanza delle compagnie aeree:<\/strong> In quanto hub delle principali alleanze aeree, LAX offre un'ampia gamma di opzioni di volo e una connettivit\u00e0 senza soluzione di continuit\u00e0.<\/li>\n<li><strong>Servizi globali:<\/strong> Godetevi un'esperienza aeroportuale di livello mondiale con diversi punti di ristoro, negozi e servizi che soddisfano i viaggiatori di tutto il mondo.<\/li>\n<\/ul>\n<p>L'aeroporto di Los Angeles \u00e8 pi\u00f9 di un aeroporto: \u00e8 un portale per un mondo di avventure, cultura e opportunit\u00e0. Il vostro viaggio inizia qui, dove i cieli sono illimitati e le connessioni infinite. Volate con LAX e lasciate che i vostri viaggi si svolgano con il mondo ai vostri piedi.<\/p>","protected":false},"excerpt":{"rendered":"<p>Collegamenti top con l'aeroporto di Los Angeles (LAX): La vostra porta d'accesso ai viaggi globali L'aeroporto internazionale di Los Angeles (LAX) non \u00e8 solo un aeroporto, ma un hub globale che vi collega...<\/p>","protected":false},"author":1,"featured_media":11267,"parent":0,"menu_order":0,"comment_status":"closed","ping_status":"closed","template":"","meta":{"footnotes":""},"class_list":["post-12044","page","type-page","status-publish","has-post-thumbnail"],"_links":{"self":[{"href":"https:\/\/lax-transfer.com\/it\/wp-json\/wp\/v2\/pages\/12044","targetHints":{"allow":["GET"]}}],"collection":[{"href":"https:\/\/lax-transfer.com\/it\/wp-json\/wp\/v2\/pages"}],"about":[{"href":"https:\/\/lax-transfer.com\/it\/wp-json\/wp\/v2\/types\/page"}],"author":[{"embeddable":true,"href":"https:\/\/lax-transfer.com\/it\/wp-json\/wp\/v2\/users\/1"}],"replies":[{"embeddable":true,"href":"https:\/\/lax-transfer.com\/it\/wp-json\/wp\/v2\/comments?post=12044"}],"version-history":[{"count":1,"href":"https:\/\/lax-transfer.com\/it\/wp-json\/wp\/v2\/pages\/12044\/revisions"}],"predecessor-version":[{"id":12473,"href":"https:\/\/lax-transfer.com\/it\/wp-json\/wp\/v2\/pages\/12044\/revisions\/12473"}],"wp:featuredmedia":[{"embeddable":true,"href":"https:\/\/lax-transfer.com\/it\/wp-json\/wp\/v2\/media\/11267"}],"wp:attachment":[{"href":"https:\/\/lax-transfer.com\/it\/wp-json\/wp\/v2\/media?parent=12044"}],"curies":[{"name":"wp","href":"https:\/\/api.w.org\/{rel}","templated":true}]}}