{"id":12049,"date":"2023-11-14T09:26:59","date_gmt":"2023-11-14T17:26:59","guid":{"rendered":"https:\/\/lax-transfer.com\/?page_id=12049"},"modified":"2024-02-16T21:23:04","modified_gmt":"2024-02-17T05:23:04","slug":"private-airport-transfers","status":"publish","type":"page","link":"https:\/\/lax-transfer.com\/it\/trasferimenti-aeroportuali-privati\/","title":{"rendered":"Trasferimenti aeroportuali privati"},"content":{"rendered":"<h3><strong>Prenota in anticipo i trasferimenti aeroportuali privati con LAX Transfer<\/strong><\/h3>\n<p>Intraprendete un viaggio di ineguagliabile comodit\u00e0 con i trasferimenti aeroportuali privati prenotati da LAX Transfer. Elevate la vostra esperienza di viaggio scegliendo il nostro servizio privato per un trasferimento aeroportuale senza problemi.<\/p>\n<p><strong>Perch\u00e9 scegliere LAX Transfer per i vostri trasferimenti aeroportuali privati?<\/strong><\/p>\n<ol>\n<li><strong>Efficienza e puntualit\u00e0:<\/strong> Noi di LAX Transfer diamo valore al vostro tempo. Il nostro servizio di trasferimento aeroportuale privato vi garantisce un prelievo e una riconsegna tempestivi, consentendovi di viaggiare con facilit\u00e0 e sicurezza.<\/li>\n<li><strong>Selezione della flotta di lusso:<\/strong> Concedetevi il lusso della scelta. La nostra variegata flotta di veicoli, tra cui comode berline, spaziosi SUV ed eleganti limousine, vi permette di viaggiare secondo le vostre preferenze e di completare il vostro stile.<\/li>\n<li><strong>Servizio personalizzato:<\/strong> Sperimentate un livello di servizio su misura per voi. I nostri trasferimenti aeroportuali privati sono caratterizzati da un tocco personale, per garantire che il vostro viaggio non sia solo una corsa, ma una parte del vostro racconto di viaggio.<\/li>\n<li><strong>Assistenza per l'incontro e l'accoglienza:<\/strong> Lasciate a noi la logistica aeroportuale. I nostri autisti professionisti vi accoglieranno con un cartello personalizzato, vi assisteranno con i bagagli e vi guideranno in una transizione agevole dall'aeroporto alla vostra destinazione.<\/li>\n<li><strong>Orari flessibili:<\/strong> Pianificate i vostri viaggi alle vostre condizioni. Con LAX Transfer, avete la flessibilit\u00e0 di prenotare in anticipo il vostro trasferimento aeroportuale privato in base ai vostri programmi, consentendovi di rilassarvi e concentrarvi sul viaggio che vi attende.<\/li>\n<li><strong>Prezzi competitivi e trasparenti:<\/strong> Godete di prezzi competitivi e trasparenti. Le nostre tariffe per il trasferimento aeroportuale privato sono chiare e prive di costi nascosti, offrendo un valore eccellente per il vostro investimento in comfort e convenienza.<\/li>\n<li><strong>Assistenza clienti 24\/7:<\/strong> Viaggiate in tutta tranquillit\u00e0 sapendo che il nostro team di assistenza clienti, attivo 24 ore su 24 e 7 giorni su 7, \u00e8 pronto ad assistervi. Qualsiasi domanda o dubbio verr\u00e0 affrontato tempestivamente per garantire un'esperienza di viaggio senza preoccupazioni.<\/li>\n<\/ol>\n<p><strong>Come prenotare:<\/strong> Prenotare il vostro trasferimento aeroportuale privato con LAX Transfer \u00e8 semplice. Visitate la nostra piattaforma online, selezionate il veicolo che preferite, scegliete il luogo di ritiro e di consegna e confermate la prenotazione. Provate la facilit\u00e0 dei trasferimenti privati prenotati con pochi clic.<\/p>\n<p>Rendete il vostro viaggio memorabile come la vostra destinazione. Scegliete LAX Transfer per trasferimenti aeroportuali privati che ridefiniscono il comfort e lo stile del viaggio. Prenotate oggi stesso e lasciate che il vostro viaggio inizi con un tocco di raffinatezza.<\/p>","protected":false},"excerpt":{"rendered":"<p>Prenotate in anticipo i trasferimenti aeroportuali privati con LAX Transfer Partite per un viaggio di ineguagliabile comodit\u00e0 con i trasferimenti aeroportuali privati prenotati di LAX Transfer. Elevate la vostra esperienza di viaggio scegliendo il nostro servizio privato...<\/p>","protected":false},"author":1,"featured_media":11273,"parent":0,"menu_order":0,"comment_status":"closed","ping_status":"closed","template":"","meta":{"footnotes":""},"class_list":["post-12049","page","type-page","status-publish","has-post-thumbnail"],"_links":{"self":[{"href":"https:\/\/lax-transfer.com\/it\/wp-json\/wp\/v2\/pages\/12049","targetHints":{"allow":["GET"]}}],"collection":[{"href":"https:\/\/lax-transfer.com\/it\/wp-json\/wp\/v2\/pages"}],"about":[{"href":"https:\/\/lax-transfer.com\/it\/wp-json\/wp\/v2\/types\/page"}],"author":[{"embeddable":true,"href":"https:\/\/lax-transfer.com\/it\/wp-json\/wp\/v2\/users\/1"}],"replies":[{"embeddable":true,"href":"https:\/\/lax-transfer.com\/it\/wp-json\/wp\/v2\/comments?post=12049"}],"version-history":[{"count":1,"href":"https:\/\/lax-transfer.com\/it\/wp-json\/wp\/v2\/pages\/12049\/revisions"}],"predecessor-version":[{"id":12475,"href":"https:\/\/lax-transfer.com\/it\/wp-json\/wp\/v2\/pages\/12049\/revisions\/12475"}],"wp:featuredmedia":[{"embeddable":true,"href":"https:\/\/lax-transfer.com\/it\/wp-json\/wp\/v2\/media\/11273"}],"wp:attachment":[{"href":"https:\/\/lax-transfer.com\/it\/wp-json\/wp\/v2\/media?parent=12049"}],"curies":[{"name":"wp","href":"https:\/\/api.w.org\/{rel}","templated":true}]}}