{"id":12052,"date":"2023-11-14T09:29:57","date_gmt":"2023-11-14T17:29:57","guid":{"rendered":"https:\/\/lax-transfer.com\/?page_id=12052"},"modified":"2024-02-16T21:09:47","modified_gmt":"2024-02-17T05:09:47","slug":"airport-shuttles","status":"publish","type":"page","link":"https:\/\/lax-transfer.com\/it\/navette-aeroportuali\/","title":{"rendered":"Prenota in anticipo i trasferimenti aeroportuali privati con LAX Transfer"},"content":{"rendered":"<h2><strong>Prenotate in anticipo le navette aeroportuali private con il trasferimento LAX<\/strong><\/h2>\n<p>Provate la massima convenienza e flessibilit\u00e0 nel trasporto aeroportuale con LAX Transfer. Che preferiate il cameratismo delle navette condivise, l'economicit\u00e0 del ridesharing o l'esclusivit\u00e0 del trasporto aeroportuale privato, abbiamo opzioni su misura per soddisfare le vostre esigenze di viaggio.<\/p>\n<p><strong>Navette per il trasporto condiviso:<\/strong><\/p>\n<ol>\n<li><strong>Economico e sociale:<\/strong> Condividete il vostro viaggio con altri viaggiatori e godetevi una soluzione economica per andare e tornare dall'aeroporto. Le nostre navette per il trasporto condiviso offrono un modo conveniente per raggiungere la vostra destinazione e incontrare nuove persone lungo il percorso.<\/li>\n<li><strong>Percorsi efficienti:<\/strong> Le nostre navette condivise sono progettate per seguire percorsi efficienti, riducendo al minimo i tempi di viaggio e garantendo prelievi e consegne puntuali. Godetevi la comodit\u00e0 del trasporto condiviso senza compromettere l'affidabilit\u00e0.<\/li>\n<\/ol>\n<p><strong>Rideshares:<\/strong><\/p>\n<ol>\n<li><strong>Convenienza su richiesta:<\/strong> Scegliete la comodit\u00e0 del rideshare su richiesta. LAX Transfer integra perfettamente i servizi di rideshare nelle nostre offerte, consentendovi di prenotare una corsa a vostro piacimento e di viaggiare alle vostre condizioni.<\/li>\n<li><strong>Opzioni versatili:<\/strong> Sia che viaggiate da soli o in gruppo, le nostre opzioni di rideshare si adattano a gruppi di varie dimensioni. Scegliete il tipo di veicolo pi\u00f9 adatto alle vostre esigenze e lasciate che LAX Transfer si occupi del resto.<\/li>\n<\/ol>\n<p><strong>Trasporto aeroportuale privato:<\/strong><\/p>\n<ol>\n<li><strong>Su misura per il vostro programma:<\/strong> Prenotate in anticipo il vostro trasporto aeroportuale privato per un'esperienza personalizzata in base ai vostri impegni. Godetevi il lusso di un veicolo dedicato, che vi garantir\u00e0 un viaggio il pi\u00f9 comodo e conveniente possibile.<\/li>\n<li><strong>Servizio di incontro e accoglienza:<\/strong> Provate il trattamento VIP con il nostro servizio di accoglienza. I nostri autisti professionisti saranno pronti ad assistervi all'arrivo, garantendo una transizione senza soluzione di continuit\u00e0 dall'aeroporto alla vostra destinazione.<\/li>\n<li><strong>Comfort esclusivo:<\/strong> Che siate viaggiatori d'affari in cerca di privacy o una famiglia che ha bisogno di spazio, il nostro trasporto aeroportuale privato offre un comfort esclusivo. Scegliete tra la nostra flotta premium per soddisfare le vostre preferenze.<\/li>\n<\/ol>\n<p><strong>Come prenotare:<\/strong><\/p>\n<p>Prenotare l'opzione di trasporto aeroportuale che preferite con LAX Transfer \u00e8 facile. Visitate la nostra piattaforma online, selezionate il servizio pi\u00f9 adatto alle vostre esigenze e confermate la prenotazione. Godetevi la flessibilit\u00e0 di scegliere il mezzo di trasporto pi\u00f9 adatto al vostro stile di viaggio.<\/p>\n<p>Noi di LAX Transfer ridefiniamo il trasporto aeroportuale, offrendo una gamma di opzioni per soddisfare ogni viaggiatore. Prenotate oggi stesso il vostro servizio di trasporto o navetta preferito e lasciate che il vostro viaggio con LAX Transfer inizi con convenienza, affidabilit\u00e0 e comfort.<\/p>","protected":false},"excerpt":{"rendered":"<p>Prenotate in anticipo le navette aeroportuali private con LAX Transfer Provate la massima comodit\u00e0 e flessibilit\u00e0 nel vostro trasporto aeroportuale con LAX Transfer. Sia che preferiate il cameratismo delle navette condivise, sia che...<\/p>","protected":false},"author":1,"featured_media":11086,"parent":0,"menu_order":0,"comment_status":"closed","ping_status":"closed","template":"","meta":{"footnotes":""},"class_list":["post-12052","page","type-page","status-publish","has-post-thumbnail"],"_links":{"self":[{"href":"https:\/\/lax-transfer.com\/it\/wp-json\/wp\/v2\/pages\/12052","targetHints":{"allow":["GET"]}}],"collection":[{"href":"https:\/\/lax-transfer.com\/it\/wp-json\/wp\/v2\/pages"}],"about":[{"href":"https:\/\/lax-transfer.com\/it\/wp-json\/wp\/v2\/types\/page"}],"author":[{"embeddable":true,"href":"https:\/\/lax-transfer.com\/it\/wp-json\/wp\/v2\/users\/1"}],"replies":[{"embeddable":true,"href":"https:\/\/lax-transfer.com\/it\/wp-json\/wp\/v2\/comments?post=12052"}],"version-history":[{"count":1,"href":"https:\/\/lax-transfer.com\/it\/wp-json\/wp\/v2\/pages\/12052\/revisions"}],"predecessor-version":[{"id":12474,"href":"https:\/\/lax-transfer.com\/it\/wp-json\/wp\/v2\/pages\/12052\/revisions\/12474"}],"wp:featuredmedia":[{"embeddable":true,"href":"https:\/\/lax-transfer.com\/it\/wp-json\/wp\/v2\/media\/11086"}],"wp:attachment":[{"href":"https:\/\/lax-transfer.com\/it\/wp-json\/wp\/v2\/media?parent=12052"}],"curies":[{"name":"wp","href":"https:\/\/api.w.org\/{rel}","templated":true}]}}