{"id":12509,"date":"2024-03-04T07:32:08","date_gmt":"2024-03-04T15:32:08","guid":{"rendered":"https:\/\/lax-transfer.com\/?page_id=12509"},"modified":"2024-03-05T13:01:38","modified_gmt":"2024-03-05T21:01:38","slug":"refunds-cancellation-policy","status":"publish","type":"page","link":"https:\/\/lax-transfer.com\/it\/rimborsi-politica-di-cancellazione\/","title":{"rendered":"Rimborsi e politica di cancellazione"},"content":{"rendered":"<p><strong>Panoramica<\/strong><\/p>\n<p>Questo \u00e8 un riepilogo della nostra politica di rimborso e cancellazione.<\/p>\n<p>GMG Transportation semplifica il processo di prenotazione assicurandosi che tutti i prezzi siano fissi, trattenendo il denaro della prenotazione per conto del cliente fino alla fine del viaggio e rendendo disponibili i rimborsi 100% in alcuni casi.<\/p>\n<p>100% garanzia di rimborso<\/p>\n<p>Poich\u00e9 i vostri piani possono cambiare, GMG Transportation garantisce un rimborso del 100%, senza spese di cancellazione, per tutte le cancellazioni ricevute non meno di 24 ore prima dell'orario di ritiro previsto.<\/p>\n<p>In caso di difficolt\u00e0 a cancellare una prenotazione confermata, si prega di contattare GMG Transportation il prima possibile, in modo da poter elaborare il rimborso.<\/p>\n<p>Cancellazioni di prenotazione<\/p>\n<p>\u00c8 possibile cancellare la prenotazione in qualsiasi momento prima dell'orario di partenza del ritiro. Se non siete in grado di cancellare la prenotazione da soli, dovete informare GMG Transportation. \u00c8 necessario informare GMG Transportation il prima possibile per essere sicuri di avere diritto a un rimborso. Il rimborso \u00e8 disponibile solo se la cancellazione viene effettuata pi\u00f9 di 24 ore prima dell'orario di ritiro previsto.<\/p>\n<p>La prenotazione non \u00e8 considerata annullata finch\u00e9 GMG Transportation non conferma la cancellazione. Il momento della cancellazione \u00e8 considerato quello in cui GMG Transportation conferma la vostra richiesta di cancellazione.<\/p>\n<p>Spese e rimborsi in caso di cancellazione della prenotazione<\/p>\n<p>Avete diritto a un rimborso del 100% sulla vostra prenotazione, senza spese di cancellazione, per le cancellazioni\u00a0<strong>maggiore di <\/strong><strong>24<\/strong><strong> ore precedenti<\/strong>\u00a0all'orario di partenza del prelievo.<\/p>\n<p>Non si ha diritto ad alcun rimborso per le cancellazioni effettuate 24 ore o meno prima dell'orario di partenza del ritiro.<\/p>\n<p>Modifiche alla prenotazione<\/p>\n<p>\u00c8 possibile modificare i dettagli della prenotazione in qualsiasi momento oltre 24 ore prima dell'orario di partenza del ritiro. Per effettuare una modifica.<\/p>\n<p>Si raccomanda di chiamarci per apportare immediatamente le modifiche necessarie.<\/p>\n<p>Di solito non \u00e8 possibile apportare modifiche alle prenotazioni 24 ore o meno prima dell'orario di partenza del ritiro.<\/p>\n<p>Spese e rimborsi per i cambi di prenotazione<\/p>\n<p>Non \u00e8 previsto alcun costo per la modifica dei dettagli della prenotazione, per cambiamenti superiori a 24 ore prima dell'orario di partenza del prelievo, a condizione che il costo totale del trasferimento rimanga invariato.<\/p>\n<p>Se le modifiche alla prenotazione comportano costi aggiuntivi rispetto all'importo precedentemente pagato.<\/p>\n<p>Se le modifiche alla prenotazione comportano spese minori oltre all'importo precedentemente pagato, non \u00e8 possibile un rimborso parziale e il costo della modifica \u00e8 pari alla differenza tra le due spese.<\/p>\n<p>Ulteriori informazioni<\/p>\n<p>Per qualsiasi domanda relativa a questa politica, vi preghiamo di contattarci.<\/p>\n<p>Per qualsiasi domanda specifica sul trasporto, contattateci.<\/p>\n<p>Ulteriori informazioni<\/p>\n<p>Per qualsiasi domanda relativa a questa politica, vi preghiamo di contattarci.<\/p>","protected":false},"excerpt":{"rendered":"<p>Panoramica Questa \u00e8 una sintesi della nostra politica di rimborso e cancellazione. GMG Transportation semplifica il processo di prenotazione assicurandosi che tutti i prezzi siano fissi, trattenendo il denaro...<\/p>","protected":false},"author":1,"featured_media":0,"parent":0,"menu_order":0,"comment_status":"closed","ping_status":"closed","template":"","meta":{"footnotes":""},"class_list":["post-12509","page","type-page","status-publish"],"_links":{"self":[{"href":"https:\/\/lax-transfer.com\/it\/wp-json\/wp\/v2\/pages\/12509","targetHints":{"allow":["GET"]}}],"collection":[{"href":"https:\/\/lax-transfer.com\/it\/wp-json\/wp\/v2\/pages"}],"about":[{"href":"https:\/\/lax-transfer.com\/it\/wp-json\/wp\/v2\/types\/page"}],"author":[{"embeddable":true,"href":"https:\/\/lax-transfer.com\/it\/wp-json\/wp\/v2\/users\/1"}],"replies":[{"embeddable":true,"href":"https:\/\/lax-transfer.com\/it\/wp-json\/wp\/v2\/comments?post=12509"}],"version-history":[{"count":3,"href":"https:\/\/lax-transfer.com\/it\/wp-json\/wp\/v2\/pages\/12509\/revisions"}],"predecessor-version":[{"id":12521,"href":"https:\/\/lax-transfer.com\/it\/wp-json\/wp\/v2\/pages\/12509\/revisions\/12521"}],"wp:attachment":[{"href":"https:\/\/lax-transfer.com\/it\/wp-json\/wp\/v2\/media?parent=12509"}],"curies":[{"name":"wp","href":"https:\/\/api.w.org\/{rel}","templated":true}]}}