{"id":12511,"date":"2024-03-04T07:34:27","date_gmt":"2024-03-04T15:34:27","guid":{"rendered":"https:\/\/lax-transfer.com\/?page_id=12511"},"modified":"2024-03-06T08:33:26","modified_gmt":"2024-03-06T16:33:26","slug":"general-terms-of-services","status":"publish","type":"page","link":"https:\/\/lax-transfer.com\/it\/politica-di-cancellazione\/","title":{"rendered":"Condizioni generali dei servizi"},"content":{"rendered":"<p><strong>Panoramica<\/strong><\/p>\n<p><strong>Fino a 24 ore prima del ritiro<\/strong><\/p>\n<p>La cancellazione \u00e8 gratuita se mancano pi\u00f9 di 24 ore all'orario di ritiro concordato, mentre sar\u00e0 rimborsata interamente se la prenotazione viene cancellata fino a 24 ore prima del ritiro.<\/p>\n<p><strong>Se ci sono 24 ore o meno prima dell'orario di ritiro concordato e in caso di No-Show<\/strong>Se ci sono 24 ore o meno prima dell'orario di ritiro concordato e in caso di no-show, il prezzo totale deve essere pagato e\u00a0<strong>il rimborso non \u00e8 possibile (dobbiamo addebitare il 100% dell'intero importo).<\/strong><\/p>\n<p>&nbsp;<\/p>\n<p><strong>\u00a0TEMPO DI ATTESA AL MOMENTO DEL RITIRO<\/strong><\/p>\n<ul>\n<li>15 minuti di attesa gratuita per tutti i luoghi di prelievo tranne l'aeroporto (a partire dall'orario di prelievo concordato)<\/li>\n<li>Per il ritiro in aeroporto (indicando solo il numero del volo): 60 minuti, a partire dall'orario di prelievo. Dopo un'ora di attesa gratuita, il costo per ogni nuova ora iniziata sar\u00e0 di massimo \u20ac\/ USD\/ GBP 70,00, se l'autista \u00e8 ancora disponibile. L'autista ha il diritto di decidere in loco se il supplemento sar\u00e0 inferiore. Il supplemento deve essere pagato in contanti direttamente all'autista in loco.<\/li>\n<\/ul>\n<p><strong>SE IL VOLO\/TRENO \u00c8 STATO CANCELLATO<\/strong><\/p>\n<p>Nel caso in cui il volo venga cancellato e la prenotazione non sia pi\u00f9 cancellabile, la corsa verr\u00e0 considerata NO-SHOW e addebitata per intero.<\/p>\n<p>Lo spostamento della prenotazione \u00e8 possibile solo se l'autista che l'ha accettata \u00e8 d'accordo. Qualsiasi supplemento deve essere concordato direttamente con lui. In ogni caso, n\u00e9 LAX TRANSFER n\u00e9 l'autista sono obbligati a offrire una soluzione alternativa, pu\u00f2 scaricare la ricevuta dal suo account per richiedere eventuali rimborsi a chi ha causato la perdita del volo.<\/p>\n<p><strong>IN CASO DI UN NUOVO ORARIO DI ARRIVO (VOLO PERSO, RIASSEGNATO DALLA COMPAGNIA AEREA O DIROTTATO SU UN ALTRO AEROPORTO) E IN TUTTI GLI ALTRI CASI<\/strong><\/p>\n<p>Nel caso in cui si perda il volo, questo venga riassegnato dalla compagnia aerea o dirottato su un altro aeroporto, la prenotazione non pu\u00f2 pi\u00f9 essere annullata, la corsa sar\u00e0 considerata NO-SHOW e addebitata per intero.<\/p>\n<p>Lo spostamento della prenotazione \u00e8 possibile solo se l'autista che l'ha accettata \u00e8 d'accordo. Qualsiasi supplemento deve essere concordato direttamente con lui. In ogni caso, n\u00e9 LAX TRANSFER n\u00e9 l'autista sono obbligati a offrire una soluzione alternativa, pu\u00f2 scaricare la ricevuta dal suo account per richiedere eventuali rimborsi a chi ha causato la perdita del volo.<\/p>\n<p><strong>\u00a0PUNTO DI INCONTRO CON L'AUTISTA PER IL PRELIEVO DALL'AEROPORTO<\/strong><\/p>\n<p>(solo con indicazione del numero di volo)<\/p>\n<p>Dopo l'area di ritiro bagagli, all'uscita assegnata al numero di volo specificato (a condizione che il cliente abbia indicato il numero di volo al momento della prenotazione), salvo diversa comunicazione di LAX TRANSFER. L'autista tiene un cartello con il nome del passeggero. Contattare l'autista o il servizio LAX TRANSFER se non si trova l'autista.<\/p>\n<p>&nbsp;<\/p>\n<p><strong> MILES\/<\/strong><strong>CHILOMETRI INCLUSI<\/strong><\/p>\n<p><strong>Prenotazione del trasferimento:<\/strong><\/p>\n<ul>\n<li>Tutte le miglia\/chilometri necessarie per effettuare il trasferimento prenotato<\/li>\n<\/ul>\n<p>&nbsp;<\/p>\n<p><strong>\u00a0ULTERIORI COSTI<\/strong><\/p>\n<p>Sono inclusi i normali pedaggi autostradali.<\/p>\n<p>Se prenotate un trasferimento senza l'indicazione di un indirizzo preciso, ad esempio se la prenotazione indica solo una zona o un CAP, l'autista ha il diritto di richiedere un supplemento per i chilometri successivi.<\/p>\n<p>&nbsp;<\/p>\n<p><strong>\u00a0<\/strong><strong>MANCATA REALIZZAZIONE DEL VIAGGIO<\/strong><\/p>\n<p><strong>PASSEGGERO NON PRESENTE (No-Show)<\/strong><\/p>\n<p>Se il passeggero non si presenta al punto di prelievo concordato entro il periodo di attesa gratuito dopo l'orario di prelievo concordato senza aver cancellato la prenotazione, e se non \u00e8 raggiungibile al numero di telefono indicato nella prenotazione, viene considerato un no-show. In questo caso, il viaggio viene fatturato 100%.<\/p>\n<p><strong>IL CONDUCENTE NON PRESENTA<\/strong><\/p>\n<p><strong>Se il conducente non \u00e8 raggiungibile, contattate immediatamente il <\/strong><strong>TRASFERIMENTO DALL'AEROPORTO DI LOS ANGELES<\/strong><strong> Linea diretta di assistenza <\/strong><strong>+1(747)755-7655 <\/strong><strong>trovare una soluzione di trasferimento alternativa<\/strong><\/p>\n<p><strong>TRASPORTO PASSEGGERI<\/strong><\/p>\n<p>Se il passeggero decide di rinunciare al viaggio perch\u00e9 l'autista non pu\u00f2 effettuare servizi speciali (ad esempio, trasporto di bambini, animali, bagagli ingombranti) che il fornitore di servizi di trasporto non ha accettato in precedenza, deve essere pagato il totale concordato delle spese di viaggio, al netto di eventuali spese risparmiate.<\/p>\n<p><strong>IL CONDUCENTE RIFIUTA IL VIAGGIO<\/strong><\/p>\n<p>Il conducente pu\u00f2 rifiutarsi di effettuare il viaggio se il passeggero non rispetta le regole di comportamento all'interno del veicolo o se presume che la persona che ha effettuato la prenotazione o il passeggero appartenga a un'organizzazione illegale o utilizzi i servizi in modo illegale o per scopi illeciti.<\/p>\n<p>&nbsp;<\/p>\n<p><strong>\u00a0<\/strong><strong>SERVIZIO ORARIO (A ORE)<\/strong><\/p>\n<p>Per ogni ora prenotata, sar\u00e0 inclusa una distanza di viaggio di 20 chilometri (12 miglia) con il veicolo prenotato. La somma delle ore necessarie per avere l'autista con voi implica il totale dei chilometri percorsi inclusi nel servizio.Dall'inizio dell'orario di prelievo scelto fino al termine dell'orario o dell'ora d'aria, l'autista incaricato di effettuare il servizio sar\u00e0 a vostra completa disposizione per una richiesta di trasferimento che rientri nel chilometraggio stabilito.Eventuali ore extra richieste devono essere concordate con l'autista incaricato di completare il servizio.<br \/>\nL'aggiunta di ore supplementari al servizio di trasferimento e il superamento della distanza inclusa nella prenotazione oraria potrebbero comportare costi aggiuntivi.<\/p>\n<p>&nbsp;<\/p>\n<p><strong>\u00a0<\/strong><strong>INFORMAZIONI GENERALI<\/strong><\/p>\n<p><strong>PRENOTAZIONE DELLA CLASSE DI VEICOLO<\/strong><\/p>\n<p>Le immagini dei veicoli visualizzate sulla piattaforma sono puramente indicative della classe di veicolo richiesta. \u00c8 possibile effettuare un upgrade del veicolo con uno di classe superiore o di maggiore capienza senza costi aggiuntivi per l'utente.I servizi che includono un TAX possono essere effettuati alternativamente con un SUV di pari capienza e viceversa.Nel caso in cui la classe di veicoli scelta includa un MiniBus da 12 o 16 posti, il servizio pu\u00f2 essere effettuato con due o pi\u00f9 Van\/SUV aventi la capienza necessaria per garantire la corsa.Non possono essere garantite richieste di modelli o colori specifici di veicoli in quanto i veicoli sono soggetti a disponibilit\u00e0.<\/p>\n<p><strong>REGOLE DI COMPORTAMENTO ALL'INTERNO DEL VEICOLO<\/strong><\/p>\n<p>Le seguenti regole di comportamento si applicano a ogni viaggio:<\/p>\n<ul>\n<li>\u00c8 severamente vietato fumare all'interno del veicolo<\/li>\n<li>Uso delle cinture di sicurezza<\/li>\n<li>Cura del veicolo<\/li>\n<\/ul>\n<p>In caso di mancato rispetto di queste regole e di comportamenti inappropriati, come atti di vandalismo e attivit\u00e0 che causano insicurezza al conducente o lo mettono a disagio, il costo totale concordato deve essere comunque pagato, al netto di eventuali spese risparmiate. Inoltre, il Fornitore del servizio pu\u00f2 chiedere all'utente o al passeggero un risarcimento per la necessaria riparazione dei danni al veicolo o per la rimozione dell'eccessiva sporcizia nel veicolo causata o portata dal passeggero.<\/p>\n<p><strong>TRASPORTO DI BAMBINI<\/strong><\/p>\n<p>Seggiolino per neonati \/ seggiolino per bambini<\/p>\n<p>Se desiderate un posto per neonati o bambini, selezionate il numero di seggiolini necessari nella sezione EXTRA della pagina di PRENOTAZIONE.<\/p>\n<p><strong>BAGAGLIO<\/strong><\/p>\n<p>La franchigia bagaglio per classe di prenotazione \u00e8 indicata nella pagina TIPO DI VIAGGIO. Se viaggiate con un bagaglio in eccesso, aggiungete un commento nella sezione NOTE ALL'AUTISTA nella sezione EXTRA della pagina di prenotazione. LAX TRANSFER non garantisce che i nostri fornitori di servizi accettino un numero di bagagli superiore alla franchigia pubblicizzata. LAX TRANSFER fornir\u00e0 al cliente i dettagli del fornitore di servizi assegnato alla prenotazione in modo che il cliente prenda accordi di viaggio direttamente con noi. In alternativa, si prega di contattare l'assistenza.<\/p>\n<p>Le richieste che eccedono i servizi standard forniti da LAX TRANSFER richiedono una verifica della disponibilit\u00e0 che viene effettuata solo se si contatta direttamente il fornitore di servizi al momento della richiesta di prenotazione. La nostra politica di cancellazione standard si applica nel caso in cui non sia stata effettuata la verifica della disponibilit\u00e0 e, di conseguenza, il nostro fornitore di servizi non sia stato in grado di effettuare la corsa.<\/p>\n<p>&nbsp;<\/p>","protected":false},"excerpt":{"rendered":"<p>Panoramica Fino a 24 ore prima del ritiro La cancellazione \u00e8 gratuita se mancano pi\u00f9 di 24 ore all'orario di ritiro concordato...<\/p>","protected":false},"author":1,"featured_media":0,"parent":0,"menu_order":0,"comment_status":"closed","ping_status":"closed","template":"","meta":{"footnotes":""},"class_list":["post-12511","page","type-page","status-publish"],"_links":{"self":[{"href":"https:\/\/lax-transfer.com\/it\/wp-json\/wp\/v2\/pages\/12511","targetHints":{"allow":["GET"]}}],"collection":[{"href":"https:\/\/lax-transfer.com\/it\/wp-json\/wp\/v2\/pages"}],"about":[{"href":"https:\/\/lax-transfer.com\/it\/wp-json\/wp\/v2\/types\/page"}],"author":[{"embeddable":true,"href":"https:\/\/lax-transfer.com\/it\/wp-json\/wp\/v2\/users\/1"}],"replies":[{"embeddable":true,"href":"https:\/\/lax-transfer.com\/it\/wp-json\/wp\/v2\/comments?post=12511"}],"version-history":[{"count":8,"href":"https:\/\/lax-transfer.com\/it\/wp-json\/wp\/v2\/pages\/12511\/revisions"}],"predecessor-version":[{"id":12527,"href":"https:\/\/lax-transfer.com\/it\/wp-json\/wp\/v2\/pages\/12511\/revisions\/12527"}],"wp:attachment":[{"href":"https:\/\/lax-transfer.com\/it\/wp-json\/wp\/v2\/media?parent=12511"}],"curies":[{"name":"wp","href":"https:\/\/api.w.org\/{rel}","templated":true}]}}